{"id":5119,"date":"2023-03-15T07:46:47","date_gmt":"2023-03-15T12:46:47","guid":{"rendered":"https:\/\/greenyellow-okapi-692508.hostingersite.com\/index\/?post_type=product&#038;p=5119"},"modified":"2025-12-04T18:16:36","modified_gmt":"2025-12-04T23:16:36","slug":"aireador-splash-para-tilapia-camaron-trucha","status":"publish","type":"product","link":"https:\/\/tilapiacenter.com\/index\/producto\/aireador-splash-para-tilapia-camaron-trucha\/","title":{"rendered":"Aireador SPLASH 1Hp"},"content":{"rendered":"<p>Caracter\u00edsticas del equipo el\u00e9ctrico:<\/p>\n<ul>\n<li>Voltaje: 1 hp 110v\/220v<\/li>\n<li>Consumo: 1- 4 A<\/li>\n<li>Trabajo: 24\/7<\/li>\n<\/ul>\n<p>Capacidad de cultivo que soporta:<\/p>\n<p>Ya que las condiciones de su piscina o estanque y tecnolog\u00eda pueden ser distintas (geomembrana\/tierra; circulares\/rectangulares, peque\u00f1as\/grandes extensiones, calidad de agua, temperatura&#8230;), de manera referencial anotamos lo siguiente:<\/p>\n<ul>\n<li>Tilapia: 2000 a 3000 de engorde (300 gr)<\/li>\n<li>Trucha: 1500 a 2000 (300gr)<\/li>\n<li>Camar\u00f3n: 15000 a 20000 (14gr)<\/li>\n<li>Otros: similar a los anteriores<\/li>\n<\/ul>\n","protected":false},"excerpt":{"rendered":"<p>La acuicultura rentable requiere tecnificaci\u00f3n, y una de ellas es la aireaci\u00f3n. La acuicultura tradicional sin aireaci\u00f3n, permite cultivar cultivar 3 a 5 peces por m2 en el mejor de los casos, mientras que si, en el mismo caso se instala un equipo de aireaci\u00f3n, esta densidad puede elevarse entre 30 a 100 peces por m2, por indicar una referencia. Esto significa que su espacio actual, puede convertirlo en rentable.<\/p>\n<p>Kit para aireaci\u00f3n de piscinas peque\u00f1as, sean en tierra o estanques tecnificados, rectangulares o circulares. Este equipo es de uso muy vers\u00e1til, f\u00e1cil de colocar y trabajar modularmente, seg\u00fan la necesidad de aireaci\u00f3n que el cultivo de tilapia\/trucha\/camar\u00f3n.<\/p>\n<p>El modo de aireaci\u00f3n es tipo splash, en la que el agua del fondo y alrededores es intercambiado constantemente con el ambiente exterior oxigenado, mediante una boquilla de microaspersi\u00f3n dise\u00f1ado exclusivamente para estos equipos.<\/p>\n<p>Hemos considerado el ahorro de energ\u00eda y para ello consta con un temporizador que soporta el amperaje seg\u00fan el equipo<\/p>\n<p>El kit comprende lo siguiente:<\/p>\n<ul>\n<li>Equipo impulsor el\u00e9ctrico de recirculaci\u00f3n de bajo consumo<\/li>\n<li>Filtro amplio de toma de agua de fondo<\/li>\n<li>Boquilla de microaspersi\u00f3n, soportada para la capacidad del impulsor<\/li>\n<li>Flotador de cuatro puntos para todo el equipo<\/li>\n<li>Temporizador 110\/220v de\u00a0 intermitencia (para ahorro de energ\u00eda 25 a 50%)<\/li>\n<\/ul>\n","protected":false},"featured_media":5120,"comment_status":"open","ping_status":"closed","template":"","meta":{"_monsterinsights_skip_tracking":false,"_monsterinsights_sitenote_active":false,"_monsterinsights_sitenote_note":"","_monsterinsights_sitenote_category":0,"spay_email":""},"product_cat":[385],"product_tag":[],"class_list":["post-5119","product","type-product","status-publish","has-post-thumbnail","hentry","product_cat-equipos-electricos-blowers"],"yoast_head":"<!-- This site is optimized with the Yoast SEO plugin v18.6 - https:\/\/yoast.com\/wordpress\/plugins\/seo\/ -->\n<title>Aireador SPLASH 1Hp - TILAPIACENTER- Acuicultura Controlada<\/title>\n<meta name=\"description\" content=\"Equipo de aireaci\u00f3n splash para tilapia, camar\u00f3n o otros cultivos.\" \/>\n<meta name=\"robots\" content=\"index, follow, max-snippet:-1, max-image-preview:large, max-video-preview:-1\" \/>\n<link rel=\"canonical\" href=\"https:\/\/tilapiacenter.com\/index\/producto\/aireador-splash-para-tilapia-camaron-trucha\/\" \/>\n<meta property=\"og:locale\" content=\"es_ES\" \/>\n<meta property=\"og:type\" content=\"article\" \/>\n<meta property=\"og:title\" content=\"Aireador SPLASH 1Hp - TILAPIACENTER- Acuicultura Controlada\" \/>\n<meta property=\"og:description\" content=\"Equipo de aireaci\u00f3n splash para tilapia, camar\u00f3n o otros cultivos.\" \/>\n<meta property=\"og:url\" content=\"https:\/\/tilapiacenter.com\/index\/producto\/aireador-splash-para-tilapia-camaron-trucha\/\" \/>\n<meta property=\"og:site_name\" content=\"TILAPIACENTER- Acuicultura Controlada\" \/>\n<meta property=\"article:publisher\" content=\"https:\/\/www.facebook.com\/tilapiacenterecuador\/\" \/>\n<meta property=\"article:modified_time\" content=\"2025-12-04T23:16:36+00:00\" \/>\n<meta property=\"og:image\" content=\"https:\/\/i0.wp.com\/tilapiacenter.com\/index\/wp-content\/uploads\/aireacion-splash1.jpg?fit=1868%2C1060&#038;ssl=1\" \/>\n\t<meta property=\"og:image:width\" content=\"1868\" \/>\n\t<meta property=\"og:image:height\" content=\"1060\" \/>\n\t<meta property=\"og:image:type\" content=\"image\/jpeg\" \/>\n<meta name=\"twitter:card\" content=\"summary_large_image\" \/>\n<meta name=\"twitter:site\" content=\"@tilapiacenter\" \/>\n<meta name=\"twitter:label1\" content=\"Tiempo de lectura\" \/>\n\t<meta name=\"twitter:data1\" content=\"1 minuto\" \/>\n<script type=\"application\/ld+json\" class=\"yoast-schema-graph\">{\"@context\":\"https:\/\/schema.org\",\"@graph\":[{\"@type\":\"WebSite\",\"@id\":\"https:\/\/tilapiacenter.com\/index\/#website\",\"url\":\"https:\/\/tilapiacenter.com\/index\/\",\"name\":\"TILAPIACENTER- Acuicultura Controlada\",\"description\":\"Equipos, Tecnolog\u00eda, asesor\u00eda y cursos en acuicultura tecnificada, para sistemas RAS y BIOFLOC, en el cultivo de camaron, tilapia, trucha en tanques en geomembrana.\",\"potentialAction\":[{\"@type\":\"SearchAction\",\"target\":{\"@type\":\"EntryPoint\",\"urlTemplate\":\"https:\/\/tilapiacenter.com\/index\/?s={search_term_string}\"},\"query-input\":\"required name=search_term_string\"}],\"inLanguage\":\"es\"},{\"@type\":\"ImageObject\",\"@id\":\"https:\/\/tilapiacenter.com\/index\/producto\/aireador-splash-para-tilapia-camaron-trucha\/#primaryimage\",\"inLanguage\":\"es\",\"url\":\"https:\/\/i0.wp.com\/tilapiacenter.com\/index\/wp-content\/uploads\/aireacion-splash1.jpg?fit=1868%2C1060&ssl=1\",\"contentUrl\":\"https:\/\/i0.wp.com\/tilapiacenter.com\/index\/wp-content\/uploads\/aireacion-splash1.jpg?fit=1868%2C1060&ssl=1\",\"width\":1868,\"height\":1060},{\"@type\":\"WebPage\",\"@id\":\"https:\/\/tilapiacenter.com\/index\/producto\/aireador-splash-para-tilapia-camaron-trucha\/#webpage\",\"url\":\"https:\/\/tilapiacenter.com\/index\/producto\/aireador-splash-para-tilapia-camaron-trucha\/\",\"name\":\"Aireador SPLASH 1Hp - TILAPIACENTER- Acuicultura Controlada\",\"isPartOf\":{\"@id\":\"https:\/\/tilapiacenter.com\/index\/#website\"},\"primaryImageOfPage\":{\"@id\":\"https:\/\/tilapiacenter.com\/index\/producto\/aireador-splash-para-tilapia-camaron-trucha\/#primaryimage\"},\"datePublished\":\"2023-03-15T12:46:47+00:00\",\"dateModified\":\"2025-12-04T23:16:36+00:00\",\"description\":\"Equipo de aireaci\u00f3n splash para tilapia, camar\u00f3n o otros cultivos.\",\"breadcrumb\":{\"@id\":\"https:\/\/tilapiacenter.com\/index\/producto\/aireador-splash-para-tilapia-camaron-trucha\/#breadcrumb\"},\"inLanguage\":\"es\",\"potentialAction\":[{\"@type\":\"ReadAction\",\"target\":[\"https:\/\/tilapiacenter.com\/index\/producto\/aireador-splash-para-tilapia-camaron-trucha\/\"]}]},{\"@type\":\"BreadcrumbList\",\"@id\":\"https:\/\/tilapiacenter.com\/index\/producto\/aireador-splash-para-tilapia-camaron-trucha\/#breadcrumb\",\"itemListElement\":[{\"@type\":\"ListItem\",\"position\":1,\"name\":\"Portada\",\"item\":\"https:\/\/tilapiacenter.com\/index\/\"},{\"@type\":\"ListItem\",\"position\":2,\"name\":\"Tienda\",\"item\":\"https:\/\/tilapiacenter.com\/index\/equipos-acuicultura-y-servicios-online\/\"},{\"@type\":\"ListItem\",\"position\":3,\"name\":\"Aireador SPLASH 1Hp\"}]}]}<\/script>\n<!-- \/ Yoast SEO plugin. -->","yoast_head_json":{"title":"Aireador SPLASH 1Hp - TILAPIACENTER- Acuicultura Controlada","description":"Equipo de aireaci\u00f3n splash para tilapia, camar\u00f3n o otros cultivos.","robots":{"index":"index","follow":"follow","max-snippet":"max-snippet:-1","max-image-preview":"max-image-preview:large","max-video-preview":"max-video-preview:-1"},"canonical":"https:\/\/tilapiacenter.com\/index\/producto\/aireador-splash-para-tilapia-camaron-trucha\/","og_locale":"es_ES","og_type":"article","og_title":"Aireador SPLASH 1Hp - TILAPIACENTER- Acuicultura Controlada","og_description":"Equipo de aireaci\u00f3n splash para tilapia, camar\u00f3n o otros cultivos.","og_url":"https:\/\/tilapiacenter.com\/index\/producto\/aireador-splash-para-tilapia-camaron-trucha\/","og_site_name":"TILAPIACENTER- Acuicultura Controlada","article_publisher":"https:\/\/www.facebook.com\/tilapiacenterecuador\/","article_modified_time":"2025-12-04T23:16:36+00:00","og_image":[{"width":1868,"height":1060,"url":"https:\/\/i0.wp.com\/tilapiacenter.com\/index\/wp-content\/uploads\/aireacion-splash1.jpg?fit=1868%2C1060&ssl=1","type":"image\/jpeg"}],"twitter_card":"summary_large_image","twitter_site":"@tilapiacenter","twitter_misc":{"Tiempo de lectura":"1 minuto"},"schema":{"@context":"https:\/\/schema.org","@graph":[{"@type":"WebSite","@id":"https:\/\/tilapiacenter.com\/index\/#website","url":"https:\/\/tilapiacenter.com\/index\/","name":"TILAPIACENTER- Acuicultura Controlada","description":"Equipos, Tecnolog\u00eda, asesor\u00eda y cursos en acuicultura tecnificada, para sistemas RAS y BIOFLOC, en el cultivo de camaron, tilapia, trucha en tanques en geomembrana.","potentialAction":[{"@type":"SearchAction","target":{"@type":"EntryPoint","urlTemplate":"https:\/\/tilapiacenter.com\/index\/?s={search_term_string}"},"query-input":"required name=search_term_string"}],"inLanguage":"es"},{"@type":"ImageObject","@id":"https:\/\/tilapiacenter.com\/index\/producto\/aireador-splash-para-tilapia-camaron-trucha\/#primaryimage","inLanguage":"es","url":"https:\/\/i0.wp.com\/tilapiacenter.com\/index\/wp-content\/uploads\/aireacion-splash1.jpg?fit=1868%2C1060&ssl=1","contentUrl":"https:\/\/i0.wp.com\/tilapiacenter.com\/index\/wp-content\/uploads\/aireacion-splash1.jpg?fit=1868%2C1060&ssl=1","width":1868,"height":1060},{"@type":"WebPage","@id":"https:\/\/tilapiacenter.com\/index\/producto\/aireador-splash-para-tilapia-camaron-trucha\/#webpage","url":"https:\/\/tilapiacenter.com\/index\/producto\/aireador-splash-para-tilapia-camaron-trucha\/","name":"Aireador SPLASH 1Hp - TILAPIACENTER- Acuicultura Controlada","isPartOf":{"@id":"https:\/\/tilapiacenter.com\/index\/#website"},"primaryImageOfPage":{"@id":"https:\/\/tilapiacenter.com\/index\/producto\/aireador-splash-para-tilapia-camaron-trucha\/#primaryimage"},"datePublished":"2023-03-15T12:46:47+00:00","dateModified":"2025-12-04T23:16:36+00:00","description":"Equipo de aireaci\u00f3n splash para tilapia, camar\u00f3n o otros cultivos.","breadcrumb":{"@id":"https:\/\/tilapiacenter.com\/index\/producto\/aireador-splash-para-tilapia-camaron-trucha\/#breadcrumb"},"inLanguage":"es","potentialAction":[{"@type":"ReadAction","target":["https:\/\/tilapiacenter.com\/index\/producto\/aireador-splash-para-tilapia-camaron-trucha\/"]}]},{"@type":"BreadcrumbList","@id":"https:\/\/tilapiacenter.com\/index\/producto\/aireador-splash-para-tilapia-camaron-trucha\/#breadcrumb","itemListElement":[{"@type":"ListItem","position":1,"name":"Portada","item":"https:\/\/tilapiacenter.com\/index\/"},{"@type":"ListItem","position":2,"name":"Tienda","item":"https:\/\/tilapiacenter.com\/index\/equipos-acuicultura-y-servicios-online\/"},{"@type":"ListItem","position":3,"name":"Aireador SPLASH 1Hp"}]}]}},"jetpack_sharing_enabled":true,"jetpack_likes_enabled":true,"jetpack-related-posts":[{"id":5115,"url":"https:\/\/tilapiacenter.com\/index\/producto\/aireador-minisplash-135-watts-018hp\/","url_meta":{"origin":5119,"position":0},"title":"Aireador MINISPLASH 135 watts  (0,18Hp)","date":"15 de marzo de 2023","format":false,"excerpt":"La acuicultura rentable requiere tecnificaci\u00f3n, y una de ellas es la aireaci\u00f3n. La acuicultura tradicional sin aireaci\u00f3n, permite cultivar cultivar 3 a 5 peces por m2 en el mejor de los casos, mientras que si, en el mismo caso se instala un equipo de aireaci\u00f3n, esta densidad puede elevarse entre\u2026","rel":"","context":"Entrada similar","img":{"alt_text":"Aireaci\u00f3n Splash","src":"https:\/\/i0.wp.com\/tilapiacenter.com\/index\/wp-content\/uploads\/SplashMini-1.jpg?fit=675%2C1200&ssl=1&resize=350%2C200","width":350,"height":200},"classes":[]},{"id":4902,"url":"https:\/\/tilapiacenter.com\/index\/producto\/componente-venturi-de-aireacion-en-fibra-de-vidrio\/","url_meta":{"origin":5119,"position":1},"title":"Componente VENTURI de aireaci\u00f3n en fibra de vidrio","date":"13 de septiembre de 2020","format":false,"excerpt":"FICHA T\u00c9CNICA VENTURI 50mm El venturi realiza la mezcla de agua y el aire del ambiente, para soluciones r\u00e1pidas de oxigenaci\u00f3n de piscinas en tierra o en geomembrana. Un conjunto de venturis puede oxigenar tanques de 5m3, 50m3, 200m3 o m\u00e1s. Para aumentar densidades de hasta 50 peces por m3\u2026","rel":"","context":"Entrada similar","img":{"alt_text":"","src":"https:\/\/i0.wp.com\/tilapiacenter.com\/index\/wp-content\/uploads\/ventur50mm.jpg?fit=597%2C808&ssl=1&resize=350%2C200","width":350,"height":200},"classes":[]},{"id":4889,"url":"https:\/\/tilapiacenter.com\/index\/producto\/parrilla-difusora-de-aireacion-mt10\/","url_meta":{"origin":5119,"position":2},"title":"Parrilla Difusora de Aireaci\u00f3n MT10","date":"12 de septiembre de 2020","format":false,"excerpt":"FICHA T\u00c9CNICA PARRILLA DE AIREACI\u00d3N MT10 MEDIDA: 1,20 mt largo x 0,80 mt ancho CANTIDAD DE MANGUERA DIFUSORA: 10mt ESPESOR MANGUERA DIFUSORA: \u00a018mm externo; 10mm interno SERVICIO: Se entrega en 3 d\u00edas una vez confirmado la orden \/ Se env\u00eda por transporte\/ Si incluye costo de envi\u00f3 \/ Servicio solo\u2026","rel":"","context":"Entrada similar","img":{"alt_text":"","src":"https:\/\/i0.wp.com\/tilapiacenter.com\/index\/wp-content\/uploads\/parrilla10mt-2.jpg?fit=536%2C560&ssl=1&resize=350%2C200","width":350,"height":200},"classes":[]},{"id":3003,"url":"https:\/\/tilapiacenter.com\/index\/producto\/estudio-tecnico-supernova-20\/","url_meta":{"origin":5119,"position":3},"title":"ESTUDIO T\u00c9CNICO SUPERNOVA 20","date":"12 de marzo de 2020","format":false,"excerpt":"FICHA T\u00c9CNICA SUPERNOVA 20 PRODUCCI\u00d3N: 160 Tm camar\u00f3n\/a\u00f1o ; 350 Tm\/tilapia\/a\u00f1o ESPACIO: 12.500 m2 terreno para instalaci\u00f3n de todo el sistema RENDIMIENTO ECON\u00d3MICO: 30 - 40% anual neto TECNOLOG\u00cdA BASE: Sistema RAS, con re utilizaci\u00f3n del agua en 90%. No emisi\u00f3n de agua contaminada al medio ambiente; Sistema de aireaci\u00f3n,\u2026","rel":"","context":"Entrada similar","img":{"alt_text":"","src":"https:\/\/i0.wp.com\/tilapiacenter.com\/index\/wp-content\/uploads\/2020\/03\/supernova20-2.jpg?fit=752%2C722&ssl=1&resize=350%2C200","width":350,"height":200},"classes":[]},{"id":4897,"url":"https:\/\/tilapiacenter.com\/index\/producto\/rollo-manguera-difusora-microburbujas-18-10mm\/","url_meta":{"origin":5119,"position":4},"title":"Rollo manguera Difusora microburbujas 16\/10mm","date":"13 de septiembre de 2020","format":false,"excerpt":"FICHA T\u00c9CNICA MANGUERA DIFUSORA MICROBURBUJAS 16\/10mm MEDIDA: rollo de cien metros PESO: 15 Kg aprox. ESPESOR MANGUERA DIFUSORA: \u00a016mm externo; 10mm interno SERVICIO: Se entrega en 3 d\u00edas una vez confirmado la orden \/ Se env\u00eda por transporte\/ Si incluye costo de envi\u00f3 \/ Servicio solo para Ecuador. REQUISITOS: Ninguno\u2026","rel":"","context":"Entrada similar","img":{"alt_text":"","src":"https:\/\/i0.wp.com\/tilapiacenter.com\/index\/wp-content\/uploads\/mangueraDifusora1.jpg?fit=407%2C314&ssl=1&resize=350%2C200","width":350,"height":200},"classes":[]},{"id":2993,"url":"https:\/\/tilapiacenter.com\/index\/producto\/curso-virtual-de-el-negocio-de-acuicultura-tecnificada\/","url_meta":{"origin":5119,"position":5},"title":"Curso de &#8220;El Negocio de Acuicultura Tecnificada&#8221; en Vivo por Zoom","date":"23 de marzo de 2020","format":false,"excerpt":"\u267b\ud83d\udc1f\u267b ADQUIERA EL CUPO para: Curso VIRTUAL POR ZOOM. INFORMACION DEL CURSO DE \"EL NEGOCIO DE ACUICULTURA TECNIFICADA\" \ud83e\udd90 \ud83e\udd88 CAPACITARSE es lo primero y mejor inversi\u00f3n que debe hacer si su enfoque es Acuicultura rentable y sostenible A continuaci\u00f3n lea hasta el final sobre detalles del curso. \ud83d\udccc Modalidad:\u2026","rel":"","context":"Entrada similar","img":{"alt_text":"","src":"https:\/\/i0.wp.com\/tilapiacenter.com\/index\/wp-content\/uploads\/2020\/02\/CursoEdhiQuito1.jpg?fit=1200%2C675&ssl=1&resize=350%2C200","width":350,"height":200},"classes":[]}],"post_mailing_queue_ids":[],"_links":{"self":[{"href":"https:\/\/tilapiacenter.com\/index\/wp-json\/wp\/v2\/product\/5119","targetHints":{"allow":["GET"]}}],"collection":[{"href":"https:\/\/tilapiacenter.com\/index\/wp-json\/wp\/v2\/product"}],"about":[{"href":"https:\/\/tilapiacenter.com\/index\/wp-json\/wp\/v2\/types\/product"}],"replies":[{"embeddable":true,"href":"https:\/\/tilapiacenter.com\/index\/wp-json\/wp\/v2\/comments?post=5119"}],"wp:featuredmedia":[{"embeddable":true,"href":"https:\/\/tilapiacenter.com\/index\/wp-json\/wp\/v2\/media\/5120"}],"wp:attachment":[{"href":"https:\/\/tilapiacenter.com\/index\/wp-json\/wp\/v2\/media?parent=5119"}],"wp:term":[{"taxonomy":"product_cat","embeddable":true,"href":"https:\/\/tilapiacenter.com\/index\/wp-json\/wp\/v2\/product_cat?post=5119"},{"taxonomy":"product_tag","embeddable":true,"href":"https:\/\/tilapiacenter.com\/index\/wp-json\/wp\/v2\/product_tag?post=5119"}],"curies":[{"name":"wp","href":"https:\/\/api.w.org\/{rel}","templated":true}]}}