{"id":4897,"date":"2020-09-13T09:50:41","date_gmt":"2020-09-13T14:50:41","guid":{"rendered":"https:\/\/greenyellow-okapi-692508.hostingersite.com\/index\/?post_type=product&#038;p=4897"},"modified":"2020-09-13T10:11:15","modified_gmt":"2020-09-13T15:11:15","slug":"rollo-manguera-difusora-microburbujas-18-10mm","status":"publish","type":"product","link":"https:\/\/tilapiacenter.com\/index\/producto\/rollo-manguera-difusora-microburbujas-18-10mm\/","title":{"rendered":"Rollo manguera Difusora microburbujas 16\/10mm"},"content":{"rendered":"<p>Manguera difusora microburbujas , para acuicultura y tratamiento de aguas residuales.<\/p>\n<p>Se env\u00eda empacado por transporte a su ciudad. Este servicio solo dentro de Ecuador<\/p>\n<p>&nbsp;<\/p>\n","protected":false},"excerpt":{"rendered":"<p><strong>FICHA T\u00c9CNICA MANGUERA DIFUSORA MICROBURBUJAS 16\/10mm<\/strong><\/p>\n<ul>\n<li><strong>MEDIDA<\/strong>: rollo de cien metros<\/li>\n<li><strong>PESO<\/strong>: 15 Kg aprox.<\/li>\n<li><strong>ESPESOR MANGUERA DIFUSORA: <\/strong>\u00a016mm externo; 10mm interno<\/li>\n<li><strong>SERVICIO<\/strong>: Se entrega en 3 d\u00edas una vez confirmado la orden \/ Se env\u00eda por transporte\/ Si incluye costo de envi\u00f3 \/ <strong>Servicio solo para Ecuador.<\/strong><\/li>\n<li><strong>REQUISITOS<\/strong>: Ninguno<\/li>\n<li><strong>TOMAR ACCI\u00d3N<\/strong>: Haga el pedido por este sitio web,a trav\u00e9s del bot\u00f3n &#8220;<strong>A\u00f1adir al carrito<\/strong>&#8221; y posteriormente haga el dep\u00f3sito, o por tarjeta de cr\u00e9dito o por Paypal<\/li>\n<\/ul>\n","protected":false},"featured_media":4894,"comment_status":"open","ping_status":"closed","template":"","meta":{"_monsterinsights_skip_tracking":false,"_monsterinsights_sitenote_active":false,"_monsterinsights_sitenote_note":"","_monsterinsights_sitenote_category":0,"spay_email":""},"product_cat":[386],"product_tag":[409,408,406,411,407],"class_list":["post-4897","product","type-product","status-publish","has-post-thumbnail","hentry","product_cat-sinteticos-fibra-de-vidrio-y-piezas","product_tag-aireacion","product_tag-camaron","product_tag-manguera-difusora","product_tag-microporosa","product_tag-tilapia"],"yoast_head":"<!-- This site is optimized with the Yoast SEO plugin v18.6 - https:\/\/yoast.com\/wordpress\/plugins\/seo\/ -->\n<title>Rollo manguera Difusora microburbujas 16\/10mm - TILAPIACENTER- Acuicultura Controlada<\/title>\n<meta name=\"robots\" content=\"index, follow, max-snippet:-1, max-image-preview:large, max-video-preview:-1\" \/>\n<link rel=\"canonical\" href=\"https:\/\/tilapiacenter.com\/index\/producto\/rollo-manguera-difusora-microburbujas-18-10mm\/\" \/>\n<meta property=\"og:locale\" content=\"es_ES\" \/>\n<meta property=\"og:type\" content=\"article\" \/>\n<meta property=\"og:title\" content=\"Rollo manguera Difusora microburbujas 16\/10mm - TILAPIACENTER- Acuicultura Controlada\" \/>\n<meta property=\"og:description\" content=\"FICHA T\u00c9CNICA MANGUERA DIFUSORA MICROBURBUJAS 16\/10mm   MEDIDA: rollo de cien metros  PESO: 15 Kg aprox.  ESPESOR MANGUERA DIFUSORA: \u00a016mm externo; 10mm interno  SERVICIO: Se entrega en 3 d\u00edas una vez confirmado la orden \/ Se env\u00eda por transporte\/ Si incluye costo de envi\u00f3 \/ Servicio solo para Ecuador.  REQUISITOS: Ninguno  TOMAR ACCI\u00d3N: Haga el pedido por este sitio web,a trav\u00e9s del bot\u00f3n &quot;A\u00f1adir al carrito&quot; y posteriormente haga el dep\u00f3sito, o por tarjeta de cr\u00e9dito o por Paypal\" \/>\n<meta property=\"og:url\" content=\"https:\/\/tilapiacenter.com\/index\/producto\/rollo-manguera-difusora-microburbujas-18-10mm\/\" \/>\n<meta property=\"og:site_name\" content=\"TILAPIACENTER- Acuicultura Controlada\" \/>\n<meta property=\"article:publisher\" content=\"https:\/\/www.facebook.com\/tilapiacenterecuador\/\" \/>\n<meta property=\"article:modified_time\" content=\"2020-09-13T15:11:15+00:00\" \/>\n<meta property=\"og:image\" content=\"https:\/\/i0.wp.com\/tilapiacenter.com\/index\/wp-content\/uploads\/mangueraDifusora1.jpg?fit=407%2C314&#038;ssl=1\" \/>\n\t<meta property=\"og:image:width\" content=\"407\" \/>\n\t<meta property=\"og:image:height\" content=\"314\" \/>\n\t<meta property=\"og:image:type\" content=\"image\/jpeg\" \/>\n<meta name=\"twitter:card\" content=\"summary_large_image\" \/>\n<meta name=\"twitter:site\" content=\"@tilapiacenter\" \/>\n<script type=\"application\/ld+json\" class=\"yoast-schema-graph\">{\"@context\":\"https:\/\/schema.org\",\"@graph\":[{\"@type\":\"WebSite\",\"@id\":\"https:\/\/tilapiacenter.com\/index\/#website\",\"url\":\"https:\/\/tilapiacenter.com\/index\/\",\"name\":\"TILAPIACENTER- Acuicultura Controlada\",\"description\":\"Equipos, Tecnolog\u00eda, asesor\u00eda y cursos en acuicultura tecnificada, para sistemas RAS y BIOFLOC, en el cultivo de camaron, tilapia, trucha en tanques en geomembrana.\",\"potentialAction\":[{\"@type\":\"SearchAction\",\"target\":{\"@type\":\"EntryPoint\",\"urlTemplate\":\"https:\/\/tilapiacenter.com\/index\/?s={search_term_string}\"},\"query-input\":\"required name=search_term_string\"}],\"inLanguage\":\"es\"},{\"@type\":\"ImageObject\",\"@id\":\"https:\/\/tilapiacenter.com\/index\/producto\/rollo-manguera-difusora-microburbujas-18-10mm\/#primaryimage\",\"inLanguage\":\"es\",\"url\":\"https:\/\/i0.wp.com\/tilapiacenter.com\/index\/wp-content\/uploads\/mangueraDifusora1.jpg?fit=407%2C314&ssl=1\",\"contentUrl\":\"https:\/\/i0.wp.com\/tilapiacenter.com\/index\/wp-content\/uploads\/mangueraDifusora1.jpg?fit=407%2C314&ssl=1\",\"width\":407,\"height\":314},{\"@type\":\"WebPage\",\"@id\":\"https:\/\/tilapiacenter.com\/index\/producto\/rollo-manguera-difusora-microburbujas-18-10mm\/#webpage\",\"url\":\"https:\/\/tilapiacenter.com\/index\/producto\/rollo-manguera-difusora-microburbujas-18-10mm\/\",\"name\":\"Rollo manguera Difusora microburbujas 16\/10mm - TILAPIACENTER- Acuicultura Controlada\",\"isPartOf\":{\"@id\":\"https:\/\/tilapiacenter.com\/index\/#website\"},\"primaryImageOfPage\":{\"@id\":\"https:\/\/tilapiacenter.com\/index\/producto\/rollo-manguera-difusora-microburbujas-18-10mm\/#primaryimage\"},\"datePublished\":\"2020-09-13T14:50:41+00:00\",\"dateModified\":\"2020-09-13T15:11:15+00:00\",\"breadcrumb\":{\"@id\":\"https:\/\/tilapiacenter.com\/index\/producto\/rollo-manguera-difusora-microburbujas-18-10mm\/#breadcrumb\"},\"inLanguage\":\"es\",\"potentialAction\":[{\"@type\":\"ReadAction\",\"target\":[\"https:\/\/tilapiacenter.com\/index\/producto\/rollo-manguera-difusora-microburbujas-18-10mm\/\"]}]},{\"@type\":\"BreadcrumbList\",\"@id\":\"https:\/\/tilapiacenter.com\/index\/producto\/rollo-manguera-difusora-microburbujas-18-10mm\/#breadcrumb\",\"itemListElement\":[{\"@type\":\"ListItem\",\"position\":1,\"name\":\"Portada\",\"item\":\"https:\/\/tilapiacenter.com\/index\/\"},{\"@type\":\"ListItem\",\"position\":2,\"name\":\"Tienda\",\"item\":\"https:\/\/tilapiacenter.com\/index\/equipos-acuicultura-y-servicios-online\/\"},{\"@type\":\"ListItem\",\"position\":3,\"name\":\"Rollo manguera Difusora microburbujas 16\/10mm\"}]}]}<\/script>\n<!-- \/ Yoast SEO plugin. -->","yoast_head_json":{"title":"Rollo manguera Difusora microburbujas 16\/10mm - TILAPIACENTER- Acuicultura Controlada","robots":{"index":"index","follow":"follow","max-snippet":"max-snippet:-1","max-image-preview":"max-image-preview:large","max-video-preview":"max-video-preview:-1"},"canonical":"https:\/\/tilapiacenter.com\/index\/producto\/rollo-manguera-difusora-microburbujas-18-10mm\/","og_locale":"es_ES","og_type":"article","og_title":"Rollo manguera Difusora microburbujas 16\/10mm - TILAPIACENTER- Acuicultura Controlada","og_description":"FICHA T\u00c9CNICA MANGUERA DIFUSORA MICROBURBUJAS 16\/10mm   MEDIDA: rollo de cien metros  PESO: 15 Kg aprox.  ESPESOR MANGUERA DIFUSORA: \u00a016mm externo; 10mm interno  SERVICIO: Se entrega en 3 d\u00edas una vez confirmado la orden \/ Se env\u00eda por transporte\/ Si incluye costo de envi\u00f3 \/ Servicio solo para Ecuador.  REQUISITOS: Ninguno  TOMAR ACCI\u00d3N: Haga el pedido por este sitio web,a trav\u00e9s del bot\u00f3n \"A\u00f1adir al carrito\" y posteriormente haga el dep\u00f3sito, o por tarjeta de cr\u00e9dito o por Paypal","og_url":"https:\/\/tilapiacenter.com\/index\/producto\/rollo-manguera-difusora-microburbujas-18-10mm\/","og_site_name":"TILAPIACENTER- Acuicultura Controlada","article_publisher":"https:\/\/www.facebook.com\/tilapiacenterecuador\/","article_modified_time":"2020-09-13T15:11:15+00:00","og_image":[{"width":407,"height":314,"url":"https:\/\/i0.wp.com\/tilapiacenter.com\/index\/wp-content\/uploads\/mangueraDifusora1.jpg?fit=407%2C314&ssl=1","type":"image\/jpeg"}],"twitter_card":"summary_large_image","twitter_site":"@tilapiacenter","schema":{"@context":"https:\/\/schema.org","@graph":[{"@type":"WebSite","@id":"https:\/\/tilapiacenter.com\/index\/#website","url":"https:\/\/tilapiacenter.com\/index\/","name":"TILAPIACENTER- Acuicultura Controlada","description":"Equipos, Tecnolog\u00eda, asesor\u00eda y cursos en acuicultura tecnificada, para sistemas RAS y BIOFLOC, en el cultivo de camaron, tilapia, trucha en tanques en geomembrana.","potentialAction":[{"@type":"SearchAction","target":{"@type":"EntryPoint","urlTemplate":"https:\/\/tilapiacenter.com\/index\/?s={search_term_string}"},"query-input":"required name=search_term_string"}],"inLanguage":"es"},{"@type":"ImageObject","@id":"https:\/\/tilapiacenter.com\/index\/producto\/rollo-manguera-difusora-microburbujas-18-10mm\/#primaryimage","inLanguage":"es","url":"https:\/\/i0.wp.com\/tilapiacenter.com\/index\/wp-content\/uploads\/mangueraDifusora1.jpg?fit=407%2C314&ssl=1","contentUrl":"https:\/\/i0.wp.com\/tilapiacenter.com\/index\/wp-content\/uploads\/mangueraDifusora1.jpg?fit=407%2C314&ssl=1","width":407,"height":314},{"@type":"WebPage","@id":"https:\/\/tilapiacenter.com\/index\/producto\/rollo-manguera-difusora-microburbujas-18-10mm\/#webpage","url":"https:\/\/tilapiacenter.com\/index\/producto\/rollo-manguera-difusora-microburbujas-18-10mm\/","name":"Rollo manguera Difusora microburbujas 16\/10mm - TILAPIACENTER- Acuicultura Controlada","isPartOf":{"@id":"https:\/\/tilapiacenter.com\/index\/#website"},"primaryImageOfPage":{"@id":"https:\/\/tilapiacenter.com\/index\/producto\/rollo-manguera-difusora-microburbujas-18-10mm\/#primaryimage"},"datePublished":"2020-09-13T14:50:41+00:00","dateModified":"2020-09-13T15:11:15+00:00","breadcrumb":{"@id":"https:\/\/tilapiacenter.com\/index\/producto\/rollo-manguera-difusora-microburbujas-18-10mm\/#breadcrumb"},"inLanguage":"es","potentialAction":[{"@type":"ReadAction","target":["https:\/\/tilapiacenter.com\/index\/producto\/rollo-manguera-difusora-microburbujas-18-10mm\/"]}]},{"@type":"BreadcrumbList","@id":"https:\/\/tilapiacenter.com\/index\/producto\/rollo-manguera-difusora-microburbujas-18-10mm\/#breadcrumb","itemListElement":[{"@type":"ListItem","position":1,"name":"Portada","item":"https:\/\/tilapiacenter.com\/index\/"},{"@type":"ListItem","position":2,"name":"Tienda","item":"https:\/\/tilapiacenter.com\/index\/equipos-acuicultura-y-servicios-online\/"},{"@type":"ListItem","position":3,"name":"Rollo manguera Difusora microburbujas 16\/10mm"}]}]}},"jetpack_sharing_enabled":true,"jetpack_likes_enabled":true,"jetpack-related-posts":[{"id":4889,"url":"https:\/\/tilapiacenter.com\/index\/producto\/parrilla-difusora-de-aireacion-mt10\/","url_meta":{"origin":4897,"position":0},"title":"Parrilla Difusora de Aireaci\u00f3n MT10","date":"12 de septiembre de 2020","format":false,"excerpt":"FICHA T\u00c9CNICA PARRILLA DE AIREACI\u00d3N MT10 MEDIDA: 1,20 mt largo x 0,80 mt ancho CANTIDAD DE MANGUERA DIFUSORA: 10mt ESPESOR MANGUERA DIFUSORA: \u00a018mm externo; 10mm interno SERVICIO: Se entrega en 3 d\u00edas una vez confirmado la orden \/ Se env\u00eda por transporte\/ Si incluye costo de envi\u00f3 \/ Servicio solo\u2026","rel":"","context":"Entrada similar","img":{"alt_text":"","src":"https:\/\/i0.wp.com\/tilapiacenter.com\/index\/wp-content\/uploads\/parrilla10mt-2.jpg?fit=536%2C560&ssl=1&resize=350%2C200","width":350,"height":200},"classes":[]},{"id":2996,"url":"https:\/\/tilapiacenter.com\/index\/producto\/4-mt-diametro-bolsa-en-geomembrana-hdpe-1mm\/","url_meta":{"origin":4897,"position":1},"title":"Bolsa 4mt d\u00edametro. En geomembrana HDPE 1mm","date":"13 de marzo de 2020","format":false,"excerpt":"FICHA T\u00c9CNICA BOLSA 4 MT DIAMTERO 1mm espesor MEDIDA: 3 mt de diametro, 1,20 alto + 30 cm para anclaje (doblado en filo) VOLUMEN AGUA: 12m3 SERVICIO: Se entrega en 15 d\u00edas una vez confirmado la orden \/ Se env\u00eda por transporte\/ No incluye costo de envi\u00f3 \/ Servicio solo\u2026","rel":"","context":"Entrada similar","img":{"alt_text":"","src":"https:\/\/i0.wp.com\/tilapiacenter.com\/index\/wp-content\/uploads\/2020\/03\/bolsas1.jpg?fit=752%2C722&ssl=1&resize=350%2C200","width":350,"height":200},"classes":[]},{"id":2998,"url":"https:\/\/tilapiacenter.com\/index\/producto\/3-mt-diametro-bolsa-en-geomembrana-hdpe-1mm\/","url_meta":{"origin":4897,"position":2},"title":"3 MT DIAMETRO &#8211; BOLSA EN GEOMEMBRANA HDPE 1mm","date":"13 de marzo de 2020","format":false,"excerpt":"FICHA T\u00c9CNICA BOLSA 3 MT DIAMTERO 1mm espesor MEDIDA: 3 mt de diametro, 1,20 alto + 30 cm para anclaje (doblado en filo) VOLUMEN AGUA: 7 m3 SERVICIO: Se entrega en 15 d\u00edas una vez confirmado la orden \/ Se env\u00eda por transporte\/ No incluye costo de envi\u00f3 \/ Servicio\u2026","rel":"","context":"Entrada similar","img":{"alt_text":"","src":"https:\/\/i0.wp.com\/tilapiacenter.com\/index\/wp-content\/uploads\/2020\/03\/bolsas1.jpg?fit=752%2C722&ssl=1&resize=350%2C200","width":350,"height":200},"classes":[]},{"id":4902,"url":"https:\/\/tilapiacenter.com\/index\/producto\/componente-venturi-de-aireacion-en-fibra-de-vidrio\/","url_meta":{"origin":4897,"position":3},"title":"Componente VENTURI de aireaci\u00f3n en fibra de vidrio","date":"13 de septiembre de 2020","format":false,"excerpt":"FICHA T\u00c9CNICA VENTURI 50mm El venturi realiza la mezcla de agua y el aire del ambiente, para soluciones r\u00e1pidas de oxigenaci\u00f3n de piscinas en tierra o en geomembrana. Un conjunto de venturis puede oxigenar tanques de 5m3, 50m3, 200m3 o m\u00e1s. Para aumentar densidades de hasta 50 peces por m3\u2026","rel":"","context":"Entrada similar","img":{"alt_text":"","src":"https:\/\/i0.wp.com\/tilapiacenter.com\/index\/wp-content\/uploads\/ventur50mm.jpg?fit=597%2C808&ssl=1&resize=350%2C200","width":350,"height":200},"classes":[]},{"id":3003,"url":"https:\/\/tilapiacenter.com\/index\/producto\/estudio-tecnico-supernova-20\/","url_meta":{"origin":4897,"position":4},"title":"ESTUDIO T\u00c9CNICO SUPERNOVA 20","date":"12 de marzo de 2020","format":false,"excerpt":"FICHA T\u00c9CNICA SUPERNOVA 20 PRODUCCI\u00d3N: 160 Tm camar\u00f3n\/a\u00f1o ; 350 Tm\/tilapia\/a\u00f1o ESPACIO: 12.500 m2 terreno para instalaci\u00f3n de todo el sistema RENDIMIENTO ECON\u00d3MICO: 30 - 40% anual neto TECNOLOG\u00cdA BASE: Sistema RAS, con re utilizaci\u00f3n del agua en 90%. No emisi\u00f3n de agua contaminada al medio ambiente; Sistema de aireaci\u00f3n,\u2026","rel":"","context":"Entrada similar","img":{"alt_text":"","src":"https:\/\/i0.wp.com\/tilapiacenter.com\/index\/wp-content\/uploads\/2020\/03\/supernova20-2.jpg?fit=752%2C722&ssl=1&resize=350%2C200","width":350,"height":200},"classes":[]},{"id":2993,"url":"https:\/\/tilapiacenter.com\/index\/producto\/curso-virtual-de-el-negocio-de-acuicultura-tecnificada\/","url_meta":{"origin":4897,"position":5},"title":"Curso de &#8220;El Negocio de Acuicultura Tecnificada&#8221; en Vivo por Zoom","date":"23 de marzo de 2020","format":false,"excerpt":"\u267b\ud83d\udc1f\u267b ADQUIERA EL CUPO para: Curso VIRTUAL POR ZOOM. INFORMACION DEL CURSO DE \"EL NEGOCIO DE ACUICULTURA TECNIFICADA\" \ud83e\udd90 \ud83e\udd88 CAPACITARSE es lo primero y mejor inversi\u00f3n que debe hacer si su enfoque es Acuicultura rentable y sostenible A continuaci\u00f3n lea hasta el final sobre detalles del curso. \ud83d\udccc Modalidad:\u2026","rel":"","context":"Entrada similar","img":{"alt_text":"","src":"https:\/\/i0.wp.com\/tilapiacenter.com\/index\/wp-content\/uploads\/2020\/02\/CursoEdhiQuito1.jpg?fit=1200%2C675&ssl=1&resize=350%2C200","width":350,"height":200},"classes":[]}],"post_mailing_queue_ids":[],"_links":{"self":[{"href":"https:\/\/tilapiacenter.com\/index\/wp-json\/wp\/v2\/product\/4897","targetHints":{"allow":["GET"]}}],"collection":[{"href":"https:\/\/tilapiacenter.com\/index\/wp-json\/wp\/v2\/product"}],"about":[{"href":"https:\/\/tilapiacenter.com\/index\/wp-json\/wp\/v2\/types\/product"}],"replies":[{"embeddable":true,"href":"https:\/\/tilapiacenter.com\/index\/wp-json\/wp\/v2\/comments?post=4897"}],"wp:featuredmedia":[{"embeddable":true,"href":"https:\/\/tilapiacenter.com\/index\/wp-json\/wp\/v2\/media\/4894"}],"wp:attachment":[{"href":"https:\/\/tilapiacenter.com\/index\/wp-json\/wp\/v2\/media?parent=4897"}],"wp:term":[{"taxonomy":"product_cat","embeddable":true,"href":"https:\/\/tilapiacenter.com\/index\/wp-json\/wp\/v2\/product_cat?post=4897"},{"taxonomy":"product_tag","embeddable":true,"href":"https:\/\/tilapiacenter.com\/index\/wp-json\/wp\/v2\/product_tag?post=4897"}],"curies":[{"name":"wp","href":"https:\/\/api.w.org\/{rel}","templated":true}]}}