{"id":4275,"date":"2020-06-22T18:27:52","date_gmt":"2020-06-22T23:27:52","guid":{"rendered":"https:\/\/greenyellow-okapi-692508.hostingersite.com\/index\/?post_type=product&#038;p=4275"},"modified":"2020-11-13T15:46:19","modified_gmt":"2020-11-13T20:46:19","slug":"curso-de-el-negocio-de-acuicultura-por-lecciones-en-lineawooc","status":"publish","type":"product","link":"https:\/\/tilapiacenter.com\/index\/producto\/curso-de-el-negocio-de-acuicultura-por-lecciones-en-lineawooc\/","title":{"rendered":"Curso de El Negocio de Acuicultura (en Campus Virtual)"},"content":{"rendered":"<p>El resultado del aprendizaje es similar a cursos en vivo por Zoom o curso presencial.<\/p>\n<p>Esta opci\u00f3n es ideal para estudiar a su ritmo de tiempo disponible.<\/p>\n<p>Adqui\u00e9ralo al instante en l\u00ednea por Paypal o tarjeta de cr\u00e9dito. Se le activar\u00e1 autom\u00e1ticamente el acceso al curso al instante.<\/p>\n<p>Si su pago es por deposito \/ transferencia bancaria o Western Union\/Money Gram , haga el proceso normal de compra en l\u00ednea y confirme por WhatsApp o email la foto del pago. Se le activar\u00e1 manualmente el acceso al curso en 20 minutos<\/p>\n<p>Recomendaciones. Revice su Email<\/p>\n","protected":false},"excerpt":{"rendered":"<p>Puede adquirir este curso, que esta estructurado en 27 lecciones de v\u00eddeos (total 5 horas de video). Puede estudiar a su ritmo, entrando a la plataforma de de Campus Virtual. Posee evaluaci\u00f3n en cada lecci\u00f3n, y un certificado al final del curso.<\/p>\n<p>&nbsp;<\/p>\n","protected":false},"featured_media":4742,"comment_status":"open","ping_status":"closed","template":"","meta":{"_monsterinsights_skip_tracking":false,"_monsterinsights_sitenote_active":false,"_monsterinsights_sitenote_note":"","_monsterinsights_sitenote_category":0,"spay_email":""},"product_cat":[82],"product_tag":[],"class_list":["post-4275","product","type-product","status-publish","has-post-thumbnail","hentry","product_cat-curso-negocio-acuicultura-tecnificada-ecuador-guayaquil-machala"],"yoast_head":"<!-- This site is optimized with the Yoast SEO plugin v18.6 - https:\/\/yoast.com\/wordpress\/plugins\/seo\/ -->\n<title>Curso de El Negocio de Acuicultura (en Campus Virtual) - TILAPIACENTER- Acuicultura Controlada<\/title>\n<meta name=\"robots\" content=\"index, follow, max-snippet:-1, max-image-preview:large, max-video-preview:-1\" \/>\n<link rel=\"canonical\" href=\"https:\/\/tilapiacenter.com\/index\/producto\/curso-de-el-negocio-de-acuicultura-por-lecciones-en-lineawooc\/\" \/>\n<meta property=\"og:locale\" content=\"es_ES\" \/>\n<meta property=\"og:type\" content=\"article\" \/>\n<meta property=\"og:title\" content=\"Curso de El Negocio de Acuicultura (en Campus Virtual) - TILAPIACENTER- Acuicultura Controlada\" \/>\n<meta property=\"og:description\" content=\"Puede adquirir este curso, que esta estructurado en 27 lecciones de v\u00eddeos (total 5 horas de video). Puede estudiar a su ritmo, entrando a la plataforma de de Campus Virtual. Posee evaluaci\u00f3n en cada lecci\u00f3n, y un certificado al final del curso.  &nbsp;\" \/>\n<meta property=\"og:url\" content=\"https:\/\/tilapiacenter.com\/index\/producto\/curso-de-el-negocio-de-acuicultura-por-lecciones-en-lineawooc\/\" \/>\n<meta property=\"og:site_name\" content=\"TILAPIACENTER- Acuicultura Controlada\" \/>\n<meta property=\"article:publisher\" content=\"https:\/\/www.facebook.com\/tilapiacenterecuador\/\" \/>\n<meta property=\"article:modified_time\" content=\"2020-11-13T20:46:19+00:00\" \/>\n<meta property=\"og:image\" content=\"https:\/\/i0.wp.com\/tilapiacenter.com\/index\/wp-content\/uploads\/PortadaCursoAcuiculturaCampusVirtual2-JPG.jpg?fit=1116%2C884&#038;ssl=1\" \/>\n\t<meta property=\"og:image:width\" content=\"1116\" \/>\n\t<meta property=\"og:image:height\" content=\"884\" \/>\n\t<meta property=\"og:image:type\" content=\"image\/jpeg\" \/>\n<meta name=\"twitter:card\" content=\"summary_large_image\" \/>\n<meta name=\"twitter:site\" content=\"@tilapiacenter\" \/>\n<script type=\"application\/ld+json\" class=\"yoast-schema-graph\">{\"@context\":\"https:\/\/schema.org\",\"@graph\":[{\"@type\":\"WebSite\",\"@id\":\"https:\/\/tilapiacenter.com\/index\/#website\",\"url\":\"https:\/\/tilapiacenter.com\/index\/\",\"name\":\"TILAPIACENTER- Acuicultura Controlada\",\"description\":\"Equipos, Tecnolog\u00eda, asesor\u00eda y cursos en acuicultura tecnificada, para sistemas RAS y BIOFLOC, en el cultivo de camaron, tilapia, trucha en tanques en geomembrana.\",\"potentialAction\":[{\"@type\":\"SearchAction\",\"target\":{\"@type\":\"EntryPoint\",\"urlTemplate\":\"https:\/\/tilapiacenter.com\/index\/?s={search_term_string}\"},\"query-input\":\"required name=search_term_string\"}],\"inLanguage\":\"es\"},{\"@type\":\"ImageObject\",\"@id\":\"https:\/\/tilapiacenter.com\/index\/producto\/curso-de-el-negocio-de-acuicultura-por-lecciones-en-lineawooc\/#primaryimage\",\"inLanguage\":\"es\",\"url\":\"https:\/\/i0.wp.com\/tilapiacenter.com\/index\/wp-content\/uploads\/PortadaCursoAcuiculturaCampusVirtual2-JPG.jpg?fit=1116%2C884&ssl=1\",\"contentUrl\":\"https:\/\/i0.wp.com\/tilapiacenter.com\/index\/wp-content\/uploads\/PortadaCursoAcuiculturaCampusVirtual2-JPG.jpg?fit=1116%2C884&ssl=1\",\"width\":1116,\"height\":884,\"caption\":\"Curso Acuicultura Camar\u00f3n Tilapia Campus Virtual\"},{\"@type\":\"WebPage\",\"@id\":\"https:\/\/tilapiacenter.com\/index\/producto\/curso-de-el-negocio-de-acuicultura-por-lecciones-en-lineawooc\/#webpage\",\"url\":\"https:\/\/tilapiacenter.com\/index\/producto\/curso-de-el-negocio-de-acuicultura-por-lecciones-en-lineawooc\/\",\"name\":\"Curso de El Negocio de Acuicultura (en Campus Virtual) - TILAPIACENTER- Acuicultura Controlada\",\"isPartOf\":{\"@id\":\"https:\/\/tilapiacenter.com\/index\/#website\"},\"primaryImageOfPage\":{\"@id\":\"https:\/\/tilapiacenter.com\/index\/producto\/curso-de-el-negocio-de-acuicultura-por-lecciones-en-lineawooc\/#primaryimage\"},\"datePublished\":\"2020-06-22T23:27:52+00:00\",\"dateModified\":\"2020-11-13T20:46:19+00:00\",\"breadcrumb\":{\"@id\":\"https:\/\/tilapiacenter.com\/index\/producto\/curso-de-el-negocio-de-acuicultura-por-lecciones-en-lineawooc\/#breadcrumb\"},\"inLanguage\":\"es\",\"potentialAction\":[{\"@type\":\"ReadAction\",\"target\":[\"https:\/\/tilapiacenter.com\/index\/producto\/curso-de-el-negocio-de-acuicultura-por-lecciones-en-lineawooc\/\"]}]},{\"@type\":\"BreadcrumbList\",\"@id\":\"https:\/\/tilapiacenter.com\/index\/producto\/curso-de-el-negocio-de-acuicultura-por-lecciones-en-lineawooc\/#breadcrumb\",\"itemListElement\":[{\"@type\":\"ListItem\",\"position\":1,\"name\":\"Portada\",\"item\":\"https:\/\/tilapiacenter.com\/index\/\"},{\"@type\":\"ListItem\",\"position\":2,\"name\":\"Tienda\",\"item\":\"https:\/\/tilapiacenter.com\/index\/equipos-acuicultura-y-servicios-online\/\"},{\"@type\":\"ListItem\",\"position\":3,\"name\":\"Curso de El Negocio de Acuicultura (en Campus Virtual)\"}]}]}<\/script>\n<!-- \/ Yoast SEO plugin. -->","yoast_head_json":{"title":"Curso de El Negocio de Acuicultura (en Campus Virtual) - TILAPIACENTER- Acuicultura Controlada","robots":{"index":"index","follow":"follow","max-snippet":"max-snippet:-1","max-image-preview":"max-image-preview:large","max-video-preview":"max-video-preview:-1"},"canonical":"https:\/\/tilapiacenter.com\/index\/producto\/curso-de-el-negocio-de-acuicultura-por-lecciones-en-lineawooc\/","og_locale":"es_ES","og_type":"article","og_title":"Curso de El Negocio de Acuicultura (en Campus Virtual) - TILAPIACENTER- Acuicultura Controlada","og_description":"Puede adquirir este curso, que esta estructurado en 27 lecciones de v\u00eddeos (total 5 horas de video). Puede estudiar a su ritmo, entrando a la plataforma de de Campus Virtual. Posee evaluaci\u00f3n en cada lecci\u00f3n, y un certificado al final del curso.  &nbsp;","og_url":"https:\/\/tilapiacenter.com\/index\/producto\/curso-de-el-negocio-de-acuicultura-por-lecciones-en-lineawooc\/","og_site_name":"TILAPIACENTER- Acuicultura Controlada","article_publisher":"https:\/\/www.facebook.com\/tilapiacenterecuador\/","article_modified_time":"2020-11-13T20:46:19+00:00","og_image":[{"width":1116,"height":884,"url":"https:\/\/i0.wp.com\/tilapiacenter.com\/index\/wp-content\/uploads\/PortadaCursoAcuiculturaCampusVirtual2-JPG.jpg?fit=1116%2C884&ssl=1","type":"image\/jpeg"}],"twitter_card":"summary_large_image","twitter_site":"@tilapiacenter","schema":{"@context":"https:\/\/schema.org","@graph":[{"@type":"WebSite","@id":"https:\/\/tilapiacenter.com\/index\/#website","url":"https:\/\/tilapiacenter.com\/index\/","name":"TILAPIACENTER- Acuicultura Controlada","description":"Equipos, Tecnolog\u00eda, asesor\u00eda y cursos en acuicultura tecnificada, para sistemas RAS y BIOFLOC, en el cultivo de camaron, tilapia, trucha en tanques en geomembrana.","potentialAction":[{"@type":"SearchAction","target":{"@type":"EntryPoint","urlTemplate":"https:\/\/tilapiacenter.com\/index\/?s={search_term_string}"},"query-input":"required name=search_term_string"}],"inLanguage":"es"},{"@type":"ImageObject","@id":"https:\/\/tilapiacenter.com\/index\/producto\/curso-de-el-negocio-de-acuicultura-por-lecciones-en-lineawooc\/#primaryimage","inLanguage":"es","url":"https:\/\/i0.wp.com\/tilapiacenter.com\/index\/wp-content\/uploads\/PortadaCursoAcuiculturaCampusVirtual2-JPG.jpg?fit=1116%2C884&ssl=1","contentUrl":"https:\/\/i0.wp.com\/tilapiacenter.com\/index\/wp-content\/uploads\/PortadaCursoAcuiculturaCampusVirtual2-JPG.jpg?fit=1116%2C884&ssl=1","width":1116,"height":884,"caption":"Curso Acuicultura Camar\u00f3n Tilapia Campus Virtual"},{"@type":"WebPage","@id":"https:\/\/tilapiacenter.com\/index\/producto\/curso-de-el-negocio-de-acuicultura-por-lecciones-en-lineawooc\/#webpage","url":"https:\/\/tilapiacenter.com\/index\/producto\/curso-de-el-negocio-de-acuicultura-por-lecciones-en-lineawooc\/","name":"Curso de El Negocio de Acuicultura (en Campus Virtual) - TILAPIACENTER- Acuicultura Controlada","isPartOf":{"@id":"https:\/\/tilapiacenter.com\/index\/#website"},"primaryImageOfPage":{"@id":"https:\/\/tilapiacenter.com\/index\/producto\/curso-de-el-negocio-de-acuicultura-por-lecciones-en-lineawooc\/#primaryimage"},"datePublished":"2020-06-22T23:27:52+00:00","dateModified":"2020-11-13T20:46:19+00:00","breadcrumb":{"@id":"https:\/\/tilapiacenter.com\/index\/producto\/curso-de-el-negocio-de-acuicultura-por-lecciones-en-lineawooc\/#breadcrumb"},"inLanguage":"es","potentialAction":[{"@type":"ReadAction","target":["https:\/\/tilapiacenter.com\/index\/producto\/curso-de-el-negocio-de-acuicultura-por-lecciones-en-lineawooc\/"]}]},{"@type":"BreadcrumbList","@id":"https:\/\/tilapiacenter.com\/index\/producto\/curso-de-el-negocio-de-acuicultura-por-lecciones-en-lineawooc\/#breadcrumb","itemListElement":[{"@type":"ListItem","position":1,"name":"Portada","item":"https:\/\/tilapiacenter.com\/index\/"},{"@type":"ListItem","position":2,"name":"Tienda","item":"https:\/\/tilapiacenter.com\/index\/equipos-acuicultura-y-servicios-online\/"},{"@type":"ListItem","position":3,"name":"Curso de El Negocio de Acuicultura (en Campus Virtual)"}]}]}},"jetpack_sharing_enabled":true,"jetpack_likes_enabled":true,"jetpack-related-posts":[{"id":2993,"url":"https:\/\/tilapiacenter.com\/index\/producto\/curso-virtual-de-el-negocio-de-acuicultura-tecnificada\/","url_meta":{"origin":4275,"position":0},"title":"Curso de &#8220;El Negocio de Acuicultura Tecnificada&#8221; en Vivo por Zoom","date":"23 de marzo de 2020","format":false,"excerpt":"\u267b\ud83d\udc1f\u267b ADQUIERA EL CUPO para: Curso VIRTUAL POR ZOOM. INFORMACION DEL CURSO DE \"EL NEGOCIO DE ACUICULTURA TECNIFICADA\" \ud83e\udd90 \ud83e\udd88 CAPACITARSE es lo primero y mejor inversi\u00f3n que debe hacer si su enfoque es Acuicultura rentable y sostenible A continuaci\u00f3n lea hasta el final sobre detalles del curso. \ud83d\udccc Modalidad:\u2026","rel":"","context":"Entrada similar","img":{"alt_text":"","src":"https:\/\/i0.wp.com\/tilapiacenter.com\/index\/wp-content\/uploads\/2020\/02\/CursoEdhiQuito1.jpg?fit=1200%2C675&ssl=1&resize=350%2C200","width":350,"height":200},"classes":[]},{"id":3003,"url":"https:\/\/tilapiacenter.com\/index\/producto\/estudio-tecnico-supernova-20\/","url_meta":{"origin":4275,"position":1},"title":"ESTUDIO T\u00c9CNICO SUPERNOVA 20","date":"12 de marzo de 2020","format":false,"excerpt":"FICHA T\u00c9CNICA SUPERNOVA 20 PRODUCCI\u00d3N: 160 Tm camar\u00f3n\/a\u00f1o ; 350 Tm\/tilapia\/a\u00f1o ESPACIO: 12.500 m2 terreno para instalaci\u00f3n de todo el sistema RENDIMIENTO ECON\u00d3MICO: 30 - 40% anual neto TECNOLOG\u00cdA BASE: Sistema RAS, con re utilizaci\u00f3n del agua en 90%. No emisi\u00f3n de agua contaminada al medio ambiente; Sistema de aireaci\u00f3n,\u2026","rel":"","context":"Entrada similar","img":{"alt_text":"","src":"https:\/\/i0.wp.com\/tilapiacenter.com\/index\/wp-content\/uploads\/2020\/03\/supernova20-2.jpg?fit=752%2C722&ssl=1&resize=350%2C200","width":350,"height":200},"classes":[]},{"id":2998,"url":"https:\/\/tilapiacenter.com\/index\/producto\/3-mt-diametro-bolsa-en-geomembrana-hdpe-1mm\/","url_meta":{"origin":4275,"position":2},"title":"3 MT DIAMETRO &#8211; BOLSA EN GEOMEMBRANA HDPE 1mm","date":"13 de marzo de 2020","format":false,"excerpt":"FICHA T\u00c9CNICA BOLSA 3 MT DIAMTERO 1mm espesor MEDIDA: 3 mt de diametro, 1,20 alto + 30 cm para anclaje (doblado en filo) VOLUMEN AGUA: 7 m3 SERVICIO: Se entrega en 15 d\u00edas una vez confirmado la orden \/ Se env\u00eda por transporte\/ No incluye costo de envi\u00f3 \/ Servicio\u2026","rel":"","context":"Entrada similar","img":{"alt_text":"","src":"https:\/\/i0.wp.com\/tilapiacenter.com\/index\/wp-content\/uploads\/2020\/03\/bolsas1.jpg?fit=752%2C722&ssl=1&resize=350%2C200","width":350,"height":200},"classes":[]}],"post_mailing_queue_ids":[],"_links":{"self":[{"href":"https:\/\/tilapiacenter.com\/index\/wp-json\/wp\/v2\/product\/4275","targetHints":{"allow":["GET"]}}],"collection":[{"href":"https:\/\/tilapiacenter.com\/index\/wp-json\/wp\/v2\/product"}],"about":[{"href":"https:\/\/tilapiacenter.com\/index\/wp-json\/wp\/v2\/types\/product"}],"replies":[{"embeddable":true,"href":"https:\/\/tilapiacenter.com\/index\/wp-json\/wp\/v2\/comments?post=4275"}],"wp:featuredmedia":[{"embeddable":true,"href":"https:\/\/tilapiacenter.com\/index\/wp-json\/wp\/v2\/media\/4742"}],"wp:attachment":[{"href":"https:\/\/tilapiacenter.com\/index\/wp-json\/wp\/v2\/media?parent=4275"}],"wp:term":[{"taxonomy":"product_cat","embeddable":true,"href":"https:\/\/tilapiacenter.com\/index\/wp-json\/wp\/v2\/product_cat?post=4275"},{"taxonomy":"product_tag","embeddable":true,"href":"https:\/\/tilapiacenter.com\/index\/wp-json\/wp\/v2\/product_tag?post=4275"}],"curies":[{"name":"wp","href":"https:\/\/api.w.org\/{rel}","templated":true}]}}