{"id":3001,"date":"2020-03-13T15:27:10","date_gmt":"2020-03-13T15:27:10","guid":{"rendered":"https:\/\/greenyellow-okapi-692508.hostingersite.com\/index\/?post_type=product&#038;p=125"},"modified":"2020-03-13T15:27:10","modified_gmt":"2020-03-13T15:27:10","slug":"estudio-tecnico-cuadron-20","status":"publish","type":"product","link":"https:\/\/tilapiacenter.com\/index\/producto\/estudio-tecnico-cuadron-20\/","title":{"rendered":"ESTUDIO T\u00c9CNICO CUADRON 20"},"content":{"rendered":"<p>Este material es de gran utilidad (Proyecto de factibilidad) , cuando usted est\u00e1 decidido &#8220;<em>EN SERIO<\/em>&#8221; incursionarse en la acuicultura tecnificada &amp; sostenible, pues a la hora de argumentar su negocio, podr\u00e1 con bases cuantitativas,<em>&#8221; responderse&#8221;<\/em>\u00a0o defender \u00a0ante los dem\u00e1s,\u00a0<strong>sobre el espacio de instalaci\u00f3n, proceso productivo y ventajas , costos de producci\u00f3n (alevines\/poslarvas, alimento, energ\u00eda, M.O, etc) y la rentabilidad,\u00a0<\/strong>as\u00ed tambi\u00e9n<strong>, v\u00eda Estudio T\u00e9cnico<\/strong>\u00a0real de su caso podremos emitirle el valor de la INVERSI\u00d3N DE INFRAESTRUCTURA o lo que llamamos PROFORMA o COTIZACI\u00d3N,<\/p>\n<p>Una instalaci\u00f3n o\u00a0<em>M\u00f3dulo <strong>TILMARON<\/strong><\/em>, al ser un servicio de\u00a0<strong>car\u00e1cter integral<\/strong>, requiere pasar por un Estudio T\u00e9cnico, para determinar el valor real del\u00a0<strong>costo de inversi\u00f3n<\/strong>, que va en funci\u00f3n de su realidad, es decir, el espacio que usted posee, la fuente de agua, y caracter\u00edsticas propias que difiere entre cada cliente.<\/p>\n<p>Un Estudio T\u00e9cnico, le muestra el horizonte de su negocio en n\u00fameros y esquemas, antes de llevar a la pr\u00e1ctica.<\/p>\n<p>&#8212;&#8212;&#8212;&#8212;&#8212;&#8212;&#8212;&#8212;&#8212;&#8212;&#8212;&#8212;&#8212;&#8212;&#8212;&#8212;&#8212;&#8212;&#8212;&#8212;&#8212;&#8212;&#8212;&#8212;&#8212;&#8212;&#8212;&#8212;&#8212;&#8212;&#8212;&#8212;&#8212;&#8212;&#8212;&#8211;<\/p>\n<p><strong>SI PREFIERE ENVIAR ANTES UN EMAIL SOBRE CUALQUIER INQUIETUD, H\u00c1GALO DESDE EL SIGUIENTE FORMULARIO.<\/strong><\/p>\n<p class=\"wpcf7-contact-form-not-found\"><strong>Error:<\/strong> Formulario de contacto no encontrado.<\/p>\n","protected":false},"excerpt":{"rendered":"<p><strong>FICHA T\u00c9CNICA CUADRON 20<\/strong><\/p>\n<ul>\n<li><strong>PRODUCCI\u00d3N<\/strong>: 45 Tm camar\u00f3n\/a\u00f1o ; 100 Tm\/tilapia\/a\u00f1o<\/li>\n<li><strong>ESPACIO<\/strong>: 4.100 m2 terreno para instalaci\u00f3n de todo el sistema<\/li>\n<li><strong>RENDIMIENTO ECON\u00d3MICO<\/strong>: 30 &#8211; 40% anual neto<\/li>\n<li><strong>TECNOLOG\u00cdA BASE<\/strong>: Sistema RAS, con re utilizaci\u00f3n del agua en 90%. No emisi\u00f3n de agua contaminada al medio ambiente; Sistema de aireaci\u00f3n, backup, cubierta, automatismo de equipos, alimentadores.<\/li>\n<li><strong>SERVICIO<\/strong>: Se entrega en 3-5 d\u00edas una vez confirmado la orden \/ Se env\u00eda archivos del proyecto v\u00eda email \/ \u00datil para gesti\u00f3n de financiamiento o socializaci\u00f3n con socios previo a ejecuci\u00f3n \/ Servicio de emisi\u00f3n para todo pa\u00eds de habla hispana \/ Datos econ\u00f3micos del estudio en dolares USD o el equivalente.<\/li>\n<li><strong>REQUISITOS<\/strong>: Nombre del quien va el proyecto persona o empresa \/ Lugar geogr\u00e1fico de posible implementaci\u00f3n \/ Decidir si el proyecto es para tilapia o camar\u00f3n \/ No es indispensable disponer del terreno<\/li>\n<li><strong>TOMAR ACCI\u00d3N<\/strong>: haga el pago por transferencia bancaria o por este sitio web,a trav\u00e9s del bot\u00f3n &#8220;<strong>A\u00f1adir al carrito<\/strong>&#8220;<\/li>\n<\/ul>\n","protected":false},"featured_media":3002,"comment_status":"open","ping_status":"closed","template":"","meta":{"_monsterinsights_skip_tracking":false,"_monsterinsights_sitenote_active":false,"_monsterinsights_sitenote_note":"","_monsterinsights_sitenote_category":0,"spay_email":""},"product_cat":[95],"product_tag":[100,99,96,97,101,98,103,102,85],"class_list":["post-3001","product","type-product","status-publish","has-post-thumbnail","hentry","product_cat-estudio-factibilidad-economica-acuicultura-camaron-tilapia-tilmaron","product_tag-curso-ecuador","product_tag-curso-virtual","product_tag-ecuador","product_tag-estudio-camaron","product_tag-estudio-tecnico","product_tag-estudio-tilapia","product_tag-financiamiento-acuicola","product_tag-ras-sistema","product_tag-tecnificada"],"yoast_head":"<!-- This site is optimized with the Yoast SEO plugin v18.6 - https:\/\/yoast.com\/wordpress\/plugins\/seo\/ -->\n<title>ESTUDIO T\u00c9CNICO CUADRON 20 - TILAPIACENTER- Acuicultura Controlada<\/title>\n<meta name=\"robots\" content=\"index, follow, max-snippet:-1, max-image-preview:large, max-video-preview:-1\" \/>\n<link rel=\"canonical\" href=\"https:\/\/tilapiacenter.com\/index\/producto\/estudio-tecnico-cuadron-20\/\" \/>\n<meta property=\"og:locale\" content=\"es_ES\" \/>\n<meta property=\"og:type\" content=\"article\" \/>\n<meta property=\"og:title\" content=\"ESTUDIO T\u00c9CNICO CUADRON 20 - TILAPIACENTER- Acuicultura Controlada\" \/>\n<meta property=\"og:description\" content=\"FICHA T\u00c9CNICA CUADRON 20   PRODUCCI\u00d3N: 45 Tm camar\u00f3n\/a\u00f1o ; 100 Tm\/tilapia\/a\u00f1o  ESPACIO: 4.100 m2 terreno para instalaci\u00f3n de todo el sistema  RENDIMIENTO ECON\u00d3MICO: 30 - 40% anual neto  TECNOLOG\u00cdA BASE: Sistema RAS, con re utilizaci\u00f3n del agua en 90%. No emisi\u00f3n de agua contaminada al medio ambiente; Sistema de aireaci\u00f3n, backup, cubierta, automatismo de equipos, alimentadores.  SERVICIO: Se entrega en 3-5 d\u00edas una vez confirmado la orden \/ Se env\u00eda archivos del proyecto v\u00eda email \/ \u00datil para gesti\u00f3n de financiamiento o socializaci\u00f3n con socios previo a ejecuci\u00f3n \/ Servicio de emisi\u00f3n para todo pa\u00eds de habla hispana \/ Datos econ\u00f3micos del estudio en dolares USD o el equivalente.  REQUISITOS: Nombre del quien va el proyecto persona o empresa \/ Lugar geogr\u00e1fico de posible implementaci\u00f3n \/ Decidir si el proyecto es para tilapia o camar\u00f3n \/ No es indispensable disponer del terreno  TOMAR ACCI\u00d3N: haga el pago por transferencia bancaria o por este sitio web,a trav\u00e9s del bot\u00f3n &quot;A\u00f1adir al carrito&quot;\" \/>\n<meta property=\"og:url\" content=\"https:\/\/tilapiacenter.com\/index\/producto\/estudio-tecnico-cuadron-20\/\" \/>\n<meta property=\"og:site_name\" content=\"TILAPIACENTER- Acuicultura Controlada\" \/>\n<meta property=\"article:publisher\" content=\"https:\/\/www.facebook.com\/tilapiacenterecuador\/\" \/>\n<meta property=\"og:image\" content=\"https:\/\/i0.wp.com\/tilapiacenter.com\/index\/wp-content\/uploads\/2020\/03\/cuadron20.jpg?fit=752%2C722&#038;ssl=1\" \/>\n\t<meta property=\"og:image:width\" content=\"752\" \/>\n\t<meta property=\"og:image:height\" content=\"722\" \/>\n\t<meta property=\"og:image:type\" content=\"image\/jpeg\" \/>\n<meta name=\"twitter:card\" content=\"summary_large_image\" \/>\n<meta name=\"twitter:site\" content=\"@tilapiacenter\" \/>\n<meta name=\"twitter:label1\" content=\"Tiempo de lectura\" \/>\n\t<meta name=\"twitter:data1\" content=\"1 minuto\" \/>\n<script type=\"application\/ld+json\" class=\"yoast-schema-graph\">{\"@context\":\"https:\/\/schema.org\",\"@graph\":[{\"@type\":\"WebSite\",\"@id\":\"https:\/\/tilapiacenter.com\/index\/#website\",\"url\":\"https:\/\/tilapiacenter.com\/index\/\",\"name\":\"TILAPIACENTER- Acuicultura Controlada\",\"description\":\"Equipos, Tecnolog\u00eda, asesor\u00eda y cursos en acuicultura tecnificada, para sistemas RAS y BIOFLOC, en el cultivo de camaron, tilapia, trucha en tanques en geomembrana.\",\"potentialAction\":[{\"@type\":\"SearchAction\",\"target\":{\"@type\":\"EntryPoint\",\"urlTemplate\":\"https:\/\/tilapiacenter.com\/index\/?s={search_term_string}\"},\"query-input\":\"required name=search_term_string\"}],\"inLanguage\":\"es\"},{\"@type\":\"ImageObject\",\"@id\":\"https:\/\/tilapiacenter.com\/index\/producto\/estudio-tecnico-cuadron-20\/#primaryimage\",\"inLanguage\":\"es\",\"url\":\"https:\/\/i0.wp.com\/tilapiacenter.com\/index\/wp-content\/uploads\/2020\/03\/cuadron20.jpg?fit=752%2C722&ssl=1\",\"contentUrl\":\"https:\/\/i0.wp.com\/tilapiacenter.com\/index\/wp-content\/uploads\/2020\/03\/cuadron20.jpg?fit=752%2C722&ssl=1\",\"width\":752,\"height\":722},{\"@type\":\"WebPage\",\"@id\":\"https:\/\/tilapiacenter.com\/index\/producto\/estudio-tecnico-cuadron-20\/#webpage\",\"url\":\"https:\/\/tilapiacenter.com\/index\/producto\/estudio-tecnico-cuadron-20\/\",\"name\":\"ESTUDIO T\u00c9CNICO CUADRON 20 - TILAPIACENTER- Acuicultura Controlada\",\"isPartOf\":{\"@id\":\"https:\/\/tilapiacenter.com\/index\/#website\"},\"primaryImageOfPage\":{\"@id\":\"https:\/\/tilapiacenter.com\/index\/producto\/estudio-tecnico-cuadron-20\/#primaryimage\"},\"datePublished\":\"2020-03-13T15:27:10+00:00\",\"dateModified\":\"2020-03-13T15:27:10+00:00\",\"breadcrumb\":{\"@id\":\"https:\/\/tilapiacenter.com\/index\/producto\/estudio-tecnico-cuadron-20\/#breadcrumb\"},\"inLanguage\":\"es\",\"potentialAction\":[{\"@type\":\"ReadAction\",\"target\":[\"https:\/\/tilapiacenter.com\/index\/producto\/estudio-tecnico-cuadron-20\/\"]}]},{\"@type\":\"BreadcrumbList\",\"@id\":\"https:\/\/tilapiacenter.com\/index\/producto\/estudio-tecnico-cuadron-20\/#breadcrumb\",\"itemListElement\":[{\"@type\":\"ListItem\",\"position\":1,\"name\":\"Portada\",\"item\":\"https:\/\/tilapiacenter.com\/index\/\"},{\"@type\":\"ListItem\",\"position\":2,\"name\":\"Tienda\",\"item\":\"https:\/\/tilapiacenter.com\/index\/equipos-acuicultura-y-servicios-online\/\"},{\"@type\":\"ListItem\",\"position\":3,\"name\":\"ESTUDIO T\u00c9CNICO CUADRON 20\"}]}]}<\/script>\n<!-- \/ Yoast SEO plugin. -->","yoast_head_json":{"title":"ESTUDIO T\u00c9CNICO CUADRON 20 - TILAPIACENTER- Acuicultura Controlada","robots":{"index":"index","follow":"follow","max-snippet":"max-snippet:-1","max-image-preview":"max-image-preview:large","max-video-preview":"max-video-preview:-1"},"canonical":"https:\/\/tilapiacenter.com\/index\/producto\/estudio-tecnico-cuadron-20\/","og_locale":"es_ES","og_type":"article","og_title":"ESTUDIO T\u00c9CNICO CUADRON 20 - TILAPIACENTER- Acuicultura Controlada","og_description":"FICHA T\u00c9CNICA CUADRON 20   PRODUCCI\u00d3N: 45 Tm camar\u00f3n\/a\u00f1o ; 100 Tm\/tilapia\/a\u00f1o  ESPACIO: 4.100 m2 terreno para instalaci\u00f3n de todo el sistema  RENDIMIENTO ECON\u00d3MICO: 30 - 40% anual neto  TECNOLOG\u00cdA BASE: Sistema RAS, con re utilizaci\u00f3n del agua en 90%. No emisi\u00f3n de agua contaminada al medio ambiente; Sistema de aireaci\u00f3n, backup, cubierta, automatismo de equipos, alimentadores.  SERVICIO: Se entrega en 3-5 d\u00edas una vez confirmado la orden \/ Se env\u00eda archivos del proyecto v\u00eda email \/ \u00datil para gesti\u00f3n de financiamiento o socializaci\u00f3n con socios previo a ejecuci\u00f3n \/ Servicio de emisi\u00f3n para todo pa\u00eds de habla hispana \/ Datos econ\u00f3micos del estudio en dolares USD o el equivalente.  REQUISITOS: Nombre del quien va el proyecto persona o empresa \/ Lugar geogr\u00e1fico de posible implementaci\u00f3n \/ Decidir si el proyecto es para tilapia o camar\u00f3n \/ No es indispensable disponer del terreno  TOMAR ACCI\u00d3N: haga el pago por transferencia bancaria o por este sitio web,a trav\u00e9s del bot\u00f3n \"A\u00f1adir al carrito\"","og_url":"https:\/\/tilapiacenter.com\/index\/producto\/estudio-tecnico-cuadron-20\/","og_site_name":"TILAPIACENTER- Acuicultura Controlada","article_publisher":"https:\/\/www.facebook.com\/tilapiacenterecuador\/","og_image":[{"width":752,"height":722,"url":"https:\/\/i0.wp.com\/tilapiacenter.com\/index\/wp-content\/uploads\/2020\/03\/cuadron20.jpg?fit=752%2C722&ssl=1","type":"image\/jpeg"}],"twitter_card":"summary_large_image","twitter_site":"@tilapiacenter","twitter_misc":{"Tiempo de lectura":"1 minuto"},"schema":{"@context":"https:\/\/schema.org","@graph":[{"@type":"WebSite","@id":"https:\/\/tilapiacenter.com\/index\/#website","url":"https:\/\/tilapiacenter.com\/index\/","name":"TILAPIACENTER- Acuicultura Controlada","description":"Equipos, Tecnolog\u00eda, asesor\u00eda y cursos en acuicultura tecnificada, para sistemas RAS y BIOFLOC, en el cultivo de camaron, tilapia, trucha en tanques en geomembrana.","potentialAction":[{"@type":"SearchAction","target":{"@type":"EntryPoint","urlTemplate":"https:\/\/tilapiacenter.com\/index\/?s={search_term_string}"},"query-input":"required name=search_term_string"}],"inLanguage":"es"},{"@type":"ImageObject","@id":"https:\/\/tilapiacenter.com\/index\/producto\/estudio-tecnico-cuadron-20\/#primaryimage","inLanguage":"es","url":"https:\/\/i0.wp.com\/tilapiacenter.com\/index\/wp-content\/uploads\/2020\/03\/cuadron20.jpg?fit=752%2C722&ssl=1","contentUrl":"https:\/\/i0.wp.com\/tilapiacenter.com\/index\/wp-content\/uploads\/2020\/03\/cuadron20.jpg?fit=752%2C722&ssl=1","width":752,"height":722},{"@type":"WebPage","@id":"https:\/\/tilapiacenter.com\/index\/producto\/estudio-tecnico-cuadron-20\/#webpage","url":"https:\/\/tilapiacenter.com\/index\/producto\/estudio-tecnico-cuadron-20\/","name":"ESTUDIO T\u00c9CNICO CUADRON 20 - TILAPIACENTER- Acuicultura Controlada","isPartOf":{"@id":"https:\/\/tilapiacenter.com\/index\/#website"},"primaryImageOfPage":{"@id":"https:\/\/tilapiacenter.com\/index\/producto\/estudio-tecnico-cuadron-20\/#primaryimage"},"datePublished":"2020-03-13T15:27:10+00:00","dateModified":"2020-03-13T15:27:10+00:00","breadcrumb":{"@id":"https:\/\/tilapiacenter.com\/index\/producto\/estudio-tecnico-cuadron-20\/#breadcrumb"},"inLanguage":"es","potentialAction":[{"@type":"ReadAction","target":["https:\/\/tilapiacenter.com\/index\/producto\/estudio-tecnico-cuadron-20\/"]}]},{"@type":"BreadcrumbList","@id":"https:\/\/tilapiacenter.com\/index\/producto\/estudio-tecnico-cuadron-20\/#breadcrumb","itemListElement":[{"@type":"ListItem","position":1,"name":"Portada","item":"https:\/\/tilapiacenter.com\/index\/"},{"@type":"ListItem","position":2,"name":"Tienda","item":"https:\/\/tilapiacenter.com\/index\/equipos-acuicultura-y-servicios-online\/"},{"@type":"ListItem","position":3,"name":"ESTUDIO T\u00c9CNICO CUADRON 20"}]}]}},"jetpack_sharing_enabled":true,"jetpack_likes_enabled":true,"jetpack-related-posts":[{"id":3003,"url":"https:\/\/tilapiacenter.com\/index\/producto\/estudio-tecnico-supernova-20\/","url_meta":{"origin":3001,"position":0},"title":"ESTUDIO T\u00c9CNICO SUPERNOVA 20","date":"12 de marzo de 2020","format":false,"excerpt":"FICHA T\u00c9CNICA SUPERNOVA 20 PRODUCCI\u00d3N: 160 Tm camar\u00f3n\/a\u00f1o ; 350 Tm\/tilapia\/a\u00f1o ESPACIO: 12.500 m2 terreno para instalaci\u00f3n de todo el sistema RENDIMIENTO ECON\u00d3MICO: 30 - 40% anual neto TECNOLOG\u00cdA BASE: Sistema RAS, con re utilizaci\u00f3n del agua en 90%. No emisi\u00f3n de agua contaminada al medio ambiente; Sistema de aireaci\u00f3n,\u2026","rel":"","context":"Entrada similar","img":{"alt_text":"","src":"https:\/\/i0.wp.com\/tilapiacenter.com\/index\/wp-content\/uploads\/2020\/03\/supernova20-2.jpg?fit=752%2C722&ssl=1&resize=350%2C200","width":350,"height":200},"classes":[]},{"id":4275,"url":"https:\/\/tilapiacenter.com\/index\/producto\/curso-de-el-negocio-de-acuicultura-por-lecciones-en-lineawooc\/","url_meta":{"origin":3001,"position":1},"title":"Curso de El Negocio de Acuicultura (en Campus Virtual)","date":"22 de junio de 2020","format":false,"excerpt":"Puede adquirir este curso, que esta estructurado en 27 lecciones de v\u00eddeos (total 5 horas de video). Puede estudiar a su ritmo, entrando a la plataforma de de Campus Virtual. Posee evaluaci\u00f3n en cada lecci\u00f3n, y un certificado al final del curso. \u00a0","rel":"","context":"Entrada similar","img":{"alt_text":"Curso Acuicultura Camar\u00f3n Tilapia Campus Virtual","src":"https:\/\/i0.wp.com\/tilapiacenter.com\/index\/wp-content\/uploads\/PortadaCursoAcuiculturaCampusVirtual2-JPG.jpg?fit=1116%2C884&ssl=1&resize=350%2C200","width":350,"height":200},"classes":[]},{"id":4902,"url":"https:\/\/tilapiacenter.com\/index\/producto\/componente-venturi-de-aireacion-en-fibra-de-vidrio\/","url_meta":{"origin":3001,"position":2},"title":"Componente VENTURI de aireaci\u00f3n en fibra de vidrio","date":"13 de septiembre de 2020","format":false,"excerpt":"FICHA T\u00c9CNICA VENTURI 50mm El venturi realiza la mezcla de agua y el aire del ambiente, para soluciones r\u00e1pidas de oxigenaci\u00f3n de piscinas en tierra o en geomembrana. Un conjunto de venturis puede oxigenar tanques de 5m3, 50m3, 200m3 o m\u00e1s. Para aumentar densidades de hasta 50 peces por m3\u2026","rel":"","context":"Entrada similar","img":{"alt_text":"","src":"https:\/\/i0.wp.com\/tilapiacenter.com\/index\/wp-content\/uploads\/ventur50mm.jpg?fit=597%2C808&ssl=1&resize=350%2C200","width":350,"height":200},"classes":[]},{"id":4897,"url":"https:\/\/tilapiacenter.com\/index\/producto\/rollo-manguera-difusora-microburbujas-18-10mm\/","url_meta":{"origin":3001,"position":3},"title":"Rollo manguera Difusora microburbujas 16\/10mm","date":"13 de septiembre de 2020","format":false,"excerpt":"FICHA T\u00c9CNICA MANGUERA DIFUSORA MICROBURBUJAS 16\/10mm MEDIDA: rollo de cien metros PESO: 15 Kg aprox. ESPESOR MANGUERA DIFUSORA: \u00a016mm externo; 10mm interno SERVICIO: Se entrega en 3 d\u00edas una vez confirmado la orden \/ Se env\u00eda por transporte\/ Si incluye costo de envi\u00f3 \/ Servicio solo para Ecuador. REQUISITOS: Ninguno\u2026","rel":"","context":"Entrada similar","img":{"alt_text":"","src":"https:\/\/i0.wp.com\/tilapiacenter.com\/index\/wp-content\/uploads\/mangueraDifusora1.jpg?fit=407%2C314&ssl=1&resize=350%2C200","width":350,"height":200},"classes":[]},{"id":4889,"url":"https:\/\/tilapiacenter.com\/index\/producto\/parrilla-difusora-de-aireacion-mt10\/","url_meta":{"origin":3001,"position":4},"title":"Parrilla Difusora de Aireaci\u00f3n MT10","date":"12 de septiembre de 2020","format":false,"excerpt":"FICHA T\u00c9CNICA PARRILLA DE AIREACI\u00d3N MT10 MEDIDA: 1,20 mt largo x 0,80 mt ancho CANTIDAD DE MANGUERA DIFUSORA: 10mt ESPESOR MANGUERA DIFUSORA: \u00a018mm externo; 10mm interno SERVICIO: Se entrega en 3 d\u00edas una vez confirmado la orden \/ Se env\u00eda por transporte\/ Si incluye costo de envi\u00f3 \/ Servicio solo\u2026","rel":"","context":"Entrada similar","img":{"alt_text":"","src":"https:\/\/i0.wp.com\/tilapiacenter.com\/index\/wp-content\/uploads\/parrilla10mt-2.jpg?fit=536%2C560&ssl=1&resize=350%2C200","width":350,"height":200},"classes":[]},{"id":2996,"url":"https:\/\/tilapiacenter.com\/index\/producto\/4-mt-diametro-bolsa-en-geomembrana-hdpe-1mm\/","url_meta":{"origin":3001,"position":5},"title":"Bolsa 4mt d\u00edametro. En geomembrana HDPE 1mm","date":"13 de marzo de 2020","format":false,"excerpt":"FICHA T\u00c9CNICA BOLSA 4 MT DIAMTERO 1mm espesor MEDIDA: 3 mt de diametro, 1,20 alto + 30 cm para anclaje (doblado en filo) VOLUMEN AGUA: 12m3 SERVICIO: Se entrega en 15 d\u00edas una vez confirmado la orden \/ Se env\u00eda por transporte\/ No incluye costo de envi\u00f3 \/ Servicio solo\u2026","rel":"","context":"Entrada similar","img":{"alt_text":"","src":"https:\/\/i0.wp.com\/tilapiacenter.com\/index\/wp-content\/uploads\/2020\/03\/bolsas1.jpg?fit=752%2C722&ssl=1&resize=350%2C200","width":350,"height":200},"classes":[]}],"post_mailing_queue_ids":[],"_links":{"self":[{"href":"https:\/\/tilapiacenter.com\/index\/wp-json\/wp\/v2\/product\/3001","targetHints":{"allow":["GET"]}}],"collection":[{"href":"https:\/\/tilapiacenter.com\/index\/wp-json\/wp\/v2\/product"}],"about":[{"href":"https:\/\/tilapiacenter.com\/index\/wp-json\/wp\/v2\/types\/product"}],"replies":[{"embeddable":true,"href":"https:\/\/tilapiacenter.com\/index\/wp-json\/wp\/v2\/comments?post=3001"}],"wp:featuredmedia":[{"embeddable":true,"href":"https:\/\/tilapiacenter.com\/index\/wp-json\/wp\/v2\/media\/3002"}],"wp:attachment":[{"href":"https:\/\/tilapiacenter.com\/index\/wp-json\/wp\/v2\/media?parent=3001"}],"wp:term":[{"taxonomy":"product_cat","embeddable":true,"href":"https:\/\/tilapiacenter.com\/index\/wp-json\/wp\/v2\/product_cat?post=3001"},{"taxonomy":"product_tag","embeddable":true,"href":"https:\/\/tilapiacenter.com\/index\/wp-json\/wp\/v2\/product_tag?post=3001"}],"curies":[{"name":"wp","href":"https:\/\/api.w.org\/{rel}","templated":true}]}}