{"id":658,"date":"2017-06-27T06:45:25","date_gmt":"2017-06-27T06:45:25","guid":{"rendered":"http:\/\/dummy.xtemos.com\/woodmart\/demos\/?page_id=658"},"modified":"2020-06-09T19:04:52","modified_gmt":"2020-06-10T00:04:52","slug":"preguntas-frecuentes-acuicultura-controlada","status":"publish","type":"page","link":"https:\/\/tilapiacenter.com\/index\/preguntas-frecuentes-acuicultura-controlada\/","title":{"rendered":"Preguntas Frecuentes Acuicultura Controlada"},"content":{"rendered":"<p>[vc_row equal_height=&#8221;yes&#8221; css_animation=&#8221;fadeIn&#8221; css=&#8221;.vc_custom_1494510617612{margin-right: -50px !important;margin-left: -50px !important;}&#8221;][vc_column css=&#8221;.vc_custom_1496938621896{margin-bottom: 20px !important;border-right-width: 1px !important;padding-top: 15px !important;padding-right: 50px !important;padding-left: 50px !important;border-right-color: #e8e8e8 !important;border-right-style: solid !important;}&#8221; offset=&#8221;vc_col-lg-6 vc_col-md-6&#8243;]\n\t\t<div id=\"wd-5ee022a67d872\" class=\"title-wrapper  woodmart-title-color-default woodmart-title-style-default woodmart-title-width-100 text-left woodmart-title-size-default \">\n\t\t\t\n\t\t\t<div class=\"liner-continer\">\n\t\t\t\t<span class=\"left-line\"><\/span>\n\t\t\t\t<h4 class=\"woodmart-title-container title  woodmart-font-weight-\" >PREGUNTAS FRECUENTES ACUICULTURA CONTROLADA<\/h4>\t\t\t\t\t\t\t\t<span class=\"right-line\"><\/span>\n\t\t\t<\/div>\n\t\t\t\n\t\t\t\n\t\t\t\t\t<\/div>\n\t\t\n\t\t[vc_tta_accordion shape=&#8221;square&#8221; color=&#8221;white&#8221; c_icon=&#8221;chevron&#8221; c_position=&#8221;right&#8221; active_section=&#8221;1&#8243; no_fill=&#8221;true&#8221; collapsible_all=&#8221;true&#8221;][vc_tta_section title=&#8221;\u00bfEn qu\u00e9 tiempo lo construyen un m\u00f3dulo Tilmaron de camar\u00f3n o tilapia?&#8221; tab_id=&#8221;1484652030151-41d816a1-ec06&#8243;][vc_column_text text_larger=&#8221;no&#8221;]Un m\u00f3dulo de cuatro tanques , se lo construye en 30 d\u00edas, si es full equipo[\/vc_column_text][\/vc_tta_section][\/vc_tta_accordion][\/vc_column][vc_column css=&#8221;.vc_custom_1496938627545{margin-bottom: 20px !important;padding-top: 15px !important;padding-right: 50px !important;padding-left: 50px !important;}&#8221; offset=&#8221;vc_col-lg-6 vc_col-md-6&#8243;]\n\t\t<div id=\"wd-5ee021e8505cc\" class=\"title-wrapper  woodmart-title-color-default woodmart-title-style-default woodmart-title-width-100 text-left woodmart-title-size-default \">\n\t\t\t\n\t\t\t<div class=\"liner-continer\">\n\t\t\t\t<span class=\"left-line\"><\/span>\n\t\t\t\t<h4 class=\"woodmart-title-container title  woodmart-font-weight-\" >INFORMACI\u00d3N DE COMPRAS Y PAGOS EN L\u00cdNEA<\/h4>\t\t\t\t\t\t\t\t<span class=\"right-line\"><\/span>\n\t\t\t<\/div>\n\t\t\t\n\t\t\t\n\t\t\t\t\t<\/div>\n\t\t\n\t\t[vc_tta_accordion shape=&#8221;square&#8221; color=&#8221;white&#8221; c_icon=&#8221;chevron&#8221; c_position=&#8221;right&#8221; active_section=&#8221;1&#8243; no_fill=&#8221;true&#8221; collapsible_all=&#8221;true&#8221;][vc_tta_section title=&#8221;\u00bfC\u00f3mo realizo el pago en l\u00ednea?&#8221; tab_id=&#8221;1&#8243;][vc_column_text text_larger=&#8221;no&#8221;]Puede hacerlo con tarjeta de cr\u00e9dito, paypal o por transferencia bancaria[\/vc_column_text][\/vc_tta_section][\/vc_tta_accordion][\/vc_column][\/vc_row]<\/p>\n","protected":false},"excerpt":{"rendered":"<p>[vc_row equal_height=&#8221;yes&#8221; css_animation=&#8221;fadeIn&#8221; css=&#8221;.vc_custom_1494510617612{margin-right: -50px !important;margin-left: -50px !important;}&#8221;][vc_column css=&#8221;.vc_custom_1496938621896{margin-bottom: 20px !important;border-right-width: 1px !important;padding-top: 15px !important;padding-right: 50px !important;padding-left: 50px !important;border-right-color: #e8e8e8<\/p>\n","protected":false},"author":1,"featured_media":0,"parent":0,"menu_order":0,"comment_status":"closed","ping_status":"closed","template":"","meta":{"_monsterinsights_skip_tracking":false,"_monsterinsights_sitenote_active":false,"_monsterinsights_sitenote_note":"","_monsterinsights_sitenote_category":0,"spay_email":"","footnotes":""},"categories":[122],"tags":[391,67,393,390,394,392,389,72,66,60],"class_list":["post-658","page","type-page","status-publish","hentry","category-quienes-somos","tag-acuicltura","tag-camaron","tag-en","tag-frecuentes","tag-linea","tag-pagos","tag-preguntas","tag-ras","tag-tilapia","tag-tilapiacenter"],"yoast_head":"<!-- This site is optimized with the Yoast SEO plugin v18.6 - https:\/\/yoast.com\/wordpress\/plugins\/seo\/ -->\n<title>Preguntas Frecuentes Acuicultura Controlada<\/title>\n<meta name=\"description\" content=\"Preguntas Frecuentes Acuicultura Controlada\" \/>\n<meta name=\"robots\" content=\"index, follow, max-snippet:-1, max-image-preview:large, max-video-preview:-1\" \/>\n<link rel=\"canonical\" href=\"https:\/\/tilapiacenter.com\/index\/preguntas-frecuentes-acuicultura-controlada\/\" \/>\n<meta property=\"og:locale\" content=\"es_ES\" \/>\n<meta property=\"og:type\" content=\"article\" \/>\n<meta property=\"og:title\" content=\"Preguntas Frecuentes Acuicultura Controlada\" \/>\n<meta property=\"og:description\" content=\"Preguntas Frecuentes Acuicultura Controlada\" \/>\n<meta property=\"og:url\" content=\"https:\/\/tilapiacenter.com\/index\/preguntas-frecuentes-acuicultura-controlada\/\" \/>\n<meta property=\"og:site_name\" content=\"TILAPIACENTER- Acuicultura Controlada\" \/>\n<meta property=\"article:publisher\" content=\"https:\/\/www.facebook.com\/tilapiacenterecuador\/\" \/>\n<meta property=\"article:modified_time\" content=\"2020-06-10T00:04:52+00:00\" \/>\n<meta name=\"twitter:card\" content=\"summary_large_image\" \/>\n<meta name=\"twitter:site\" content=\"@tilapiacenter\" \/>\n<meta name=\"twitter:label1\" content=\"Tiempo de lectura\" \/>\n\t<meta name=\"twitter:data1\" content=\"1 minuto\" \/>\n<script type=\"application\/ld+json\" class=\"yoast-schema-graph\">{\"@context\":\"https:\/\/schema.org\",\"@graph\":[{\"@type\":\"WebSite\",\"@id\":\"https:\/\/tilapiacenter.com\/index\/#website\",\"url\":\"https:\/\/tilapiacenter.com\/index\/\",\"name\":\"TILAPIACENTER- Acuicultura Controlada\",\"description\":\"Equipos, Tecnolog\u00eda, asesor\u00eda y cursos en acuicultura tecnificada, para sistemas RAS y BIOFLOC, en el cultivo de camaron, tilapia, trucha en tanques en geomembrana.\",\"potentialAction\":[{\"@type\":\"SearchAction\",\"target\":{\"@type\":\"EntryPoint\",\"urlTemplate\":\"https:\/\/tilapiacenter.com\/index\/?s={search_term_string}\"},\"query-input\":\"required name=search_term_string\"}],\"inLanguage\":\"es\"},{\"@type\":\"WebPage\",\"@id\":\"https:\/\/tilapiacenter.com\/index\/preguntas-frecuentes-acuicultura-controlada\/#webpage\",\"url\":\"https:\/\/tilapiacenter.com\/index\/preguntas-frecuentes-acuicultura-controlada\/\",\"name\":\"Preguntas Frecuentes Acuicultura Controlada\",\"isPartOf\":{\"@id\":\"https:\/\/tilapiacenter.com\/index\/#website\"},\"datePublished\":\"2017-06-27T06:45:25+00:00\",\"dateModified\":\"2020-06-10T00:04:52+00:00\",\"description\":\"Preguntas Frecuentes Acuicultura Controlada\",\"breadcrumb\":{\"@id\":\"https:\/\/tilapiacenter.com\/index\/preguntas-frecuentes-acuicultura-controlada\/#breadcrumb\"},\"inLanguage\":\"es\",\"potentialAction\":[{\"@type\":\"ReadAction\",\"target\":[\"https:\/\/tilapiacenter.com\/index\/preguntas-frecuentes-acuicultura-controlada\/\"]}]},{\"@type\":\"BreadcrumbList\",\"@id\":\"https:\/\/tilapiacenter.com\/index\/preguntas-frecuentes-acuicultura-controlada\/#breadcrumb\",\"itemListElement\":[{\"@type\":\"ListItem\",\"position\":1,\"name\":\"Portada\",\"item\":\"https:\/\/tilapiacenter.com\/index\/\"},{\"@type\":\"ListItem\",\"position\":2,\"name\":\"Preguntas Frecuentes Acuicultura Controlada\"}]}]}<\/script>\n<!-- \/ Yoast SEO plugin. -->","yoast_head_json":{"title":"Preguntas Frecuentes Acuicultura Controlada","description":"Preguntas Frecuentes Acuicultura Controlada","robots":{"index":"index","follow":"follow","max-snippet":"max-snippet:-1","max-image-preview":"max-image-preview:large","max-video-preview":"max-video-preview:-1"},"canonical":"https:\/\/tilapiacenter.com\/index\/preguntas-frecuentes-acuicultura-controlada\/","og_locale":"es_ES","og_type":"article","og_title":"Preguntas Frecuentes Acuicultura Controlada","og_description":"Preguntas Frecuentes Acuicultura Controlada","og_url":"https:\/\/tilapiacenter.com\/index\/preguntas-frecuentes-acuicultura-controlada\/","og_site_name":"TILAPIACENTER- Acuicultura Controlada","article_publisher":"https:\/\/www.facebook.com\/tilapiacenterecuador\/","article_modified_time":"2020-06-10T00:04:52+00:00","twitter_card":"summary_large_image","twitter_site":"@tilapiacenter","twitter_misc":{"Tiempo de lectura":"1 minuto"},"schema":{"@context":"https:\/\/schema.org","@graph":[{"@type":"WebSite","@id":"https:\/\/tilapiacenter.com\/index\/#website","url":"https:\/\/tilapiacenter.com\/index\/","name":"TILAPIACENTER- Acuicultura Controlada","description":"Equipos, Tecnolog\u00eda, asesor\u00eda y cursos en acuicultura tecnificada, para sistemas RAS y BIOFLOC, en el cultivo de camaron, tilapia, trucha en tanques en geomembrana.","potentialAction":[{"@type":"SearchAction","target":{"@type":"EntryPoint","urlTemplate":"https:\/\/tilapiacenter.com\/index\/?s={search_term_string}"},"query-input":"required name=search_term_string"}],"inLanguage":"es"},{"@type":"WebPage","@id":"https:\/\/tilapiacenter.com\/index\/preguntas-frecuentes-acuicultura-controlada\/#webpage","url":"https:\/\/tilapiacenter.com\/index\/preguntas-frecuentes-acuicultura-controlada\/","name":"Preguntas Frecuentes Acuicultura Controlada","isPartOf":{"@id":"https:\/\/tilapiacenter.com\/index\/#website"},"datePublished":"2017-06-27T06:45:25+00:00","dateModified":"2020-06-10T00:04:52+00:00","description":"Preguntas Frecuentes Acuicultura Controlada","breadcrumb":{"@id":"https:\/\/tilapiacenter.com\/index\/preguntas-frecuentes-acuicultura-controlada\/#breadcrumb"},"inLanguage":"es","potentialAction":[{"@type":"ReadAction","target":["https:\/\/tilapiacenter.com\/index\/preguntas-frecuentes-acuicultura-controlada\/"]}]},{"@type":"BreadcrumbList","@id":"https:\/\/tilapiacenter.com\/index\/preguntas-frecuentes-acuicultura-controlada\/#breadcrumb","itemListElement":[{"@type":"ListItem","position":1,"name":"Portada","item":"https:\/\/tilapiacenter.com\/index\/"},{"@type":"ListItem","position":2,"name":"Preguntas Frecuentes Acuicultura Controlada"}]}]}},"jetpack_sharing_enabled":true,"jetpack_likes_enabled":true,"jetpack-related-posts":[{"id":3275,"url":"https:\/\/tilapiacenter.com\/index\/tilapiacenter-soluciones-de-acuicultura-tecnificada-sistemas-ras\/","url_meta":{"origin":658,"position":0},"title":"TILAPIACENTER soluciones de acuicultura tecnificada sistemas RAS","date":"14 de mayo de 2020","format":false,"excerpt":"[vc_row full_width=\"stretch_row\" el_class=\"opacity-video-bg\" css=\".vc_custom_1589566857109{margin-bottom: 8vh !important;padding-top: 32vh !important;padding-bottom: 25vh !important;background-image: url(https:\/\/greenyellow-okapi-692508.hostingersite.com\/index\/wp-content\/uploads\/2020\/05\/fondo-QuienesSomos3.jpg?id=3308) !important;background-position: center !important;background-repeat: no-repeat !important;background-size: cover !important;}\" mobile_bg_img_hidden=\"no\" tablet_bg_img_hidden=\"no\" woodmart_parallax=\"0\" woodmart_gradient_switch=\"no\" row_reverse_mobile=\"0\" row_reverse_tablet=\"0\" woodmart_disable_overflow=\"0\"][vc_column css=\".vc_custom_1499517305703{padding-top: 0px !important;}\" el_class=\"text-center\"][vc_custom_heading text=\"TILAPIACENTER S.A SOMOS INNOVACI\u00d3N EN EL AGRO\" font_container=\"tag:h5|font_size:16|text_align:center|color:rgba(255%2C255%2C255%2C0.8)\" use_theme_fonts=\"yes\" css=\".vc_custom_1591664368261{margin-bottom: 10px !important;}\" el_class=\"visible-lg\"][\/vc_column][\/vc_row][vc_row css=\".vc_custom_1499600383384{margin-bottom: 8vh !important;}\"][vc_column offset=\"vc_col-lg-offset-2 vc_col-lg-8 vc_col-md-offset-2 vc_col-md-8 vc_col-sm-offset-0\"\u2026","rel":"","context":"En \u00abQUIENES SOMOS (pg)\u00bb","img":{"alt_text":"","src":"","width":0,"height":0},"classes":[]},{"id":646,"url":"https:\/\/tilapiacenter.com\/index\/contactos-con-tilapiacenter\/","url_meta":{"origin":658,"position":1},"title":"Contactese con Tilapiacenter","date":"26 de junio de 2017","format":false,"excerpt":"[vc_row full_width=\"stretch_row_content_no_spaces\" css_animation=\"none\" css=\".vc_custom_1496927007057{margin-top: -40px !important;margin-bottom: 8vh !important;}\"][vc_column][\/vc_column][\/vc_row][vc_row equal_height=\"yes\" css_animation=\"none\" css=\".vc_custom_1591739214380{margin-right: -50px !important;margin-left: -50px !important;}\" mobile_bg_img_hidden=\"no\" tablet_bg_img_hidden=\"no\" woodmart_parallax=\"0\" woodmart_gradient_switch=\"no\" row_reverse_mobile=\"0\" row_reverse_tablet=\"0\" woodmart_disable_overflow=\"0\"][vc_column css=\".vc_custom_1496927710186{border-right-width: 1px !important;padding-top: 20px !important;padding-right: 50px !important;padding-bottom: 10px !important;padding-left: 50px !important;border-right-color: #e8e8e8 !important;border-right-style: solid !important;}\" offset=\"vc_col-lg-6 vc_col-md-6\"][vc_tta_accordion shape=\"square\" color=\"white\" c_icon=\"chevron\" c_position=\"right\" active_section=\"1\" no_fill=\"true\" collapsible_all=\"true\"][vc_tta_section title=\"\u00bfCu\u00e1l es la vida\u2026","rel":"","context":"En \u00abQUIENES SOMOS (pg)\u00bb","img":{"alt_text":"","src":"","width":0,"height":0},"classes":[]},{"id":2412,"url":"https:\/\/tilapiacenter.com\/index\/","url_meta":{"origin":658,"position":2},"title":"TILAPIACENTER: Sistemas RAS &#8211; Biofloc, Piscinas y tanques en geomembrana para cultivo intensivo de camar\u00f3n, tilapia. Acuicultura Tecnificada","date":"8 de junio de 2019","format":false,"excerpt":"[vc_row][vc_column css=\".vc_custom_1559911414329{padding-top: 0px !important;}\" mobile_bg_img_hidden=\"no\" tablet_bg_img_hidden=\"no\" woodmart_parallax=\"0\" woodmart_sticky_column=\"false\" parallax_scroll=\"no\" mobile_reset_margin=\"no\" tablet_reset_margin=\"no\"][\/vc_column][vc_column][\/vc_column][\/vc_row][vc_row full_width=\"stretch_row\" css=\".vc_custom_1559748885024{margin-bottom: 8vh !important;padding-top: 8vh !important;padding-bottom: 6vh !important;background-color: #def0f6 !important;}\" mobile_bg_img_hidden=\"no\" tablet_bg_img_hidden=\"no\" woodmart_parallax=\"0\" woodmart_gradient_switch=\"no\" row_reverse_mobile=\"0\" row_reverse_tablet=\"0\" woodmart_disable_overflow=\"0\"][vc_column css=\".vc_custom_1559750057376{padding-top: 0px !important;}\" mobile_bg_img_hidden=\"no\" tablet_bg_img_hidden=\"no\" woodmart_parallax=\"0\" woodmart_sticky_column=\"false\" parallax_scroll=\"no\" mobile_reset_margin=\"no\" tablet_reset_margin=\"no\"][vc_gallery interval=\"0\" images=\"3123,3116,3117,3121,3118,3120,3122,3124,3129\" img_size=\"large\" onclick=\"\" css_animation=\"bounceInDown\"][vc_video link=\"https:\/\/www.youtube.com\/watch?v=vu6dBEbgxYs\" image_poster_switch=\"no\"][\/vc_column][\/vc_row][vc_row content_placement=\"middle\" mobile_bg_img_hidden=\"no\" tablet_bg_img_hidden=\"no\" woodmart_parallax=\"0\" woodmart_gradient_switch=\"no\"\u2026","rel":"","context":"Entrada similar","img":{"alt_text":"","src":"","width":0,"height":0},"classes":[]},{"id":826,"url":"https:\/\/tilapiacenter.com\/index\/sale-products\/","url_meta":{"origin":658,"position":3},"title":"Sale Products","date":"5 de julio de 2017","format":false,"excerpt":"[vc_row][vc_column][\/vc_column][\/vc_row]","rel":"","context":"Entrada similar","img":{"alt_text":"","src":"","width":0,"height":0},"classes":[]},{"id":809,"url":"https:\/\/tilapiacenter.com\/index\/recent-products\/","url_meta":{"origin":658,"position":4},"title":"Recent Products","date":"4 de julio de 2017","format":false,"excerpt":"[vc_row][vc_column][\/vc_column][\/vc_row]","rel":"","context":"Entrada similar","img":{"alt_text":"","src":"","width":0,"height":0},"classes":[]},{"id":821,"url":"https:\/\/tilapiacenter.com\/index\/products-category\/","url_meta":{"origin":658,"position":5},"title":"Products Category","date":"5 de julio de 2017","format":false,"excerpt":"[vc_row][vc_column][\/vc_column][\/vc_row]","rel":"","context":"Entrada similar","img":{"alt_text":"","src":"","width":0,"height":0},"classes":[]}],"post_mailing_queue_ids":[],"_links":{"self":[{"href":"https:\/\/tilapiacenter.com\/index\/wp-json\/wp\/v2\/pages\/658","targetHints":{"allow":["GET"]}}],"collection":[{"href":"https:\/\/tilapiacenter.com\/index\/wp-json\/wp\/v2\/pages"}],"about":[{"href":"https:\/\/tilapiacenter.com\/index\/wp-json\/wp\/v2\/types\/page"}],"author":[{"embeddable":true,"href":"https:\/\/tilapiacenter.com\/index\/wp-json\/wp\/v2\/users\/1"}],"replies":[{"embeddable":true,"href":"https:\/\/tilapiacenter.com\/index\/wp-json\/wp\/v2\/comments?post=658"}],"version-history":[{"count":5,"href":"https:\/\/tilapiacenter.com\/index\/wp-json\/wp\/v2\/pages\/658\/revisions"}],"predecessor-version":[{"id":4178,"href":"https:\/\/tilapiacenter.com\/index\/wp-json\/wp\/v2\/pages\/658\/revisions\/4178"}],"wp:attachment":[{"href":"https:\/\/tilapiacenter.com\/index\/wp-json\/wp\/v2\/media?parent=658"}],"wp:term":[{"taxonomy":"category","embeddable":true,"href":"https:\/\/tilapiacenter.com\/index\/wp-json\/wp\/v2\/categories?post=658"},{"taxonomy":"post_tag","embeddable":true,"href":"https:\/\/tilapiacenter.com\/index\/wp-json\/wp\/v2\/tags?post=658"}],"curies":[{"name":"wp","href":"https:\/\/api.w.org\/{rel}","templated":true}]}}