{"id":4769,"date":"2020-07-07T22:29:59","date_gmt":"2020-07-08T03:29:59","guid":{"rendered":"https:\/\/greenyellow-okapi-692508.hostingersite.com\/index\/?page_id=4769"},"modified":"2020-07-07T22:34:52","modified_gmt":"2020-07-08T03:34:52","slug":"mi-perfil-ldsh","status":"publish","type":"page","link":"https:\/\/tilapiacenter.com\/index\/mi-perfil-ldsh\/","title":{"rendered":"Mi perfil de cursos"},"content":{"rendered":"\n<p>&nbsp;<\/p>\n","protected":false},"excerpt":{"rendered":"<p>&nbsp;<\/p>\n","protected":false},"author":1,"featured_media":0,"parent":0,"menu_order":0,"comment_status":"closed","ping_status":"closed","template":"","meta":{"_monsterinsights_skip_tracking":false,"_monsterinsights_sitenote_active":false,"_monsterinsights_sitenote_note":"","_monsterinsights_sitenote_category":0,"spay_email":"","footnotes":""},"categories":[401],"tags":[],"class_list":["post-4769","page","type-page","status-publish","hentry","category-campus-virtual"],"yoast_head":"<!-- This site is optimized with the Yoast SEO plugin v18.6 - https:\/\/yoast.com\/wordpress\/plugins\/seo\/ -->\n<title>Mi perfil de cursos - TILAPIACENTER- Acuicultura Controlada<\/title>\n<meta name=\"robots\" content=\"index, follow, max-snippet:-1, max-image-preview:large, max-video-preview:-1\" \/>\n<link rel=\"canonical\" href=\"https:\/\/tilapiacenter.com\/index\/mi-perfil-ldsh\/\" \/>\n<meta property=\"og:locale\" content=\"es_ES\" \/>\n<meta property=\"og:type\" content=\"article\" \/>\n<meta property=\"og:title\" content=\"Mi perfil de cursos - TILAPIACENTER- Acuicultura Controlada\" \/>\n<meta property=\"og:description\" content=\"&nbsp;\" \/>\n<meta property=\"og:url\" content=\"https:\/\/tilapiacenter.com\/index\/mi-perfil-ldsh\/\" \/>\n<meta property=\"og:site_name\" content=\"TILAPIACENTER- Acuicultura Controlada\" \/>\n<meta property=\"article:publisher\" content=\"https:\/\/www.facebook.com\/tilapiacenterecuador\/\" \/>\n<meta property=\"article:modified_time\" content=\"2020-07-08T03:34:52+00:00\" \/>\n<meta name=\"twitter:card\" content=\"summary_large_image\" \/>\n<meta name=\"twitter:site\" content=\"@tilapiacenter\" \/>\n<script type=\"application\/ld+json\" class=\"yoast-schema-graph\">{\"@context\":\"https:\/\/schema.org\",\"@graph\":[{\"@type\":\"WebSite\",\"@id\":\"https:\/\/tilapiacenter.com\/index\/#website\",\"url\":\"https:\/\/tilapiacenter.com\/index\/\",\"name\":\"TILAPIACENTER- Acuicultura Controlada\",\"description\":\"Equipos, Tecnolog\u00eda, asesor\u00eda y cursos en acuicultura tecnificada, para sistemas RAS y BIOFLOC, en el cultivo de camaron, tilapia, trucha en tanques en geomembrana.\",\"potentialAction\":[{\"@type\":\"SearchAction\",\"target\":{\"@type\":\"EntryPoint\",\"urlTemplate\":\"https:\/\/tilapiacenter.com\/index\/?s={search_term_string}\"},\"query-input\":\"required name=search_term_string\"}],\"inLanguage\":\"es\"},{\"@type\":\"WebPage\",\"@id\":\"https:\/\/tilapiacenter.com\/index\/mi-perfil-ldsh\/#webpage\",\"url\":\"https:\/\/tilapiacenter.com\/index\/mi-perfil-ldsh\/\",\"name\":\"Mi perfil de cursos - TILAPIACENTER- Acuicultura Controlada\",\"isPartOf\":{\"@id\":\"https:\/\/tilapiacenter.com\/index\/#website\"},\"datePublished\":\"2020-07-08T03:29:59+00:00\",\"dateModified\":\"2020-07-08T03:34:52+00:00\",\"breadcrumb\":{\"@id\":\"https:\/\/tilapiacenter.com\/index\/mi-perfil-ldsh\/#breadcrumb\"},\"inLanguage\":\"es\",\"potentialAction\":[{\"@type\":\"ReadAction\",\"target\":[\"https:\/\/tilapiacenter.com\/index\/mi-perfil-ldsh\/\"]}]},{\"@type\":\"BreadcrumbList\",\"@id\":\"https:\/\/tilapiacenter.com\/index\/mi-perfil-ldsh\/#breadcrumb\",\"itemListElement\":[{\"@type\":\"ListItem\",\"position\":1,\"name\":\"Portada\",\"item\":\"https:\/\/tilapiacenter.com\/index\/\"},{\"@type\":\"ListItem\",\"position\":2,\"name\":\"Mi perfil de cursos\"}]}]}<\/script>\n<!-- \/ Yoast SEO plugin. -->","yoast_head_json":{"title":"Mi perfil de cursos - TILAPIACENTER- Acuicultura Controlada","robots":{"index":"index","follow":"follow","max-snippet":"max-snippet:-1","max-image-preview":"max-image-preview:large","max-video-preview":"max-video-preview:-1"},"canonical":"https:\/\/tilapiacenter.com\/index\/mi-perfil-ldsh\/","og_locale":"es_ES","og_type":"article","og_title":"Mi perfil de cursos - TILAPIACENTER- Acuicultura Controlada","og_description":"&nbsp;","og_url":"https:\/\/tilapiacenter.com\/index\/mi-perfil-ldsh\/","og_site_name":"TILAPIACENTER- Acuicultura Controlada","article_publisher":"https:\/\/www.facebook.com\/tilapiacenterecuador\/","article_modified_time":"2020-07-08T03:34:52+00:00","twitter_card":"summary_large_image","twitter_site":"@tilapiacenter","schema":{"@context":"https:\/\/schema.org","@graph":[{"@type":"WebSite","@id":"https:\/\/tilapiacenter.com\/index\/#website","url":"https:\/\/tilapiacenter.com\/index\/","name":"TILAPIACENTER- Acuicultura Controlada","description":"Equipos, Tecnolog\u00eda, asesor\u00eda y cursos en acuicultura tecnificada, para sistemas RAS y BIOFLOC, en el cultivo de camaron, tilapia, trucha en tanques en geomembrana.","potentialAction":[{"@type":"SearchAction","target":{"@type":"EntryPoint","urlTemplate":"https:\/\/tilapiacenter.com\/index\/?s={search_term_string}"},"query-input":"required name=search_term_string"}],"inLanguage":"es"},{"@type":"WebPage","@id":"https:\/\/tilapiacenter.com\/index\/mi-perfil-ldsh\/#webpage","url":"https:\/\/tilapiacenter.com\/index\/mi-perfil-ldsh\/","name":"Mi perfil de cursos - TILAPIACENTER- Acuicultura Controlada","isPartOf":{"@id":"https:\/\/tilapiacenter.com\/index\/#website"},"datePublished":"2020-07-08T03:29:59+00:00","dateModified":"2020-07-08T03:34:52+00:00","breadcrumb":{"@id":"https:\/\/tilapiacenter.com\/index\/mi-perfil-ldsh\/#breadcrumb"},"inLanguage":"es","potentialAction":[{"@type":"ReadAction","target":["https:\/\/tilapiacenter.com\/index\/mi-perfil-ldsh\/"]}]},{"@type":"BreadcrumbList","@id":"https:\/\/tilapiacenter.com\/index\/mi-perfil-ldsh\/#breadcrumb","itemListElement":[{"@type":"ListItem","position":1,"name":"Portada","item":"https:\/\/tilapiacenter.com\/index\/"},{"@type":"ListItem","position":2,"name":"Mi perfil de cursos"}]}]}},"jetpack_sharing_enabled":true,"jetpack_likes_enabled":true,"jetpack-related-posts":[{"id":4748,"url":"https:\/\/tilapiacenter.com\/index\/campus-virtual-tilapiacenter\/","url_meta":{"origin":4769,"position":0},"title":"Campus Virtual Cursos","date":"6 de julio de 2020","format":false,"excerpt":"","rel":"","context":"En \u00abCAMPUS VIRTUAL\u00bb","img":{"alt_text":"","src":"","width":0,"height":0},"classes":[]},{"id":4237,"url":"https:\/\/tilapiacenter.com\/index\/eb-courses\/","url_meta":{"origin":4769,"position":1},"title":"Courses","date":"20 de junio de 2020","format":false,"excerpt":"[eb_courses categories=\"\" order=\"DESC\" per_page=\"12\" cat_per_page=\"3\" group_by_cat=\"yes\" horizontally_scroll=\"yes\" ]","rel":"","context":"Entrada similar","img":{"alt_text":"","src":"","width":0,"height":0},"classes":[]},{"id":3734,"url":"https:\/\/tilapiacenter.com\/index\/curso-taller-camaron-tilapia-cultivo-tecnificado-guayaquil-machala-ecuador\/","url_meta":{"origin":4769,"position":2},"title":"Curso taller Internacional de Camar\u00f3n Tilapia cultivo tecnificado en Guayaquil, Machala, Quito","date":"28 de mayo de 2020","format":false,"excerpt":"[vc_row][vc_column][vc_single_image image=\"3735\" img_size=\"full\" alignment=\"center\" parallax_scroll=\"no\"][vc_video link=\"https:\/\/www.youtube.com\/watch?v=vu6dBEbgxYs\" align=\"center\" title=\"Ahora desde la comodidad de su casa puede capacitarse. Desde marzo 2020 hemos activado el curso virtual internacional de El Negocio de Acuicultura Tecnificada.\" image_poster_switch=\"no\"][vc_video link=\"https:\/\/www.youtube.com\/watch?v=A_7Q9iEA0Tg\" align=\"center\" title=\"El aprendizaje del curso presencial comparado con el virtual es similar, la diferencia es que no\u2026","rel":"","context":"En \u00abCURSOS ACUICULTURA (pg)\u00bb","img":{"alt_text":"Curso de tecnolog\u00eda de camar\u00f3n y tilapia","src":"https:\/\/i0.wp.com\/tilapiacenter.com\/index\/wp-content\/uploads\/2020\/05\/cursoQuito3.jpg?fit=960%2C540&ssl=1&resize=350%2C200","width":350,"height":200},"classes":[]},{"id":4188,"url":"https:\/\/tilapiacenter.com\/index\/modelos-inversion-camaron-perfiles-precios-y-produccion-hiperintensivo-ras\/","url_meta":{"origin":4769,"position":3},"title":"Modelos inversi\u00f3n camar\u00f3n  &#8211; Perfiles de precios y producci\u00f3n en cultivo hiperintensivo RAS","date":"9 de junio de 2020","format":false,"excerpt":"[vc_row][vc_column][vc_single_image image=\"3621\" img_size=\"full\" alignment=\"center\" parallax_scroll=\"no\"][\/vc_column][\/vc_row][vc_row][vc_column width=\"1\/3\"][\/vc_column][vc_column width=\"1\/3\"][vc_btn title=\"Para profundizar en el tema puede acceder a un cupo para el curso de El Negocio de Acuicultura Tecnificada\" color=\"green\" align=\"center\" link=\"url:https%3A%2F%2Fgreenyellow-okapi-692508.hostingersite.com%2Findex%2Fcurso-taller-camaron-tilapia-cultivo-tecnificado-guayaquil-machala-ecuador%2F|title:Curso%20taller%20Internacional%20de%20Camar%C3%B3n%20Tilapia%20cultivo%20tecnificado%20en%20Guayaquil%2C%20Machala%2C%20Quito||\"][\/vc_column][vc_column width=\"1\/3\"][\/vc_column][\/vc_row][vc_row][vc_column width=\"1\/2\"][\/vc_column][vc_column width=\"1\/2\"][\/vc_column][\/vc_row]","rel":"","context":"En \u00abSISTEMAS TILMARON FULL EQUIPO\u00bb","img":{"alt_text":"automatizaci\u00f3n camar\u00f3n tilapia","src":"https:\/\/i0.wp.com\/tilapiacenter.com\/index\/wp-content\/uploads\/2020\/05\/TilmaronPortada1.jpg?fit=1200%2C675&ssl=1&resize=350%2C200","width":350,"height":200},"classes":[]},{"id":646,"url":"https:\/\/tilapiacenter.com\/index\/contactos-con-tilapiacenter\/","url_meta":{"origin":4769,"position":4},"title":"Contactese con Tilapiacenter","date":"26 de junio de 2017","format":false,"excerpt":"[vc_row full_width=\"stretch_row_content_no_spaces\" css_animation=\"none\" css=\".vc_custom_1496927007057{margin-top: -40px !important;margin-bottom: 8vh !important;}\"][vc_column][\/vc_column][\/vc_row][vc_row equal_height=\"yes\" css_animation=\"none\" css=\".vc_custom_1591739214380{margin-right: -50px !important;margin-left: -50px !important;}\" mobile_bg_img_hidden=\"no\" tablet_bg_img_hidden=\"no\" woodmart_parallax=\"0\" woodmart_gradient_switch=\"no\" row_reverse_mobile=\"0\" row_reverse_tablet=\"0\" woodmart_disable_overflow=\"0\"][vc_column css=\".vc_custom_1496927710186{border-right-width: 1px !important;padding-top: 20px !important;padding-right: 50px !important;padding-bottom: 10px !important;padding-left: 50px !important;border-right-color: #e8e8e8 !important;border-right-style: solid !important;}\" offset=\"vc_col-lg-6 vc_col-md-6\"][vc_tta_accordion shape=\"square\" color=\"white\" c_icon=\"chevron\" c_position=\"right\" active_section=\"1\" no_fill=\"true\" collapsible_all=\"true\"][vc_tta_section title=\"\u00bfCu\u00e1l es la vida\u2026","rel":"","context":"En \u00abQUIENES SOMOS (pg)\u00bb","img":{"alt_text":"","src":"","width":0,"height":0},"classes":[]},{"id":9,"url":"https:\/\/tilapiacenter.com\/index\/equipos-acuicultura-y-servicios-online\/","url_meta":{"origin":4769,"position":5},"title":"Tienda","date":"1 de mayo de 2020","format":false,"excerpt":"","rel":"","context":"En \u00abacuicola\u00bb","img":{"alt_text":"Acuicultura sostenible y rentable M\u00f3dulos Tilmaron","src":"https:\/\/i0.wp.com\/tilapiacenter.com\/index\/wp-content\/uploads\/2020\/05\/AcuaculturaSostenileRentable.jpg?fit=708%2C706&ssl=1&resize=350%2C200","width":350,"height":200},"classes":[]}],"post_mailing_queue_ids":[],"_links":{"self":[{"href":"https:\/\/tilapiacenter.com\/index\/wp-json\/wp\/v2\/pages\/4769","targetHints":{"allow":["GET"]}}],"collection":[{"href":"https:\/\/tilapiacenter.com\/index\/wp-json\/wp\/v2\/pages"}],"about":[{"href":"https:\/\/tilapiacenter.com\/index\/wp-json\/wp\/v2\/types\/page"}],"author":[{"embeddable":true,"href":"https:\/\/tilapiacenter.com\/index\/wp-json\/wp\/v2\/users\/1"}],"replies":[{"embeddable":true,"href":"https:\/\/tilapiacenter.com\/index\/wp-json\/wp\/v2\/comments?post=4769"}],"version-history":[{"count":3,"href":"https:\/\/tilapiacenter.com\/index\/wp-json\/wp\/v2\/pages\/4769\/revisions"}],"predecessor-version":[{"id":4771,"href":"https:\/\/tilapiacenter.com\/index\/wp-json\/wp\/v2\/pages\/4769\/revisions\/4771"}],"wp:attachment":[{"href":"https:\/\/tilapiacenter.com\/index\/wp-json\/wp\/v2\/media?parent=4769"}],"wp:term":[{"taxonomy":"category","embeddable":true,"href":"https:\/\/tilapiacenter.com\/index\/wp-json\/wp\/v2\/categories?post=4769"},{"taxonomy":"post_tag","embeddable":true,"href":"https:\/\/tilapiacenter.com\/index\/wp-json\/wp\/v2\/tags?post=4769"}],"curies":[{"name":"wp","href":"https:\/\/api.w.org\/{rel}","templated":true}]}}