{"id":4748,"date":"2020-07-06T10:26:35","date_gmt":"2020-07-06T15:26:35","guid":{"rendered":"https:\/\/greenyellow-okapi-692508.hostingersite.com\/index\/?page_id=4748"},"modified":"2020-07-06T10:57:28","modified_gmt":"2020-07-06T15:57:28","slug":"campus-virtual-tilapiacenter","status":"publish","type":"page","link":"https:\/\/tilapiacenter.com\/index\/campus-virtual-tilapiacenter\/","title":{"rendered":"Campus Virtual Cursos"},"content":{"rendered":"<div id=\"ld_course_categorydropdown\"><form method=\"get\">\n\t\t\t\t\t<label for=\"ld_course_categorydropdown_select\">Categor\u00edas de Curso<\/label>\n\t\t\t\t\t<select id=\"ld_course_categorydropdown_select\" name=\"course_catid\" onChange=\"jQuery('#ld_course_categorydropdown form').submit()\"><option value=\"\">Seleccionar Categor\u00edas de Curso<\/option><option value='398' >Acuicultura (1)<\/option><\/select><input type='submit' style='display:none'><\/form><\/div><div id=\"ld-course-list-content-e4454117f71833a8e8d761cfead4def6\" class=\"ld-course-list-content\" data-shortcode-atts=\"{&quot;orderby&quot;:&quot;ID&quot;,&quot;num&quot;:&quot;6&quot;,&quot;course_categoryselector&quot;:&quot;true&quot;}\">\n\t\t\t<div class=\"ld-course-list-items row\">\n\t<!-- LearnDash Course Grid v1 --><div class=\"ld_course_grid col-sm-8 col-md-4 \">\n\t<article id=\"post-4776\" class=\" thumbnail course post-4776 sfwd-courses type-sfwd-courses status-publish has-post-thumbnail hentry category-campus-virtual\">\n\t\t\t\t\t\t\t\t<div class=\"ribbon free\">\n\t\t\t\tFree\t\t\t<\/div>\n\t\t\t\n\t\t\t\t\t\t<a href=\"https:\/\/tilapiacenter.com\/index\/courses\/ejemplo-de-curso-demo\/\" rel=\"bookmark\">\n\t\t\t\t<img loading=\"lazy\" decoding=\"async\" width=\"300\" height=\"249\" src=\"https:\/\/i0.wp.com\/tilapiacenter.com\/index\/wp-content\/uploads\/introDemo.jpg?fit=300%2C249&amp;ssl=1\" class=\"attachment-medium size-medium wp-post-image\" alt=\"\" srcset=\"https:\/\/i0.wp.com\/tilapiacenter.com\/index\/wp-content\/uploads\/introDemo.jpg?w=1024&amp;ssl=1 1024w, https:\/\/i0.wp.com\/tilapiacenter.com\/index\/wp-content\/uploads\/introDemo.jpg?resize=300%2C249&amp;ssl=1 300w, https:\/\/i0.wp.com\/tilapiacenter.com\/index\/wp-content\/uploads\/introDemo.jpg?resize=768%2C638&amp;ssl=1 768w, https:\/\/i0.wp.com\/tilapiacenter.com\/index\/wp-content\/uploads\/introDemo.jpg?resize=361%2C300&amp;ssl=1 361w\" sizes=\"auto, (max-width: 300px) 100vw, 300px\" data-attachment-id=\"4835\" data-permalink=\"https:\/\/tilapiacenter.com\/index\/courses\/ejemplo-de-curso-demo\/introdemo\/\" data-orig-file=\"https:\/\/i0.wp.com\/tilapiacenter.com\/index\/wp-content\/uploads\/introDemo.jpg?fit=1024%2C850&amp;ssl=1\" data-orig-size=\"1024,850\" data-comments-opened=\"1\" data-image-meta=\"{&quot;aperture&quot;:&quot;0&quot;,&quot;credit&quot;:&quot;&quot;,&quot;camera&quot;:&quot;&quot;,&quot;caption&quot;:&quot;&quot;,&quot;created_timestamp&quot;:&quot;0&quot;,&quot;copyright&quot;:&quot;&quot;,&quot;focal_length&quot;:&quot;0&quot;,&quot;iso&quot;:&quot;0&quot;,&quot;shutter_speed&quot;:&quot;0&quot;,&quot;title&quot;:&quot;&quot;,&quot;orientation&quot;:&quot;0&quot;}\" data-image-title=\"introDemo\" data-image-description=\"\" data-image-caption=\"\" data-medium-file=\"https:\/\/i0.wp.com\/tilapiacenter.com\/index\/wp-content\/uploads\/introDemo.jpg?fit=300%2C249&amp;ssl=1\" data-large-file=\"https:\/\/i0.wp.com\/tilapiacenter.com\/index\/wp-content\/uploads\/introDemo.jpg?fit=1024%2C850&amp;ssl=1\" \/>\t\t\t<\/a>\n\t\t\t\t\t\n\t\t\t\t\t<div class=\"caption\">\n\t\t\t\t<h3 class=\"entry-title\">Ejemplo de curso (demo)<\/h3>\n\t\t\t\t\t\t\t\t<div class=\"ld_course_grid_button\"><a class=\"btn btn-primary\" role=\"button\" href=\"https:\/\/tilapiacenter.com\/index\/courses\/ejemplo-de-curso-demo\/\" rel=\"bookmark\">Ver M\u00e1s<\/a><\/div>\n\t\t\t\t\t\t\t<\/div><!-- .entry-header -->\n\t\t\t<\/article><!-- #post-## -->\n<\/div><!-- .ld_course_grid -->\n<!-- LearnDash Course Grid v1 --><div class=\"ld_course_grid col-sm-8 col-md-4 \">\n\t<article id=\"post-4240\" class=\" thumbnail course post-4240 sfwd-courses type-sfwd-courses status-publish has-post-thumbnail hentry category-campus-virtual ld_course_category-acuicultura\">\n\t\t\t\t\t\t\t\t<div class=\"ribbon\">\n\t\t\t\t97\t\t\t<\/div>\n\t\t\t\n\t\t\t\t\t\t<a href=\"https:\/\/tilapiacenter.com\/index\/courses\/curso-de-el-negocio-de-acuicultura-tecnificada\/\" rel=\"bookmark\">\n\t\t\t\t<img loading=\"lazy\" decoding=\"async\" width=\"300\" height=\"238\" src=\"https:\/\/i0.wp.com\/tilapiacenter.com\/index\/wp-content\/uploads\/PortadaCursoAcuiculturaCampusVirtual2-JPG.jpg?fit=300%2C238&amp;ssl=1\" class=\"attachment-medium size-medium wp-post-image\" alt=\"Curso Acuicultura Camar\u00f3n Tilapia Campus Virtual\" srcset=\"https:\/\/i0.wp.com\/tilapiacenter.com\/index\/wp-content\/uploads\/PortadaCursoAcuiculturaCampusVirtual2-JPG.jpg?w=1116&amp;ssl=1 1116w, https:\/\/i0.wp.com\/tilapiacenter.com\/index\/wp-content\/uploads\/PortadaCursoAcuiculturaCampusVirtual2-JPG.jpg?resize=300%2C238&amp;ssl=1 300w, https:\/\/i0.wp.com\/tilapiacenter.com\/index\/wp-content\/uploads\/PortadaCursoAcuiculturaCampusVirtual2-JPG.jpg?resize=1024%2C811&amp;ssl=1 1024w, https:\/\/i0.wp.com\/tilapiacenter.com\/index\/wp-content\/uploads\/PortadaCursoAcuiculturaCampusVirtual2-JPG.jpg?resize=768%2C608&amp;ssl=1 768w\" sizes=\"auto, (max-width: 300px) 100vw, 300px\" data-attachment-id=\"4742\" data-permalink=\"https:\/\/tilapiacenter.com\/index\/courses\/curso-de-el-negocio-de-acuicultura-tecnificada\/portadacursoacuiculturacampusvirtual2-jpg\/\" data-orig-file=\"https:\/\/i0.wp.com\/tilapiacenter.com\/index\/wp-content\/uploads\/PortadaCursoAcuiculturaCampusVirtual2-JPG.jpg?fit=1116%2C884&amp;ssl=1\" data-orig-size=\"1116,884\" data-comments-opened=\"1\" data-image-meta=\"{&quot;aperture&quot;:&quot;0&quot;,&quot;credit&quot;:&quot;&quot;,&quot;camera&quot;:&quot;&quot;,&quot;caption&quot;:&quot;&quot;,&quot;created_timestamp&quot;:&quot;0&quot;,&quot;copyright&quot;:&quot;&quot;,&quot;focal_length&quot;:&quot;0&quot;,&quot;iso&quot;:&quot;0&quot;,&quot;shutter_speed&quot;:&quot;0&quot;,&quot;title&quot;:&quot;&quot;,&quot;orientation&quot;:&quot;0&quot;}\" data-image-title=\"PortadaCursoAcuiculturaCampusVirtual2-JPG\" data-image-description=\"&lt;p&gt;Curso Acuicultura Camar\u00f3n Tilapia Campus Virtual&lt;\/p&gt;\n\" data-image-caption=\"&lt;p&gt;Curso Acuicultura Camar\u00f3n Tilapia Campus Virtual&lt;\/p&gt;\n\" data-medium-file=\"https:\/\/i0.wp.com\/tilapiacenter.com\/index\/wp-content\/uploads\/PortadaCursoAcuiculturaCampusVirtual2-JPG.jpg?fit=300%2C238&amp;ssl=1\" data-large-file=\"https:\/\/i0.wp.com\/tilapiacenter.com\/index\/wp-content\/uploads\/PortadaCursoAcuiculturaCampusVirtual2-JPG.jpg?fit=1024%2C811&amp;ssl=1\" \/>\t\t\t<\/a>\n\t\t\t\t\t\n\t\t\t\t\t<div class=\"caption\">\n\t\t\t\t<h3 class=\"entry-title\">Curso de El Negocio de Acuicultura Tecnificada<\/h3>\n\t\t\t\t\t\t\t\t<div class=\"entry-content\"><p>En este curso conocer\u00e1 qu\u00e9 aspectos tecnol\u00f3gicos e inversiones es necesario considerar, para entrar en el emprendimiento de acuicultura tecnificada, con tecnolog\u00eda de recirculaci\u00f3n, aireaci\u00f3n, para cultivos de alta densidad en sistema de tanques en geomembrana.<\/p>\n<\/div>\n\t\t\t\t\t\t\t\t<div class=\"ld_course_grid_button\"><a class=\"btn btn-primary\" role=\"button\" href=\"https:\/\/tilapiacenter.com\/index\/courses\/curso-de-el-negocio-de-acuicultura-tecnificada\/\" rel=\"bookmark\">Ver M\u00e1s<\/a><\/div>\n\t\t\t\t\t\t\t<\/div><!-- .entry-header -->\n\t\t\t<\/article><!-- #post-## -->\n<\/div><!-- .ld_course_grid -->\n\t<\/div>\n\t\t\t<\/div>\n\t\t\n","protected":false},"excerpt":{"rendered":"Categor\u00edas de Curso Seleccionar Categor\u00edas de CursoAcuicultura (1) Free Ejemplo de curso (demo) Ver M\u00e1s 97 Curso de El Negocio","protected":false},"author":1,"featured_media":0,"parent":0,"menu_order":0,"comment_status":"closed","ping_status":"closed","template":"","meta":{"_monsterinsights_skip_tracking":false,"_monsterinsights_sitenote_active":false,"_monsterinsights_sitenote_note":"","_monsterinsights_sitenote_category":0,"spay_email":"","footnotes":""},"categories":[401],"tags":[],"class_list":["post-4748","page","type-page","status-publish","hentry","category-campus-virtual"],"yoast_head":"<!-- This site is optimized with the Yoast SEO plugin v18.6 - https:\/\/yoast.com\/wordpress\/plugins\/seo\/ -->\n<title>Campus Virtual Cursos - TILAPIACENTER- Acuicultura Controlada<\/title>\n<meta name=\"robots\" content=\"index, follow, max-snippet:-1, max-image-preview:large, max-video-preview:-1\" \/>\n<link rel=\"canonical\" href=\"https:\/\/tilapiacenter.com\/index\/campus-virtual-tilapiacenter\/\" \/>\n<meta property=\"og:locale\" content=\"es_ES\" \/>\n<meta property=\"og:type\" content=\"article\" \/>\n<meta property=\"og:title\" content=\"Campus Virtual Cursos - TILAPIACENTER- Acuicultura Controlada\" \/>\n<meta property=\"og:url\" content=\"https:\/\/tilapiacenter.com\/index\/campus-virtual-tilapiacenter\/\" \/>\n<meta property=\"og:site_name\" content=\"TILAPIACENTER- Acuicultura Controlada\" \/>\n<meta property=\"article:publisher\" content=\"https:\/\/www.facebook.com\/tilapiacenterecuador\/\" \/>\n<meta property=\"article:modified_time\" content=\"2020-07-06T15:57:28+00:00\" \/>\n<meta name=\"twitter:card\" content=\"summary_large_image\" \/>\n<meta name=\"twitter:site\" content=\"@tilapiacenter\" \/>\n<script type=\"application\/ld+json\" class=\"yoast-schema-graph\">{\"@context\":\"https:\/\/schema.org\",\"@graph\":[{\"@type\":\"WebSite\",\"@id\":\"https:\/\/tilapiacenter.com\/index\/#website\",\"url\":\"https:\/\/tilapiacenter.com\/index\/\",\"name\":\"TILAPIACENTER- Acuicultura Controlada\",\"description\":\"Equipos, Tecnolog\u00eda, asesor\u00eda y cursos en acuicultura tecnificada, para sistemas RAS y BIOFLOC, en el cultivo de camaron, tilapia, trucha en tanques en geomembrana.\",\"potentialAction\":[{\"@type\":\"SearchAction\",\"target\":{\"@type\":\"EntryPoint\",\"urlTemplate\":\"https:\/\/tilapiacenter.com\/index\/?s={search_term_string}\"},\"query-input\":\"required name=search_term_string\"}],\"inLanguage\":\"es\"},{\"@type\":\"WebPage\",\"@id\":\"https:\/\/tilapiacenter.com\/index\/campus-virtual-tilapiacenter\/#webpage\",\"url\":\"https:\/\/tilapiacenter.com\/index\/campus-virtual-tilapiacenter\/\",\"name\":\"Campus Virtual Cursos - TILAPIACENTER- Acuicultura Controlada\",\"isPartOf\":{\"@id\":\"https:\/\/tilapiacenter.com\/index\/#website\"},\"datePublished\":\"2020-07-06T15:26:35+00:00\",\"dateModified\":\"2020-07-06T15:57:28+00:00\",\"breadcrumb\":{\"@id\":\"https:\/\/tilapiacenter.com\/index\/campus-virtual-tilapiacenter\/#breadcrumb\"},\"inLanguage\":\"es\",\"potentialAction\":[{\"@type\":\"ReadAction\",\"target\":[\"https:\/\/tilapiacenter.com\/index\/campus-virtual-tilapiacenter\/\"]}]},{\"@type\":\"BreadcrumbList\",\"@id\":\"https:\/\/tilapiacenter.com\/index\/campus-virtual-tilapiacenter\/#breadcrumb\",\"itemListElement\":[{\"@type\":\"ListItem\",\"position\":1,\"name\":\"Portada\",\"item\":\"https:\/\/tilapiacenter.com\/index\/\"},{\"@type\":\"ListItem\",\"position\":2,\"name\":\"Campus Virtual Cursos\"}]}]}<\/script>\n<!-- \/ Yoast SEO plugin. -->","yoast_head_json":{"title":"Campus Virtual Cursos - TILAPIACENTER- Acuicultura Controlada","robots":{"index":"index","follow":"follow","max-snippet":"max-snippet:-1","max-image-preview":"max-image-preview:large","max-video-preview":"max-video-preview:-1"},"canonical":"https:\/\/tilapiacenter.com\/index\/campus-virtual-tilapiacenter\/","og_locale":"es_ES","og_type":"article","og_title":"Campus Virtual Cursos - TILAPIACENTER- Acuicultura Controlada","og_url":"https:\/\/tilapiacenter.com\/index\/campus-virtual-tilapiacenter\/","og_site_name":"TILAPIACENTER- Acuicultura Controlada","article_publisher":"https:\/\/www.facebook.com\/tilapiacenterecuador\/","article_modified_time":"2020-07-06T15:57:28+00:00","twitter_card":"summary_large_image","twitter_site":"@tilapiacenter","schema":{"@context":"https:\/\/schema.org","@graph":[{"@type":"WebSite","@id":"https:\/\/tilapiacenter.com\/index\/#website","url":"https:\/\/tilapiacenter.com\/index\/","name":"TILAPIACENTER- Acuicultura Controlada","description":"Equipos, Tecnolog\u00eda, asesor\u00eda y cursos en acuicultura tecnificada, para sistemas RAS y BIOFLOC, en el cultivo de camaron, tilapia, trucha en tanques en geomembrana.","potentialAction":[{"@type":"SearchAction","target":{"@type":"EntryPoint","urlTemplate":"https:\/\/tilapiacenter.com\/index\/?s={search_term_string}"},"query-input":"required name=search_term_string"}],"inLanguage":"es"},{"@type":"WebPage","@id":"https:\/\/tilapiacenter.com\/index\/campus-virtual-tilapiacenter\/#webpage","url":"https:\/\/tilapiacenter.com\/index\/campus-virtual-tilapiacenter\/","name":"Campus Virtual Cursos - TILAPIACENTER- Acuicultura Controlada","isPartOf":{"@id":"https:\/\/tilapiacenter.com\/index\/#website"},"datePublished":"2020-07-06T15:26:35+00:00","dateModified":"2020-07-06T15:57:28+00:00","breadcrumb":{"@id":"https:\/\/tilapiacenter.com\/index\/campus-virtual-tilapiacenter\/#breadcrumb"},"inLanguage":"es","potentialAction":[{"@type":"ReadAction","target":["https:\/\/tilapiacenter.com\/index\/campus-virtual-tilapiacenter\/"]}]},{"@type":"BreadcrumbList","@id":"https:\/\/tilapiacenter.com\/index\/campus-virtual-tilapiacenter\/#breadcrumb","itemListElement":[{"@type":"ListItem","position":1,"name":"Portada","item":"https:\/\/tilapiacenter.com\/index\/"},{"@type":"ListItem","position":2,"name":"Campus Virtual Cursos"}]}]}},"jetpack_sharing_enabled":true,"jetpack_likes_enabled":true,"jetpack-related-posts":[{"id":4769,"url":"https:\/\/tilapiacenter.com\/index\/mi-perfil-ldsh\/","url_meta":{"origin":4748,"position":0},"title":"Mi perfil de cursos","date":"7 de julio de 2020","format":false,"excerpt":"\u00a0","rel":"","context":"En \u00abCAMPUS VIRTUAL\u00bb","img":{"alt_text":"","src":"","width":0,"height":0},"classes":[]},{"id":823,"url":"https:\/\/tilapiacenter.com\/index\/products-categories\/","url_meta":{"origin":4748,"position":1},"title":"Products Categories","date":"5 de julio de 2017","format":false,"excerpt":"[vc_row css=\".vc_custom_1474383469113{margin-bottom: 60px !important;}\"][vc_column][\/vc_column][\/vc_row][vc_row css=\".vc_custom_1474383469113{margin-bottom: 60px !important;}\"][vc_column][\/vc_column][\/vc_row][vc_row css=\".vc_custom_1474383469113{margin-bottom: 60px !important;}\"][vc_column][\/vc_column][\/vc_row][vc_row css=\".vc_custom_1474383469113{margin-bottom: 60px !important;}\"][vc_column][\/vc_column][\/vc_row][vc_row css=\".vc_custom_1474383469113{margin-bottom: 60px !important;}\"][vc_column][\/vc_column][\/vc_row][vc_row css=\".vc_custom_1475931003863{margin-bottom: 60px !important;}\"][vc_column][\/vc_column][\/vc_row][vc_row css=\".vc_custom_1475931003863{margin-bottom: 60px !important;}\"][vc_column][\/vc_column][\/vc_row]","rel":"","context":"Entrada similar","img":{"alt_text":"","src":"","width":0,"height":0},"classes":[]},{"id":3734,"url":"https:\/\/tilapiacenter.com\/index\/curso-taller-camaron-tilapia-cultivo-tecnificado-guayaquil-machala-ecuador\/","url_meta":{"origin":4748,"position":2},"title":"Curso taller Internacional de Camar\u00f3n Tilapia cultivo tecnificado en Guayaquil, Machala, Quito","date":"28 de mayo de 2020","format":false,"excerpt":"[vc_row][vc_column][vc_single_image image=\"3735\" img_size=\"full\" alignment=\"center\" parallax_scroll=\"no\"][vc_video link=\"https:\/\/www.youtube.com\/watch?v=vu6dBEbgxYs\" align=\"center\" title=\"Ahora desde la comodidad de su casa puede capacitarse. Desde marzo 2020 hemos activado el curso virtual internacional de El Negocio de Acuicultura Tecnificada.\" image_poster_switch=\"no\"][vc_video link=\"https:\/\/www.youtube.com\/watch?v=A_7Q9iEA0Tg\" align=\"center\" title=\"El aprendizaje del curso presencial comparado con el virtual es similar, la diferencia es que no\u2026","rel":"","context":"En \u00abCURSOS ACUICULTURA (pg)\u00bb","img":{"alt_text":"Curso de tecnolog\u00eda de camar\u00f3n y tilapia","src":"https:\/\/i0.wp.com\/tilapiacenter.com\/index\/wp-content\/uploads\/2020\/05\/cursoQuito3.jpg?fit=960%2C540&ssl=1&resize=350%2C200","width":350,"height":200},"classes":[]},{"id":646,"url":"https:\/\/tilapiacenter.com\/index\/contactos-con-tilapiacenter\/","url_meta":{"origin":4748,"position":3},"title":"Contactese con Tilapiacenter","date":"26 de junio de 2017","format":false,"excerpt":"[vc_row full_width=\"stretch_row_content_no_spaces\" css_animation=\"none\" css=\".vc_custom_1496927007057{margin-top: -40px !important;margin-bottom: 8vh !important;}\"][vc_column][\/vc_column][\/vc_row][vc_row equal_height=\"yes\" css_animation=\"none\" css=\".vc_custom_1591739214380{margin-right: -50px !important;margin-left: -50px !important;}\" mobile_bg_img_hidden=\"no\" tablet_bg_img_hidden=\"no\" woodmart_parallax=\"0\" woodmart_gradient_switch=\"no\" row_reverse_mobile=\"0\" row_reverse_tablet=\"0\" woodmart_disable_overflow=\"0\"][vc_column css=\".vc_custom_1496927710186{border-right-width: 1px !important;padding-top: 20px !important;padding-right: 50px !important;padding-bottom: 10px !important;padding-left: 50px !important;border-right-color: #e8e8e8 !important;border-right-style: solid !important;}\" offset=\"vc_col-lg-6 vc_col-md-6\"][vc_tta_accordion shape=\"square\" color=\"white\" c_icon=\"chevron\" c_position=\"right\" active_section=\"1\" no_fill=\"true\" collapsible_all=\"true\"][vc_tta_section title=\"\u00bfCu\u00e1l es la vida\u2026","rel":"","context":"En \u00abQUIENES SOMOS (pg)\u00bb","img":{"alt_text":"","src":"","width":0,"height":0},"classes":[]},{"id":774,"url":"https:\/\/tilapiacenter.com\/index\/products-grid\/","url_meta":{"origin":4748,"position":4},"title":"Products grid","date":"4 de julio de 2017","format":false,"excerpt":"[vc_row css=\".vc_custom_1492091560318{padding-top: 5vh !important;}\"][vc_column][\/vc_column][\/vc_row][vc_row css=\".vc_custom_1492091445452{margin-bottom: 7vh !important;}\"][vc_column][\/vc_column][\/vc_row][vc_row][vc_column][\/vc_column][\/vc_row][vc_row css=\".vc_custom_1492091625243{margin-bottom: 8vh !important;}\"][vc_column][\/vc_column][\/vc_row][vc_row][vc_column][\/vc_column][\/vc_row][vc_row css=\".vc_custom_1492091400172{margin-bottom: 7vh !important;}\"][vc_column][\/vc_column][\/vc_row][vc_row css=\".vc_custom_1524218352666{margin-bottom: 4vh !important;}\"][vc_column][\/vc_column][vc_column offset=\"vc_col-lg-5 vc_col-md-5 vc_col-xs-12\" css=\".vc_custom_1524218343490{margin-bottom: 2vh !important;}\"][\/vc_column][vc_column offset=\"vc_col-lg-7 vc_col-md-7 vc_col-xs-12\" css=\".vc_custom_1524495243821{margin-bottom: 4vh !important;}\"][\/vc_column][\/vc_row][vc_row full_width=\"stretch_row\" css=\".vc_custom_1492091338542{margin-bottom: 6vh !important;padding-top: 8vh !important;padding-bottom: 8vh !important;background-color: #fafafa !important;}\"][vc_column css=\".vc_custom_1492091292016{padding-top: 0px !important;}\"][\/vc_column][\/vc_row][vc_row][vc_column][\/vc_column][\/vc_row][vc_row css=\".vc_custom_1489062350926{margin-bottom: 5vh !important;}\"][vc_column][\/vc_column][\/vc_row]","rel":"","context":"Entrada similar","img":{"alt_text":"","src":"","width":0,"height":0},"classes":[]},{"id":817,"url":"https:\/\/tilapiacenter.com\/index\/products-by-id\/","url_meta":{"origin":4748,"position":5},"title":"Products by ID","date":"5 de julio de 2017","format":false,"excerpt":"[vc_row][vc_column][\/vc_column][\/vc_row]","rel":"","context":"Entrada similar","img":{"alt_text":"","src":"","width":0,"height":0},"classes":[]}],"post_mailing_queue_ids":[],"_links":{"self":[{"href":"https:\/\/tilapiacenter.com\/index\/wp-json\/wp\/v2\/pages\/4748","targetHints":{"allow":["GET"]}}],"collection":[{"href":"https:\/\/tilapiacenter.com\/index\/wp-json\/wp\/v2\/pages"}],"about":[{"href":"https:\/\/tilapiacenter.com\/index\/wp-json\/wp\/v2\/types\/page"}],"author":[{"embeddable":true,"href":"https:\/\/tilapiacenter.com\/index\/wp-json\/wp\/v2\/users\/1"}],"replies":[{"embeddable":true,"href":"https:\/\/tilapiacenter.com\/index\/wp-json\/wp\/v2\/comments?post=4748"}],"version-history":[{"count":5,"href":"https:\/\/tilapiacenter.com\/index\/wp-json\/wp\/v2\/pages\/4748\/revisions"}],"predecessor-version":[{"id":4750,"href":"https:\/\/tilapiacenter.com\/index\/wp-json\/wp\/v2\/pages\/4748\/revisions\/4750"}],"wp:attachment":[{"href":"https:\/\/tilapiacenter.com\/index\/wp-json\/wp\/v2\/media?parent=4748"}],"wp:term":[{"taxonomy":"category","embeddable":true,"href":"https:\/\/tilapiacenter.com\/index\/wp-json\/wp\/v2\/categories?post=4748"},{"taxonomy":"post_tag","embeddable":true,"href":"https:\/\/tilapiacenter.com\/index\/wp-json\/wp\/v2\/tags?post=4748"}],"curies":[{"name":"wp","href":"https:\/\/api.w.org\/{rel}","templated":true}]}}