{"id":4062,"date":"2020-06-05T03:56:05","date_gmt":"2020-06-05T03:56:05","guid":{"rendered":"https:\/\/greenyellow-okapi-692508.hostingersite.com\/index\/privacidad\/"},"modified":"2020-06-05T03:56:05","modified_gmt":"2020-06-05T03:56:05","slug":"privacidad","status":"publish","type":"page","link":"https:\/\/tilapiacenter.com\/index\/privacidad\/","title":{"rendered":"Pol\u00edtica de privacidad"},"content":{"rendered":"<h3>INTRODUCCION<\/h3>\n<p>En TILAPIACENTER- Acuicultura Controlada, sensibilizados con las necesidades de los usuarios de Internet y conscientes de la importancia de la rigurosa privacidad de la informaci\u00f3n personal que nos conf\u00edan, incluimos esta declaraci\u00f3n de privacidad con el objeto de que seas consciente de la pol\u00edtica en el tratamiento de los datos personales que obtiene de sus visitantes y usuarios.<\/p><p>Como usuario, aceptas estas condiciones por el mero hecho de leer, visualizar o navegar en el sitio. De no aceptarlas, debes abandonar el sitio, sin hacer uso alguno de \u00e9l y su contenido, y sin acceder a las p\u00e1ginas enlazadas.<\/p>\n<h3 id='responsable'>RESPONSABLE DEL TRATAMIENTO DE DATOS<\/h3>\n<p>El titular del sitio y responsable del tratamiento de datos es TILAPIACENTER S.A, con DNI 179288326001, para contactar puedes utilizar la direcci\u00f3n de correo electr\u00f3nico <a href=\"mailto:admi%6e%40g%72&#101;enye&#108;l&#111;%77&#45;%6f%6ba%70&#105;%2d6%39%32%35&#48;8.%68%6fs&#116;i&#110;%67e&#114;&#115;i%74e.&#99;o%6d\" title=\"direcci\u00f3n de correo electr\u00f3nico\">&#97;dm&#105;&#110;&#64;gre&#101;nye&#108;&#108;&#111;w-&#111;&#107;a&#112;i&#45;6&#57;&#50;&#53;&#48;&#56;&#46;ho&#115;&#116;in&#103;e&#114;&#115;&#105;&#116;&#101;&#46;&#99;o&#109;<\/a>, el tel\u00e9fono 0994185675 o correo postal a Iquique y Antofagasta, c\u00f3digo postal 00593678786 de Quito, Pichincha.<\/p>\n<h3 id='finalidad'>FINALIDAD DEL TRATAMIENTO DE DATOS<\/h3>\n<p>En nuestros sitios web, existen unos apartados espec\u00edficos donde puedes anotar tus datos para recibir informaci\u00f3n sobre actualizaciones de nuestra web y de algunos los programas que se distribuyen. Nosotros te aseguramos que la informaci\u00f3n que nos facilites ser\u00e1 gestionada de forma totalmente confidencial.<\/p><p>Formulario de contacto: Mantener el contacto contigo u otras acciones obligatorias.<\/p>\n<p>Suscripci\u00f3n a boletines: Enviar boletines a tu direcci\u00f3n de correo electr\u00f3nico.<\/p>\n<p>Los datos se almacenar\u00e1n mientras exista previsi\u00f3n de su uso para el fin por el que fueron recabados.<\/p><p>No se realizan tomas de decisiones automatizadas con tus datos.<\/p><p>La web puede utilizar cookies, consulta nuestra <a href=\"https:\/\/greenyellow-okapi-692508.hostingersite.com\/index\/cookies\/\">pol\u00edtica de cookies<\/a>.<\/p>\n<h3 id='legitimacion'>LEGITIMACI\u00d3N DEL TRATAMIENTO DE DATOS<\/h3>\n<p>El uso de tus datos se realiza porque nos das tu consentimiento para usar los que nos proporcionas en los formularios para un uso espec\u00edfico que se indica en cada uno de ellos. Tus datos solo son necesarios para los usos concretos por los que se te solicitan, si no nos los facilitas, esos servicios no son posibles.<\/p>\n<h3 id='transferencia'>TRANSFERENCIAS Y CESIONES DE DATOS<\/h3>\n<p>Existe un compromiso firme por nuestra parte de que los datos que proporcione a TILAPIACENTER- Acuicultura Controlada, no ser\u00e1n vendidos ni cedidos a terceras personas sin el previo consentimiento del interesado bajo ning\u00fan concepto o circunstancia, salvo consentimiento expreso u obligaci\u00f3n legal.<\/p><p>Nuestro sitio web contiene enlaces hacia sitios web de terceros. TILAPIACENTER- Acuicultura Controlada no se hace responsable por las pol\u00edticas y pr\u00e1cticas de privacidad de estos otros sitios.<\/p>\n<h3 id='derechos'>DERECHOS DE LOS INTERESADOS<\/h3>\n<p>Tienes el derecho de acceder a la informaci\u00f3n que sobre tu persona est\u00e1 almacenada en nuestras bases de datos, rectificarla si existiera alguna errata, suprimirla, limitarla, oponerte a su tratamiento y retirar tu consentimiento si ese es tu deseo. Para ello simplemente debes escribir un e-mail a la direcci\u00f3n de correo electr\u00f3nico <a href=\"mailto:&#97;&#100;&#109;i%6e%40%67&#114;e&#101;%6e&#121;%65%6c&#108;&#111;w%2d&#111;&#107;&#97;pi%2d%36%39%32&#53;08&#46;host&#105;n&#103;&#101;&#114;%73%69%74&#101;.co%6d\" title=\"direcci\u00f3n de correo electr\u00f3nico\">&#97;d&#109;&#105;&#110;&#64;&#103;r&#101;&#101;n&#121;&#101;llo&#119;&#45;&#111;&#107;a&#112;&#105;&#45;69&#50;&#53;08&#46;&#104;ost&#105;&#110;&#103;&#101;r&#115;i&#116;&#101;&#46;&#99;&#111;m<\/a> donde te atenderemos gustosamente cualquier consulta, comentario o aclaraci\u00f3n requerida al respecto.<\/p><p>Para mayor informaci\u00f3n sobre temas relacionados, el sitio de referencia en la Red espa\u00f1ola es la <a href=\"https:\/\/www.agpd.es\/\">Agencia de Protecci\u00f3n de Datos<\/a>, donde tienes derecho a reclamar.<\/p>\n\n\r\n","protected":false},"excerpt":{"rendered":"INTRODUCCION En TILAPIACENTER- Acuicultura Controlada, sensibilizados con las necesidades de los usuarios de Internet y conscientes de la importancia de","protected":false},"author":1,"featured_media":0,"parent":0,"menu_order":0,"comment_status":"closed","ping_status":"closed","template":"","meta":{"_monsterinsights_skip_tracking":false,"_monsterinsights_sitenote_active":false,"_monsterinsights_sitenote_note":"","_monsterinsights_sitenote_category":0,"spay_email":"","footnotes":""},"categories":[],"tags":[],"class_list":["post-4062","page","type-page","status-publish","hentry"],"yoast_head":"<!-- This site is optimized with the Yoast SEO plugin v18.6 - https:\/\/yoast.com\/wordpress\/plugins\/seo\/ -->\n<title>Pol\u00edtica de privacidad - TILAPIACENTER- Acuicultura Controlada<\/title>\n<meta name=\"robots\" content=\"index, follow, max-snippet:-1, max-image-preview:large, max-video-preview:-1\" \/>\n<link rel=\"canonical\" href=\"https:\/\/tilapiacenter.com\/index\/privacidad\/\" \/>\n<meta property=\"og:locale\" content=\"es_ES\" \/>\n<meta property=\"og:type\" content=\"article\" \/>\n<meta property=\"og:title\" content=\"Pol\u00edtica de privacidad - TILAPIACENTER- Acuicultura Controlada\" \/>\n<meta property=\"og:url\" content=\"https:\/\/tilapiacenter.com\/index\/privacidad\/\" \/>\n<meta property=\"og:site_name\" content=\"TILAPIACENTER- Acuicultura Controlada\" \/>\n<meta property=\"article:publisher\" content=\"https:\/\/www.facebook.com\/tilapiacenterecuador\/\" \/>\n<meta name=\"twitter:card\" content=\"summary_large_image\" \/>\n<meta name=\"twitter:site\" content=\"@tilapiacenter\" \/>\n<script type=\"application\/ld+json\" class=\"yoast-schema-graph\">{\"@context\":\"https:\/\/schema.org\",\"@graph\":[{\"@type\":\"WebSite\",\"@id\":\"https:\/\/tilapiacenter.com\/index\/#website\",\"url\":\"https:\/\/tilapiacenter.com\/index\/\",\"name\":\"TILAPIACENTER- Acuicultura Controlada\",\"description\":\"Equipos, Tecnolog\u00eda, asesor\u00eda y cursos en acuicultura tecnificada, para sistemas RAS y BIOFLOC, en el cultivo de camaron, tilapia, trucha en tanques en geomembrana.\",\"potentialAction\":[{\"@type\":\"SearchAction\",\"target\":{\"@type\":\"EntryPoint\",\"urlTemplate\":\"https:\/\/tilapiacenter.com\/index\/?s={search_term_string}\"},\"query-input\":\"required name=search_term_string\"}],\"inLanguage\":\"es\"},{\"@type\":\"WebPage\",\"@id\":\"https:\/\/tilapiacenter.com\/index\/privacidad\/#webpage\",\"url\":\"https:\/\/tilapiacenter.com\/index\/privacidad\/\",\"name\":\"Pol\u00edtica de privacidad - TILAPIACENTER- Acuicultura Controlada\",\"isPartOf\":{\"@id\":\"https:\/\/tilapiacenter.com\/index\/#website\"},\"datePublished\":\"2020-06-05T03:56:05+00:00\",\"dateModified\":\"2020-06-05T03:56:05+00:00\",\"breadcrumb\":{\"@id\":\"https:\/\/tilapiacenter.com\/index\/privacidad\/#breadcrumb\"},\"inLanguage\":\"es\",\"potentialAction\":[{\"@type\":\"ReadAction\",\"target\":[\"https:\/\/tilapiacenter.com\/index\/privacidad\/\"]}]},{\"@type\":\"BreadcrumbList\",\"@id\":\"https:\/\/tilapiacenter.com\/index\/privacidad\/#breadcrumb\",\"itemListElement\":[{\"@type\":\"ListItem\",\"position\":1,\"name\":\"Portada\",\"item\":\"https:\/\/tilapiacenter.com\/index\/\"},{\"@type\":\"ListItem\",\"position\":2,\"name\":\"Pol\u00edtica de privacidad\"}]}]}<\/script>\n<!-- \/ Yoast SEO plugin. -->","yoast_head_json":{"title":"Pol\u00edtica de privacidad - TILAPIACENTER- Acuicultura Controlada","robots":{"index":"index","follow":"follow","max-snippet":"max-snippet:-1","max-image-preview":"max-image-preview:large","max-video-preview":"max-video-preview:-1"},"canonical":"https:\/\/tilapiacenter.com\/index\/privacidad\/","og_locale":"es_ES","og_type":"article","og_title":"Pol\u00edtica de privacidad - TILAPIACENTER- Acuicultura Controlada","og_url":"https:\/\/tilapiacenter.com\/index\/privacidad\/","og_site_name":"TILAPIACENTER- Acuicultura Controlada","article_publisher":"https:\/\/www.facebook.com\/tilapiacenterecuador\/","twitter_card":"summary_large_image","twitter_site":"@tilapiacenter","schema":{"@context":"https:\/\/schema.org","@graph":[{"@type":"WebSite","@id":"https:\/\/tilapiacenter.com\/index\/#website","url":"https:\/\/tilapiacenter.com\/index\/","name":"TILAPIACENTER- Acuicultura Controlada","description":"Equipos, Tecnolog\u00eda, asesor\u00eda y cursos en acuicultura tecnificada, para sistemas RAS y BIOFLOC, en el cultivo de camaron, tilapia, trucha en tanques en geomembrana.","potentialAction":[{"@type":"SearchAction","target":{"@type":"EntryPoint","urlTemplate":"https:\/\/tilapiacenter.com\/index\/?s={search_term_string}"},"query-input":"required name=search_term_string"}],"inLanguage":"es"},{"@type":"WebPage","@id":"https:\/\/tilapiacenter.com\/index\/privacidad\/#webpage","url":"https:\/\/tilapiacenter.com\/index\/privacidad\/","name":"Pol\u00edtica de privacidad - TILAPIACENTER- Acuicultura Controlada","isPartOf":{"@id":"https:\/\/tilapiacenter.com\/index\/#website"},"datePublished":"2020-06-05T03:56:05+00:00","dateModified":"2020-06-05T03:56:05+00:00","breadcrumb":{"@id":"https:\/\/tilapiacenter.com\/index\/privacidad\/#breadcrumb"},"inLanguage":"es","potentialAction":[{"@type":"ReadAction","target":["https:\/\/tilapiacenter.com\/index\/privacidad\/"]}]},{"@type":"BreadcrumbList","@id":"https:\/\/tilapiacenter.com\/index\/privacidad\/#breadcrumb","itemListElement":[{"@type":"ListItem","position":1,"name":"Portada","item":"https:\/\/tilapiacenter.com\/index\/"},{"@type":"ListItem","position":2,"name":"Pol\u00edtica de privacidad"}]}]}},"jetpack_sharing_enabled":true,"jetpack_likes_enabled":true,"jetpack-related-posts":[{"id":4063,"url":"https:\/\/tilapiacenter.com\/index\/cookies\/","url_meta":{"origin":4062,"position":0},"title":"Pol\u00edtica de cookies","date":"5 de junio de 2020","format":false,"excerpt":"","rel":"","context":"Entrada similar","img":{"alt_text":"","src":"","width":0,"height":0},"classes":[]},{"id":4061,"url":"https:\/\/tilapiacenter.com\/index\/aviso-legal\/","url_meta":{"origin":4062,"position":1},"title":"Aviso legal","date":"5 de junio de 2020","format":false,"excerpt":"","rel":"","context":"Entrada similar","img":{"alt_text":"","src":"","width":0,"height":0},"classes":[]},{"id":2412,"url":"https:\/\/tilapiacenter.com\/index\/","url_meta":{"origin":4062,"position":2},"title":"TILAPIACENTER: Sistemas RAS &#8211; Biofloc, Piscinas y tanques en geomembrana para cultivo intensivo de camar\u00f3n, tilapia. Acuicultura Tecnificada","date":"8 de junio de 2019","format":false,"excerpt":"[vc_row][vc_column css=\".vc_custom_1559911414329{padding-top: 0px !important;}\" mobile_bg_img_hidden=\"no\" tablet_bg_img_hidden=\"no\" woodmart_parallax=\"0\" woodmart_sticky_column=\"false\" parallax_scroll=\"no\" mobile_reset_margin=\"no\" tablet_reset_margin=\"no\"][\/vc_column][vc_column][\/vc_column][\/vc_row][vc_row full_width=\"stretch_row\" css=\".vc_custom_1559748885024{margin-bottom: 8vh !important;padding-top: 8vh !important;padding-bottom: 6vh !important;background-color: #def0f6 !important;}\" mobile_bg_img_hidden=\"no\" tablet_bg_img_hidden=\"no\" woodmart_parallax=\"0\" woodmart_gradient_switch=\"no\" row_reverse_mobile=\"0\" row_reverse_tablet=\"0\" woodmart_disable_overflow=\"0\"][vc_column css=\".vc_custom_1559750057376{padding-top: 0px !important;}\" mobile_bg_img_hidden=\"no\" tablet_bg_img_hidden=\"no\" woodmart_parallax=\"0\" woodmart_sticky_column=\"false\" parallax_scroll=\"no\" mobile_reset_margin=\"no\" tablet_reset_margin=\"no\"][vc_gallery interval=\"0\" images=\"3123,3116,3117,3121,3118,3120,3122,3124,3129\" img_size=\"large\" onclick=\"\" css_animation=\"bounceInDown\"][vc_video link=\"https:\/\/www.youtube.com\/watch?v=vu6dBEbgxYs\" image_poster_switch=\"no\"][\/vc_column][\/vc_row][vc_row content_placement=\"middle\" mobile_bg_img_hidden=\"no\" tablet_bg_img_hidden=\"no\" woodmart_parallax=\"0\" woodmart_gradient_switch=\"no\"\u2026","rel":"","context":"Entrada similar","img":{"alt_text":"","src":"","width":0,"height":0},"classes":[]}],"post_mailing_queue_ids":[],"_links":{"self":[{"href":"https:\/\/tilapiacenter.com\/index\/wp-json\/wp\/v2\/pages\/4062","targetHints":{"allow":["GET"]}}],"collection":[{"href":"https:\/\/tilapiacenter.com\/index\/wp-json\/wp\/v2\/pages"}],"about":[{"href":"https:\/\/tilapiacenter.com\/index\/wp-json\/wp\/v2\/types\/page"}],"author":[{"embeddable":true,"href":"https:\/\/tilapiacenter.com\/index\/wp-json\/wp\/v2\/users\/1"}],"replies":[{"embeddable":true,"href":"https:\/\/tilapiacenter.com\/index\/wp-json\/wp\/v2\/comments?post=4062"}],"version-history":[{"count":0,"href":"https:\/\/tilapiacenter.com\/index\/wp-json\/wp\/v2\/pages\/4062\/revisions"}],"wp:attachment":[{"href":"https:\/\/tilapiacenter.com\/index\/wp-json\/wp\/v2\/media?parent=4062"}],"wp:term":[{"taxonomy":"category","embeddable":true,"href":"https:\/\/tilapiacenter.com\/index\/wp-json\/wp\/v2\/categories?post=4062"},{"taxonomy":"post_tag","embeddable":true,"href":"https:\/\/tilapiacenter.com\/index\/wp-json\/wp\/v2\/tags?post=4062"}],"curies":[{"name":"wp","href":"https:\/\/api.w.org\/{rel}","templated":true}]}}