{"id":3780,"date":"2020-05-30T03:54:49","date_gmt":"2020-05-30T03:54:49","guid":{"rendered":"https:\/\/greenyellow-okapi-692508.hostingersite.com\/index\/?page_id=3780"},"modified":"2020-05-30T03:55:33","modified_gmt":"2020-05-30T03:55:33","slug":"fabricamos-biodigestores-geomembrana-tratamiento-residuos-granja","status":"publish","type":"page","link":"https:\/\/tilapiacenter.com\/index\/fabricamos-biodigestores-geomembrana-tratamiento-residuos-granja\/","title":{"rendered":"Fabricamos Biodigestor en geomembrana para tratamiento residuos de granja agr\u00edcola"},"content":{"rendered":"<p>[vc_row][vc_column]\t\t\t<div class=\"info-box-wrapper \">\n\t\t\t\t<div id=\"wd-5ed1cb99d4987\" class=\" woodmart-info-box text-left box-icon-align-left box-style- color-scheme- woodmart-bg-none box-title-default \"  >\n\t\t\t\t\t\t\t\t\t\t<div class=\"info-box-content\">\n\t\t\t\t\t\t<h4 class=\"info-box-title woodmart-font-weight- box-title-style-default\">Fabricamos Biodigestor en geomembrana para tratamiento residuos de granja agr\u00edcola<\/h4>\t\t\t\t\t\t<div class=\"info-box-inner reset-mb-10\">\n\t\t\t\t\t\t\t<p>Hoy en d\u00eda, el medio ambiente lo exige, y por ello Fabricamos Biodigestor en <a href=\"https:\/\/greenyellow-okapi-692508.hostingersite.com\/index\/venta-instalacion-geomembrana-liner-impermeabilizar-techos-taques-pisicinas-paredes\/\">geomembrana<\/a> para tratamiento residuos de granja agr\u00edcola de ganado, porcino,u otros.<\/p>\n<p>No se puede pensar en implementar una granja sin un biodigestor (Plan ambiental). De esta manera no contaminar\u00e1 las fuentes de agua, ni a los habitantes cercanos, entre otros impactos.<\/p>\n<p>Fabricamos, vendemos e instalamos biodigestores en geomembrana a cualquier escala, \u00fatil para eliminar la contaminaci\u00f3n en granjas ganaderas, av\u00edcolas, porc\u00edcolas, etc. No importa la escala de su granja.<\/p>\n<p>Los BIODIGESTORES en geomembrana son muy sencillos de implementar, b\u00e1sicamente esta conformado por una bolsa gigante en geomembrana, que en su interior procesa los activos org\u00e1nicos de las granjas, en la mayor\u00eda de los casos excretas, aunque tambi\u00e9n pueden ser residuos org\u00e1nicos de procesadoras de pollos, de pescader\u00eda, mataderos de animales, letrinas, residuos de comunidades, etc.<\/p>\n<p>Estos org\u00e1nicos al pasar unas semanas se convierten en <a href=\"http:\/\/www.oas.org\/dsd\/Energy\/Documents\/SimposioG\/3%20Panel%20I%20Biogas.pdf\">biogas<\/a> y\u00a0 abono rico (para la agricultura &#8211; biol) y el amonio u olor se convierte en gas de combusti\u00f3n, que puede ser utilizado para la cocina o hacer funcionar un generador el\u00e9ctrico ( a gas).<\/p>\n\t\t\t\t\t\t<\/div>\n\n\t\t\t\t\t\t\t\t\t\t\t\t\n\t\t\t\t\t<\/div>\n\n\t\t\t\t\t\t\t\t\t<\/div>\n\t\t\t<\/div>\n\t\t[\/vc_column][\/vc_row][vc_row][vc_column][vc_single_image image=&#8221;3781&#8243; img_size=&#8221;full&#8221; alignment=&#8221;center&#8221; parallax_scroll=&#8221;no&#8221;][\/vc_column][\/vc_row][vc_row][vc_column]\t\t\t<div class=\"info-box-wrapper \">\n\t\t\t\t<div id=\"wd-5ed1d310ef4e8\" class=\" woodmart-info-box text-left box-icon-align-left box-style- color-scheme- woodmart-bg-none box-title-default \"  >\n\t\t\t\t\t\t\t\t\t\t<div class=\"info-box-content\">\n\t\t\t\t\t\t<h4 class=\"info-box-title woodmart-font-weight- box-title-style-default\">Tama\u00f1o del biodigestor en geomembrana<\/h4>\t\t\t\t\t\t<div class=\"info-box-inner reset-mb-10\">\n\t\t\t\t\t\t\t<p>El tama\u00f1o del biodigestor que instalamos depende de la carga de residuos que su granja produce.<br \/>\nEn ese aspecto le asesoramos, usualmente se mide en m3 de capacidad. Los precios de los biodigestores pueden ir desde los usd300, todo depende la infraestructura que el cliente desee.<br \/>\nPueda que su proyecto requiera adem\u00e1s un Estudio de factibilidad Ambiental.<br \/>\nConsult\u00e9nos hoy mismo sobre este tema llame o escriba al wsspp &#8211;099&#8211;4185675 o<\/p>\n<p><strong>ESCRIBA DIRECTAMENTE A NUESTRO WSPP PARA ATENCI\u00d3N AL INSTANTE -099-4185675&#8212;-<\/strong><\/p>\n\t\t\t\t\t\t<\/div>\n\n\t\t\t\t\t\t\t\t\t\t\t\t\n\t\t\t\t\t<\/div>\n\n\t\t\t\t\t\t\t\t\t<\/div>\n\t\t\t<\/div>\n\t\t[vc_single_image image=&#8221;3782&#8243; img_size=&#8221;full&#8221; alignment=&#8221;center&#8221; parallax_scroll=&#8221;no&#8221;][\/vc_column][\/vc_row]<\/p>\n","protected":false},"excerpt":{"rendered":"<p>[vc_row][vc_column][\/vc_column][\/vc_row][vc_row][vc_column][vc_single_image image=&#8221;3781&#8243; img_size=&#8221;full&#8221; alignment=&#8221;center&#8221; parallax_scroll=&#8221;no&#8221;][\/vc_column][\/vc_row][vc_row][vc_column][vc_single_image image=&#8221;3782&#8243; img_size=&#8221;full&#8221; alignment=&#8221;center&#8221; parallax_scroll=&#8221;no&#8221;][\/vc_column][\/vc_row]<\/p>\n","protected":false},"author":1,"featured_media":3771,"parent":0,"menu_order":0,"comment_status":"closed","ping_status":"closed","template":"","meta":{"_monsterinsights_skip_tracking":false,"_monsterinsights_sitenote_active":false,"_monsterinsights_sitenote_note":"","_monsterinsights_sitenote_category":0,"spay_email":"","footnotes":""},"categories":[133],"tags":[367,363,369,362,69,357,366,365,364,368],"class_list":["post-3780","page","type-page","status-publish","has-post-thumbnail","hentry","category-geomembrana-impermeabilizacion-construccion-pg","tag-agricola","tag-biodigestor","tag-cerdos","tag-fabricamos","tag-geomembrana","tag-hdpe","tag-organicos","tag-residuos","tag-tratamiento","tag-vacuno"],"yoast_head":"<!-- This site is optimized with the Yoast SEO plugin v18.6 - https:\/\/yoast.com\/wordpress\/plugins\/seo\/ -->\n<title>Fabricamos biodigestor en geomembrana para tratamiento de residuos<\/title>\n<meta name=\"description\" content=\"Fabricamos biodigestor en geomembrana para tratamiento de residuos de granja agr\u00edcola ganado, porcino, vacuno. El tama\u00f1o depende de la carga...\" \/>\n<meta name=\"robots\" content=\"index, follow, max-snippet:-1, max-image-preview:large, max-video-preview:-1\" \/>\n<link rel=\"canonical\" href=\"https:\/\/tilapiacenter.com\/index\/fabricamos-biodigestores-geomembrana-tratamiento-residuos-granja\/\" \/>\n<meta property=\"og:locale\" content=\"es_ES\" \/>\n<meta property=\"og:type\" content=\"article\" \/>\n<meta property=\"og:title\" content=\"Fabricamos biodigestor en geomembrana para tratamiento de residuos\" \/>\n<meta property=\"og:description\" content=\"Fabricamos biodigestor en geomembrana para tratamiento de residuos de granja agr\u00edcola ganado, porcino, vacuno. El tama\u00f1o depende de la carga...\" \/>\n<meta property=\"og:url\" content=\"https:\/\/tilapiacenter.com\/index\/fabricamos-biodigestores-geomembrana-tratamiento-residuos-granja\/\" \/>\n<meta property=\"og:site_name\" content=\"TILAPIACENTER- Acuicultura Controlada\" \/>\n<meta property=\"article:publisher\" content=\"https:\/\/www.facebook.com\/tilapiacenterecuador\/\" \/>\n<meta property=\"article:modified_time\" content=\"2020-05-30T03:55:33+00:00\" \/>\n<meta property=\"og:image\" content=\"https:\/\/i0.wp.com\/tilapiacenter.com\/index\/wp-content\/uploads\/2020\/05\/geomembranaLogoT.jpg?fit=360%2C360&#038;ssl=1\" \/>\n\t<meta property=\"og:image:width\" content=\"360\" \/>\n\t<meta property=\"og:image:height\" content=\"360\" \/>\n\t<meta property=\"og:image:type\" content=\"image\/jpeg\" \/>\n<meta name=\"twitter:card\" content=\"summary_large_image\" \/>\n<meta name=\"twitter:site\" content=\"@tilapiacenter\" \/>\n<meta name=\"twitter:label1\" content=\"Tiempo de lectura\" \/>\n\t<meta name=\"twitter:data1\" content=\"2 minutos\" \/>\n<script type=\"application\/ld+json\" class=\"yoast-schema-graph\">{\"@context\":\"https:\/\/schema.org\",\"@graph\":[{\"@type\":\"WebSite\",\"@id\":\"https:\/\/tilapiacenter.com\/index\/#website\",\"url\":\"https:\/\/tilapiacenter.com\/index\/\",\"name\":\"TILAPIACENTER- Acuicultura Controlada\",\"description\":\"Equipos, Tecnolog\u00eda, asesor\u00eda y cursos en acuicultura tecnificada, para sistemas RAS y BIOFLOC, en el cultivo de camaron, tilapia, trucha en tanques en geomembrana.\",\"potentialAction\":[{\"@type\":\"SearchAction\",\"target\":{\"@type\":\"EntryPoint\",\"urlTemplate\":\"https:\/\/tilapiacenter.com\/index\/?s={search_term_string}\"},\"query-input\":\"required name=search_term_string\"}],\"inLanguage\":\"es\"},{\"@type\":\"ImageObject\",\"@id\":\"https:\/\/tilapiacenter.com\/index\/fabricamos-biodigestores-geomembrana-tratamiento-residuos-granja\/#primaryimage\",\"inLanguage\":\"es\",\"url\":\"https:\/\/i0.wp.com\/tilapiacenter.com\/index\/wp-content\/uploads\/2020\/05\/geomembranaLogoT.jpg?fit=360%2C360&ssl=1\",\"contentUrl\":\"https:\/\/i0.wp.com\/tilapiacenter.com\/index\/wp-content\/uploads\/2020\/05\/geomembranaLogoT.jpg?fit=360%2C360&ssl=1\",\"width\":360,\"height\":360,\"caption\":\"Venta en instalaci\u00f3n de geomembrana\"},{\"@type\":\"WebPage\",\"@id\":\"https:\/\/tilapiacenter.com\/index\/fabricamos-biodigestores-geomembrana-tratamiento-residuos-granja\/#webpage\",\"url\":\"https:\/\/tilapiacenter.com\/index\/fabricamos-biodigestores-geomembrana-tratamiento-residuos-granja\/\",\"name\":\"Fabricamos biodigestor en geomembrana para tratamiento de residuos\",\"isPartOf\":{\"@id\":\"https:\/\/tilapiacenter.com\/index\/#website\"},\"primaryImageOfPage\":{\"@id\":\"https:\/\/tilapiacenter.com\/index\/fabricamos-biodigestores-geomembrana-tratamiento-residuos-granja\/#primaryimage\"},\"datePublished\":\"2020-05-30T03:54:49+00:00\",\"dateModified\":\"2020-05-30T03:55:33+00:00\",\"description\":\"Fabricamos biodigestor en geomembrana para tratamiento de residuos de granja agr\u00edcola ganado, porcino, vacuno. El tama\u00f1o depende de la carga...\",\"breadcrumb\":{\"@id\":\"https:\/\/tilapiacenter.com\/index\/fabricamos-biodigestores-geomembrana-tratamiento-residuos-granja\/#breadcrumb\"},\"inLanguage\":\"es\",\"potentialAction\":[{\"@type\":\"ReadAction\",\"target\":[\"https:\/\/tilapiacenter.com\/index\/fabricamos-biodigestores-geomembrana-tratamiento-residuos-granja\/\"]}]},{\"@type\":\"BreadcrumbList\",\"@id\":\"https:\/\/tilapiacenter.com\/index\/fabricamos-biodigestores-geomembrana-tratamiento-residuos-granja\/#breadcrumb\",\"itemListElement\":[{\"@type\":\"ListItem\",\"position\":1,\"name\":\"Portada\",\"item\":\"https:\/\/tilapiacenter.com\/index\/\"},{\"@type\":\"ListItem\",\"position\":2,\"name\":\"Fabricamos Biodigestor en geomembrana para tratamiento residuos de granja agr\u00edcola\"}]}]}<\/script>\n<!-- \/ Yoast SEO plugin. -->","yoast_head_json":{"title":"Fabricamos biodigestor en geomembrana para tratamiento de residuos","description":"Fabricamos biodigestor en geomembrana para tratamiento de residuos de granja agr\u00edcola ganado, porcino, vacuno. El tama\u00f1o depende de la carga...","robots":{"index":"index","follow":"follow","max-snippet":"max-snippet:-1","max-image-preview":"max-image-preview:large","max-video-preview":"max-video-preview:-1"},"canonical":"https:\/\/tilapiacenter.com\/index\/fabricamos-biodigestores-geomembrana-tratamiento-residuos-granja\/","og_locale":"es_ES","og_type":"article","og_title":"Fabricamos biodigestor en geomembrana para tratamiento de residuos","og_description":"Fabricamos biodigestor en geomembrana para tratamiento de residuos de granja agr\u00edcola ganado, porcino, vacuno. El tama\u00f1o depende de la carga...","og_url":"https:\/\/tilapiacenter.com\/index\/fabricamos-biodigestores-geomembrana-tratamiento-residuos-granja\/","og_site_name":"TILAPIACENTER- Acuicultura Controlada","article_publisher":"https:\/\/www.facebook.com\/tilapiacenterecuador\/","article_modified_time":"2020-05-30T03:55:33+00:00","og_image":[{"width":360,"height":360,"url":"https:\/\/i0.wp.com\/tilapiacenter.com\/index\/wp-content\/uploads\/2020\/05\/geomembranaLogoT.jpg?fit=360%2C360&ssl=1","type":"image\/jpeg"}],"twitter_card":"summary_large_image","twitter_site":"@tilapiacenter","twitter_misc":{"Tiempo de lectura":"2 minutos"},"schema":{"@context":"https:\/\/schema.org","@graph":[{"@type":"WebSite","@id":"https:\/\/tilapiacenter.com\/index\/#website","url":"https:\/\/tilapiacenter.com\/index\/","name":"TILAPIACENTER- Acuicultura Controlada","description":"Equipos, Tecnolog\u00eda, asesor\u00eda y cursos en acuicultura tecnificada, para sistemas RAS y BIOFLOC, en el cultivo de camaron, tilapia, trucha en tanques en geomembrana.","potentialAction":[{"@type":"SearchAction","target":{"@type":"EntryPoint","urlTemplate":"https:\/\/tilapiacenter.com\/index\/?s={search_term_string}"},"query-input":"required name=search_term_string"}],"inLanguage":"es"},{"@type":"ImageObject","@id":"https:\/\/tilapiacenter.com\/index\/fabricamos-biodigestores-geomembrana-tratamiento-residuos-granja\/#primaryimage","inLanguage":"es","url":"https:\/\/i0.wp.com\/tilapiacenter.com\/index\/wp-content\/uploads\/2020\/05\/geomembranaLogoT.jpg?fit=360%2C360&ssl=1","contentUrl":"https:\/\/i0.wp.com\/tilapiacenter.com\/index\/wp-content\/uploads\/2020\/05\/geomembranaLogoT.jpg?fit=360%2C360&ssl=1","width":360,"height":360,"caption":"Venta en instalaci\u00f3n de geomembrana"},{"@type":"WebPage","@id":"https:\/\/tilapiacenter.com\/index\/fabricamos-biodigestores-geomembrana-tratamiento-residuos-granja\/#webpage","url":"https:\/\/tilapiacenter.com\/index\/fabricamos-biodigestores-geomembrana-tratamiento-residuos-granja\/","name":"Fabricamos biodigestor en geomembrana para tratamiento de residuos","isPartOf":{"@id":"https:\/\/tilapiacenter.com\/index\/#website"},"primaryImageOfPage":{"@id":"https:\/\/tilapiacenter.com\/index\/fabricamos-biodigestores-geomembrana-tratamiento-residuos-granja\/#primaryimage"},"datePublished":"2020-05-30T03:54:49+00:00","dateModified":"2020-05-30T03:55:33+00:00","description":"Fabricamos biodigestor en geomembrana para tratamiento de residuos de granja agr\u00edcola ganado, porcino, vacuno. El tama\u00f1o depende de la carga...","breadcrumb":{"@id":"https:\/\/tilapiacenter.com\/index\/fabricamos-biodigestores-geomembrana-tratamiento-residuos-granja\/#breadcrumb"},"inLanguage":"es","potentialAction":[{"@type":"ReadAction","target":["https:\/\/tilapiacenter.com\/index\/fabricamos-biodigestores-geomembrana-tratamiento-residuos-granja\/"]}]},{"@type":"BreadcrumbList","@id":"https:\/\/tilapiacenter.com\/index\/fabricamos-biodigestores-geomembrana-tratamiento-residuos-granja\/#breadcrumb","itemListElement":[{"@type":"ListItem","position":1,"name":"Portada","item":"https:\/\/tilapiacenter.com\/index\/"},{"@type":"ListItem","position":2,"name":"Fabricamos Biodigestor en geomembrana para tratamiento residuos de granja agr\u00edcola"}]}]}},"jetpack_sharing_enabled":true,"jetpack_likes_enabled":true,"jetpack-related-posts":[{"id":3768,"url":"https:\/\/tilapiacenter.com\/index\/venta-instalacion-geomembrana-liner-impermeabilizar-techos-taques-pisicinas-paredes\/","url_meta":{"origin":3780,"position":0},"title":"Venta en instalaci\u00f3n de geomembrana o liner para impermeabilizar techos, tanques, piscinas, paredes","date":"29 de mayo de 2020","format":false,"excerpt":"[vc_row][vc_column][\/vc_column][\/vc_row][vc_row][vc_column][vc_video link=\"https:\/\/www.youtube.com\/watch?v=ZfC2yqDRUMA&t=6s\" align=\"center\" image_poster_switch=\"no\"][\/vc_column][\/vc_row][vc_row][vc_column width=\"1\/2\"][vc_single_image image=\"3771\" img_size=\"full\" alignment=\"center\" parallax_scroll=\"no\"][\/vc_column][vc_column width=\"1\/2\"][vc_single_image image=\"3770\" img_size=\"full\" alignment=\"center\" parallax_scroll=\"no\"][\/vc_column][\/vc_row][vc_row][vc_column][\/vc_column][\/vc_row][vc_row][vc_column][vc_single_image image=\"3769\" img_size=\"full\" alignment=\"center\" parallax_scroll=\"no\"][vc_column_text text_larger=\"no\"] (Fotograf\u00eda: www.quiminet.com ) [\/vc_column_text][\/vc_column][\/vc_row][vc_row][vc_column][vc_single_image image=\"3774\" img_size=\"full\" alignment=\"center\" parallax_scroll=\"no\"][vc_single_image image=\"3773\" img_size=\"full\" alignment=\"center\" parallax_scroll=\"no\"][vc_single_image image=\"3772\" img_size=\"full\" alignment=\"center\" parallax_scroll=\"no\"][\/vc_column][\/vc_row]","rel":"","context":"En \u00abGEOMEMBRANA, IMPERMEABILIZACI\u00d3N CONSTRUCCION (pg)\u00bb","img":{"alt_text":"Venta en instalaci\u00f3n de geomembrana","src":"https:\/\/i0.wp.com\/tilapiacenter.com\/index\/wp-content\/uploads\/2020\/05\/geomembranaLogoT.jpg?fit=360%2C360&ssl=1&resize=350%2C200","width":350,"height":200},"classes":[]},{"id":3449,"url":"https:\/\/tilapiacenter.com\/index\/tanques-geomembrana-instalado-ibarra-ecuador\/","url_meta":{"origin":3780,"position":1},"title":"Instalado tanques geomembrana de piscicultura controlada  en IBARRA &#8211; Ecuador","date":"22 de mayo de 2020","format":false,"excerpt":"[vc_row][vc_column][vc_column_text text_larger=\"no\"]Instalaci\u00f3n piscigranja para cultivo de tilapia roja en estanque en geomembrana, en Ibarra, \u00e1rea urbana. Instalaci\u00f3n con recirculaci\u00f3n y captaci\u00f3n TILAPIACENTER[\/vc_column_text][\/vc_column][\/vc_row][vc_row][vc_column][vc_video link=\"https:\/\/www.youtube.com\/watch?v=qL-PdxrwK4g&feature=\" image_poster_switch=\"no\"][\/vc_column][\/vc_row][vc_row][vc_column][vc_single_image image=\"3450\" img_size=\"full\" alignment=\"center\" parallax_scroll=\"no\"][vc_single_image image=\"3451\" img_size=\"full\" alignment=\"center\" parallax_scroll=\"no\"][vc_single_image image=\"3452\" img_size=\"full\" alignment=\"center\" parallax_scroll=\"no\"][vc_single_image image=\"3453\" img_size=\"full\" alignment=\"center\" parallax_scroll=\"no\"][vc_single_image image=\"3454\" img_size=\"full\" alignment=\"center\" parallax_scroll=\"no\"][vc_single_image image=\"3455\" img_size=\"full\" alignment=\"center\" parallax_scroll=\"no\"][vc_single_image image=\"3456\" img_size=\"full\"\u2026","rel":"","context":"En \u00abCASOS DE EXITO (Pg)\u00bb","img":{"alt_text":"Instalaci\u00f3n piscigranja para cultivo de tilapia roja en estanque en geomembrana, en Ibarra, \u00e1rea urbana. Instalaci\u00f3n con recirculaci\u00f3n y captaci\u00f3n TILAPIACENTER","src":"https:\/\/i0.wp.com\/tilapiacenter.com\/index\/wp-content\/uploads\/2020\/05\/CasosExito-Ibarra12.jpg?fit=800%2C450&ssl=1&resize=350%2C200","width":350,"height":200},"classes":[]},{"id":3762,"url":"https:\/\/tilapiacenter.com\/index\/tanques-instalacion-geomembrana-liner-camaron-tilapia-cisternas\/","url_meta":{"origin":3780,"position":2},"title":"Instalaci\u00f3n de geomembrana o liner en tanques para  camaron, tilapia","date":"29 de mayo de 2020","format":false,"excerpt":"[vc_row][vc_column][vc_single_image image=\"3763\" img_size=\"full\" alignment=\"center\" parallax_scroll=\"no\"][\/vc_column][\/vc_row][vc_row][vc_column][vc_btn title=\"Cons\u00faltenos cualquier inquietud WhastApp 0994185675\"][\/vc_column][\/vc_row]","rel":"","context":"En \u00abGEOMEMBRANA, IMPERMEABILIZACI\u00d3N CONSTRUCCION (pg)\u00bb","img":{"alt_text":"Plan de Negocio de Camar\u00f3n y Tilapia Tilmaron para financiamiento","src":"https:\/\/i0.wp.com\/tilapiacenter.com\/index\/wp-content\/uploads\/2020\/05\/EstudioTecnico-1.jpg?fit=1200%2C675&ssl=1&resize=350%2C200","width":350,"height":200},"classes":[]},{"id":3566,"url":"https:\/\/tilapiacenter.com\/index\/ganar-treinta-veces-mas-piscicultura-controlada\/","url_meta":{"origin":3780,"position":3},"title":"Porqu\u00e9 gana 30 veces m\u00e1s con piscicultura controlada en camar\u00f3n, tilapia, trucha..","date":"24 de mayo de 2020","format":false,"excerpt":"[vc_row][vc_column][vc_single_image image=\"3567\" img_size=\"full\" alignment=\"center\" parallax_scroll=\"no\"][\/vc_column][\/vc_row][vc_row][vc_column][vc_single_image image=\"3568\" img_size=\"full\" alignment=\"center\" parallax_scroll=\"no\"][\/vc_column][\/vc_row]","rel":"","context":"En \u00abVIABILIDAD Y RECURSOS (pg)\u00bb","img":{"alt_text":"Tanques geomembrana Tilapia instalado en Paute Ecuador","src":"https:\/\/i0.wp.com\/tilapiacenter.com\/index\/wp-content\/uploads\/2020\/05\/CasosExito-Paute5.jpg?fit=800%2C450&ssl=1&resize=350%2C200","width":350,"height":200},"classes":[]},{"id":107,"url":"https:\/\/tilapiacenter.com\/index\/blog-acuicultura-camaron-tilapia-tecnificacion-ras-geomembrana\/","url_meta":{"origin":3780,"position":4},"title":"Blog","date":"14 de junio de 2017","format":false,"excerpt":"","rel":"","context":"En \u00abBLOG\u00bb","img":{"alt_text":"","src":"","width":0,"height":0},"classes":[]},{"id":3502,"url":"https:\/\/tilapiacenter.com\/index\/asi-construimos-estanques-geomembrana-duran-guayaquil\/","url_meta":{"origin":3780,"position":5},"title":"As\u00ed constru\u00edmos S-CUADRON  14D camar\u00f3n hiperintensivo, Dur\u00e1n- Guayaquil , 2018","date":"23 de mayo de 2020","format":false,"excerpt":"[vc_row][vc_column][vc_single_image image=\"3503\" img_size=\"full\" alignment=\"center\" parallax_scroll=\"no\"][vc_video link=\"https:\/\/www.youtube.com\/watch?v=BGuvs5tWJuo&t=19s\" image_poster_switch=\"no\"][\/vc_column][\/vc_row][vc_row][vc_column][vc_single_image image=\"3505\" img_size=\"full\" alignment=\"center\" parallax_scroll=\"no\"][\/vc_column][\/vc_row]","rel":"","context":"En \u00abCASOS DE EXITO (Pg)\u00bb","img":{"alt_text":"Estanques geomembrana Duran Tilapiacneter","src":"https:\/\/i0.wp.com\/tilapiacenter.com\/index\/wp-content\/uploads\/2020\/05\/CasosExito-Duran-2.jpg?fit=1027%2C578&ssl=1&resize=350%2C200","width":350,"height":200},"classes":[]}],"post_mailing_queue_ids":[],"_links":{"self":[{"href":"https:\/\/tilapiacenter.com\/index\/wp-json\/wp\/v2\/pages\/3780","targetHints":{"allow":["GET"]}}],"collection":[{"href":"https:\/\/tilapiacenter.com\/index\/wp-json\/wp\/v2\/pages"}],"about":[{"href":"https:\/\/tilapiacenter.com\/index\/wp-json\/wp\/v2\/types\/page"}],"author":[{"embeddable":true,"href":"https:\/\/tilapiacenter.com\/index\/wp-json\/wp\/v2\/users\/1"}],"replies":[{"embeddable":true,"href":"https:\/\/tilapiacenter.com\/index\/wp-json\/wp\/v2\/comments?post=3780"}],"version-history":[{"count":3,"href":"https:\/\/tilapiacenter.com\/index\/wp-json\/wp\/v2\/pages\/3780\/revisions"}],"predecessor-version":[{"id":3784,"href":"https:\/\/tilapiacenter.com\/index\/wp-json\/wp\/v2\/pages\/3780\/revisions\/3784"}],"wp:featuredmedia":[{"embeddable":true,"href":"https:\/\/tilapiacenter.com\/index\/wp-json\/wp\/v2\/media\/3771"}],"wp:attachment":[{"href":"https:\/\/tilapiacenter.com\/index\/wp-json\/wp\/v2\/media?parent=3780"}],"wp:term":[{"taxonomy":"category","embeddable":true,"href":"https:\/\/tilapiacenter.com\/index\/wp-json\/wp\/v2\/categories?post=3780"},{"taxonomy":"post_tag","embeddable":true,"href":"https:\/\/tilapiacenter.com\/index\/wp-json\/wp\/v2\/tags?post=3780"}],"curies":[{"name":"wp","href":"https:\/\/api.w.org\/{rel}","templated":true}]}}