{"id":3685,"date":"2020-05-28T03:56:05","date_gmt":"2020-05-28T03:56:05","guid":{"rendered":"https:\/\/greenyellow-okapi-692508.hostingersite.com\/index\/?page_id=3685"},"modified":"2020-05-28T03:57:58","modified_gmt":"2020-05-28T03:57:58","slug":"como-funciona-tilmaron-acuicultura-camaron-tilapia","status":"publish","type":"page","link":"https:\/\/tilapiacenter.com\/index\/como-funciona-tilmaron-acuicultura-camaron-tilapia\/","title":{"rendered":"C\u00f3mo funciona un modulo Tilmaron para acuicultura tecnificada"},"content":{"rendered":"<p>[vc_row][vc_column][vc_single_image image=&#8221;3686&#8243; img_size=&#8221;full&#8221; alignment=&#8221;center&#8221; parallax_scroll=&#8221;no&#8221;]\t\t\t<div class=\"info-box-wrapper \">\n\t\t\t\t<div id=\"wd-5ecf36a2dab05\" class=\" woodmart-info-box text-left box-icon-align-top box-style- color-scheme- woodmart-bg-none box-title-default \"  >\n\t\t\t\t\t\t\t\t\t\t<div class=\"info-box-content\">\n\t\t\t\t\t\t<h4 class=\"info-box-title woodmart-font-weight- box-title-style-default\">As\u00ed funciona e sistema Tilmaron, para cultivo de tilapia o camar\u00f3n hiperintensivo en tanques circulares en geomembrana<\/h4>\t\t\t\t\t\t<div class=\"info-box-inner reset-mb-10\">\n\t\t\t\t\t\t\t<p><strong>ASPECTOS TECNOL\u00d3GICOS DE LOS M\u00d3DULOS TILMARON<\/strong><\/p>\n<ul>\n<li><span style=\"color: #000000;\">L\u00f3gica de flujo seguro entre tanques de cultivo, d fase drenaje, sistema de pesca y recirculaci\u00f3n<\/span><\/li>\n<li><span style=\"color: #000000;\">Planteamiento de terreno de instalaci\u00f3n (DISE\u00d1OS EN AUTOCAD)<\/span><\/li>\n<li><span style=\"color: #000000;\">Optimizaci\u00f3n de espacios de emplazamiento de componentes<\/span><\/li>\n<li><span style=\"color: #000000;\">\u00a0Tanques y componentes de concepto ensamblable. M\u00f3dulos estandarizados<\/span><\/li>\n<li><span style=\"color: #000000;\">Tanques con flujo &#8220;Dual Drain&#8221; para una eficiente autolimpieza de residuos (BIOS\u00d3LIDOS)<\/span><\/li>\n<li><span style=\"color: #000000;\">Planteamiento eficiente de l\u00edneas de flujo drenaje, recirculaci\u00f3n y aireaci\u00f3n<\/span><\/li>\n<li><span style=\"color: #000000;\">Sistema bypass de drenaje directo y recirculativo, \u00fatil en vaciado de tanques .<\/span><\/li>\n<li><span style=\"color: #000000;\">Sistema de transferencia de organismos entre fases de desarrollo (tanques)<\/span><\/li>\n<li><span style=\"color: #000000;\">Aireaci\u00f3n equitativa a todas la fases<\/span><\/li>\n<li><span style=\"color: #000000;\">Log\u00edstica de servicio a tiempo seg\u00fan el contrato establecido.<\/span><\/li>\n<\/ul>\n<table>\n<tbody>\n<tr>\n<td colspan=\"3\">\n<h5>INFORMACI\u00d3N MUY IMPORTANTE PARA HACER UNA BUENA INVERSI\u00d3N<\/h5>\n<\/td>\n<\/tr>\n<\/tbody>\n<\/table>\n<ul>\n<li><span style=\"color: #000000;\">UN SISTEMA TILMARON, es mucho m\u00e1s que instalar tanques en geomembrana, incluso los detalles constructivos cuentan en la\u00a0buena funcionalidad.<\/span><\/li>\n<li><span style=\"color: #000000;\">\u00a0LOS TANQUES, son solo una parte del sistema, a esto se debe integrar coherentemente otros componentes como: l\u00f3gica de drenaje\/pesca\u00a0y principalmente aireaci\u00f3n para el manejo de altas densidades.<\/span><\/li>\n<li><span style=\"color: #000000;\">\u00a0Por esta y muchas razones m\u00e1s es importante trabajar con un solo proveedor, como TILAPIACENTER, ya que por su gran experiencia puede dar soluciones integrales en la instalaci\u00f3n de un m\u00f3dulo TILMARON a su medida.<\/span><\/li>\n<\/ul>\n<p>\n\t\t\t\t\t\t<\/div>\n\n\t\t\t\t\t\t\t\t\t\t\t\t\n\t\t\t\t\t<\/div>\n\n\t\t\t\t\t\t\t\t\t<\/div>\n\t\t\t<\/div>\n\t\t[\/vc_column][\/vc_row]<\/p>\n","protected":false},"excerpt":{"rendered":"<p>[vc_row][vc_column][vc_single_image image=&#8221;3686&#8243; img_size=&#8221;full&#8221; alignment=&#8221;center&#8221; parallax_scroll=&#8221;no&#8221;][\/vc_column][\/vc_row]<\/p>\n","protected":false},"author":1,"featured_media":3686,"parent":0,"menu_order":0,"comment_status":"closed","ping_status":"closed","template":"","meta":{"_monsterinsights_skip_tracking":false,"_monsterinsights_sitenote_active":false,"_monsterinsights_sitenote_note":"","_monsterinsights_sitenote_category":0,"spay_email":"","footnotes":""},"categories":[129],"tags":[80,67,297,348,78,296,72,340,349],"class_list":["post-3685","page","type-page","status-publish","has-post-thumbnail","hentry","category-tilmaron-instalaciones","tag-acuicultura","tag-camaron","tag-cultivo","tag-funciona","tag-hiperintensivo","tag-proyectos","tag-ras","tag-sistemas","tag-tecnologico"],"yoast_head":"<!-- This site is optimized with the Yoast SEO plugin v18.6 - https:\/\/yoast.com\/wordpress\/plugins\/seo\/ -->\n<title>C\u00f3mo funciona un sistema tilmaron para cultivo intensivo camaron<\/title>\n<meta name=\"description\" content=\"As\u00ed fuciona un sistema tilmaron en el cultivo de cultivo de camar\u00f3n o tilapia, comenzamos con el planteamiento de flujo, el dise\u00f1o en autocad de los tanques\" \/>\n<meta name=\"robots\" content=\"index, follow, max-snippet:-1, max-image-preview:large, max-video-preview:-1\" \/>\n<link rel=\"canonical\" href=\"https:\/\/tilapiacenter.com\/index\/como-funciona-tilmaron-acuicultura-camaron-tilapia\/\" \/>\n<meta property=\"og:locale\" content=\"es_ES\" \/>\n<meta property=\"og:type\" content=\"article\" \/>\n<meta property=\"og:title\" content=\"C\u00f3mo funciona un sistema tilmaron para cultivo intensivo camaron\" \/>\n<meta property=\"og:description\" content=\"As\u00ed fuciona un sistema tilmaron en el cultivo de cultivo de camar\u00f3n o tilapia, comenzamos con el planteamiento de flujo, el dise\u00f1o en autocad de los tanques\" \/>\n<meta property=\"og:url\" content=\"https:\/\/tilapiacenter.com\/index\/como-funciona-tilmaron-acuicultura-camaron-tilapia\/\" \/>\n<meta property=\"og:site_name\" content=\"TILAPIACENTER- Acuicultura Controlada\" \/>\n<meta property=\"article:publisher\" content=\"https:\/\/www.facebook.com\/tilapiacenterecuador\/\" \/>\n<meta property=\"article:modified_time\" content=\"2020-05-28T03:57:58+00:00\" \/>\n<meta property=\"og:image\" content=\"https:\/\/i0.wp.com\/tilapiacenter.com\/index\/wp-content\/uploads\/2020\/05\/ProdServ-ModulosTilmaron-ComoFuncionaTilmaron.jpg?fit=1135%2C773&#038;ssl=1\" \/>\n\t<meta property=\"og:image:width\" content=\"1135\" \/>\n\t<meta property=\"og:image:height\" content=\"773\" \/>\n\t<meta property=\"og:image:type\" content=\"image\/jpeg\" \/>\n<meta name=\"twitter:card\" content=\"summary_large_image\" \/>\n<meta name=\"twitter:site\" content=\"@tilapiacenter\" \/>\n<meta name=\"twitter:label1\" content=\"Tiempo de lectura\" \/>\n\t<meta name=\"twitter:data1\" content=\"1 minuto\" \/>\n<script type=\"application\/ld+json\" class=\"yoast-schema-graph\">{\"@context\":\"https:\/\/schema.org\",\"@graph\":[{\"@type\":\"WebSite\",\"@id\":\"https:\/\/tilapiacenter.com\/index\/#website\",\"url\":\"https:\/\/tilapiacenter.com\/index\/\",\"name\":\"TILAPIACENTER- Acuicultura Controlada\",\"description\":\"Equipos, Tecnolog\u00eda, asesor\u00eda y cursos en acuicultura tecnificada, para sistemas RAS y BIOFLOC, en el cultivo de camaron, tilapia, trucha en tanques en geomembrana.\",\"potentialAction\":[{\"@type\":\"SearchAction\",\"target\":{\"@type\":\"EntryPoint\",\"urlTemplate\":\"https:\/\/tilapiacenter.com\/index\/?s={search_term_string}\"},\"query-input\":\"required name=search_term_string\"}],\"inLanguage\":\"es\"},{\"@type\":\"ImageObject\",\"@id\":\"https:\/\/tilapiacenter.com\/index\/como-funciona-tilmaron-acuicultura-camaron-tilapia\/#primaryimage\",\"inLanguage\":\"es\",\"url\":\"https:\/\/i0.wp.com\/tilapiacenter.com\/index\/wp-content\/uploads\/2020\/05\/ProdServ-ModulosTilmaron-ComoFuncionaTilmaron.jpg?fit=1135%2C773&ssl=1\",\"contentUrl\":\"https:\/\/i0.wp.com\/tilapiacenter.com\/index\/wp-content\/uploads\/2020\/05\/ProdServ-ModulosTilmaron-ComoFuncionaTilmaron.jpg?fit=1135%2C773&ssl=1\",\"width\":1135,\"height\":773,\"caption\":\"ASi funciona modulo tilmaron cultivo camaron tilapia\"},{\"@type\":\"WebPage\",\"@id\":\"https:\/\/tilapiacenter.com\/index\/como-funciona-tilmaron-acuicultura-camaron-tilapia\/#webpage\",\"url\":\"https:\/\/tilapiacenter.com\/index\/como-funciona-tilmaron-acuicultura-camaron-tilapia\/\",\"name\":\"C\u00f3mo funciona un sistema tilmaron para cultivo intensivo camaron\",\"isPartOf\":{\"@id\":\"https:\/\/tilapiacenter.com\/index\/#website\"},\"primaryImageOfPage\":{\"@id\":\"https:\/\/tilapiacenter.com\/index\/como-funciona-tilmaron-acuicultura-camaron-tilapia\/#primaryimage\"},\"datePublished\":\"2020-05-28T03:56:05+00:00\",\"dateModified\":\"2020-05-28T03:57:58+00:00\",\"description\":\"As\u00ed fuciona un sistema tilmaron en el cultivo de cultivo de camar\u00f3n o tilapia, comenzamos con el planteamiento de flujo, el dise\u00f1o en autocad de los tanques\",\"breadcrumb\":{\"@id\":\"https:\/\/tilapiacenter.com\/index\/como-funciona-tilmaron-acuicultura-camaron-tilapia\/#breadcrumb\"},\"inLanguage\":\"es\",\"potentialAction\":[{\"@type\":\"ReadAction\",\"target\":[\"https:\/\/tilapiacenter.com\/index\/como-funciona-tilmaron-acuicultura-camaron-tilapia\/\"]}]},{\"@type\":\"BreadcrumbList\",\"@id\":\"https:\/\/tilapiacenter.com\/index\/como-funciona-tilmaron-acuicultura-camaron-tilapia\/#breadcrumb\",\"itemListElement\":[{\"@type\":\"ListItem\",\"position\":1,\"name\":\"Portada\",\"item\":\"https:\/\/tilapiacenter.com\/index\/\"},{\"@type\":\"ListItem\",\"position\":2,\"name\":\"C\u00f3mo funciona un modulo Tilmaron para acuicultura tecnificada\"}]}]}<\/script>\n<!-- \/ Yoast SEO plugin. -->","yoast_head_json":{"title":"C\u00f3mo funciona un sistema tilmaron para cultivo intensivo camaron","description":"As\u00ed fuciona un sistema tilmaron en el cultivo de cultivo de camar\u00f3n o tilapia, comenzamos con el planteamiento de flujo, el dise\u00f1o en autocad de los tanques","robots":{"index":"index","follow":"follow","max-snippet":"max-snippet:-1","max-image-preview":"max-image-preview:large","max-video-preview":"max-video-preview:-1"},"canonical":"https:\/\/tilapiacenter.com\/index\/como-funciona-tilmaron-acuicultura-camaron-tilapia\/","og_locale":"es_ES","og_type":"article","og_title":"C\u00f3mo funciona un sistema tilmaron para cultivo intensivo camaron","og_description":"As\u00ed fuciona un sistema tilmaron en el cultivo de cultivo de camar\u00f3n o tilapia, comenzamos con el planteamiento de flujo, el dise\u00f1o en autocad de los tanques","og_url":"https:\/\/tilapiacenter.com\/index\/como-funciona-tilmaron-acuicultura-camaron-tilapia\/","og_site_name":"TILAPIACENTER- Acuicultura Controlada","article_publisher":"https:\/\/www.facebook.com\/tilapiacenterecuador\/","article_modified_time":"2020-05-28T03:57:58+00:00","og_image":[{"width":1135,"height":773,"url":"https:\/\/i0.wp.com\/tilapiacenter.com\/index\/wp-content\/uploads\/2020\/05\/ProdServ-ModulosTilmaron-ComoFuncionaTilmaron.jpg?fit=1135%2C773&ssl=1","type":"image\/jpeg"}],"twitter_card":"summary_large_image","twitter_site":"@tilapiacenter","twitter_misc":{"Tiempo de lectura":"1 minuto"},"schema":{"@context":"https:\/\/schema.org","@graph":[{"@type":"WebSite","@id":"https:\/\/tilapiacenter.com\/index\/#website","url":"https:\/\/tilapiacenter.com\/index\/","name":"TILAPIACENTER- Acuicultura Controlada","description":"Equipos, Tecnolog\u00eda, asesor\u00eda y cursos en acuicultura tecnificada, para sistemas RAS y BIOFLOC, en el cultivo de camaron, tilapia, trucha en tanques en geomembrana.","potentialAction":[{"@type":"SearchAction","target":{"@type":"EntryPoint","urlTemplate":"https:\/\/tilapiacenter.com\/index\/?s={search_term_string}"},"query-input":"required name=search_term_string"}],"inLanguage":"es"},{"@type":"ImageObject","@id":"https:\/\/tilapiacenter.com\/index\/como-funciona-tilmaron-acuicultura-camaron-tilapia\/#primaryimage","inLanguage":"es","url":"https:\/\/i0.wp.com\/tilapiacenter.com\/index\/wp-content\/uploads\/2020\/05\/ProdServ-ModulosTilmaron-ComoFuncionaTilmaron.jpg?fit=1135%2C773&ssl=1","contentUrl":"https:\/\/i0.wp.com\/tilapiacenter.com\/index\/wp-content\/uploads\/2020\/05\/ProdServ-ModulosTilmaron-ComoFuncionaTilmaron.jpg?fit=1135%2C773&ssl=1","width":1135,"height":773,"caption":"ASi funciona modulo tilmaron cultivo camaron tilapia"},{"@type":"WebPage","@id":"https:\/\/tilapiacenter.com\/index\/como-funciona-tilmaron-acuicultura-camaron-tilapia\/#webpage","url":"https:\/\/tilapiacenter.com\/index\/como-funciona-tilmaron-acuicultura-camaron-tilapia\/","name":"C\u00f3mo funciona un sistema tilmaron para cultivo intensivo camaron","isPartOf":{"@id":"https:\/\/tilapiacenter.com\/index\/#website"},"primaryImageOfPage":{"@id":"https:\/\/tilapiacenter.com\/index\/como-funciona-tilmaron-acuicultura-camaron-tilapia\/#primaryimage"},"datePublished":"2020-05-28T03:56:05+00:00","dateModified":"2020-05-28T03:57:58+00:00","description":"As\u00ed fuciona un sistema tilmaron en el cultivo de cultivo de camar\u00f3n o tilapia, comenzamos con el planteamiento de flujo, el dise\u00f1o en autocad de los tanques","breadcrumb":{"@id":"https:\/\/tilapiacenter.com\/index\/como-funciona-tilmaron-acuicultura-camaron-tilapia\/#breadcrumb"},"inLanguage":"es","potentialAction":[{"@type":"ReadAction","target":["https:\/\/tilapiacenter.com\/index\/como-funciona-tilmaron-acuicultura-camaron-tilapia\/"]}]},{"@type":"BreadcrumbList","@id":"https:\/\/tilapiacenter.com\/index\/como-funciona-tilmaron-acuicultura-camaron-tilapia\/#breadcrumb","itemListElement":[{"@type":"ListItem","position":1,"name":"Portada","item":"https:\/\/tilapiacenter.com\/index\/"},{"@type":"ListItem","position":2,"name":"C\u00f3mo funciona un modulo Tilmaron para acuicultura tecnificada"}]}]}},"jetpack_sharing_enabled":true,"jetpack_likes_enabled":true,"jetpack-related-posts":[{"id":3574,"url":"https:\/\/tilapiacenter.com\/index\/enfoque-inversion-tilmaron-camaron-tilapia\/","url_meta":{"origin":3685,"position":0},"title":"Enfoque de inversi\u00f3n M\u00f3dulos Tilmaron Camar\u00f3n\/Tilapia","date":"24 de mayo de 2020","format":false,"excerpt":"[vc_row][vc_column][vc_single_image image=\"3113\" img_size=\"full\" alignment=\"center\" parallax_scroll=\"no\"][vc_single_image image=\"3578\" img_size=\"full\" alignment=\"center\" parallax_scroll=\"no\"][\/vc_column][\/vc_row][vc_row][vc_column][vc_video link=\"https:\/\/youtu.be\/QjTeVDf1XLU\" title=\"M\u00f3dulos Tilmaron\" image_poster_switch=\"no\"][\/vc_column][\/vc_row][vc_row][vc_column width=\"1\/3\"][\/vc_column][vc_column width=\"1\/3\"][vc_btn title=\"VER NIVELES DE INVERSI\u00d3N Y ESCALAS DEL NEGOCIO (Nota: Al hacer clic, REG\u00cdSTRESE para poder ver la p\u00e1gina)\" color=\"green\" size=\"lg\" i_icon_fontawesome=\"fas fa-key\" add_icon=\"true\" link=\"url:https%3A%2F%2Fgreenyellow-okapi-692508.hostingersite.com%2Findex%2Fenfoque-de-inversion-acuicola-escalas-del-negocio%2F|title:Enfoque%20de%20inversi%C3%B3n%20acu%C3%ADcola%20%E2%80%93%20Escalas%20del%20Negocio||\"][\/vc_column][vc_column width=\"1\/3\"][\/vc_column][\/vc_row]","rel":"","context":"En \u00abTILMARON ACUICULTURA INTEGRAL (pg)\u00bb","img":{"alt_text":"Costo de tanques geomembrana cultivo de camar\u00f3n y tilapia","src":"https:\/\/i0.wp.com\/tilapiacenter.com\/index\/wp-content\/uploads\/2020\/05\/ProdServ-ModulosTilmaron-Enfoque-0.jpg?fit=759%2C494&ssl=1&resize=350%2C200","width":350,"height":200},"classes":[]},{"id":3608,"url":"https:\/\/tilapiacenter.com\/index\/modelos-inversion-cultivo-camaron-tilapia-ras-biofloc\/","url_meta":{"origin":3685,"position":1},"title":"Modelos inversi\u00f3n  cultivo camar\u00f3n\/tilapia en RAS\/Biofloc. Full Equipo, Llave en mano..","date":"25 de mayo de 2020","format":false,"excerpt":"[vc_row][vc_column][vc_video link=\"https:\/\/www.youtube.com\/watch?v=0JVun1901-g\" image_poster_switch=\"no\"][\/vc_column][\/vc_row][vc_row][vc_column][vc_single_image image=\"3610\" img_size=\"full\" alignment=\"center\" parallax_scroll=\"no\"][vc_single_image image=\"3614\" img_size=\"full\" alignment=\"center\" parallax_scroll=\"no\"][vc_single_image image=\"3619\" img_size=\"full\" alignment=\"center\" parallax_scroll=\"no\"][vc_single_image image=\"3628\" img_size=\"full\" alignment=\"center\" parallax_scroll=\"no\"][vc_single_image image=\"3629\" img_size=\"full\" alignment=\"center\" parallax_scroll=\"no\"][\/vc_column][\/vc_row][vc_row][vc_column][vc_column_text text_larger=\"no\"]Si usted ya ha revisado toda esta informaci\u00f3n, entonces ya puede tomar una decisi\u00f3n, de qu\u00e9 proyecto desea llevar a cabo, y para ello le invitamos a\u2026","rel":"","context":"En \u00abSISTEMAS TILMARON FULL EQUIPO\u00bb","img":{"alt_text":"automatizaci\u00f3n camar\u00f3n tilapia","src":"https:\/\/i0.wp.com\/tilapiacenter.com\/index\/wp-content\/uploads\/2020\/05\/TilmaronPortada1.jpg?fit=1200%2C675&ssl=1&resize=350%2C200","width":350,"height":200},"classes":[]},{"id":3679,"url":"https:\/\/tilapiacenter.com\/index\/factibilidad-produccion-camaron-hiperintensivo\/","url_meta":{"origin":3685,"position":2},"title":"Factibilidad en la producci\u00f3n de camar\u00f3n hiperintensivo","date":"28 de mayo de 2020","format":false,"excerpt":"[vc_row][vc_column][vc_single_image image=\"3680\" img_size=\"full\" alignment=\"center\" parallax_scroll=\"no\"][vc_single_image image=\"3682\" img_size=\"full\" alignment=\"center\" parallax_scroll=\"no\"][\/vc_column][\/vc_row]","rel":"","context":"En \u00abTILMARON ACUICULTURA INTEGRAL (pg)\u00bb","img":{"alt_text":"Factibilidad de cultivo de camaron intensivo","src":"https:\/\/i0.wp.com\/tilapiacenter.com\/index\/wp-content\/uploads\/2020\/05\/ProdServ-ModulosTilmaron-FactibilidacamaronHiper-1.jpg?fit=756%2C415&ssl=1&resize=350%2C200","width":350,"height":200},"classes":[]},{"id":3508,"url":"https:\/\/tilapiacenter.com\/index\/asi-construimos-6dx6-camaron-hiperintensivo-portete-esmeraldas-2018\/","url_meta":{"origin":3685,"position":3},"title":"As\u00ed constru\u00edmos 6Dx6 camar\u00f3n hiperintensivo, Portete- Esmeraldas , 2018","date":"23 de mayo de 2020","format":false,"excerpt":"[vc_row][vc_column][vc_single_image image=\"3504\" img_size=\"full\" alignment=\"center\" parallax_scroll=\"no\"][vc_video link=\"https:\/\/www.youtube.com\/watch?v=2sgfOnhxvNg&t=20s\" image_poster_switch=\"no\"][\/vc_column][\/vc_row][vc_row][vc_column][vc_single_image image=\"3510\" img_size=\"full\" alignment=\"center\" parallax_scroll=\"no\"][vc_single_image image=\"3511\" img_size=\"full\" alignment=\"center\" parallax_scroll=\"no\"][vc_single_image image=\"3512\" img_size=\"full\" alignment=\"center\" parallax_scroll=\"no\"][vc_single_image image=\"3509\" img_size=\"full\" alignment=\"center\" parallax_scroll=\"no\"][\/vc_column][\/vc_row]","rel":"","context":"En \u00abCASOS DE EXITO (Pg)\u00bb","img":{"alt_text":"Cultivo camaron tanques geomembrana Portete Esmeraldas","src":"https:\/\/i0.wp.com\/tilapiacenter.com\/index\/wp-content\/uploads\/2020\/05\/CasosExito-portete-5.jpg?fit=632%2C356&ssl=1&resize=350%2C200","width":350,"height":200},"classes":[]},{"id":3636,"url":"https:\/\/tilapiacenter.com\/index\/modulo-familiar-basico-cultivo-tilapia-camaron-tanques-geomembrana\/","url_meta":{"origin":3685,"position":4},"title":"M\u00f3dulos Tilmaron FAMILIAR \/ B\u00c1SICO para cultivo camar\u00f3n\/tilapia en tanques en geomembrana","date":"27 de mayo de 2020","format":false,"excerpt":"[vc_row][vc_column][vc_single_image image=\"3637\" img_size=\"full\" alignment=\"center\" parallax_scroll=\"no\"][vc_single_image image=\"3490\" img_size=\"full\" alignment=\"center\" parallax_scroll=\"no\"][vc_separator][\/vc_column][\/vc_row][vc_row][vc_column][\/vc_column][\/vc_row][vc_row][vc_column][vc_single_image image=\"4201\" img_size=\"full\" parallax_scroll=\"no\"][\/vc_column][\/vc_row][vc_row][vc_column][\/vc_column][\/vc_row]","rel":"","context":"En \u00abSISTEMAS FAMILIAR BASICOS\u00bb","img":{"alt_text":"Tanque familiar para tilapia intensivo","src":"https:\/\/i0.wp.com\/tilapiacenter.com\/index\/wp-content\/uploads\/2020\/05\/CasosExito-KitFamiliar-StoDgo-3.jpg?fit=800%2C450&ssl=1&resize=350%2C200","width":350,"height":200},"classes":[]},{"id":646,"url":"https:\/\/tilapiacenter.com\/index\/contactos-con-tilapiacenter\/","url_meta":{"origin":3685,"position":5},"title":"Contactese con Tilapiacenter","date":"26 de junio de 2017","format":false,"excerpt":"[vc_row full_width=\"stretch_row_content_no_spaces\" css_animation=\"none\" css=\".vc_custom_1496927007057{margin-top: -40px !important;margin-bottom: 8vh !important;}\"][vc_column][\/vc_column][\/vc_row][vc_row equal_height=\"yes\" css_animation=\"none\" css=\".vc_custom_1591739214380{margin-right: -50px !important;margin-left: -50px !important;}\" mobile_bg_img_hidden=\"no\" tablet_bg_img_hidden=\"no\" woodmart_parallax=\"0\" woodmart_gradient_switch=\"no\" row_reverse_mobile=\"0\" row_reverse_tablet=\"0\" woodmart_disable_overflow=\"0\"][vc_column css=\".vc_custom_1496927710186{border-right-width: 1px !important;padding-top: 20px !important;padding-right: 50px !important;padding-bottom: 10px !important;padding-left: 50px !important;border-right-color: #e8e8e8 !important;border-right-style: solid !important;}\" offset=\"vc_col-lg-6 vc_col-md-6\"][vc_tta_accordion shape=\"square\" color=\"white\" c_icon=\"chevron\" c_position=\"right\" active_section=\"1\" no_fill=\"true\" collapsible_all=\"true\"][vc_tta_section title=\"\u00bfCu\u00e1l es la vida\u2026","rel":"","context":"En \u00abQUIENES SOMOS (pg)\u00bb","img":{"alt_text":"","src":"","width":0,"height":0},"classes":[]}],"post_mailing_queue_ids":[],"_links":{"self":[{"href":"https:\/\/tilapiacenter.com\/index\/wp-json\/wp\/v2\/pages\/3685","targetHints":{"allow":["GET"]}}],"collection":[{"href":"https:\/\/tilapiacenter.com\/index\/wp-json\/wp\/v2\/pages"}],"about":[{"href":"https:\/\/tilapiacenter.com\/index\/wp-json\/wp\/v2\/types\/page"}],"author":[{"embeddable":true,"href":"https:\/\/tilapiacenter.com\/index\/wp-json\/wp\/v2\/users\/1"}],"replies":[{"embeddable":true,"href":"https:\/\/tilapiacenter.com\/index\/wp-json\/wp\/v2\/comments?post=3685"}],"version-history":[{"count":2,"href":"https:\/\/tilapiacenter.com\/index\/wp-json\/wp\/v2\/pages\/3685\/revisions"}],"predecessor-version":[{"id":3689,"href":"https:\/\/tilapiacenter.com\/index\/wp-json\/wp\/v2\/pages\/3685\/revisions\/3689"}],"wp:featuredmedia":[{"embeddable":true,"href":"https:\/\/tilapiacenter.com\/index\/wp-json\/wp\/v2\/media\/3686"}],"wp:attachment":[{"href":"https:\/\/tilapiacenter.com\/index\/wp-json\/wp\/v2\/media?parent=3685"}],"wp:term":[{"taxonomy":"category","embeddable":true,"href":"https:\/\/tilapiacenter.com\/index\/wp-json\/wp\/v2\/categories?post=3685"},{"taxonomy":"post_tag","embeddable":true,"href":"https:\/\/tilapiacenter.com\/index\/wp-json\/wp\/v2\/tags?post=3685"}],"curies":[{"name":"wp","href":"https:\/\/api.w.org\/{rel}","templated":true}]}}