{"id":3679,"date":"2020-05-28T03:37:13","date_gmt":"2020-05-28T03:37:13","guid":{"rendered":"https:\/\/greenyellow-okapi-692508.hostingersite.com\/index\/?page_id=3679"},"modified":"2020-05-28T04:00:32","modified_gmt":"2020-05-28T04:00:32","slug":"factibilidad-produccion-camaron-hiperintensivo","status":"publish","type":"page","link":"https:\/\/tilapiacenter.com\/index\/factibilidad-produccion-camaron-hiperintensivo\/","title":{"rendered":"Factibilidad en la producci\u00f3n de camar\u00f3n hiperintensivo"},"content":{"rendered":"<p>[vc_row][vc_column]\t\t\t<div class=\"info-box-wrapper \">\n\t\t\t\t<div id=\"wd-5ecf370eb2ff9\" class=\" woodmart-info-box text-left box-icon-align-top box-style- color-scheme- woodmart-bg-none box-title-default \"  >\n\t\t\t\t\t\t\t\t\t\t<div class=\"info-box-content\">\n\t\t\t\t\t\t<h4 class=\"info-box-title woodmart-font-weight- box-title-style-default\">AN\u00c1LISIS DE VIABILIDAD DE CULTIVO DE CAMAR\u00d3N HIPERINTENSIVO VS. EXTENSIVO<\/h4>\t\t\t\t\t\t<div class=\"info-box-inner reset-mb-10\">\n\t\t\t\t\t\t\t<p><span style=\"color: #000000;\">Cuando habamos de cultivo de camar\u00f3n <strong>\u00a0INTENSIVO (o hiperintensivo) <\/strong>\u00a0nos referimos al procesos de cultivo en sistema de tanques\u00a0 con tecnolog\u00eda TILMARON PARA CAMAR\u00d3N (SISTEMAS ABIERTOS O RAS), mientras que la t\u00e9cnico en <strong>EXTENSIVO<\/strong> hace referencia al cultivo regular en piscinas de tierra como se lo viene haciendo tradicionalmente.<\/span><\/p>\n<p><strong>PODEMOS HACER LAS SIGUIENTE DIFERENCIAS:<\/strong><\/p>\n<ul>\n<li><span style=\"color: #000000;\">Para cultivar la misma cantidad anual entre estos dos tipos de cultivo, en los sistemas TILMARON requiere solo el 50%de inversi\u00f3n en infraestructura respecto al tradicional (CULTIVO EXTENSIVO).<\/span><\/li>\n<li><span style=\"color: #000000;\">El cultivo en sistemas extensivos vs.\u00a0 Sistemas controlados en tanques, es poco viable por el inmenso impacto ambiental al usar grandes extensiones de tierra, reduciendo ecosistemas y\/o espacios para los otros habitantes.<\/span><\/li>\n<li><span style=\"color: #000000;\">Si vemos desde la parte econ\u00f3mica, en el sistema Hiperintensivo (SISTEMAS controlados) recupera de inmediato el capital de inversi\u00f3n (3-5 a\u00f1os) vs. 15 a\u00f1os que demora en recuperar el capital en el modelo Extensivo.<\/span><\/li>\n<li><span style=\"color: #000000;\">Los modulos Intensivos permite un manejo sistem\u00e1tico en cuanto a planificaci\u00f3n de la producci\u00f3n y control del organismo. Por ejemplo puede cosechar con frecuencias cortas, cada semana, quincenal, etc.<\/span><\/li>\n<\/ul>\n<p>\n\t\t\t\t\t\t<\/div>\n\n\t\t\t\t\t\t\t\t\t\t\t\t\n\t\t\t\t\t<\/div>\n\n\t\t\t\t\t\t\t\t\t<\/div>\n\t\t\t<\/div>\n\t\t[vc_single_image image=&#8221;3680&#8243; img_size=&#8221;full&#8221; alignment=&#8221;center&#8221; parallax_scroll=&#8221;no&#8221;]\t\t\t<div class=\"info-box-wrapper \">\n\t\t\t\t<div id=\"wd-5ecf372d109cf\" class=\" woodmart-info-box text-left box-icon-align-top box-style- color-scheme- woodmart-bg-none box-title-default \"  >\n\t\t\t\t\t\t\t\t\t\t<div class=\"info-box-content\">\n\t\t\t\t\t\t<h4 class=\"info-box-title woodmart-font-weight- box-title-style-default\">BENEFICIOS DEL CULTIVO DE CAMAR\u00d3N EN SISTEMAS TILMARON<\/h4>\t\t\t\t\t\t<div class=\"info-box-inner reset-mb-10\">\n\t\t\t\t\t\t\t<\/p>\n<ul>\n<li>Gran ahorro del agua, ya que puede trabajar con bajos recambios<\/li>\n<li>F\u00e1cil de vigilar, poco el uso reducido de espacio.<\/li>\n<li>Facilidad de planificar cosechas a flexibilidad.<\/li>\n<li>Baja tasa de mortalidad 10-20%.<\/li>\n<li>Manejo de\u00a0densidad de cultivo de\u00a0entre 300 y 800 camarones por metro c\u00fabico de agua.<\/li>\n<\/ul>\n<h4>COMPARACI\u00d3N SI SE DESEA CULTIVAR LA MISMA CANTIDAD CAMAR\u00d3N<\/h4>\n<table>\n<tbody>\n<tr>\n<td><\/td>\n<td>&nbsp;<\/p>\n<p><strong>M\u00f3dulos TILMARON<\/strong><\/td>\n<td>&nbsp;<\/p>\n<p><strong>Piscinas de Tierra<\/strong><\/td>\n<\/tr>\n<tr>\n<td>\u00a0<strong>Tierra<\/strong><\/td>\n<td>1 Hect\u00e1rea (10 000m2)<\/td>\n<td>30 Hect\u00e1reas (300 000 m2)<\/td>\n<\/tr>\n<tr>\n<td><strong>Agua\u00a0<\/strong><\/td>\n<td>Recambio de agua en un 5%<\/p>\n<p>Rehuso 90% si es RAS<\/td>\n<td>&nbsp;<\/p>\n<p>Recambio de agua al 100%<\/td>\n<\/tr>\n<tr>\n<td>\u00a0<b>Inversi\u00f3n Aproximada<\/b><\/td>\n<td>USD 450.000<\/td>\n<td>USD 1 200 000.0<\/td>\n<\/tr>\n<tr>\n<td>&nbsp;<\/p>\n<p><strong>Producci\u00f3n<\/strong><\/td>\n<td colspan=\"2\">\n<p style=\"text-align: center;\">150 TM\/A\u00d1O<\/p>\n<\/td>\n<\/tr>\n<tr>\n<td>&nbsp;<\/p>\n<p><strong>Ventas<\/strong><\/td>\n<td colspan=\"2\">USD\u00a0&#8212;-<\/td>\n<\/tr>\n<tr>\n<td>&nbsp;<\/p>\n<p><strong>Rentabilidad<\/strong><\/td>\n<td colspan=\"2\">USD\u00a0&#8212;-<\/td>\n<\/tr>\n<tr>\n<td>&nbsp;<\/p>\n<p><strong>Tiempo de Recuperaci\u00f3n de la Inversi\u00f3n<\/strong><\/td>\n<td>\u00a03-5\u00a0A\u00f1os<\/td>\n<td>15 A\u00f1os<\/td>\n<\/tr>\n<\/tbody>\n<\/table>\n<p>\n\t\t\t\t\t\t<\/div>\n\n\t\t\t\t\t\t\t\t\t\t\t\t\n\t\t\t\t\t<\/div>\n\n\t\t\t\t\t\t\t\t\t<\/div>\n\t\t\t<\/div>\n\t\t\t\t\t<div class=\"info-box-wrapper \">\n\t\t\t\t<div id=\"wd-5ecf3742bc4c5\" class=\" woodmart-info-box text-left box-icon-align-top box-style- color-scheme- woodmart-bg-none box-title-default \"  >\n\t\t\t\t\t\t\t\t\t\t<div class=\"info-box-content\">\n\t\t\t\t\t\t<h4 class=\"info-box-title woodmart-font-weight- box-title-style-default\">\u00a1GANANDO M\u00c1S, CON M\u00c1S BENEFICIOS!<\/h4>\t\t\t\t\t\t<div class=\"info-box-inner reset-mb-10\">\n\t\t\t\t\t\t\t<p>Esto resulta\u00a0<strong>Optimizando los recursos<\/strong>, mediante la utilizaci\u00f3n de tecnolog\u00eda b\u00e1sica, para:<\/p>\n<p><strong>1)reducci\u00f3n de espacios ,<\/strong><\/p>\n<p><strong>2)cero contaminaci\u00f3n de fuentes y gesti\u00f3n de residuos\u00a0<\/strong><\/p>\n<p><strong>3)ahorro de agua y no dependencia de un r\u00edo \u00a0 \u00a0<\/strong><\/p>\n<p><strong>4)mejor control de temperatura, ambiente, robo y plagas \u00a0<\/strong><\/p>\n<p>Esto permite mayor densidad de cultivo por m3 de agua, y \u00a0de esta forma, \u00a0la alta producci\u00f3n rentabiliza las operaciones. La t\u00e9cnica tambi\u00e9n, facilita la planificaci\u00f3n de cosechas peri\u00f3dicas. SOCIALMENTE, genera diversificaci\u00f3n, empleo a largo plazo y mejora alimentaria.<\/p>\n\t\t\t\t\t\t<\/div>\n\n\t\t\t\t\t\t\t\t\t\t\t\t\n\t\t\t\t\t<\/div>\n\n\t\t\t\t\t\t\t\t\t<\/div>\n\t\t\t<\/div>\n\t\t\t\t\t<div class=\"info-box-wrapper \">\n\t\t\t\t<div id=\"wd-5ecf37505a292\" class=\" woodmart-info-box text-left box-icon-align-top box-style- color-scheme- woodmart-bg-none box-title-default \"  >\n\t\t\t\t\t\t\t\t\t\t<div class=\"info-box-content\">\n\t\t\t\t\t\t<h4 class=\"info-box-title woodmart-font-weight- box-title-style-default\">ESTUDIO T\u00c9CNICO DE FACTIBILIDAD, UN INSTRUMENTO PARA MIRAR EL HORIZONTE DE LA INVERSI\u00d3N<\/h4>\t\t\t\t\t\t<div class=\"info-box-inner reset-mb-10\">\n\t\t\t\t\t\t\t<p><strong>El ESTUDIO T\u00c9CNICO contiene\u00a0<\/strong>Plan de Pago de financiamiento a 5 a\u00f1os.- En el caso que el proyecto se d\u00e9 con recursos financiados, en el informe t\u00e9cnico se detalla los rubros que debe cubrir como cuotas de amortizaci\u00f3n del pr\u00e9stamo. Este documento es \u00fatil para argumentar o defender una posible inversi\u00f3n.<\/p>\n\t\t\t\t\t\t<\/div>\n\n\t\t\t\t\t\t\t\t\t\t\t\t\n\t\t\t\t\t<\/div>\n\n\t\t\t\t\t\t\t\t\t<\/div>\n\t\t\t<\/div>\n\t\t[vc_single_image image=&#8221;3682&#8243; img_size=&#8221;full&#8221; alignment=&#8221;center&#8221; parallax_scroll=&#8221;no&#8221;][\/vc_column][\/vc_row]<\/p>\n","protected":false},"excerpt":{"rendered":"<p>[vc_row][vc_column][vc_single_image image=&#8221;3680&#8243; img_size=&#8221;full&#8221; alignment=&#8221;center&#8221; parallax_scroll=&#8221;no&#8221;][vc_single_image image=&#8221;3682&#8243; img_size=&#8221;full&#8221; alignment=&#8221;center&#8221; parallax_scroll=&#8221;no&#8221;][\/vc_column][\/vc_row]<\/p>\n","protected":false},"author":1,"featured_media":3680,"parent":0,"menu_order":0,"comment_status":"closed","ping_status":"closed","template":"","meta":{"_monsterinsights_skip_tracking":false,"_monsterinsights_sitenote_active":false,"_monsterinsights_sitenote_note":"","_monsterinsights_sitenote_category":0,"spay_email":"","footnotes":""},"categories":[129],"tags":[67,297,346,78,326,296,72,340,347],"class_list":["post-3679","page","type-page","status-publish","has-post-thumbnail","hentry","category-tilmaron-instalaciones","tag-camaron","tag-cultivo","tag-factibilidad","tag-hiperintensivo","tag-negocio","tag-proyectos","tag-ras","tag-sistemas","tag-viabilidad"],"yoast_head":"<!-- This site is optimized with the Yoast SEO plugin v18.6 - https:\/\/yoast.com\/wordpress\/plugins\/seo\/ -->\n<title>Factibilidad en la producci\u00f3n de camar\u00f3n hiperintensivo<\/title>\n<meta name=\"description\" content=\"Factibilidad en la producci\u00f3n de camar\u00f3n hiperintensivo y an\u00e1lisis entre sistemas intensivos y extensivos\" \/>\n<meta name=\"robots\" content=\"index, follow, max-snippet:-1, max-image-preview:large, max-video-preview:-1\" \/>\n<link rel=\"canonical\" href=\"https:\/\/tilapiacenter.com\/index\/factibilidad-produccion-camaron-hiperintensivo\/\" \/>\n<meta property=\"og:locale\" content=\"es_ES\" \/>\n<meta property=\"og:type\" content=\"article\" \/>\n<meta property=\"og:title\" content=\"Factibilidad en la producci\u00f3n de camar\u00f3n hiperintensivo\" \/>\n<meta property=\"og:description\" content=\"Factibilidad en la producci\u00f3n de camar\u00f3n hiperintensivo y an\u00e1lisis entre sistemas intensivos y extensivos\" \/>\n<meta property=\"og:url\" content=\"https:\/\/tilapiacenter.com\/index\/factibilidad-produccion-camaron-hiperintensivo\/\" \/>\n<meta property=\"og:site_name\" content=\"TILAPIACENTER- Acuicultura Controlada\" \/>\n<meta property=\"article:publisher\" content=\"https:\/\/www.facebook.com\/tilapiacenterecuador\/\" \/>\n<meta property=\"article:modified_time\" content=\"2020-05-28T04:00:32+00:00\" \/>\n<meta property=\"og:image\" content=\"https:\/\/i0.wp.com\/tilapiacenter.com\/index\/wp-content\/uploads\/2020\/05\/ProdServ-ModulosTilmaron-FactibilidacamaronHiper-1.jpg?fit=756%2C415&#038;ssl=1\" \/>\n\t<meta property=\"og:image:width\" content=\"756\" \/>\n\t<meta property=\"og:image:height\" content=\"415\" \/>\n\t<meta property=\"og:image:type\" content=\"image\/jpeg\" \/>\n<meta name=\"twitter:card\" content=\"summary_large_image\" \/>\n<meta name=\"twitter:site\" content=\"@tilapiacenter\" \/>\n<meta name=\"twitter:label1\" content=\"Tiempo de lectura\" \/>\n\t<meta name=\"twitter:data1\" content=\"3 minutos\" \/>\n<script type=\"application\/ld+json\" class=\"yoast-schema-graph\">{\"@context\":\"https:\/\/schema.org\",\"@graph\":[{\"@type\":\"WebSite\",\"@id\":\"https:\/\/tilapiacenter.com\/index\/#website\",\"url\":\"https:\/\/tilapiacenter.com\/index\/\",\"name\":\"TILAPIACENTER- Acuicultura Controlada\",\"description\":\"Equipos, Tecnolog\u00eda, asesor\u00eda y cursos en acuicultura tecnificada, para sistemas RAS y BIOFLOC, en el cultivo de camaron, tilapia, trucha en tanques en geomembrana.\",\"potentialAction\":[{\"@type\":\"SearchAction\",\"target\":{\"@type\":\"EntryPoint\",\"urlTemplate\":\"https:\/\/tilapiacenter.com\/index\/?s={search_term_string}\"},\"query-input\":\"required name=search_term_string\"}],\"inLanguage\":\"es\"},{\"@type\":\"ImageObject\",\"@id\":\"https:\/\/tilapiacenter.com\/index\/factibilidad-produccion-camaron-hiperintensivo\/#primaryimage\",\"inLanguage\":\"es\",\"url\":\"https:\/\/i0.wp.com\/tilapiacenter.com\/index\/wp-content\/uploads\/2020\/05\/ProdServ-ModulosTilmaron-FactibilidacamaronHiper-1.jpg?fit=756%2C415&ssl=1\",\"contentUrl\":\"https:\/\/i0.wp.com\/tilapiacenter.com\/index\/wp-content\/uploads\/2020\/05\/ProdServ-ModulosTilmaron-FactibilidacamaronHiper-1.jpg?fit=756%2C415&ssl=1\",\"width\":756,\"height\":415,\"caption\":\"Factibilidad de cultivo de camaron intensivo\"},{\"@type\":\"WebPage\",\"@id\":\"https:\/\/tilapiacenter.com\/index\/factibilidad-produccion-camaron-hiperintensivo\/#webpage\",\"url\":\"https:\/\/tilapiacenter.com\/index\/factibilidad-produccion-camaron-hiperintensivo\/\",\"name\":\"Factibilidad en la producci\u00f3n de camar\u00f3n hiperintensivo\",\"isPartOf\":{\"@id\":\"https:\/\/tilapiacenter.com\/index\/#website\"},\"primaryImageOfPage\":{\"@id\":\"https:\/\/tilapiacenter.com\/index\/factibilidad-produccion-camaron-hiperintensivo\/#primaryimage\"},\"datePublished\":\"2020-05-28T03:37:13+00:00\",\"dateModified\":\"2020-05-28T04:00:32+00:00\",\"description\":\"Factibilidad en la producci\u00f3n de camar\u00f3n hiperintensivo y an\u00e1lisis entre sistemas intensivos y extensivos\",\"breadcrumb\":{\"@id\":\"https:\/\/tilapiacenter.com\/index\/factibilidad-produccion-camaron-hiperintensivo\/#breadcrumb\"},\"inLanguage\":\"es\",\"potentialAction\":[{\"@type\":\"ReadAction\",\"target\":[\"https:\/\/tilapiacenter.com\/index\/factibilidad-produccion-camaron-hiperintensivo\/\"]}]},{\"@type\":\"BreadcrumbList\",\"@id\":\"https:\/\/tilapiacenter.com\/index\/factibilidad-produccion-camaron-hiperintensivo\/#breadcrumb\",\"itemListElement\":[{\"@type\":\"ListItem\",\"position\":1,\"name\":\"Portada\",\"item\":\"https:\/\/tilapiacenter.com\/index\/\"},{\"@type\":\"ListItem\",\"position\":2,\"name\":\"Factibilidad en la producci\u00f3n de camar\u00f3n hiperintensivo\"}]}]}<\/script>\n<!-- \/ Yoast SEO plugin. -->","yoast_head_json":{"title":"Factibilidad en la producci\u00f3n de camar\u00f3n hiperintensivo","description":"Factibilidad en la producci\u00f3n de camar\u00f3n hiperintensivo y an\u00e1lisis entre sistemas intensivos y extensivos","robots":{"index":"index","follow":"follow","max-snippet":"max-snippet:-1","max-image-preview":"max-image-preview:large","max-video-preview":"max-video-preview:-1"},"canonical":"https:\/\/tilapiacenter.com\/index\/factibilidad-produccion-camaron-hiperintensivo\/","og_locale":"es_ES","og_type":"article","og_title":"Factibilidad en la producci\u00f3n de camar\u00f3n hiperintensivo","og_description":"Factibilidad en la producci\u00f3n de camar\u00f3n hiperintensivo y an\u00e1lisis entre sistemas intensivos y extensivos","og_url":"https:\/\/tilapiacenter.com\/index\/factibilidad-produccion-camaron-hiperintensivo\/","og_site_name":"TILAPIACENTER- Acuicultura Controlada","article_publisher":"https:\/\/www.facebook.com\/tilapiacenterecuador\/","article_modified_time":"2020-05-28T04:00:32+00:00","og_image":[{"width":756,"height":415,"url":"https:\/\/i0.wp.com\/tilapiacenter.com\/index\/wp-content\/uploads\/2020\/05\/ProdServ-ModulosTilmaron-FactibilidacamaronHiper-1.jpg?fit=756%2C415&ssl=1","type":"image\/jpeg"}],"twitter_card":"summary_large_image","twitter_site":"@tilapiacenter","twitter_misc":{"Tiempo de lectura":"3 minutos"},"schema":{"@context":"https:\/\/schema.org","@graph":[{"@type":"WebSite","@id":"https:\/\/tilapiacenter.com\/index\/#website","url":"https:\/\/tilapiacenter.com\/index\/","name":"TILAPIACENTER- Acuicultura Controlada","description":"Equipos, Tecnolog\u00eda, asesor\u00eda y cursos en acuicultura tecnificada, para sistemas RAS y BIOFLOC, en el cultivo de camaron, tilapia, trucha en tanques en geomembrana.","potentialAction":[{"@type":"SearchAction","target":{"@type":"EntryPoint","urlTemplate":"https:\/\/tilapiacenter.com\/index\/?s={search_term_string}"},"query-input":"required name=search_term_string"}],"inLanguage":"es"},{"@type":"ImageObject","@id":"https:\/\/tilapiacenter.com\/index\/factibilidad-produccion-camaron-hiperintensivo\/#primaryimage","inLanguage":"es","url":"https:\/\/i0.wp.com\/tilapiacenter.com\/index\/wp-content\/uploads\/2020\/05\/ProdServ-ModulosTilmaron-FactibilidacamaronHiper-1.jpg?fit=756%2C415&ssl=1","contentUrl":"https:\/\/i0.wp.com\/tilapiacenter.com\/index\/wp-content\/uploads\/2020\/05\/ProdServ-ModulosTilmaron-FactibilidacamaronHiper-1.jpg?fit=756%2C415&ssl=1","width":756,"height":415,"caption":"Factibilidad de cultivo de camaron intensivo"},{"@type":"WebPage","@id":"https:\/\/tilapiacenter.com\/index\/factibilidad-produccion-camaron-hiperintensivo\/#webpage","url":"https:\/\/tilapiacenter.com\/index\/factibilidad-produccion-camaron-hiperintensivo\/","name":"Factibilidad en la producci\u00f3n de camar\u00f3n hiperintensivo","isPartOf":{"@id":"https:\/\/tilapiacenter.com\/index\/#website"},"primaryImageOfPage":{"@id":"https:\/\/tilapiacenter.com\/index\/factibilidad-produccion-camaron-hiperintensivo\/#primaryimage"},"datePublished":"2020-05-28T03:37:13+00:00","dateModified":"2020-05-28T04:00:32+00:00","description":"Factibilidad en la producci\u00f3n de camar\u00f3n hiperintensivo y an\u00e1lisis entre sistemas intensivos y extensivos","breadcrumb":{"@id":"https:\/\/tilapiacenter.com\/index\/factibilidad-produccion-camaron-hiperintensivo\/#breadcrumb"},"inLanguage":"es","potentialAction":[{"@type":"ReadAction","target":["https:\/\/tilapiacenter.com\/index\/factibilidad-produccion-camaron-hiperintensivo\/"]}]},{"@type":"BreadcrumbList","@id":"https:\/\/tilapiacenter.com\/index\/factibilidad-produccion-camaron-hiperintensivo\/#breadcrumb","itemListElement":[{"@type":"ListItem","position":1,"name":"Portada","item":"https:\/\/tilapiacenter.com\/index\/"},{"@type":"ListItem","position":2,"name":"Factibilidad en la producci\u00f3n de camar\u00f3n hiperintensivo"}]}]}},"jetpack_sharing_enabled":true,"jetpack_likes_enabled":true,"jetpack-related-posts":[{"id":3518,"url":"https:\/\/tilapiacenter.com\/index\/asi-construimos-sistema-ras-camaron-hiperintensivo-chiclayo-lambayeque-peru-camaron-tilapia-life\/","url_meta":{"origin":3679,"position":0},"title":"As\u00ed construimos TILMARON CUADRON 12, Chiclayo y Lambayeque- Per\u00fa , 2019","date":"23 de mayo de 2020","format":false,"excerpt":"[vc_row][vc_column][vc_single_image image=\"3524\" img_size=\"full\" alignment=\"center\" parallax_scroll=\"no\"][vc_video link=\"https:\/\/www.youtube.com\/watch?v=Hism96Rx1pM&t=12s\" image_poster_switch=\"no\"][\/vc_column][\/vc_row][vc_row][vc_column][vc_single_image image=\"3522\" img_size=\"full\" alignment=\"center\" parallax_scroll=\"no\"][vc_single_image image=\"3520\" img_size=\"full\" alignment=\"center\" parallax_scroll=\"no\"][vc_single_image image=\"3519\" img_size=\"full\" alignment=\"center\" parallax_scroll=\"no\"][vc_single_image image=\"3521\" img_size=\"full\" alignment=\"center\" parallax_scroll=\"no\"][vc_single_image image=\"3523\" img_size=\"full\" alignment=\"center\" parallax_scroll=\"no\"][\/vc_column][\/vc_row]","rel":"","context":"En \u00abCASOS DE EXITO (Pg)\u00bb","img":{"alt_text":"Granja acu\u00edcola tecnificada camar\u00f3n, tilapia realizado en Per\u00fa por Tilapiacenter","src":"https:\/\/i0.wp.com\/tilapiacenter.com\/index\/wp-content\/uploads\/2020\/05\/CasosExito-peru-4.jpg?fit=1200%2C675&ssl=1&resize=350%2C200","width":350,"height":200},"classes":[]},{"id":3574,"url":"https:\/\/tilapiacenter.com\/index\/enfoque-inversion-tilmaron-camaron-tilapia\/","url_meta":{"origin":3679,"position":1},"title":"Enfoque de inversi\u00f3n M\u00f3dulos Tilmaron Camar\u00f3n\/Tilapia","date":"24 de mayo de 2020","format":false,"excerpt":"[vc_row][vc_column][vc_single_image image=\"3113\" img_size=\"full\" alignment=\"center\" parallax_scroll=\"no\"][vc_single_image image=\"3578\" img_size=\"full\" alignment=\"center\" parallax_scroll=\"no\"][\/vc_column][\/vc_row][vc_row][vc_column][vc_video link=\"https:\/\/youtu.be\/QjTeVDf1XLU\" title=\"M\u00f3dulos Tilmaron\" image_poster_switch=\"no\"][\/vc_column][\/vc_row][vc_row][vc_column width=\"1\/3\"][\/vc_column][vc_column width=\"1\/3\"][vc_btn title=\"VER NIVELES DE INVERSI\u00d3N Y ESCALAS DEL NEGOCIO (Nota: Al hacer clic, REG\u00cdSTRESE para poder ver la p\u00e1gina)\" color=\"green\" size=\"lg\" i_icon_fontawesome=\"fas fa-key\" add_icon=\"true\" link=\"url:https%3A%2F%2Fgreenyellow-okapi-692508.hostingersite.com%2Findex%2Fenfoque-de-inversion-acuicola-escalas-del-negocio%2F|title:Enfoque%20de%20inversi%C3%B3n%20acu%C3%ADcola%20%E2%80%93%20Escalas%20del%20Negocio||\"][\/vc_column][vc_column width=\"1\/3\"][\/vc_column][\/vc_row]","rel":"","context":"En \u00abTILMARON ACUICULTURA INTEGRAL (pg)\u00bb","img":{"alt_text":"Costo de tanques geomembrana cultivo de camar\u00f3n y tilapia","src":"https:\/\/i0.wp.com\/tilapiacenter.com\/index\/wp-content\/uploads\/2020\/05\/ProdServ-ModulosTilmaron-Enfoque-0.jpg?fit=759%2C494&ssl=1&resize=350%2C200","width":350,"height":200},"classes":[]},{"id":3685,"url":"https:\/\/tilapiacenter.com\/index\/como-funciona-tilmaron-acuicultura-camaron-tilapia\/","url_meta":{"origin":3679,"position":2},"title":"C\u00f3mo funciona un modulo Tilmaron para acuicultura tecnificada","date":"28 de mayo de 2020","format":false,"excerpt":"[vc_row][vc_column][vc_single_image image=\"3686\" img_size=\"full\" alignment=\"center\" parallax_scroll=\"no\"][\/vc_column][\/vc_row]","rel":"","context":"En \u00abTILMARON ACUICULTURA INTEGRAL (pg)\u00bb","img":{"alt_text":"ASi funciona modulo tilmaron cultivo camaron tilapia","src":"https:\/\/i0.wp.com\/tilapiacenter.com\/index\/wp-content\/uploads\/2020\/05\/ProdServ-ModulosTilmaron-ComoFuncionaTilmaron.jpg?fit=1135%2C773&ssl=1&resize=350%2C200","width":350,"height":200},"classes":[]},{"id":3508,"url":"https:\/\/tilapiacenter.com\/index\/asi-construimos-6dx6-camaron-hiperintensivo-portete-esmeraldas-2018\/","url_meta":{"origin":3679,"position":3},"title":"As\u00ed constru\u00edmos 6Dx6 camar\u00f3n hiperintensivo, Portete- Esmeraldas , 2018","date":"23 de mayo de 2020","format":false,"excerpt":"[vc_row][vc_column][vc_single_image image=\"3504\" img_size=\"full\" alignment=\"center\" parallax_scroll=\"no\"][vc_video link=\"https:\/\/www.youtube.com\/watch?v=2sgfOnhxvNg&t=20s\" image_poster_switch=\"no\"][\/vc_column][\/vc_row][vc_row][vc_column][vc_single_image image=\"3510\" img_size=\"full\" alignment=\"center\" parallax_scroll=\"no\"][vc_single_image image=\"3511\" img_size=\"full\" alignment=\"center\" parallax_scroll=\"no\"][vc_single_image image=\"3512\" img_size=\"full\" alignment=\"center\" parallax_scroll=\"no\"][vc_single_image image=\"3509\" img_size=\"full\" alignment=\"center\" parallax_scroll=\"no\"][\/vc_column][\/vc_row]","rel":"","context":"En \u00abCASOS DE EXITO (Pg)\u00bb","img":{"alt_text":"Cultivo camaron tanques geomembrana Portete Esmeraldas","src":"https:\/\/i0.wp.com\/tilapiacenter.com\/index\/wp-content\/uploads\/2020\/05\/CasosExito-portete-5.jpg?fit=632%2C356&ssl=1&resize=350%2C200","width":350,"height":200},"classes":[]},{"id":3608,"url":"https:\/\/tilapiacenter.com\/index\/modelos-inversion-cultivo-camaron-tilapia-ras-biofloc\/","url_meta":{"origin":3679,"position":4},"title":"Modelos inversi\u00f3n  cultivo camar\u00f3n\/tilapia en RAS\/Biofloc. Full Equipo, Llave en mano..","date":"25 de mayo de 2020","format":false,"excerpt":"[vc_row][vc_column][vc_video link=\"https:\/\/www.youtube.com\/watch?v=0JVun1901-g\" image_poster_switch=\"no\"][\/vc_column][\/vc_row][vc_row][vc_column][vc_single_image image=\"3610\" img_size=\"full\" alignment=\"center\" parallax_scroll=\"no\"][vc_single_image image=\"3614\" img_size=\"full\" alignment=\"center\" parallax_scroll=\"no\"][vc_single_image image=\"3619\" img_size=\"full\" alignment=\"center\" parallax_scroll=\"no\"][vc_single_image image=\"3628\" img_size=\"full\" alignment=\"center\" parallax_scroll=\"no\"][vc_single_image image=\"3629\" img_size=\"full\" alignment=\"center\" parallax_scroll=\"no\"][\/vc_column][\/vc_row][vc_row][vc_column][vc_column_text text_larger=\"no\"]Si usted ya ha revisado toda esta informaci\u00f3n, entonces ya puede tomar una decisi\u00f3n, de qu\u00e9 proyecto desea llevar a cabo, y para ello le invitamos a\u2026","rel":"","context":"En \u00abSISTEMAS TILMARON FULL EQUIPO\u00bb","img":{"alt_text":"automatizaci\u00f3n camar\u00f3n tilapia","src":"https:\/\/i0.wp.com\/tilapiacenter.com\/index\/wp-content\/uploads\/2020\/05\/TilmaronPortada1.jpg?fit=1200%2C675&ssl=1&resize=350%2C200","width":350,"height":200},"classes":[]},{"id":4188,"url":"https:\/\/tilapiacenter.com\/index\/modelos-inversion-camaron-perfiles-precios-y-produccion-hiperintensivo-ras\/","url_meta":{"origin":3679,"position":5},"title":"Modelos inversi\u00f3n camar\u00f3n  &#8211; Perfiles de precios y producci\u00f3n en cultivo hiperintensivo RAS","date":"9 de junio de 2020","format":false,"excerpt":"[vc_row][vc_column][vc_single_image image=\"3621\" img_size=\"full\" alignment=\"center\" parallax_scroll=\"no\"][\/vc_column][\/vc_row][vc_row][vc_column width=\"1\/3\"][\/vc_column][vc_column width=\"1\/3\"][vc_btn title=\"Para profundizar en el tema puede acceder a un cupo para el curso de El Negocio de Acuicultura Tecnificada\" color=\"green\" align=\"center\" link=\"url:https%3A%2F%2Fgreenyellow-okapi-692508.hostingersite.com%2Findex%2Fcurso-taller-camaron-tilapia-cultivo-tecnificado-guayaquil-machala-ecuador%2F|title:Curso%20taller%20Internacional%20de%20Camar%C3%B3n%20Tilapia%20cultivo%20tecnificado%20en%20Guayaquil%2C%20Machala%2C%20Quito||\"][\/vc_column][vc_column width=\"1\/3\"][\/vc_column][\/vc_row][vc_row][vc_column width=\"1\/2\"][\/vc_column][vc_column width=\"1\/2\"][\/vc_column][\/vc_row]","rel":"","context":"En \u00abSISTEMAS TILMARON FULL EQUIPO\u00bb","img":{"alt_text":"automatizaci\u00f3n camar\u00f3n tilapia","src":"https:\/\/i0.wp.com\/tilapiacenter.com\/index\/wp-content\/uploads\/2020\/05\/TilmaronPortada1.jpg?fit=1200%2C675&ssl=1&resize=350%2C200","width":350,"height":200},"classes":[]}],"post_mailing_queue_ids":[],"_links":{"self":[{"href":"https:\/\/tilapiacenter.com\/index\/wp-json\/wp\/v2\/pages\/3679","targetHints":{"allow":["GET"]}}],"collection":[{"href":"https:\/\/tilapiacenter.com\/index\/wp-json\/wp\/v2\/pages"}],"about":[{"href":"https:\/\/tilapiacenter.com\/index\/wp-json\/wp\/v2\/types\/page"}],"author":[{"embeddable":true,"href":"https:\/\/tilapiacenter.com\/index\/wp-json\/wp\/v2\/users\/1"}],"replies":[{"embeddable":true,"href":"https:\/\/tilapiacenter.com\/index\/wp-json\/wp\/v2\/comments?post=3679"}],"version-history":[{"count":3,"href":"https:\/\/tilapiacenter.com\/index\/wp-json\/wp\/v2\/pages\/3679\/revisions"}],"predecessor-version":[{"id":3691,"href":"https:\/\/tilapiacenter.com\/index\/wp-json\/wp\/v2\/pages\/3679\/revisions\/3691"}],"wp:featuredmedia":[{"embeddable":true,"href":"https:\/\/tilapiacenter.com\/index\/wp-json\/wp\/v2\/media\/3680"}],"wp:attachment":[{"href":"https:\/\/tilapiacenter.com\/index\/wp-json\/wp\/v2\/media?parent=3679"}],"wp:term":[{"taxonomy":"category","embeddable":true,"href":"https:\/\/tilapiacenter.com\/index\/wp-json\/wp\/v2\/categories?post=3679"},{"taxonomy":"post_tag","embeddable":true,"href":"https:\/\/tilapiacenter.com\/index\/wp-json\/wp\/v2\/tags?post=3679"}],"curies":[{"name":"wp","href":"https:\/\/api.w.org\/{rel}","templated":true}]}}