{"id":3636,"date":"2020-05-27T03:44:51","date_gmt":"2020-05-27T03:44:51","guid":{"rendered":"https:\/\/greenyellow-okapi-692508.hostingersite.com\/index\/?page_id=3636"},"modified":"2020-06-11T13:57:55","modified_gmt":"2020-06-11T18:57:55","slug":"modulo-familiar-basico-cultivo-tilapia-camaron-tanques-geomembrana","status":"publish","type":"page","link":"https:\/\/tilapiacenter.com\/index\/modulo-familiar-basico-cultivo-tilapia-camaron-tanques-geomembrana\/","title":{"rendered":"M\u00f3dulos Tilmaron FAMILIAR \/ B\u00c1SICO para cultivo camar\u00f3n\/tilapia en tanques en geomembrana"},"content":{"rendered":"<p>[vc_row][vc_column]\t\t\t<div class=\"info-box-wrapper \">\n\t\t\t\t<div id=\"wd-5ee27c5231fdc\" class=\" woodmart-info-box text-left box-icon-align-top box-style- color-scheme- woodmart-bg-none box-title-default \"  >\n\t\t\t\t\t\t\t\t\t\t<div class=\"info-box-content\">\n\t\t\t\t\t\t<h4 class=\"info-box-title woodmart-font-weight- box-title-style-default\">Modulares familiar B\u00e1sico para cultivo camar\u00f3n - tilapia en sistemas en geomembrana . Servicio LLAVE EN MANO<\/h4>\t\t\t\t\t\t<div class=\"info-box-inner reset-mb-10\">\n\t\t\t\t\t\t\t<p>En esta categor\u00eda de implementaciones, usted puede solicitar la instalaci\u00f3n de unidades modulares desde 1 tanque hasta 16 o m\u00e1s tanques. Usualmente, estos tanques pueden ser entre 3mt de d\u00edamtero hasta 6 mt de d\u00edametro..<\/p>\n<p>Estos tanques vienen equipados \u00fanicamente con aireaci\u00f3n b\u00e1sica y puesta en funcionamiento. No posee sistema RAS ni otros componentes,como los sistemas Comerciales full equipo. Si desea ver los proyectos <a href=\"https:\/\/greenyellow-okapi-692508.hostingersite.com\/index\/inversion-cultivo-camaron-tilapia-ras-biofloc-full-equipo\/\">comerciales full equipo haga clic aqu\u00ed<\/a> .<\/p>\n<p>Estos proyectos pueden ser destinados para producci\u00f3n en consumo familiar o venta a la localidad. La producci\u00f3n debe ser poca cantidad, solo lo necesario para proveer a la localidad y a un precio de venta de consumidor final. Solo de esa manera este negocio puede permanecer como rentable.<\/p>\n\t\t\t\t\t\t<\/div>\n\n\t\t\t\t\t\t\t\t\t\t\t\t\n\t\t\t\t\t<\/div>\n\n\t\t\t\t\t\t\t\t\t<\/div>\n\t\t\t<\/div>\n\t\t[vc_single_image image=&#8221;3637&#8243; img_size=&#8221;full&#8221; alignment=&#8221;center&#8221; parallax_scroll=&#8221;no&#8221;]\t\t\t<div class=\"info-box-wrapper \">\n\t\t\t\t<div id=\"wd-5ee27c231fee7\" class=\" woodmart-info-box text-left box-icon-align-top box-style- color-scheme- woodmart-bg-none box-title-default \"  >\n\t\t\t\t\t\t\t\t\t\t<div class=\"info-box-content\">\n\t\t\t\t\t\t<h4 class=\"info-box-title woodmart-font-weight- box-title-style-default\">Ejemplo de tanque en 3mt di\u00e1metro para 200-500 peces tilapia o 800 camarones<\/h4>\t\t\t\t\t\t<div class=\"info-box-inner reset-mb-10\">\n\t\t\t\t\t\t\t<p>El tanque o tanques en geomembrana, se instalan con equipo de aireaci\u00f3n, para mantener dicha densidad de cultivo.<\/p>\n<p>Para este ejemplo de tanque en 3mt de d\u00edametro, requiere unos 10-15mt2 de espacio de terreno. El agua puede tomarse desde un poso u otra fuente disponible.<\/p>\n<p>Para estudiar la diferencia entre sistemas Familares y sistemas Full Equipo <a href=\"https:\/\/greenyellow-okapi-692508.hostingersite.com\/index\/enfoque-inversion-tilmaron-camaron-tilapia\/\">consulte aqu\u00ed<\/a><\/p>\n\t\t\t\t\t\t<\/div>\n\n\t\t\t\t\t\t\t\t\t\t\t\t\n\t\t\t\t\t<\/div>\n\n\t\t\t\t\t\t\t\t\t<\/div>\n\t\t\t<\/div>\n\t\t[vc_single_image image=&#8221;3490&#8243; img_size=&#8221;full&#8221; alignment=&#8221;center&#8221; parallax_scroll=&#8221;no&#8221;][vc_separator][\/vc_column][\/vc_row][vc_row][vc_column]\t\t\t<div class=\"info-box-wrapper \">\n\t\t\t\t<div id=\"wd-5ee27a3647e5a\" class=\" woodmart-info-box text-left box-icon-align-top box-style- color-scheme- woodmart-bg-none box-title-default \"  >\n\t\t\t\t\t\t\t\t\t\t<div class=\"info-box-content\">\n\t\t\t\t\t\t<h4 class=\"info-box-title woodmart-font-weight- box-title-style-default\">M\u00d3DULOS FAMILIAR EN DIFERENTES DI\u00c1METROS Y VOLUMEN<\/h4>\t\t\t\t\t\t<div class=\"info-box-inner reset-mb-10\">\n\t\t\t\t\t\t\t<p>Detalle de tanques de 3 a 20 mt de di\u00e1metro.\u00a0 Estos tanques incluye instalaci\u00f3n, poseen estructura y aireaci\u00f3n b\u00e1sica. Quedan listo para funcionar.<\/p>\n\t\t\t\t\t\t<\/div>\n\n\t\t\t\t\t\t\t\t\t\t\t\t\n\t\t\t\t\t<\/div>\n\n\t\t\t\t\t\t\t\t\t<\/div>\n\t\t\t<\/div>\n\t\t[\/vc_column][\/vc_row][vc_row][vc_column]\n\t\t<div id=\"wd-5ee278251c5ad\" class=\"title-wrapper  woodmart-title-color-default woodmart-title-style-default woodmart-title-width-100 text-center woodmart-title-size-default \">\n\t\t\t\n\t\t\t<div class=\"liner-continer\">\n\t\t\t\t<span class=\"left-line\"><\/span>\n\t\t\t\t<h4 class=\"woodmart-title-container title  woodmart-font-weight-\" >INFORME T\u00c9CNICO DE PROYECTOS B\u00c1SICO FAMILIAR ... Muy pronto disponible para adquisici\u00f3n en linea<\/h4>\t\t\t\t\t\t\t\t<span class=\"right-line\"><\/span>\n\t\t\t<\/div>\n\t\t\t\n\t\t\t\n\t\t\t\t\t<\/div>\n\t\t\n\t\t[vc_single_image image=&#8221;4201&#8243; img_size=&#8221;full&#8221; parallax_scroll=&#8221;no&#8221;][\/vc_column][\/vc_row][vc_row][vc_column]\n\t\t<div id=\"wd-5ee277e5cae4f\" class=\"title-wrapper  woodmart-title-color-default woodmart-title-style-default woodmart-title-width-100 text-center woodmart-title-size-default \">\n\t\t\t\n\t\t\t<div class=\"liner-continer\">\n\t\t\t\t<span class=\"left-line\"><\/span>\n\t\t\t\t<h4 class=\"woodmart-title-container title  woodmart-font-weight-\" >Cualquier inquietud al respecto puede consultarnos en el siguiente formulario, o ll\u00e1menos directamente<\/h4>\t\t\t\t\t\t\t\t<span class=\"right-line\"><\/span>\n\t\t\t<\/div>\n\t\t\t\n\t\t\t\n\t\t\t\t\t<\/div>\n\t\t\n\t\t\n<div class=\"wpcf7 no-js\" id=\"wpcf7-f608-o1\" lang=\"en-US\" dir=\"ltr\" data-wpcf7-id=\"608\">\n<div class=\"screen-reader-response\"><p role=\"status\" aria-live=\"polite\" aria-atomic=\"true\"><\/p> <ul><\/ul><\/div>\n<form action=\"\/index\/wp-json\/wp\/v2\/pages\/3636#wpcf7-f608-o1\" method=\"post\" class=\"wpcf7-form init\" aria-label=\"Contact form\" novalidate=\"novalidate\" data-status=\"init\">\n<fieldset class=\"hidden-fields-container\"><input type=\"hidden\" name=\"_wpcf7\" value=\"608\" \/><input type=\"hidden\" name=\"_wpcf7_version\" value=\"6.1.5\" \/><input type=\"hidden\" name=\"_wpcf7_locale\" value=\"en_US\" \/><input type=\"hidden\" name=\"_wpcf7_unit_tag\" value=\"wpcf7-f608-o1\" \/><input type=\"hidden\" name=\"_wpcf7_container_post\" value=\"0\" \/><input type=\"hidden\" name=\"_wpcf7_posted_data_hash\" value=\"\" \/><input type=\"hidden\" name=\"_wpcf7_recaptcha_response\" value=\"\" \/>\n<\/fieldset>\n<div class=\"row\">\n\t<div class=\"col-md-6\" style='margin-bottom:20px;'>\n\t\t<p><label>Su nombre<\/label><span class=\"wpcf7-form-control-wrap\" data-name=\"your-name\"><input size=\"40\" maxlength=\"400\" class=\"wpcf7-form-control wpcf7-text wpcf7-validates-as-required\" aria-required=\"true\" aria-invalid=\"false\" value=\"\" type=\"text\" name=\"your-name\" \/><\/span>\n\t\t<\/p>\n\t<\/div>\n\t<div class=\"col-md-6\" style='margin-bottom:20px;'>\n\t\t<p><label>Su Correo Electr\u00f3nico<\/label><span class=\"wpcf7-form-control-wrap\" data-name=\"your-email\"><input size=\"40\" maxlength=\"400\" class=\"wpcf7-form-control wpcf7-email wpcf7-validates-as-required wpcf7-text wpcf7-validates-as-email\" aria-required=\"true\" aria-invalid=\"false\" value=\"\" type=\"email\" name=\"your-email\" \/><\/span>\n\t\t<\/p>\n\t<\/div>\n<\/div>\n<div class=\"row\">\n\t<div class=\"col-md-6\" style='margin-bottom:20px;'>\n\t\t<p><label>N\u00famero de celular<\/label><span class=\"wpcf7-form-control-wrap\" data-name=\"tel-767\"><input size=\"40\" maxlength=\"400\" class=\"wpcf7-form-control wpcf7-tel wpcf7-text wpcf7-validates-as-tel\" aria-invalid=\"false\" value=\"\" type=\"tel\" name=\"tel-767\" \/><\/span>\n\t\t<\/p>\n\t<\/div>\n\t<div class=\"col-md-6\" style='margin-bottom:20px;'>\n\t\t<p><label>Empresa<\/label><span class=\"wpcf7-form-control-wrap\" data-name=\"text-1\"><input size=\"40\" maxlength=\"400\" class=\"wpcf7-form-control wpcf7-text\" aria-invalid=\"false\" value=\"\" type=\"text\" name=\"text-1\" \/><\/span>\n\t\t<\/p>\n\t<\/div>\n<\/div>\n<p><label>Su mensaje<\/label><span class=\"wpcf7-form-control-wrap\" data-name=\"your-message\"><textarea cols=\"40\" rows=\"10\" maxlength=\"2000\" class=\"wpcf7-form-control wpcf7-textarea\" aria-invalid=\"false\" name=\"your-message\"><\/textarea><\/span>\n<\/p>\n<p><input class=\"wpcf7-form-control wpcf7-submit has-spinner btn-color-black\" type=\"submit\" value=\"ENVIAR EL MENSAJE\" \/>\n<\/p><div class=\"wpcf7-response-output\" aria-hidden=\"true\"><\/div>\n<\/form>\n<\/div>\n[\/vc_column][\/vc_row]<\/p>\n","protected":false},"excerpt":{"rendered":"<p>[vc_row][vc_column][vc_single_image image=&#8221;3637&#8243; img_size=&#8221;full&#8221; alignment=&#8221;center&#8221; parallax_scroll=&#8221;no&#8221;][vc_single_image image=&#8221;3490&#8243; img_size=&#8221;full&#8221; alignment=&#8221;center&#8221; parallax_scroll=&#8221;no&#8221;][vc_separator][\/vc_column][\/vc_row][vc_row][vc_column][\/vc_column][\/vc_row][vc_row][vc_column][vc_single_image image=&#8221;4201&#8243; img_size=&#8221;full&#8221; parallax_scroll=&#8221;no&#8221;][\/vc_column][\/vc_row][vc_row][vc_column][\/vc_column][\/vc_row]<\/p>\n","protected":false},"author":1,"featured_media":3490,"parent":0,"menu_order":0,"comment_status":"closed","ping_status":"closed","template":"","meta":{"_monsterinsights_skip_tracking":false,"_monsterinsights_sitenote_active":false,"_monsterinsights_sitenote_note":"","_monsterinsights_sitenote_category":0,"spay_email":"","footnotes":""},"class_list":["post-3636","page","type-page","status-publish","has-post-thumbnail","hentry"],"yoast_head":"<!-- This site is optimized with the Yoast SEO plugin v18.6 - https:\/\/yoast.com\/wordpress\/plugins\/seo\/ -->\n<title>Modulo familiar basico cultivo tilapia camar\u00f3n tanques geomembrana<\/title>\n<meta name=\"description\" content=\"Modulo familiar basico cultivo tilapia camar\u00f3n tanques geomembrana con recirculaci\u00f3n del agua. Puede instalarse en patios y granjas peque\u00f1as\" \/>\n<meta name=\"robots\" content=\"index, follow, max-snippet:-1, max-image-preview:large, max-video-preview:-1\" \/>\n<link rel=\"canonical\" href=\"https:\/\/tilapiacenter.com\/index\/modulo-familiar-basico-cultivo-tilapia-camaron-tanques-geomembrana\/\" \/>\n<meta property=\"og:locale\" content=\"es_ES\" \/>\n<meta property=\"og:type\" content=\"article\" \/>\n<meta property=\"og:title\" content=\"Modulo familiar basico cultivo tilapia camar\u00f3n tanques geomembrana\" \/>\n<meta property=\"og:description\" content=\"Modulo familiar basico cultivo tilapia camar\u00f3n tanques geomembrana con recirculaci\u00f3n del agua. Puede instalarse en patios y granjas peque\u00f1as\" \/>\n<meta property=\"og:url\" content=\"https:\/\/tilapiacenter.com\/index\/modulo-familiar-basico-cultivo-tilapia-camaron-tanques-geomembrana\/\" \/>\n<meta property=\"og:site_name\" content=\"TILAPIACENTER- Acuicultura Controlada\" \/>\n<meta property=\"article:publisher\" content=\"https:\/\/www.facebook.com\/tilapiacenterecuador\/\" \/>\n<meta property=\"article:modified_time\" content=\"2020-06-11T18:57:55+00:00\" \/>\n<meta property=\"og:image\" content=\"https:\/\/i0.wp.com\/tilapiacenter.com\/index\/wp-content\/uploads\/2020\/05\/CasosExito-KitFamiliar-StoDgo-3.jpg?fit=800%2C450&#038;ssl=1\" \/>\n\t<meta property=\"og:image:width\" content=\"800\" \/>\n\t<meta property=\"og:image:height\" content=\"450\" \/>\n\t<meta property=\"og:image:type\" content=\"image\/jpeg\" \/>\n<meta name=\"twitter:card\" content=\"summary_large_image\" \/>\n<meta name=\"twitter:site\" content=\"@tilapiacenter\" \/>\n<meta name=\"twitter:label1\" content=\"Tiempo de lectura\" \/>\n\t<meta name=\"twitter:data1\" content=\"2 minutos\" \/>\n<script type=\"application\/ld+json\" class=\"yoast-schema-graph\">{\"@context\":\"https:\/\/schema.org\",\"@graph\":[{\"@type\":\"WebSite\",\"@id\":\"https:\/\/tilapiacenter.com\/index\/#website\",\"url\":\"https:\/\/tilapiacenter.com\/index\/\",\"name\":\"TILAPIACENTER- Acuicultura Controlada\",\"description\":\"Equipos, Tecnolog\u00eda, asesor\u00eda y cursos en acuicultura tecnificada, para sistemas RAS y BIOFLOC, en el cultivo de camaron, tilapia, trucha en tanques en geomembrana.\",\"potentialAction\":[{\"@type\":\"SearchAction\",\"target\":{\"@type\":\"EntryPoint\",\"urlTemplate\":\"https:\/\/tilapiacenter.com\/index\/?s={search_term_string}\"},\"query-input\":\"required name=search_term_string\"}],\"inLanguage\":\"es\"},{\"@type\":\"ImageObject\",\"@id\":\"https:\/\/tilapiacenter.com\/index\/modulo-familiar-basico-cultivo-tilapia-camaron-tanques-geomembrana\/#primaryimage\",\"inLanguage\":\"es\",\"url\":\"https:\/\/i0.wp.com\/tilapiacenter.com\/index\/wp-content\/uploads\/2020\/05\/CasosExito-KitFamiliar-StoDgo-3.jpg?fit=800%2C450&ssl=1\",\"contentUrl\":\"https:\/\/i0.wp.com\/tilapiacenter.com\/index\/wp-content\/uploads\/2020\/05\/CasosExito-KitFamiliar-StoDgo-3.jpg?fit=800%2C450&ssl=1\",\"width\":800,\"height\":450,\"caption\":\"Tanque familiar para tilapia intensivo\"},{\"@type\":\"WebPage\",\"@id\":\"https:\/\/tilapiacenter.com\/index\/modulo-familiar-basico-cultivo-tilapia-camaron-tanques-geomembrana\/#webpage\",\"url\":\"https:\/\/tilapiacenter.com\/index\/modulo-familiar-basico-cultivo-tilapia-camaron-tanques-geomembrana\/\",\"name\":\"Modulo familiar basico cultivo tilapia camar\u00f3n tanques geomembrana\",\"isPartOf\":{\"@id\":\"https:\/\/tilapiacenter.com\/index\/#website\"},\"primaryImageOfPage\":{\"@id\":\"https:\/\/tilapiacenter.com\/index\/modulo-familiar-basico-cultivo-tilapia-camaron-tanques-geomembrana\/#primaryimage\"},\"datePublished\":\"2020-05-27T03:44:51+00:00\",\"dateModified\":\"2020-06-11T18:57:55+00:00\",\"description\":\"Modulo familiar basico cultivo tilapia camar\u00f3n tanques geomembrana con recirculaci\u00f3n del agua. Puede instalarse en patios y granjas peque\u00f1as\",\"breadcrumb\":{\"@id\":\"https:\/\/tilapiacenter.com\/index\/modulo-familiar-basico-cultivo-tilapia-camaron-tanques-geomembrana\/#breadcrumb\"},\"inLanguage\":\"es\",\"potentialAction\":[{\"@type\":\"ReadAction\",\"target\":[\"https:\/\/tilapiacenter.com\/index\/modulo-familiar-basico-cultivo-tilapia-camaron-tanques-geomembrana\/\"]}]},{\"@type\":\"BreadcrumbList\",\"@id\":\"https:\/\/tilapiacenter.com\/index\/modulo-familiar-basico-cultivo-tilapia-camaron-tanques-geomembrana\/#breadcrumb\",\"itemListElement\":[{\"@type\":\"ListItem\",\"position\":1,\"name\":\"Portada\",\"item\":\"https:\/\/tilapiacenter.com\/index\/\"},{\"@type\":\"ListItem\",\"position\":2,\"name\":\"M\u00f3dulos Tilmaron FAMILIAR \/ B\u00c1SICO para cultivo camar\u00f3n\/tilapia en tanques en geomembrana\"}]}]}<\/script>\n<!-- \/ Yoast SEO plugin. -->","yoast_head_json":{"title":"Modulo familiar basico cultivo tilapia camar\u00f3n tanques geomembrana","description":"Modulo familiar basico cultivo tilapia camar\u00f3n tanques geomembrana con recirculaci\u00f3n del agua. Puede instalarse en patios y granjas peque\u00f1as","robots":{"index":"index","follow":"follow","max-snippet":"max-snippet:-1","max-image-preview":"max-image-preview:large","max-video-preview":"max-video-preview:-1"},"canonical":"https:\/\/tilapiacenter.com\/index\/modulo-familiar-basico-cultivo-tilapia-camaron-tanques-geomembrana\/","og_locale":"es_ES","og_type":"article","og_title":"Modulo familiar basico cultivo tilapia camar\u00f3n tanques geomembrana","og_description":"Modulo familiar basico cultivo tilapia camar\u00f3n tanques geomembrana con recirculaci\u00f3n del agua. Puede instalarse en patios y granjas peque\u00f1as","og_url":"https:\/\/tilapiacenter.com\/index\/modulo-familiar-basico-cultivo-tilapia-camaron-tanques-geomembrana\/","og_site_name":"TILAPIACENTER- Acuicultura Controlada","article_publisher":"https:\/\/www.facebook.com\/tilapiacenterecuador\/","article_modified_time":"2020-06-11T18:57:55+00:00","og_image":[{"width":800,"height":450,"url":"https:\/\/i0.wp.com\/tilapiacenter.com\/index\/wp-content\/uploads\/2020\/05\/CasosExito-KitFamiliar-StoDgo-3.jpg?fit=800%2C450&ssl=1","type":"image\/jpeg"}],"twitter_card":"summary_large_image","twitter_site":"@tilapiacenter","twitter_misc":{"Tiempo de lectura":"2 minutos"},"schema":{"@context":"https:\/\/schema.org","@graph":[{"@type":"WebSite","@id":"https:\/\/tilapiacenter.com\/index\/#website","url":"https:\/\/tilapiacenter.com\/index\/","name":"TILAPIACENTER- Acuicultura Controlada","description":"Equipos, Tecnolog\u00eda, asesor\u00eda y cursos en acuicultura tecnificada, para sistemas RAS y BIOFLOC, en el cultivo de camaron, tilapia, trucha en tanques en geomembrana.","potentialAction":[{"@type":"SearchAction","target":{"@type":"EntryPoint","urlTemplate":"https:\/\/tilapiacenter.com\/index\/?s={search_term_string}"},"query-input":"required name=search_term_string"}],"inLanguage":"es"},{"@type":"ImageObject","@id":"https:\/\/tilapiacenter.com\/index\/modulo-familiar-basico-cultivo-tilapia-camaron-tanques-geomembrana\/#primaryimage","inLanguage":"es","url":"https:\/\/i0.wp.com\/tilapiacenter.com\/index\/wp-content\/uploads\/2020\/05\/CasosExito-KitFamiliar-StoDgo-3.jpg?fit=800%2C450&ssl=1","contentUrl":"https:\/\/i0.wp.com\/tilapiacenter.com\/index\/wp-content\/uploads\/2020\/05\/CasosExito-KitFamiliar-StoDgo-3.jpg?fit=800%2C450&ssl=1","width":800,"height":450,"caption":"Tanque familiar para tilapia intensivo"},{"@type":"WebPage","@id":"https:\/\/tilapiacenter.com\/index\/modulo-familiar-basico-cultivo-tilapia-camaron-tanques-geomembrana\/#webpage","url":"https:\/\/tilapiacenter.com\/index\/modulo-familiar-basico-cultivo-tilapia-camaron-tanques-geomembrana\/","name":"Modulo familiar basico cultivo tilapia camar\u00f3n tanques geomembrana","isPartOf":{"@id":"https:\/\/tilapiacenter.com\/index\/#website"},"primaryImageOfPage":{"@id":"https:\/\/tilapiacenter.com\/index\/modulo-familiar-basico-cultivo-tilapia-camaron-tanques-geomembrana\/#primaryimage"},"datePublished":"2020-05-27T03:44:51+00:00","dateModified":"2020-06-11T18:57:55+00:00","description":"Modulo familiar basico cultivo tilapia camar\u00f3n tanques geomembrana con recirculaci\u00f3n del agua. Puede instalarse en patios y granjas peque\u00f1as","breadcrumb":{"@id":"https:\/\/tilapiacenter.com\/index\/modulo-familiar-basico-cultivo-tilapia-camaron-tanques-geomembrana\/#breadcrumb"},"inLanguage":"es","potentialAction":[{"@type":"ReadAction","target":["https:\/\/tilapiacenter.com\/index\/modulo-familiar-basico-cultivo-tilapia-camaron-tanques-geomembrana\/"]}]},{"@type":"BreadcrumbList","@id":"https:\/\/tilapiacenter.com\/index\/modulo-familiar-basico-cultivo-tilapia-camaron-tanques-geomembrana\/#breadcrumb","itemListElement":[{"@type":"ListItem","position":1,"name":"Portada","item":"https:\/\/tilapiacenter.com\/index\/"},{"@type":"ListItem","position":2,"name":"M\u00f3dulos Tilmaron FAMILIAR \/ B\u00c1SICO para cultivo camar\u00f3n\/tilapia en tanques en geomembrana"}]}]}},"jetpack_sharing_enabled":true,"jetpack_likes_enabled":true,"jetpack-related-posts":[{"id":3574,"url":"https:\/\/tilapiacenter.com\/index\/enfoque-inversion-tilmaron-camaron-tilapia\/","url_meta":{"origin":3636,"position":0},"title":"Enfoque de inversi\u00f3n M\u00f3dulos Tilmaron Camar\u00f3n\/Tilapia","date":"24 de mayo de 2020","format":false,"excerpt":"[vc_row][vc_column][vc_single_image image=\"3113\" img_size=\"full\" alignment=\"center\" parallax_scroll=\"no\"][vc_single_image image=\"3578\" img_size=\"full\" alignment=\"center\" parallax_scroll=\"no\"][\/vc_column][\/vc_row][vc_row][vc_column][vc_video link=\"https:\/\/youtu.be\/QjTeVDf1XLU\" title=\"M\u00f3dulos Tilmaron\" image_poster_switch=\"no\"][\/vc_column][\/vc_row][vc_row][vc_column width=\"1\/3\"][\/vc_column][vc_column width=\"1\/3\"][vc_btn title=\"VER NIVELES DE INVERSI\u00d3N Y ESCALAS DEL NEGOCIO (Nota: Al hacer clic, REG\u00cdSTRESE para poder ver la p\u00e1gina)\" color=\"green\" size=\"lg\" i_icon_fontawesome=\"fas fa-key\" add_icon=\"true\" link=\"url:https%3A%2F%2Fgreenyellow-okapi-692508.hostingersite.com%2Findex%2Fenfoque-de-inversion-acuicola-escalas-del-negocio%2F|title:Enfoque%20de%20inversi%C3%B3n%20acu%C3%ADcola%20%E2%80%93%20Escalas%20del%20Negocio||\"][\/vc_column][vc_column width=\"1\/3\"][\/vc_column][\/vc_row]","rel":"","context":"En \u00abTILMARON ACUICULTURA INTEGRAL (pg)\u00bb","img":{"alt_text":"Costo de tanques geomembrana cultivo de camar\u00f3n y tilapia","src":"https:\/\/i0.wp.com\/tilapiacenter.com\/index\/wp-content\/uploads\/2020\/05\/ProdServ-ModulosTilmaron-Enfoque-0.jpg?fit=759%2C494&ssl=1&resize=350%2C200","width":350,"height":200},"classes":[]},{"id":4121,"url":"https:\/\/tilapiacenter.com\/index\/enfoque-de-inversion-acuicola-escalas-del-negocio\/","url_meta":{"origin":3636,"position":1},"title":"Enfoque de inversi\u00f3n acu\u00edcola &#8211; Escalas del Negocio","date":"7 de junio de 2020","format":false,"excerpt":"[vc_row][vc_column][vc_single_image image=\"3579\" img_size=\"full\" alignment=\"center\" parallax_scroll=\"no\"][\/vc_column][\/vc_row][vc_row][vc_column][vc_text_separator title=\"\" color=\"white\"][\/vc_column][\/vc_row][vc_row][vc_column][\/vc_column][\/vc_row][vc_row][vc_column width=\"1\/2\"][\/vc_column][vc_column width=\"1\/2\"][\/vc_column][\/vc_row]","rel":"","context":"En \u00abTILMARON ACUICULTURA INTEGRAL (pg)\u00bb","img":{"alt_text":"Costo de tanques geomembrana cultivo de camar\u00f3n y tilapia","src":"https:\/\/i0.wp.com\/tilapiacenter.com\/index\/wp-content\/uploads\/2020\/05\/ProdServ-ModulosTilmaron-Enfoque-0.jpg?fit=759%2C494&ssl=1&resize=350%2C200","width":350,"height":200},"classes":[]},{"id":3608,"url":"https:\/\/tilapiacenter.com\/index\/modelos-inversion-cultivo-camaron-tilapia-ras-biofloc\/","url_meta":{"origin":3636,"position":2},"title":"Modelos inversi\u00f3n  cultivo camar\u00f3n\/tilapia en RAS\/Biofloc. Full Equipo, Llave en mano..","date":"25 de mayo de 2020","format":false,"excerpt":"[vc_row][vc_column][vc_video link=\"https:\/\/www.youtube.com\/watch?v=0JVun1901-g\" image_poster_switch=\"no\"][\/vc_column][\/vc_row][vc_row][vc_column][vc_single_image image=\"3610\" img_size=\"full\" alignment=\"center\" parallax_scroll=\"no\"][vc_single_image image=\"3614\" img_size=\"full\" alignment=\"center\" parallax_scroll=\"no\"][vc_single_image image=\"3619\" img_size=\"full\" alignment=\"center\" parallax_scroll=\"no\"][vc_single_image image=\"3628\" img_size=\"full\" alignment=\"center\" parallax_scroll=\"no\"][vc_single_image image=\"3629\" img_size=\"full\" alignment=\"center\" parallax_scroll=\"no\"][\/vc_column][\/vc_row][vc_row][vc_column][vc_column_text text_larger=\"no\"]Si usted ya ha revisado toda esta informaci\u00f3n, entonces ya puede tomar una decisi\u00f3n, de qu\u00e9 proyecto desea llevar a cabo, y para ello le invitamos a\u2026","rel":"","context":"En \u00abSISTEMAS TILMARON FULL EQUIPO\u00bb","img":{"alt_text":"automatizaci\u00f3n camar\u00f3n tilapia","src":"https:\/\/i0.wp.com\/tilapiacenter.com\/index\/wp-content\/uploads\/2020\/05\/TilmaronPortada1.jpg?fit=1200%2C675&ssl=1&resize=350%2C200","width":350,"height":200},"classes":[]},{"id":3685,"url":"https:\/\/tilapiacenter.com\/index\/como-funciona-tilmaron-acuicultura-camaron-tilapia\/","url_meta":{"origin":3636,"position":3},"title":"C\u00f3mo funciona un modulo Tilmaron para acuicultura tecnificada","date":"28 de mayo de 2020","format":false,"excerpt":"[vc_row][vc_column][vc_single_image image=\"3686\" img_size=\"full\" alignment=\"center\" parallax_scroll=\"no\"][\/vc_column][\/vc_row]","rel":"","context":"En \u00abTILMARON ACUICULTURA INTEGRAL (pg)\u00bb","img":{"alt_text":"ASi funciona modulo tilmaron cultivo camaron tilapia","src":"https:\/\/i0.wp.com\/tilapiacenter.com\/index\/wp-content\/uploads\/2020\/05\/ProdServ-ModulosTilmaron-ComoFuncionaTilmaron.jpg?fit=1135%2C773&ssl=1&resize=350%2C200","width":350,"height":200},"classes":[]},{"id":3434,"url":"https:\/\/tilapiacenter.com\/index\/instalacion-tanques-geomembrana-tilapia-camaron-bolivia\/","url_meta":{"origin":3636,"position":4},"title":"Instalaci\u00f3n M\u00f3dulo TILAP 14D en Santa Cruz &#8211; Bolivia 2016","date":"22 de mayo de 2020","format":false,"excerpt":"[vc_row][vc_column][vc_column_text text_larger=\"no\"]Desde Ecuador, hacia\u00a0 Santa Cruz de La Sierra (Bolivia), tuvimos la oportunidad de instalar m\u00f3dulos a gran escala, que consta de tanques de cultivo para tilapia, sistema de aireaci\u00f3n, sistema RAS , y sistema de calefacci\u00f3n del agua. Este trabajo fue muy completo, que se desarroll\u00f3 con personal t\u00e9cnico\u2026","rel":"","context":"En \u00abCASOS DE EXITO (Pg)\u00bb","img":{"alt_text":"Tanques para cultivo de tilapia camar\u00f3n sistema intensivo Tilapiacenter","src":"https:\/\/i0.wp.com\/tilapiacenter.com\/index\/wp-content\/uploads\/2020\/05\/Bolivia-sistema-RAS-3.jpg?fit=800%2C600&ssl=1&resize=350%2C200","width":350,"height":200},"classes":[]},{"id":3762,"url":"https:\/\/tilapiacenter.com\/index\/tanques-instalacion-geomembrana-liner-camaron-tilapia-cisternas\/","url_meta":{"origin":3636,"position":5},"title":"Instalaci\u00f3n de geomembrana o liner en tanques para  camaron, tilapia","date":"29 de mayo de 2020","format":false,"excerpt":"[vc_row][vc_column][vc_single_image image=\"3763\" img_size=\"full\" alignment=\"center\" parallax_scroll=\"no\"][\/vc_column][\/vc_row][vc_row][vc_column][vc_btn title=\"Cons\u00faltenos cualquier inquietud WhastApp 0994185675\"][\/vc_column][\/vc_row]","rel":"","context":"En \u00abGEOMEMBRANA, IMPERMEABILIZACI\u00d3N CONSTRUCCION (pg)\u00bb","img":{"alt_text":"Plan de Negocio de Camar\u00f3n y Tilapia Tilmaron para financiamiento","src":"https:\/\/i0.wp.com\/tilapiacenter.com\/index\/wp-content\/uploads\/2020\/05\/EstudioTecnico-1.jpg?fit=1200%2C675&ssl=1&resize=350%2C200","width":350,"height":200},"classes":[]}],"post_mailing_queue_ids":[],"_links":{"self":[{"href":"https:\/\/tilapiacenter.com\/index\/wp-json\/wp\/v2\/pages\/3636","targetHints":{"allow":["GET"]}}],"collection":[{"href":"https:\/\/tilapiacenter.com\/index\/wp-json\/wp\/v2\/pages"}],"about":[{"href":"https:\/\/tilapiacenter.com\/index\/wp-json\/wp\/v2\/types\/page"}],"author":[{"embeddable":true,"href":"https:\/\/tilapiacenter.com\/index\/wp-json\/wp\/v2\/users\/1"}],"replies":[{"embeddable":true,"href":"https:\/\/tilapiacenter.com\/index\/wp-json\/wp\/v2\/comments?post=3636"}],"version-history":[{"count":10,"href":"https:\/\/tilapiacenter.com\/index\/wp-json\/wp\/v2\/pages\/3636\/revisions"}],"predecessor-version":[{"id":4200,"href":"https:\/\/tilapiacenter.com\/index\/wp-json\/wp\/v2\/pages\/3636\/revisions\/4200"}],"wp:featuredmedia":[{"embeddable":true,"href":"https:\/\/tilapiacenter.com\/index\/wp-json\/wp\/v2\/media\/3490"}],"wp:attachment":[{"href":"https:\/\/tilapiacenter.com\/index\/wp-json\/wp\/v2\/media?parent=3636"}],"curies":[{"name":"wp","href":"https:\/\/api.w.org\/{rel}","templated":true}]}}