{"id":3566,"date":"2020-05-24T03:14:37","date_gmt":"2020-05-24T03:14:37","guid":{"rendered":"https:\/\/greenyellow-okapi-692508.hostingersite.com\/index\/?page_id=3566"},"modified":"2020-05-24T03:25:36","modified_gmt":"2020-05-24T03:25:36","slug":"ganar-treinta-veces-mas-piscicultura-controlada","status":"publish","type":"page","link":"https:\/\/tilapiacenter.com\/index\/ganar-treinta-veces-mas-piscicultura-controlada\/","title":{"rendered":"Porqu\u00e9 gana 30 veces m\u00e1s con piscicultura controlada en camar\u00f3n, tilapia, trucha.."},"content":{"rendered":"<p>[vc_row][vc_column]\t\t\t<div class=\"info-box-wrapper \">\n\t\t\t\t<div id=\"wd-5ec9e5883fc0b\" class=\" woodmart-info-box text-left box-icon-align-left box-style- color-scheme- woodmart-bg-none wpb_animate_when_almost_visible wpb_bounceIn bounceIn box-title-default \"  >\n\t\t\t\t\t\t\t\t\t\t<div class=\"info-box-content\">\n\t\t\t\t\t\t<h4 class=\"info-box-title woodmart-font-weight- box-title-style-default\">Porqu\u00e9 Gana 30 veces m\u00e1s con modulares TILMARON<\/h4>\t\t\t\t\t\t<div class=\"info-box-inner reset-mb-10\">\n\t\t\t\t\t\t\t<p>A continuaci\u00f3n vamos a realizar un an\u00e1lisis de rentabilidad de cultivo de tilapia en Sistemas de Recirculaci\u00f3n en tanques circulares de geomembrana Vs. T\u00e9cnica tradicional cultivo en estanques de tierra..<\/p>\n\t\t\t\t\t\t<\/div>\n\n\t\t\t\t\t\t\t\t\t\t\t\t\n\t\t\t\t\t<\/div>\n\n\t\t\t\t\t\t\t\t\t<\/div>\n\t\t\t<\/div>\n\t\t[vc_single_image image=&#8221;3567&#8243; img_size=&#8221;full&#8221; alignment=&#8221;center&#8221; parallax_scroll=&#8221;no&#8221;][\/vc_column][\/vc_row][vc_row][vc_column]\t\t\t<div class=\"info-box-wrapper \">\n\t\t\t\t<div id=\"wd-5ec9e5312033c\" class=\" woodmart-info-box text-left box-icon-align-left box-style- color-scheme- woodmart-bg-none wpb_animate_when_almost_visible wpb_bounceIn bounceIn box-title-default \"  >\n\t\t\t\t\t\t\t\t\t\t<div class=\"info-box-content\">\n\t\t\t\t\t\t\t\t\t\t\t\t<div class=\"info-box-inner reset-mb-10\">\n\t\t\t\t\t\t\t<p><strong>Muchas veces me han preguntado<\/strong>, de cual es el\u00a0<strong>costo-beneficio<\/strong>\u00a0entre las dos t\u00e9cnicas de cultivo de tilapia (t\u00e9cnica tradicional o convencional vs. recirculaci\u00f3n del agua(RAS)) , y es por el af\u00e1n de contestar esa inquietud, que \u00a0Tilapiacenter ha llevado a evidencia t\u00e9cnica dichos resultados econ\u00f3micos.<\/p>\n<p>Por intuici\u00f3n entend\u00edamos que los impactos ambientales eran representativos, pero solo hasta hoy, vamos a analizar de manera general los impactos econ\u00f3micos, que obviamente repercuten en lo social o desarrollo de las personas.<\/p>\n<p>Si ponemos como referencia un ejemplo de c\u00e1lculo, entre ellos el principal: cantidad de siembra, as\u00ed:<\/p>\n<p><strong>Cantidad de siembra<\/strong>: 4.463 alevines, lo que en cosechas, sin mortalidad ser\u00eda 1.339 kg, es decir, 1,3Tm (toneladas m\u00e9tricas., con peso de pez de cosecha de 300gr. que alcanza en 5 meses.<\/p>\n<p><strong>INVERSI\u00d3N EN INFRAESTRUCTURA<\/strong>: Para las dos t\u00e9cnicas necesitamos invertir, para el primer caso, estanques de tierra e infraestructura y para el otro caso sistema de tanques y componentes. As\u00ed en el primer caso se invierte el 75% y en el segundo 100% (punto referencial). Entonces la diferencia entre los dos , solo es el 25%., Sigamos analizando otros aspectos,<\/p>\n<p><strong>ESPACIO DE TERRENO<\/strong>: En el caso real de este an\u00e1lisis, en el primero se requiere 2.700m2 y con t\u00e9cnica en recirculaci\u00f3n, se necesita 287m2; claramente una diferencia de 10 veces.<\/p>\n<p><strong>CANTIDAD DE AGUA<\/strong>: Para el primero, debe ser flujo permanente de 2.092 m3, mientras que para el sistema RAS se requiere 120m3 que se reutiliza constantemente\u00a0(99% de ahorro). Al menos unas 15 veces de diferencia en volumen de agua. Y si a esto le agregamos en \u00a0el uno, se contamina y en el otro se recicla los residuos (productos secundarios)<\/p>\n<p><strong>PRODUCTIVIDAD Y RENTABILIDAD<\/strong>: La productividad en el sistema tradicional, por obvias razones es menor vs. sistemas controlados (RAS), las diferencias principales \u00a0son las mortalidad, seguridad de la granja y tiempos de cosecha del lote, esto trae como resultados, que en el primer caso trae como rentabilidad el 4% anual, lo cual, financieramente requiere m\u00e1s de 20 a\u00f1os para recuperar el capital; en contraste, en en los sistemas controlados, la rentabilidad es del 40% (sufragando todos los costos de producci\u00f3n) y el tiempo para recuperar la inversi\u00f3n es 3 a\u00f1os.<\/p>\n\t\t\t\t\t\t<\/div>\n\n\t\t\t\t\t\t\t\t\t\t\t\t\n\t\t\t\t\t<\/div>\n\n\t\t\t\t\t\t\t\t\t<\/div>\n\t\t\t<\/div>\n\t\t[vc_single_image image=&#8221;3568&#8243; img_size=&#8221;full&#8221; alignment=&#8221;center&#8221; parallax_scroll=&#8221;no&#8221;][\/vc_column][\/vc_row]<\/p>\n","protected":false},"excerpt":{"rendered":"<p>[vc_row][vc_column][vc_single_image image=&#8221;3567&#8243; img_size=&#8221;full&#8221; alignment=&#8221;center&#8221; parallax_scroll=&#8221;no&#8221;][\/vc_column][\/vc_row][vc_row][vc_column][vc_single_image image=&#8221;3568&#8243; img_size=&#8221;full&#8221; alignment=&#8221;center&#8221; parallax_scroll=&#8221;no&#8221;][\/vc_column][\/vc_row]<\/p>\n","protected":false},"author":1,"featured_media":3480,"parent":0,"menu_order":0,"comment_status":"closed","ping_status":"closed","template":"","meta":{"_monsterinsights_skip_tracking":false,"_monsterinsights_sitenote_active":false,"_monsterinsights_sitenote_note":"","_monsterinsights_sitenote_category":0,"spay_email":"","footnotes":""},"categories":[123],"tags":[80,67,334,297,304,338,326,335,329,330,66,336,337],"class_list":["post-3566","page","type-page","status-publish","has-post-thumbnail","hentry","category-viabilidad-y-recursos","tag-acuicultura","tag-camaron","tag-cambio","tag-cultivo","tag-inversion","tag-mas","tag-negocio","tag-paradigmas","tag-recomendaciones","tag-tecnificada","tag-tilapia","tag-treita","tag-veces"],"yoast_head":"<!-- This site is optimized with the Yoast SEO plugin v18.6 - https:\/\/yoast.com\/wordpress\/plugins\/seo\/ -->\n<title>Porqu\u00e9 ganar treinta veces m\u00e1s con piscicultura controlada<\/title>\n<meta name=\"description\" content=\"Porqu\u00e9 ganar treinta veces m\u00e1s con piscicultura controlada , ya que ahorra espacio y agua, con ello menos inversi\u00f3n y m\u00e1s rentabilidad\" \/>\n<meta name=\"robots\" content=\"index, follow, max-snippet:-1, max-image-preview:large, max-video-preview:-1\" \/>\n<link rel=\"canonical\" href=\"https:\/\/tilapiacenter.com\/index\/ganar-treinta-veces-mas-piscicultura-controlada\/\" \/>\n<meta property=\"og:locale\" content=\"es_ES\" \/>\n<meta property=\"og:type\" content=\"article\" \/>\n<meta property=\"og:title\" content=\"Porqu\u00e9 ganar treinta veces m\u00e1s con piscicultura controlada\" \/>\n<meta property=\"og:description\" content=\"Porqu\u00e9 ganar treinta veces m\u00e1s con piscicultura controlada , ya que ahorra espacio y agua, con ello menos inversi\u00f3n y m\u00e1s rentabilidad\" \/>\n<meta property=\"og:url\" content=\"https:\/\/tilapiacenter.com\/index\/ganar-treinta-veces-mas-piscicultura-controlada\/\" \/>\n<meta property=\"og:site_name\" content=\"TILAPIACENTER- Acuicultura Controlada\" \/>\n<meta property=\"article:publisher\" content=\"https:\/\/www.facebook.com\/tilapiacenterecuador\/\" \/>\n<meta property=\"article:modified_time\" content=\"2020-05-24T03:25:36+00:00\" \/>\n<meta property=\"og:image\" content=\"https:\/\/i0.wp.com\/tilapiacenter.com\/index\/wp-content\/uploads\/2020\/05\/CasosExito-Paute5.jpg?fit=800%2C450&#038;ssl=1\" \/>\n\t<meta property=\"og:image:width\" content=\"800\" \/>\n\t<meta property=\"og:image:height\" content=\"450\" \/>\n\t<meta property=\"og:image:type\" content=\"image\/jpeg\" \/>\n<meta name=\"twitter:card\" content=\"summary_large_image\" \/>\n<meta name=\"twitter:site\" content=\"@tilapiacenter\" \/>\n<meta name=\"twitter:label1\" content=\"Tiempo de lectura\" \/>\n\t<meta name=\"twitter:data1\" content=\"3 minutos\" \/>\n<script type=\"application\/ld+json\" class=\"yoast-schema-graph\">{\"@context\":\"https:\/\/schema.org\",\"@graph\":[{\"@type\":\"WebSite\",\"@id\":\"https:\/\/tilapiacenter.com\/index\/#website\",\"url\":\"https:\/\/tilapiacenter.com\/index\/\",\"name\":\"TILAPIACENTER- Acuicultura Controlada\",\"description\":\"Equipos, Tecnolog\u00eda, asesor\u00eda y cursos en acuicultura tecnificada, para sistemas RAS y BIOFLOC, en el cultivo de camaron, tilapia, trucha en tanques en geomembrana.\",\"potentialAction\":[{\"@type\":\"SearchAction\",\"target\":{\"@type\":\"EntryPoint\",\"urlTemplate\":\"https:\/\/tilapiacenter.com\/index\/?s={search_term_string}\"},\"query-input\":\"required name=search_term_string\"}],\"inLanguage\":\"es\"},{\"@type\":\"ImageObject\",\"@id\":\"https:\/\/tilapiacenter.com\/index\/ganar-treinta-veces-mas-piscicultura-controlada\/#primaryimage\",\"inLanguage\":\"es\",\"url\":\"https:\/\/i0.wp.com\/tilapiacenter.com\/index\/wp-content\/uploads\/2020\/05\/CasosExito-Paute5.jpg?fit=800%2C450&ssl=1\",\"contentUrl\":\"https:\/\/i0.wp.com\/tilapiacenter.com\/index\/wp-content\/uploads\/2020\/05\/CasosExito-Paute5.jpg?fit=800%2C450&ssl=1\",\"width\":800,\"height\":450,\"caption\":\"Tanques geomembrana Tilapia instalado en Paute Ecuador\"},{\"@type\":\"WebPage\",\"@id\":\"https:\/\/tilapiacenter.com\/index\/ganar-treinta-veces-mas-piscicultura-controlada\/#webpage\",\"url\":\"https:\/\/tilapiacenter.com\/index\/ganar-treinta-veces-mas-piscicultura-controlada\/\",\"name\":\"Porqu\u00e9 ganar treinta veces m\u00e1s con piscicultura controlada\",\"isPartOf\":{\"@id\":\"https:\/\/tilapiacenter.com\/index\/#website\"},\"primaryImageOfPage\":{\"@id\":\"https:\/\/tilapiacenter.com\/index\/ganar-treinta-veces-mas-piscicultura-controlada\/#primaryimage\"},\"datePublished\":\"2020-05-24T03:14:37+00:00\",\"dateModified\":\"2020-05-24T03:25:36+00:00\",\"description\":\"Porqu\u00e9 ganar treinta veces m\u00e1s con piscicultura controlada , ya que ahorra espacio y agua, con ello menos inversi\u00f3n y m\u00e1s rentabilidad\",\"breadcrumb\":{\"@id\":\"https:\/\/tilapiacenter.com\/index\/ganar-treinta-veces-mas-piscicultura-controlada\/#breadcrumb\"},\"inLanguage\":\"es\",\"potentialAction\":[{\"@type\":\"ReadAction\",\"target\":[\"https:\/\/tilapiacenter.com\/index\/ganar-treinta-veces-mas-piscicultura-controlada\/\"]}]},{\"@type\":\"BreadcrumbList\",\"@id\":\"https:\/\/tilapiacenter.com\/index\/ganar-treinta-veces-mas-piscicultura-controlada\/#breadcrumb\",\"itemListElement\":[{\"@type\":\"ListItem\",\"position\":1,\"name\":\"Portada\",\"item\":\"https:\/\/tilapiacenter.com\/index\/\"},{\"@type\":\"ListItem\",\"position\":2,\"name\":\"Porqu\u00e9 gana 30 veces m\u00e1s con piscicultura controlada en camar\u00f3n, tilapia, trucha..\"}]}]}<\/script>\n<!-- \/ Yoast SEO plugin. -->","yoast_head_json":{"title":"Porqu\u00e9 ganar treinta veces m\u00e1s con piscicultura controlada","description":"Porqu\u00e9 ganar treinta veces m\u00e1s con piscicultura controlada , ya que ahorra espacio y agua, con ello menos inversi\u00f3n y m\u00e1s rentabilidad","robots":{"index":"index","follow":"follow","max-snippet":"max-snippet:-1","max-image-preview":"max-image-preview:large","max-video-preview":"max-video-preview:-1"},"canonical":"https:\/\/tilapiacenter.com\/index\/ganar-treinta-veces-mas-piscicultura-controlada\/","og_locale":"es_ES","og_type":"article","og_title":"Porqu\u00e9 ganar treinta veces m\u00e1s con piscicultura controlada","og_description":"Porqu\u00e9 ganar treinta veces m\u00e1s con piscicultura controlada , ya que ahorra espacio y agua, con ello menos inversi\u00f3n y m\u00e1s rentabilidad","og_url":"https:\/\/tilapiacenter.com\/index\/ganar-treinta-veces-mas-piscicultura-controlada\/","og_site_name":"TILAPIACENTER- Acuicultura Controlada","article_publisher":"https:\/\/www.facebook.com\/tilapiacenterecuador\/","article_modified_time":"2020-05-24T03:25:36+00:00","og_image":[{"width":800,"height":450,"url":"https:\/\/i0.wp.com\/tilapiacenter.com\/index\/wp-content\/uploads\/2020\/05\/CasosExito-Paute5.jpg?fit=800%2C450&ssl=1","type":"image\/jpeg"}],"twitter_card":"summary_large_image","twitter_site":"@tilapiacenter","twitter_misc":{"Tiempo de lectura":"3 minutos"},"schema":{"@context":"https:\/\/schema.org","@graph":[{"@type":"WebSite","@id":"https:\/\/tilapiacenter.com\/index\/#website","url":"https:\/\/tilapiacenter.com\/index\/","name":"TILAPIACENTER- Acuicultura Controlada","description":"Equipos, Tecnolog\u00eda, asesor\u00eda y cursos en acuicultura tecnificada, para sistemas RAS y BIOFLOC, en el cultivo de camaron, tilapia, trucha en tanques en geomembrana.","potentialAction":[{"@type":"SearchAction","target":{"@type":"EntryPoint","urlTemplate":"https:\/\/tilapiacenter.com\/index\/?s={search_term_string}"},"query-input":"required name=search_term_string"}],"inLanguage":"es"},{"@type":"ImageObject","@id":"https:\/\/tilapiacenter.com\/index\/ganar-treinta-veces-mas-piscicultura-controlada\/#primaryimage","inLanguage":"es","url":"https:\/\/i0.wp.com\/tilapiacenter.com\/index\/wp-content\/uploads\/2020\/05\/CasosExito-Paute5.jpg?fit=800%2C450&ssl=1","contentUrl":"https:\/\/i0.wp.com\/tilapiacenter.com\/index\/wp-content\/uploads\/2020\/05\/CasosExito-Paute5.jpg?fit=800%2C450&ssl=1","width":800,"height":450,"caption":"Tanques geomembrana Tilapia instalado en Paute Ecuador"},{"@type":"WebPage","@id":"https:\/\/tilapiacenter.com\/index\/ganar-treinta-veces-mas-piscicultura-controlada\/#webpage","url":"https:\/\/tilapiacenter.com\/index\/ganar-treinta-veces-mas-piscicultura-controlada\/","name":"Porqu\u00e9 ganar treinta veces m\u00e1s con piscicultura controlada","isPartOf":{"@id":"https:\/\/tilapiacenter.com\/index\/#website"},"primaryImageOfPage":{"@id":"https:\/\/tilapiacenter.com\/index\/ganar-treinta-veces-mas-piscicultura-controlada\/#primaryimage"},"datePublished":"2020-05-24T03:14:37+00:00","dateModified":"2020-05-24T03:25:36+00:00","description":"Porqu\u00e9 ganar treinta veces m\u00e1s con piscicultura controlada , ya que ahorra espacio y agua, con ello menos inversi\u00f3n y m\u00e1s rentabilidad","breadcrumb":{"@id":"https:\/\/tilapiacenter.com\/index\/ganar-treinta-veces-mas-piscicultura-controlada\/#breadcrumb"},"inLanguage":"es","potentialAction":[{"@type":"ReadAction","target":["https:\/\/tilapiacenter.com\/index\/ganar-treinta-veces-mas-piscicultura-controlada\/"]}]},{"@type":"BreadcrumbList","@id":"https:\/\/tilapiacenter.com\/index\/ganar-treinta-veces-mas-piscicultura-controlada\/#breadcrumb","itemListElement":[{"@type":"ListItem","position":1,"name":"Portada","item":"https:\/\/tilapiacenter.com\/index\/"},{"@type":"ListItem","position":2,"name":"Porqu\u00e9 gana 30 veces m\u00e1s con piscicultura controlada en camar\u00f3n, tilapia, trucha.."}]}]}},"jetpack_sharing_enabled":true,"jetpack_likes_enabled":true,"jetpack-related-posts":[{"id":3558,"url":"https:\/\/tilapiacenter.com\/index\/cambio-paradigmas-acuicultura-ambiente-controlado-ras-biofloc\/","url_meta":{"origin":3566,"position":0},"title":"Enfocarse al cambio de paradigmas en camar\u00f3n y tilapia . Acuicultura en ambiente controlado","date":"24 de mayo de 2020","format":false,"excerpt":"[vc_row][vc_column][\/vc_column][\/vc_row]","rel":"","context":"En \u00abVIABILIDAD Y RECURSOS (pg)\u00bb","img":{"alt_text":"Cambio de paradigmas, en acuicultura controlada Tilapiacenter","src":"https:\/\/i0.wp.com\/tilapiacenter.com\/index\/wp-content\/uploads\/2020\/05\/viabilidadRecursos-CambioParadigmas-2.png?fit=502%2C377&ssl=1&resize=350%2C200","width":350,"height":200},"classes":[]},{"id":3539,"url":"https:\/\/tilapiacenter.com\/index\/demanda-oferta-mundial-tilapia-pescado\/","url_meta":{"origin":3566,"position":1},"title":"Demanda y oferta global de pescado y tilapia en el mundo","date":"23 de mayo de 2020","format":false,"excerpt":"[vc_row][vc_column][\/vc_column][\/vc_row][vc_row][vc_column][vc_raw_html]JTIwJTVCc29jaWFsX2J1dHRvbnMlMjB0eXBlJTNEJTIyc2hhcmUlMjIlNUQ=[\/vc_raw_html][\/vc_column][\/vc_row]","rel":"","context":"En \u00abVIABILIDAD Y RECURSOS (pg)\u00bb","img":{"alt_text":"Productos de tilapia","src":"https:\/\/i0.wp.com\/tilapiacenter.com\/index\/wp-content\/uploads\/2020\/05\/viabilidadRecursos-OfertayDemandaGloba-2.png?fit=802%2C230&ssl=1&resize=350%2C200","width":350,"height":200},"classes":[]},{"id":3734,"url":"https:\/\/tilapiacenter.com\/index\/curso-taller-camaron-tilapia-cultivo-tecnificado-guayaquil-machala-ecuador\/","url_meta":{"origin":3566,"position":2},"title":"Curso taller Internacional de Camar\u00f3n Tilapia cultivo tecnificado en Guayaquil, Machala, Quito","date":"28 de mayo de 2020","format":false,"excerpt":"[vc_row][vc_column][vc_single_image image=\"3735\" img_size=\"full\" alignment=\"center\" parallax_scroll=\"no\"][vc_video link=\"https:\/\/www.youtube.com\/watch?v=vu6dBEbgxYs\" align=\"center\" title=\"Ahora desde la comodidad de su casa puede capacitarse. Desde marzo 2020 hemos activado el curso virtual internacional de El Negocio de Acuicultura Tecnificada.\" image_poster_switch=\"no\"][vc_video link=\"https:\/\/www.youtube.com\/watch?v=A_7Q9iEA0Tg\" align=\"center\" title=\"El aprendizaje del curso presencial comparado con el virtual es similar, la diferencia es que no\u2026","rel":"","context":"En \u00abCURSOS ACUICULTURA (pg)\u00bb","img":{"alt_text":"Curso de tecnolog\u00eda de camar\u00f3n y tilapia","src":"https:\/\/i0.wp.com\/tilapiacenter.com\/index\/wp-content\/uploads\/2020\/05\/cursoQuito3.jpg?fit=960%2C540&ssl=1&resize=350%2C200","width":350,"height":200},"classes":[]},{"id":3696,"url":"https:\/\/tilapiacenter.com\/index\/proyecto-estudio-economica-camaron-tilapia-ras-biofloc\/","url_meta":{"origin":3566,"position":3},"title":"Estudio t\u00e9cnico de factibilidad econ\u00f3mica para camar\u00f3n y tilapia en tecnolog\u00eda RAS \/ biofloc","date":"28 de mayo de 2020","format":false,"excerpt":"[vc_row][vc_column][vc_video link=\"https:\/\/www.youtube.com\/watch?v=yXueP8eRvpQ\" image_poster_switch=\"no\"][\/vc_column][\/vc_row][vc_row][vc_column][vc_single_image image=\"3706\" img_size=\"full\" alignment=\"center\" parallax_scroll=\"no\"][vc_single_image image=\"3720\" img_size=\"full\" alignment=\"center\" parallax_scroll=\"no\"][\/vc_column][\/vc_row][vc_row][vc_column][vc_single_image image=\"3709\" img_size=\"full\" title=\"El documento Estudio T\u00e9cnico contiene entre 50 p\u00e1ginas de desarrollo del proyecto\" parallax_scroll=\"no\"][vc_single_image image=\"3710\" img_size=\"full\" title=\"El Estudio T\u00e9cnico Comienza con el informe ejecutivo, en un resumen de los principales c\u00e1lculos y resultados en el proyecto, como son\u2026","rel":"","context":"En \u00abESTUDIOS T\u00c9CNICOS (pg)\u00bb","img":{"alt_text":"Plan de Negocio de Camar\u00f3n y Tilapia Tilmaron para financiamiento","src":"https:\/\/i0.wp.com\/tilapiacenter.com\/index\/wp-content\/uploads\/2020\/05\/EstudioTecnico-1.jpg?fit=1200%2C675&ssl=1&resize=350%2C200","width":350,"height":200},"classes":[]},{"id":3554,"url":"https:\/\/tilapiacenter.com\/index\/acuicultura-controlada-negocio-rentable-inagotable\/","url_meta":{"origin":3566,"position":4},"title":"La acuicultura controlada es un negocio inagotable y rentable?","date":"24 de mayo de 2020","format":false,"excerpt":"[vc_row][vc_column][vc_single_image image=\"3555\" img_size=\"full\" add_caption=\"yes\" alignment=\"center\" parallax_scroll=\"no\"][\/vc_column][\/vc_row][vc_row][vc_column][\/vc_column][\/vc_row]","rel":"","context":"En \u00abVIABILIDAD Y RECURSOS (pg)\u00bb","img":{"alt_text":"Tilapiacenter exposici\u00f3n Expogan Santo domingo Tsachilas","src":"https:\/\/i0.wp.com\/tilapiacenter.com\/index\/wp-content\/uploads\/2020\/05\/CasosExito-expogan3.jpg?fit=1200%2C675&ssl=1&resize=350%2C200","width":350,"height":200},"classes":[]},{"id":3548,"url":"https:\/\/tilapiacenter.com\/index\/recomendaciones-iniciar-negocio-cultivo-tilapia-camaron-tecnificado\/","url_meta":{"origin":3566,"position":5},"title":"Recomendaciones para iniciar negocio en acuicultura de tilapia y camar\u00f3n en tecnificado","date":"23 de mayo de 2020","format":false,"excerpt":"[vc_row][vc_column][vc_single_image image=\"3549\" img_size=\"full\" add_caption=\"yes\" alignment=\"center\" parallax_scroll=\"no\"][\/vc_column][\/vc_row][vc_row][vc_column][\/vc_column][\/vc_row][vc_row][vc_column][vc_single_image image=\"3520\" img_size=\"full\" alignment=\"center\" parallax_scroll=\"no\"][\/vc_column][\/vc_row][vc_row][vc_column][vc_message]Desea saber m\u00e1s sobre el estudio t\u00e9cnico de factibilidad para gesti\u00f3n de financiamiento. Le invitamos a seguir inform\u00e1ndose[\/vc_message][\/vc_column][\/vc_row]","rel":"","context":"En \u00abVIABILIDAD Y RECURSOS (pg)\u00bb","img":{"alt_text":"Estanque geomembrana camaron Manabi Tilapiacenter","src":"https:\/\/i0.wp.com\/tilapiacenter.com\/index\/wp-content\/uploads\/2020\/05\/CasosExito-Manab\u00ed-4.jpg?fit=800%2C450&ssl=1&resize=350%2C200","width":350,"height":200},"classes":[]}],"post_mailing_queue_ids":[],"_links":{"self":[{"href":"https:\/\/tilapiacenter.com\/index\/wp-json\/wp\/v2\/pages\/3566","targetHints":{"allow":["GET"]}}],"collection":[{"href":"https:\/\/tilapiacenter.com\/index\/wp-json\/wp\/v2\/pages"}],"about":[{"href":"https:\/\/tilapiacenter.com\/index\/wp-json\/wp\/v2\/types\/page"}],"author":[{"embeddable":true,"href":"https:\/\/tilapiacenter.com\/index\/wp-json\/wp\/v2\/users\/1"}],"replies":[{"embeddable":true,"href":"https:\/\/tilapiacenter.com\/index\/wp-json\/wp\/v2\/comments?post=3566"}],"version-history":[{"count":2,"href":"https:\/\/tilapiacenter.com\/index\/wp-json\/wp\/v2\/pages\/3566\/revisions"}],"predecessor-version":[{"id":3571,"href":"https:\/\/tilapiacenter.com\/index\/wp-json\/wp\/v2\/pages\/3566\/revisions\/3571"}],"wp:featuredmedia":[{"embeddable":true,"href":"https:\/\/tilapiacenter.com\/index\/wp-json\/wp\/v2\/media\/3480"}],"wp:attachment":[{"href":"https:\/\/tilapiacenter.com\/index\/wp-json\/wp\/v2\/media?parent=3566"}],"wp:term":[{"taxonomy":"category","embeddable":true,"href":"https:\/\/tilapiacenter.com\/index\/wp-json\/wp\/v2\/categories?post=3566"},{"taxonomy":"post_tag","embeddable":true,"href":"https:\/\/tilapiacenter.com\/index\/wp-json\/wp\/v2\/tags?post=3566"}],"curies":[{"name":"wp","href":"https:\/\/api.w.org\/{rel}","templated":true}]}}