{"id":3558,"date":"2020-05-24T02:38:52","date_gmt":"2020-05-24T02:38:52","guid":{"rendered":"https:\/\/greenyellow-okapi-692508.hostingersite.com\/index\/?page_id=3558"},"modified":"2020-05-24T02:54:59","modified_gmt":"2020-05-24T02:54:59","slug":"cambio-paradigmas-acuicultura-ambiente-controlado-ras-biofloc","status":"publish","type":"page","link":"https:\/\/tilapiacenter.com\/index\/cambio-paradigmas-acuicultura-ambiente-controlado-ras-biofloc\/","title":{"rendered":"Enfocarse al cambio de paradigmas en camar\u00f3n y tilapia . Acuicultura en ambiente controlado"},"content":{"rendered":"<p>[vc_row][vc_column]\t\t\t<div class=\"info-box-wrapper \">\n\t\t\t\t<div id=\"wd-5ec9db069020a\" class=\" woodmart-info-box text-left box-icon-align-left box-style- color-scheme- woodmart-bg-none wpb_animate_when_almost_visible wpb_bounceIn bounceIn box-title-default \"  >\n\t\t\t\t\t\t\t\t\t\t\t<div class=\"box-icon-wrapper  box-with-icon box-icon-simple\">\n\t\t\t\t\t\t\t<div class=\"info-box-icon\">\n\n\t\t\t\t\t\t\t\n\t\t\t\t\t\t\t\t\t\t\t\t\t\t\t\t\t<img loading=\"lazy\" decoding=\"async\" class=\"info-icon image-1 \" src=\"https:\/\/i0.wp.com\/tilapiacenter.com\/index\/wp-content\/uploads\/2020\/05\/viabilidadRecursos-CambioParadigmas-1.png?fit=432%2C164&amp;ssl=1\" width=\"432\" height=\"164\" alt=\"Cambio de paradigmas acuicultura controlada\" title=\"viabilidad&amp;Recursos-CambioParadigmas-1\" \/>\t\t\t\t\t\t\t\t\t\t\t\t\t\t\t\t\n\t\t\t\t\t\t\t\n\t\t\t\t\t\t\t<\/div>\n\t\t\t\t\t\t<\/div>\n\t\t\t\t\t\t\t\t\t\t<div class=\"info-box-content\">\n\t\t\t\t\t\t<h4 class=\"info-box-title woodmart-font-weight- box-title-style-default\">Hacia el cambio de paradigmas . Acuicultura en ambiente controlado<\/h4>\t\t\t\t\t\t<div class=\"info-box-inner reset-mb-10\">\n\t\t\t\t\t\t\t<p>Piscicultura tecnificada y controlada: Cultivo de tilapia en tanques circulares de geomembrana con recirculaci\u00f3n del agua y gesti\u00f3n de desechos,, significa cambiar de paradigmas o forma de pensamiento productivo&#8230;<\/p>\n\t\t\t\t\t\t<\/div>\n\n\t\t\t\t\t\t\t\t\t\t\t\t\n\t\t\t\t\t<\/div>\n\n\t\t\t\t\t\t\t\t\t<\/div>\n\t\t\t<\/div>\n\t\t\t\t\t<div class=\"info-box-wrapper \">\n\t\t\t\t<div id=\"wd-5ec9e12707347\" class=\" woodmart-info-box text-left box-icon-align-right box-style- color-scheme- woodmart-bg-none wpb_animate_when_almost_visible wpb_bounceIn bounceIn box-title-default \"  >\n\t\t\t\t\t\t\t\t\t\t\t<div class=\"box-icon-wrapper  box-with-icon box-icon-simple\">\n\t\t\t\t\t\t\t<div class=\"info-box-icon\">\n\n\t\t\t\t\t\t\t\n\t\t\t\t\t\t\t\t\t\t\t\t\t\t\t\t\t<img loading=\"lazy\" decoding=\"async\" class=\"info-icon image-1 \" src=\"https:\/\/i0.wp.com\/tilapiacenter.com\/index\/wp-content\/uploads\/2020\/05\/viabilidadRecursos-CambioParadigmas-2.png?fit=502%2C377&amp;ssl=1\" width=\"502\" height=\"377\" alt=\"Cambio de paradigmas, en acuicultura controlada Tilapiacenter\" title=\"viabilidad&amp;Recursos-CambioParadigmas-2\" \/>\t\t\t\t\t\t\t\t\t\t\t\t\t\t\t\t\n\t\t\t\t\t\t\t\n\t\t\t\t\t\t\t<\/div>\n\t\t\t\t\t\t<\/div>\n\t\t\t\t\t\t\t\t\t\t<div class=\"info-box-content\">\n\t\t\t\t\t\t<h4 class=\"info-box-title woodmart-font-weight- box-title-style-default\">Hacia el cambio de paradigmas . Acuicultura en ambiente controlado<\/h4>\t\t\t\t\t\t<div class=\"info-box-inner reset-mb-10\">\n\t\t\t\t\t\t\t<p>En t\u00e9rminos generales, el cultivo de tilapia, trucha, camar\u00f3n&#8230; en tanques de geomembrana, le permite al piscicultor controlar y recrear los par\u00e1metros ambientales (oxigeno, temperatura, alimentaci\u00f3n, etc.) para que la especie acu\u00edcola se desarrolle de manera eficaz. Adem\u00e1s, se puede lograr un ahorro de recursos (agua, tierra, impactos ambientales, etc.) hasta en 40-40 veces.<\/p>\n<p>Si bien, estas implementaciones para nuestra cultura da la impresi\u00f3n que son costosas, pero en realidad la producci\u00f3n puede justificar su retorno de la inversi\u00f3n sin problema en algo m\u00e1s de un a\u00f1o.<\/p>\n<p>Bajo estas t\u00e9cnicas se puede cultivar de manera\u00a0<strong>intensiva<\/strong>, esto quiere decir al menos 30 veces m\u00e1s por m3 de agua, de lo que ser\u00eda en estanques de tierra.<\/p>\n<p>Al pensar en piscicultura tecnificada,\u00a0 debemos imaginarnos otro escenario, como: que las tilapias (o cualquier especie acu\u00edcola) crecen todo el ciclo hasta la cosecha, en tanques sobre superficie, es decir no se requiere excavaci\u00f3n del suelo.<\/p>\n<p>Los M\u00f3dulos de cultivo que oferta Tilapiacenter son estructuras de f\u00e1cil ensamblaje y est\u00e1n conformados con un esqueleto de tubos galvanizados y la bolsa de geomembrana. Justamente esta \u00faltima le da la impermeabilidad y se puede modular de cualquier di\u00e1metro, en funci\u00f3n del volumen (kg) de tilapia, trucha o camar\u00f3n que se proyecte cultivar.<\/p>\n<p>Cabe recalcar que este conjunto de componentes tienen una larga duraci\u00f3n (10 a 20 a\u00f1os de vida \u00fatil)<\/p>\n\t\t\t\t\t\t<\/div>\n\n\t\t\t\t\t\t\t\t\t\t\t\t\n\t\t\t\t\t<\/div>\n\n\t\t\t\t\t\t\t\t\t<\/div>\n\t\t\t<\/div>\n\t\t[\/vc_column][\/vc_row]<\/p>\n","protected":false},"excerpt":{"rendered":"<p>[vc_row][vc_column][\/vc_column][\/vc_row]<\/p>\n","protected":false},"author":1,"featured_media":3562,"parent":0,"menu_order":0,"comment_status":"closed","ping_status":"closed","template":"","meta":{"_monsterinsights_skip_tracking":false,"_monsterinsights_sitenote_active":false,"_monsterinsights_sitenote_note":"","_monsterinsights_sitenote_category":0,"spay_email":"","footnotes":""},"categories":[123],"tags":[80,332,67,334,333,297,304,326,335,329,330,66],"class_list":["post-3558","page","type-page","status-publish","has-post-thumbnail","hentry","category-viabilidad-y-recursos","tag-acuicultura","tag-ambiente","tag-camaron","tag-cambio","tag-controlado","tag-cultivo","tag-inversion","tag-negocio","tag-paradigmas","tag-recomendaciones","tag-tecnificada","tag-tilapia"],"yoast_head":"<!-- This site is optimized with the Yoast SEO plugin v18.6 - https:\/\/yoast.com\/wordpress\/plugins\/seo\/ -->\n<title>Enfocarse al cambio de paradigmas . Acuicultura en ambiente controlado<\/title>\n<meta name=\"description\" content=\"Enfocarse al cambio de paradigmas . Acuicultura en ambiente controlado para cultivo de camar\u00f3n y tilapia en ambiente controlado\" \/>\n<meta name=\"robots\" content=\"index, follow, max-snippet:-1, max-image-preview:large, max-video-preview:-1\" \/>\n<link rel=\"canonical\" href=\"https:\/\/tilapiacenter.com\/index\/cambio-paradigmas-acuicultura-ambiente-controlado-ras-biofloc\/\" \/>\n<meta property=\"og:locale\" content=\"es_ES\" \/>\n<meta property=\"og:type\" content=\"article\" \/>\n<meta property=\"og:title\" content=\"Enfocarse al cambio de paradigmas . Acuicultura en ambiente controlado\" \/>\n<meta property=\"og:description\" content=\"Enfocarse al cambio de paradigmas . Acuicultura en ambiente controlado para cultivo de camar\u00f3n y tilapia en ambiente controlado\" \/>\n<meta property=\"og:url\" content=\"https:\/\/tilapiacenter.com\/index\/cambio-paradigmas-acuicultura-ambiente-controlado-ras-biofloc\/\" \/>\n<meta property=\"og:site_name\" content=\"TILAPIACENTER- Acuicultura Controlada\" \/>\n<meta property=\"article:publisher\" content=\"https:\/\/www.facebook.com\/tilapiacenterecuador\/\" \/>\n<meta property=\"article:modified_time\" content=\"2020-05-24T02:54:59+00:00\" \/>\n<meta property=\"og:image\" content=\"https:\/\/i0.wp.com\/tilapiacenter.com\/index\/wp-content\/uploads\/2020\/05\/viabilidadRecursos-CambioParadigmas-2.png?fit=502%2C377&#038;ssl=1\" \/>\n\t<meta property=\"og:image:width\" content=\"502\" \/>\n\t<meta property=\"og:image:height\" content=\"377\" \/>\n\t<meta property=\"og:image:type\" content=\"image\/png\" \/>\n<meta name=\"twitter:card\" content=\"summary_large_image\" \/>\n<meta name=\"twitter:site\" content=\"@tilapiacenter\" \/>\n<meta name=\"twitter:label1\" content=\"Tiempo de lectura\" \/>\n\t<meta name=\"twitter:data1\" content=\"2 minutos\" \/>\n<script type=\"application\/ld+json\" class=\"yoast-schema-graph\">{\"@context\":\"https:\/\/schema.org\",\"@graph\":[{\"@type\":\"WebSite\",\"@id\":\"https:\/\/tilapiacenter.com\/index\/#website\",\"url\":\"https:\/\/tilapiacenter.com\/index\/\",\"name\":\"TILAPIACENTER- Acuicultura Controlada\",\"description\":\"Equipos, Tecnolog\u00eda, asesor\u00eda y cursos en acuicultura tecnificada, para sistemas RAS y BIOFLOC, en el cultivo de camaron, tilapia, trucha en tanques en geomembrana.\",\"potentialAction\":[{\"@type\":\"SearchAction\",\"target\":{\"@type\":\"EntryPoint\",\"urlTemplate\":\"https:\/\/tilapiacenter.com\/index\/?s={search_term_string}\"},\"query-input\":\"required name=search_term_string\"}],\"inLanguage\":\"es\"},{\"@type\":\"ImageObject\",\"@id\":\"https:\/\/tilapiacenter.com\/index\/cambio-paradigmas-acuicultura-ambiente-controlado-ras-biofloc\/#primaryimage\",\"inLanguage\":\"es\",\"url\":\"https:\/\/i0.wp.com\/tilapiacenter.com\/index\/wp-content\/uploads\/2020\/05\/viabilidadRecursos-CambioParadigmas-2.png?fit=502%2C377&ssl=1\",\"contentUrl\":\"https:\/\/i0.wp.com\/tilapiacenter.com\/index\/wp-content\/uploads\/2020\/05\/viabilidadRecursos-CambioParadigmas-2.png?fit=502%2C377&ssl=1\",\"width\":502,\"height\":377,\"caption\":\"Cambio de paradigmas, en acuicultura controlada Tilapiacenter\"},{\"@type\":\"WebPage\",\"@id\":\"https:\/\/tilapiacenter.com\/index\/cambio-paradigmas-acuicultura-ambiente-controlado-ras-biofloc\/#webpage\",\"url\":\"https:\/\/tilapiacenter.com\/index\/cambio-paradigmas-acuicultura-ambiente-controlado-ras-biofloc\/\",\"name\":\"Enfocarse al cambio de paradigmas . Acuicultura en ambiente controlado\",\"isPartOf\":{\"@id\":\"https:\/\/tilapiacenter.com\/index\/#website\"},\"primaryImageOfPage\":{\"@id\":\"https:\/\/tilapiacenter.com\/index\/cambio-paradigmas-acuicultura-ambiente-controlado-ras-biofloc\/#primaryimage\"},\"datePublished\":\"2020-05-24T02:38:52+00:00\",\"dateModified\":\"2020-05-24T02:54:59+00:00\",\"description\":\"Enfocarse al cambio de paradigmas . Acuicultura en ambiente controlado para cultivo de camar\u00f3n y tilapia en ambiente controlado\",\"breadcrumb\":{\"@id\":\"https:\/\/tilapiacenter.com\/index\/cambio-paradigmas-acuicultura-ambiente-controlado-ras-biofloc\/#breadcrumb\"},\"inLanguage\":\"es\",\"potentialAction\":[{\"@type\":\"ReadAction\",\"target\":[\"https:\/\/tilapiacenter.com\/index\/cambio-paradigmas-acuicultura-ambiente-controlado-ras-biofloc\/\"]}]},{\"@type\":\"BreadcrumbList\",\"@id\":\"https:\/\/tilapiacenter.com\/index\/cambio-paradigmas-acuicultura-ambiente-controlado-ras-biofloc\/#breadcrumb\",\"itemListElement\":[{\"@type\":\"ListItem\",\"position\":1,\"name\":\"Portada\",\"item\":\"https:\/\/tilapiacenter.com\/index\/\"},{\"@type\":\"ListItem\",\"position\":2,\"name\":\"Enfocarse al cambio de paradigmas en camar\u00f3n y tilapia . Acuicultura en ambiente controlado\"}]}]}<\/script>\n<!-- \/ Yoast SEO plugin. -->","yoast_head_json":{"title":"Enfocarse al cambio de paradigmas . Acuicultura en ambiente controlado","description":"Enfocarse al cambio de paradigmas . Acuicultura en ambiente controlado para cultivo de camar\u00f3n y tilapia en ambiente controlado","robots":{"index":"index","follow":"follow","max-snippet":"max-snippet:-1","max-image-preview":"max-image-preview:large","max-video-preview":"max-video-preview:-1"},"canonical":"https:\/\/tilapiacenter.com\/index\/cambio-paradigmas-acuicultura-ambiente-controlado-ras-biofloc\/","og_locale":"es_ES","og_type":"article","og_title":"Enfocarse al cambio de paradigmas . Acuicultura en ambiente controlado","og_description":"Enfocarse al cambio de paradigmas . Acuicultura en ambiente controlado para cultivo de camar\u00f3n y tilapia en ambiente controlado","og_url":"https:\/\/tilapiacenter.com\/index\/cambio-paradigmas-acuicultura-ambiente-controlado-ras-biofloc\/","og_site_name":"TILAPIACENTER- Acuicultura Controlada","article_publisher":"https:\/\/www.facebook.com\/tilapiacenterecuador\/","article_modified_time":"2020-05-24T02:54:59+00:00","og_image":[{"width":502,"height":377,"url":"https:\/\/i0.wp.com\/tilapiacenter.com\/index\/wp-content\/uploads\/2020\/05\/viabilidadRecursos-CambioParadigmas-2.png?fit=502%2C377&ssl=1","type":"image\/png"}],"twitter_card":"summary_large_image","twitter_site":"@tilapiacenter","twitter_misc":{"Tiempo de lectura":"2 minutos"},"schema":{"@context":"https:\/\/schema.org","@graph":[{"@type":"WebSite","@id":"https:\/\/tilapiacenter.com\/index\/#website","url":"https:\/\/tilapiacenter.com\/index\/","name":"TILAPIACENTER- Acuicultura Controlada","description":"Equipos, Tecnolog\u00eda, asesor\u00eda y cursos en acuicultura tecnificada, para sistemas RAS y BIOFLOC, en el cultivo de camaron, tilapia, trucha en tanques en geomembrana.","potentialAction":[{"@type":"SearchAction","target":{"@type":"EntryPoint","urlTemplate":"https:\/\/tilapiacenter.com\/index\/?s={search_term_string}"},"query-input":"required name=search_term_string"}],"inLanguage":"es"},{"@type":"ImageObject","@id":"https:\/\/tilapiacenter.com\/index\/cambio-paradigmas-acuicultura-ambiente-controlado-ras-biofloc\/#primaryimage","inLanguage":"es","url":"https:\/\/i0.wp.com\/tilapiacenter.com\/index\/wp-content\/uploads\/2020\/05\/viabilidadRecursos-CambioParadigmas-2.png?fit=502%2C377&ssl=1","contentUrl":"https:\/\/i0.wp.com\/tilapiacenter.com\/index\/wp-content\/uploads\/2020\/05\/viabilidadRecursos-CambioParadigmas-2.png?fit=502%2C377&ssl=1","width":502,"height":377,"caption":"Cambio de paradigmas, en acuicultura controlada Tilapiacenter"},{"@type":"WebPage","@id":"https:\/\/tilapiacenter.com\/index\/cambio-paradigmas-acuicultura-ambiente-controlado-ras-biofloc\/#webpage","url":"https:\/\/tilapiacenter.com\/index\/cambio-paradigmas-acuicultura-ambiente-controlado-ras-biofloc\/","name":"Enfocarse al cambio de paradigmas . Acuicultura en ambiente controlado","isPartOf":{"@id":"https:\/\/tilapiacenter.com\/index\/#website"},"primaryImageOfPage":{"@id":"https:\/\/tilapiacenter.com\/index\/cambio-paradigmas-acuicultura-ambiente-controlado-ras-biofloc\/#primaryimage"},"datePublished":"2020-05-24T02:38:52+00:00","dateModified":"2020-05-24T02:54:59+00:00","description":"Enfocarse al cambio de paradigmas . Acuicultura en ambiente controlado para cultivo de camar\u00f3n y tilapia en ambiente controlado","breadcrumb":{"@id":"https:\/\/tilapiacenter.com\/index\/cambio-paradigmas-acuicultura-ambiente-controlado-ras-biofloc\/#breadcrumb"},"inLanguage":"es","potentialAction":[{"@type":"ReadAction","target":["https:\/\/tilapiacenter.com\/index\/cambio-paradigmas-acuicultura-ambiente-controlado-ras-biofloc\/"]}]},{"@type":"BreadcrumbList","@id":"https:\/\/tilapiacenter.com\/index\/cambio-paradigmas-acuicultura-ambiente-controlado-ras-biofloc\/#breadcrumb","itemListElement":[{"@type":"ListItem","position":1,"name":"Portada","item":"https:\/\/tilapiacenter.com\/index\/"},{"@type":"ListItem","position":2,"name":"Enfocarse al cambio de paradigmas en camar\u00f3n y tilapia . Acuicultura en ambiente controlado"}]}]}},"jetpack_sharing_enabled":true,"jetpack_likes_enabled":true,"jetpack-related-posts":[{"id":3566,"url":"https:\/\/tilapiacenter.com\/index\/ganar-treinta-veces-mas-piscicultura-controlada\/","url_meta":{"origin":3558,"position":0},"title":"Porqu\u00e9 gana 30 veces m\u00e1s con piscicultura controlada en camar\u00f3n, tilapia, trucha..","date":"24 de mayo de 2020","format":false,"excerpt":"[vc_row][vc_column][vc_single_image image=\"3567\" img_size=\"full\" alignment=\"center\" parallax_scroll=\"no\"][\/vc_column][\/vc_row][vc_row][vc_column][vc_single_image image=\"3568\" img_size=\"full\" alignment=\"center\" parallax_scroll=\"no\"][\/vc_column][\/vc_row]","rel":"","context":"En \u00abVIABILIDAD Y RECURSOS (pg)\u00bb","img":{"alt_text":"Tanques geomembrana Tilapia instalado en Paute Ecuador","src":"https:\/\/i0.wp.com\/tilapiacenter.com\/index\/wp-content\/uploads\/2020\/05\/CasosExito-Paute5.jpg?fit=800%2C450&ssl=1&resize=350%2C200","width":350,"height":200},"classes":[]},{"id":3539,"url":"https:\/\/tilapiacenter.com\/index\/demanda-oferta-mundial-tilapia-pescado\/","url_meta":{"origin":3558,"position":1},"title":"Demanda y oferta global de pescado y tilapia en el mundo","date":"23 de mayo de 2020","format":false,"excerpt":"[vc_row][vc_column][\/vc_column][\/vc_row][vc_row][vc_column][vc_raw_html]JTIwJTVCc29jaWFsX2J1dHRvbnMlMjB0eXBlJTNEJTIyc2hhcmUlMjIlNUQ=[\/vc_raw_html][\/vc_column][\/vc_row]","rel":"","context":"En \u00abVIABILIDAD Y RECURSOS (pg)\u00bb","img":{"alt_text":"Productos de tilapia","src":"https:\/\/i0.wp.com\/tilapiacenter.com\/index\/wp-content\/uploads\/2020\/05\/viabilidadRecursos-OfertayDemandaGloba-2.png?fit=802%2C230&ssl=1&resize=350%2C200","width":350,"height":200},"classes":[]},{"id":3554,"url":"https:\/\/tilapiacenter.com\/index\/acuicultura-controlada-negocio-rentable-inagotable\/","url_meta":{"origin":3558,"position":2},"title":"La acuicultura controlada es un negocio inagotable y rentable?","date":"24 de mayo de 2020","format":false,"excerpt":"[vc_row][vc_column][vc_single_image image=\"3555\" img_size=\"full\" add_caption=\"yes\" alignment=\"center\" parallax_scroll=\"no\"][\/vc_column][\/vc_row][vc_row][vc_column][\/vc_column][\/vc_row]","rel":"","context":"En \u00abVIABILIDAD Y RECURSOS (pg)\u00bb","img":{"alt_text":"Tilapiacenter exposici\u00f3n Expogan Santo domingo Tsachilas","src":"https:\/\/i0.wp.com\/tilapiacenter.com\/index\/wp-content\/uploads\/2020\/05\/CasosExito-expogan3.jpg?fit=1200%2C675&ssl=1&resize=350%2C200","width":350,"height":200},"classes":[]},{"id":3734,"url":"https:\/\/tilapiacenter.com\/index\/curso-taller-camaron-tilapia-cultivo-tecnificado-guayaquil-machala-ecuador\/","url_meta":{"origin":3558,"position":3},"title":"Curso taller Internacional de Camar\u00f3n Tilapia cultivo tecnificado en Guayaquil, Machala, Quito","date":"28 de mayo de 2020","format":false,"excerpt":"[vc_row][vc_column][vc_single_image image=\"3735\" img_size=\"full\" alignment=\"center\" parallax_scroll=\"no\"][vc_video link=\"https:\/\/www.youtube.com\/watch?v=vu6dBEbgxYs\" align=\"center\" title=\"Ahora desde la comodidad de su casa puede capacitarse. Desde marzo 2020 hemos activado el curso virtual internacional de El Negocio de Acuicultura Tecnificada.\" image_poster_switch=\"no\"][vc_video link=\"https:\/\/www.youtube.com\/watch?v=A_7Q9iEA0Tg\" align=\"center\" title=\"El aprendizaje del curso presencial comparado con el virtual es similar, la diferencia es que no\u2026","rel":"","context":"En \u00abCURSOS ACUICULTURA (pg)\u00bb","img":{"alt_text":"Curso de tecnolog\u00eda de camar\u00f3n y tilapia","src":"https:\/\/i0.wp.com\/tilapiacenter.com\/index\/wp-content\/uploads\/2020\/05\/cursoQuito3.jpg?fit=960%2C540&ssl=1&resize=350%2C200","width":350,"height":200},"classes":[]},{"id":2412,"url":"https:\/\/tilapiacenter.com\/index\/","url_meta":{"origin":3558,"position":4},"title":"TILAPIACENTER: Sistemas RAS &#8211; Biofloc, Piscinas y tanques en geomembrana para cultivo intensivo de camar\u00f3n, tilapia. Acuicultura Tecnificada","date":"8 de junio de 2019","format":false,"excerpt":"[vc_row][vc_column css=\".vc_custom_1559911414329{padding-top: 0px !important;}\" mobile_bg_img_hidden=\"no\" tablet_bg_img_hidden=\"no\" woodmart_parallax=\"0\" woodmart_sticky_column=\"false\" parallax_scroll=\"no\" mobile_reset_margin=\"no\" tablet_reset_margin=\"no\"][\/vc_column][vc_column][\/vc_column][\/vc_row][vc_row full_width=\"stretch_row\" css=\".vc_custom_1559748885024{margin-bottom: 8vh !important;padding-top: 8vh !important;padding-bottom: 6vh !important;background-color: #def0f6 !important;}\" mobile_bg_img_hidden=\"no\" tablet_bg_img_hidden=\"no\" woodmart_parallax=\"0\" woodmart_gradient_switch=\"no\" row_reverse_mobile=\"0\" row_reverse_tablet=\"0\" woodmart_disable_overflow=\"0\"][vc_column css=\".vc_custom_1559750057376{padding-top: 0px !important;}\" mobile_bg_img_hidden=\"no\" tablet_bg_img_hidden=\"no\" woodmart_parallax=\"0\" woodmart_sticky_column=\"false\" parallax_scroll=\"no\" mobile_reset_margin=\"no\" tablet_reset_margin=\"no\"][vc_gallery interval=\"0\" images=\"3123,3116,3117,3121,3118,3120,3122,3124,3129\" img_size=\"large\" onclick=\"\" css_animation=\"bounceInDown\"][vc_video link=\"https:\/\/www.youtube.com\/watch?v=vu6dBEbgxYs\" image_poster_switch=\"no\"][\/vc_column][\/vc_row][vc_row content_placement=\"middle\" mobile_bg_img_hidden=\"no\" tablet_bg_img_hidden=\"no\" woodmart_parallax=\"0\" woodmart_gradient_switch=\"no\"\u2026","rel":"","context":"Entrada similar","img":{"alt_text":"","src":"","width":0,"height":0},"classes":[]},{"id":3696,"url":"https:\/\/tilapiacenter.com\/index\/proyecto-estudio-economica-camaron-tilapia-ras-biofloc\/","url_meta":{"origin":3558,"position":5},"title":"Estudio t\u00e9cnico de factibilidad econ\u00f3mica para camar\u00f3n y tilapia en tecnolog\u00eda RAS \/ biofloc","date":"28 de mayo de 2020","format":false,"excerpt":"[vc_row][vc_column][vc_video link=\"https:\/\/www.youtube.com\/watch?v=yXueP8eRvpQ\" image_poster_switch=\"no\"][\/vc_column][\/vc_row][vc_row][vc_column][vc_single_image image=\"3706\" img_size=\"full\" alignment=\"center\" parallax_scroll=\"no\"][vc_single_image image=\"3720\" img_size=\"full\" alignment=\"center\" parallax_scroll=\"no\"][\/vc_column][\/vc_row][vc_row][vc_column][vc_single_image image=\"3709\" img_size=\"full\" title=\"El documento Estudio T\u00e9cnico contiene entre 50 p\u00e1ginas de desarrollo del proyecto\" parallax_scroll=\"no\"][vc_single_image image=\"3710\" img_size=\"full\" title=\"El Estudio T\u00e9cnico Comienza con el informe ejecutivo, en un resumen de los principales c\u00e1lculos y resultados en el proyecto, como son\u2026","rel":"","context":"En \u00abESTUDIOS T\u00c9CNICOS (pg)\u00bb","img":{"alt_text":"Plan de Negocio de Camar\u00f3n y Tilapia Tilmaron para financiamiento","src":"https:\/\/i0.wp.com\/tilapiacenter.com\/index\/wp-content\/uploads\/2020\/05\/EstudioTecnico-1.jpg?fit=1200%2C675&ssl=1&resize=350%2C200","width":350,"height":200},"classes":[]}],"post_mailing_queue_ids":[],"_links":{"self":[{"href":"https:\/\/tilapiacenter.com\/index\/wp-json\/wp\/v2\/pages\/3558","targetHints":{"allow":["GET"]}}],"collection":[{"href":"https:\/\/tilapiacenter.com\/index\/wp-json\/wp\/v2\/pages"}],"about":[{"href":"https:\/\/tilapiacenter.com\/index\/wp-json\/wp\/v2\/types\/page"}],"author":[{"embeddable":true,"href":"https:\/\/tilapiacenter.com\/index\/wp-json\/wp\/v2\/users\/1"}],"replies":[{"embeddable":true,"href":"https:\/\/tilapiacenter.com\/index\/wp-json\/wp\/v2\/comments?post=3558"}],"version-history":[{"count":3,"href":"https:\/\/tilapiacenter.com\/index\/wp-json\/wp\/v2\/pages\/3558\/revisions"}],"predecessor-version":[{"id":3564,"href":"https:\/\/tilapiacenter.com\/index\/wp-json\/wp\/v2\/pages\/3558\/revisions\/3564"}],"wp:featuredmedia":[{"embeddable":true,"href":"https:\/\/tilapiacenter.com\/index\/wp-json\/wp\/v2\/media\/3562"}],"wp:attachment":[{"href":"https:\/\/tilapiacenter.com\/index\/wp-json\/wp\/v2\/media?parent=3558"}],"wp:term":[{"taxonomy":"category","embeddable":true,"href":"https:\/\/tilapiacenter.com\/index\/wp-json\/wp\/v2\/categories?post=3558"},{"taxonomy":"post_tag","embeddable":true,"href":"https:\/\/tilapiacenter.com\/index\/wp-json\/wp\/v2\/tags?post=3558"}],"curies":[{"name":"wp","href":"https:\/\/api.w.org\/{rel}","templated":true}]}}