{"id":3554,"date":"2020-05-24T00:13:11","date_gmt":"2020-05-24T00:13:11","guid":{"rendered":"https:\/\/greenyellow-okapi-692508.hostingersite.com\/index\/?page_id=3554"},"modified":"2020-05-24T00:13:11","modified_gmt":"2020-05-24T00:13:11","slug":"acuicultura-controlada-negocio-rentable-inagotable","status":"publish","type":"page","link":"https:\/\/tilapiacenter.com\/index\/acuicultura-controlada-negocio-rentable-inagotable\/","title":{"rendered":"La acuicultura controlada es un negocio inagotable y rentable?"},"content":{"rendered":"<p>[vc_row][vc_column][vc_single_image image=&#8221;3555&#8243; img_size=&#8221;full&#8221; add_caption=&#8221;yes&#8221; alignment=&#8221;center&#8221; parallax_scroll=&#8221;no&#8221;][\/vc_column][\/vc_row][vc_row][vc_column]\t\t\t<div class=\"info-box-wrapper \">\n\t\t\t\t<div id=\"wd-5ec9ba3eba3f6\" class=\" woodmart-info-box text-left box-icon-align-top box-style- color-scheme- woodmart-bg-none wpb_animate_when_almost_visible wpb_bounceIn bounceIn box-title-default \"  >\n\t\t\t\t\t\t\t\t\t\t<div class=\"info-box-content\">\n\t\t\t\t\t\t<h4 class=\"info-box-title woodmart-font-weight- box-title-style-default\">Porqu\u00e9 la acuicultura tecnificada es un negocio inagotable y rentable<\/h4>\t\t\t\t\t\t<div class=\"info-box-inner reset-mb-10\">\n\t\t\t\t\t\t\t<p>En pocas palabras un negocio inagotable significa que muchos pueden participar y sigue habiendo para largo, es decir la demanda sobrepasa en gran parte a la oferta. Veremos en los siguientes art\u00edculos el porqu\u00e9.<\/p>\n<p>Dedicarse a la piscicultura es mover la econom\u00eda de un pa\u00eds. Imag\u00ednese los actores o procesos que intervienen antes y despu\u00e9s del cultivo de tilapia o cualquier especie acu\u00edcola: Entre ellos el conocimiento, los equipos, las instalaciones, el empleo, la contribuci\u00f3n alimentaria y el rol econ\u00f3mico de toda esta interrelaci\u00f3n. A este respecto hay mucho hilo que tejer.<\/p>\n<p>Recordemos una vez m\u00e1s, que una\u00a0<b>empresa de acuicultura tecnificada<\/b>\u00a0<strong>o controlada\u00a0<\/strong>tiene por objeto el cultivo controlado de animales o vegetales en un medio acu\u00e1tico, tal como peces, moluscos, crust\u00e1ceos, algas, plantas o cualquier ser vivo que se habite en el agua. El acuicultor puede decidir la especie a cultivar, seg\u00fan la demanda o por periodos en el a\u00f1o.<\/p>\n<p>Si todav\u00eda no vio el tema de la demanda, <a href=\"https:\/\/greenyellow-okapi-692508.hostingersite.com\/index\/demanda-oferta-mundial-tilapia-pescado\/\">haga clic aqu\u00ed<\/a><\/p>\n<p>\n\t\t\t\t\t\t<\/div>\n\n\t\t\t\t\t\t\t\t\t\t\t\t\n\t\t\t\t\t<\/div>\n\n\t\t\t\t\t\t\t\t\t<\/div>\n\t\t\t<\/div>\n\t\t[\/vc_column][\/vc_row]<\/p>\n","protected":false},"excerpt":{"rendered":"<p>[vc_row][vc_column][vc_single_image image=&#8221;3555&#8243; img_size=&#8221;full&#8221; add_caption=&#8221;yes&#8221; alignment=&#8221;center&#8221; parallax_scroll=&#8221;no&#8221;][\/vc_column][\/vc_row][vc_row][vc_column][\/vc_column][\/vc_row]<\/p>\n","protected":false},"author":1,"featured_media":3446,"parent":0,"menu_order":0,"comment_status":"closed","ping_status":"closed","template":"","meta":{"_monsterinsights_skip_tracking":false,"_monsterinsights_sitenote_active":false,"_monsterinsights_sitenote_note":"","_monsterinsights_sitenote_category":0,"spay_email":"","footnotes":""},"categories":[123],"tags":[80,67,327,331,297,304,326,329,74,330,328,66,325],"class_list":["post-3554","page","type-page","status-publish","has-post-thumbnail","hentry","category-viabilidad-y-recursos","tag-acuicultura","tag-camaron","tag-clima","tag-controlada","tag-cultivo","tag-inversion","tag-negocio","tag-recomendaciones","tag-rentable","tag-tecnificada","tag-terreno","tag-tilapia","tag-tips"],"yoast_head":"<!-- This site is optimized with the Yoast SEO plugin v18.6 - https:\/\/yoast.com\/wordpress\/plugins\/seo\/ -->\n<title>En pocas palabras un negocio inagotable significa que muchos<\/title>\n<meta name=\"description\" content=\"En pocas palabras un negocio inagotable significa que muchos pueden participar y sigue habiendo para largo, pues un sector puede promoverse\" \/>\n<meta name=\"robots\" content=\"index, follow, max-snippet:-1, max-image-preview:large, max-video-preview:-1\" \/>\n<link rel=\"canonical\" href=\"https:\/\/tilapiacenter.com\/index\/acuicultura-controlada-negocio-rentable-inagotable\/\" \/>\n<meta property=\"og:locale\" content=\"es_ES\" \/>\n<meta property=\"og:type\" content=\"article\" \/>\n<meta property=\"og:title\" content=\"En pocas palabras un negocio inagotable significa que muchos\" \/>\n<meta property=\"og:description\" content=\"En pocas palabras un negocio inagotable significa que muchos pueden participar y sigue habiendo para largo, pues un sector puede promoverse\" \/>\n<meta property=\"og:url\" content=\"https:\/\/tilapiacenter.com\/index\/acuicultura-controlada-negocio-rentable-inagotable\/\" \/>\n<meta property=\"og:site_name\" content=\"TILAPIACENTER- Acuicultura Controlada\" \/>\n<meta property=\"article:publisher\" content=\"https:\/\/www.facebook.com\/tilapiacenterecuador\/\" \/>\n<meta property=\"og:image\" content=\"https:\/\/i0.wp.com\/tilapiacenter.com\/index\/wp-content\/uploads\/2020\/05\/CasosExito-expogan3.jpg?fit=1280%2C720&#038;ssl=1\" \/>\n\t<meta property=\"og:image:width\" content=\"1280\" \/>\n\t<meta property=\"og:image:height\" content=\"720\" \/>\n\t<meta property=\"og:image:type\" content=\"image\/jpeg\" \/>\n<meta name=\"twitter:card\" content=\"summary_large_image\" \/>\n<meta name=\"twitter:site\" content=\"@tilapiacenter\" \/>\n<meta name=\"twitter:label1\" content=\"Tiempo de lectura\" \/>\n\t<meta name=\"twitter:data1\" content=\"1 minuto\" \/>\n<script type=\"application\/ld+json\" class=\"yoast-schema-graph\">{\"@context\":\"https:\/\/schema.org\",\"@graph\":[{\"@type\":\"WebSite\",\"@id\":\"https:\/\/tilapiacenter.com\/index\/#website\",\"url\":\"https:\/\/tilapiacenter.com\/index\/\",\"name\":\"TILAPIACENTER- Acuicultura Controlada\",\"description\":\"Equipos, Tecnolog\u00eda, asesor\u00eda y cursos en acuicultura tecnificada, para sistemas RAS y BIOFLOC, en el cultivo de camaron, tilapia, trucha en tanques en geomembrana.\",\"potentialAction\":[{\"@type\":\"SearchAction\",\"target\":{\"@type\":\"EntryPoint\",\"urlTemplate\":\"https:\/\/tilapiacenter.com\/index\/?s={search_term_string}\"},\"query-input\":\"required name=search_term_string\"}],\"inLanguage\":\"es\"},{\"@type\":\"ImageObject\",\"@id\":\"https:\/\/tilapiacenter.com\/index\/acuicultura-controlada-negocio-rentable-inagotable\/#primaryimage\",\"inLanguage\":\"es\",\"url\":\"https:\/\/i0.wp.com\/tilapiacenter.com\/index\/wp-content\/uploads\/2020\/05\/CasosExito-expogan3.jpg?fit=1280%2C720&ssl=1\",\"contentUrl\":\"https:\/\/i0.wp.com\/tilapiacenter.com\/index\/wp-content\/uploads\/2020\/05\/CasosExito-expogan3.jpg?fit=1280%2C720&ssl=1\",\"width\":1280,\"height\":720,\"caption\":\"Tilapiacenter exposici\u00f3n Expogan Santo domingo Tsachilas\"},{\"@type\":\"WebPage\",\"@id\":\"https:\/\/tilapiacenter.com\/index\/acuicultura-controlada-negocio-rentable-inagotable\/#webpage\",\"url\":\"https:\/\/tilapiacenter.com\/index\/acuicultura-controlada-negocio-rentable-inagotable\/\",\"name\":\"En pocas palabras un negocio inagotable significa que muchos\",\"isPartOf\":{\"@id\":\"https:\/\/tilapiacenter.com\/index\/#website\"},\"primaryImageOfPage\":{\"@id\":\"https:\/\/tilapiacenter.com\/index\/acuicultura-controlada-negocio-rentable-inagotable\/#primaryimage\"},\"datePublished\":\"2020-05-24T00:13:11+00:00\",\"dateModified\":\"2020-05-24T00:13:11+00:00\",\"description\":\"En pocas palabras un negocio inagotable significa que muchos pueden participar y sigue habiendo para largo, pues un sector puede promoverse\",\"breadcrumb\":{\"@id\":\"https:\/\/tilapiacenter.com\/index\/acuicultura-controlada-negocio-rentable-inagotable\/#breadcrumb\"},\"inLanguage\":\"es\",\"potentialAction\":[{\"@type\":\"ReadAction\",\"target\":[\"https:\/\/tilapiacenter.com\/index\/acuicultura-controlada-negocio-rentable-inagotable\/\"]}]},{\"@type\":\"BreadcrumbList\",\"@id\":\"https:\/\/tilapiacenter.com\/index\/acuicultura-controlada-negocio-rentable-inagotable\/#breadcrumb\",\"itemListElement\":[{\"@type\":\"ListItem\",\"position\":1,\"name\":\"Portada\",\"item\":\"https:\/\/tilapiacenter.com\/index\/\"},{\"@type\":\"ListItem\",\"position\":2,\"name\":\"La acuicultura controlada es un negocio inagotable y rentable?\"}]}]}<\/script>\n<!-- \/ Yoast SEO plugin. -->","yoast_head_json":{"title":"En pocas palabras un negocio inagotable significa que muchos","description":"En pocas palabras un negocio inagotable significa que muchos pueden participar y sigue habiendo para largo, pues un sector puede promoverse","robots":{"index":"index","follow":"follow","max-snippet":"max-snippet:-1","max-image-preview":"max-image-preview:large","max-video-preview":"max-video-preview:-1"},"canonical":"https:\/\/tilapiacenter.com\/index\/acuicultura-controlada-negocio-rentable-inagotable\/","og_locale":"es_ES","og_type":"article","og_title":"En pocas palabras un negocio inagotable significa que muchos","og_description":"En pocas palabras un negocio inagotable significa que muchos pueden participar y sigue habiendo para largo, pues un sector puede promoverse","og_url":"https:\/\/tilapiacenter.com\/index\/acuicultura-controlada-negocio-rentable-inagotable\/","og_site_name":"TILAPIACENTER- Acuicultura Controlada","article_publisher":"https:\/\/www.facebook.com\/tilapiacenterecuador\/","og_image":[{"width":1280,"height":720,"url":"https:\/\/i0.wp.com\/tilapiacenter.com\/index\/wp-content\/uploads\/2020\/05\/CasosExito-expogan3.jpg?fit=1280%2C720&ssl=1","type":"image\/jpeg"}],"twitter_card":"summary_large_image","twitter_site":"@tilapiacenter","twitter_misc":{"Tiempo de lectura":"1 minuto"},"schema":{"@context":"https:\/\/schema.org","@graph":[{"@type":"WebSite","@id":"https:\/\/tilapiacenter.com\/index\/#website","url":"https:\/\/tilapiacenter.com\/index\/","name":"TILAPIACENTER- Acuicultura Controlada","description":"Equipos, Tecnolog\u00eda, asesor\u00eda y cursos en acuicultura tecnificada, para sistemas RAS y BIOFLOC, en el cultivo de camaron, tilapia, trucha en tanques en geomembrana.","potentialAction":[{"@type":"SearchAction","target":{"@type":"EntryPoint","urlTemplate":"https:\/\/tilapiacenter.com\/index\/?s={search_term_string}"},"query-input":"required name=search_term_string"}],"inLanguage":"es"},{"@type":"ImageObject","@id":"https:\/\/tilapiacenter.com\/index\/acuicultura-controlada-negocio-rentable-inagotable\/#primaryimage","inLanguage":"es","url":"https:\/\/i0.wp.com\/tilapiacenter.com\/index\/wp-content\/uploads\/2020\/05\/CasosExito-expogan3.jpg?fit=1280%2C720&ssl=1","contentUrl":"https:\/\/i0.wp.com\/tilapiacenter.com\/index\/wp-content\/uploads\/2020\/05\/CasosExito-expogan3.jpg?fit=1280%2C720&ssl=1","width":1280,"height":720,"caption":"Tilapiacenter exposici\u00f3n Expogan Santo domingo Tsachilas"},{"@type":"WebPage","@id":"https:\/\/tilapiacenter.com\/index\/acuicultura-controlada-negocio-rentable-inagotable\/#webpage","url":"https:\/\/tilapiacenter.com\/index\/acuicultura-controlada-negocio-rentable-inagotable\/","name":"En pocas palabras un negocio inagotable significa que muchos","isPartOf":{"@id":"https:\/\/tilapiacenter.com\/index\/#website"},"primaryImageOfPage":{"@id":"https:\/\/tilapiacenter.com\/index\/acuicultura-controlada-negocio-rentable-inagotable\/#primaryimage"},"datePublished":"2020-05-24T00:13:11+00:00","dateModified":"2020-05-24T00:13:11+00:00","description":"En pocas palabras un negocio inagotable significa que muchos pueden participar y sigue habiendo para largo, pues un sector puede promoverse","breadcrumb":{"@id":"https:\/\/tilapiacenter.com\/index\/acuicultura-controlada-negocio-rentable-inagotable\/#breadcrumb"},"inLanguage":"es","potentialAction":[{"@type":"ReadAction","target":["https:\/\/tilapiacenter.com\/index\/acuicultura-controlada-negocio-rentable-inagotable\/"]}]},{"@type":"BreadcrumbList","@id":"https:\/\/tilapiacenter.com\/index\/acuicultura-controlada-negocio-rentable-inagotable\/#breadcrumb","itemListElement":[{"@type":"ListItem","position":1,"name":"Portada","item":"https:\/\/tilapiacenter.com\/index\/"},{"@type":"ListItem","position":2,"name":"La acuicultura controlada es un negocio inagotable y rentable?"}]}]}},"jetpack_sharing_enabled":true,"jetpack_likes_enabled":true,"jetpack-related-posts":[{"id":9,"url":"https:\/\/tilapiacenter.com\/index\/equipos-acuicultura-y-servicios-online\/","url_meta":{"origin":3554,"position":0},"title":"Tienda","date":"1 de mayo de 2020","format":false,"excerpt":"","rel":"","context":"En \u00abacuicola\u00bb","img":{"alt_text":"Acuicultura sostenible y rentable M\u00f3dulos Tilmaron","src":"https:\/\/i0.wp.com\/tilapiacenter.com\/index\/wp-content\/uploads\/2020\/05\/AcuaculturaSostenileRentable.jpg?fit=708%2C706&ssl=1&resize=350%2C200","width":350,"height":200},"classes":[]},{"id":3539,"url":"https:\/\/tilapiacenter.com\/index\/demanda-oferta-mundial-tilapia-pescado\/","url_meta":{"origin":3554,"position":1},"title":"Demanda y oferta global de pescado y tilapia en el mundo","date":"23 de mayo de 2020","format":false,"excerpt":"[vc_row][vc_column][\/vc_column][\/vc_row][vc_row][vc_column][vc_raw_html]JTIwJTVCc29jaWFsX2J1dHRvbnMlMjB0eXBlJTNEJTIyc2hhcmUlMjIlNUQ=[\/vc_raw_html][\/vc_column][\/vc_row]","rel":"","context":"En \u00abVIABILIDAD Y RECURSOS (pg)\u00bb","img":{"alt_text":"Productos de tilapia","src":"https:\/\/i0.wp.com\/tilapiacenter.com\/index\/wp-content\/uploads\/2020\/05\/viabilidadRecursos-OfertayDemandaGloba-2.png?fit=802%2C230&ssl=1&resize=350%2C200","width":350,"height":200},"classes":[]},{"id":3734,"url":"https:\/\/tilapiacenter.com\/index\/curso-taller-camaron-tilapia-cultivo-tecnificado-guayaquil-machala-ecuador\/","url_meta":{"origin":3554,"position":2},"title":"Curso taller Internacional de Camar\u00f3n Tilapia cultivo tecnificado en Guayaquil, Machala, Quito","date":"28 de mayo de 2020","format":false,"excerpt":"[vc_row][vc_column][vc_single_image image=\"3735\" img_size=\"full\" alignment=\"center\" parallax_scroll=\"no\"][vc_video link=\"https:\/\/www.youtube.com\/watch?v=vu6dBEbgxYs\" align=\"center\" title=\"Ahora desde la comodidad de su casa puede capacitarse. Desde marzo 2020 hemos activado el curso virtual internacional de El Negocio de Acuicultura Tecnificada.\" image_poster_switch=\"no\"][vc_video link=\"https:\/\/www.youtube.com\/watch?v=A_7Q9iEA0Tg\" align=\"center\" title=\"El aprendizaje del curso presencial comparado con el virtual es similar, la diferencia es que no\u2026","rel":"","context":"En \u00abCURSOS ACUICULTURA (pg)\u00bb","img":{"alt_text":"Curso de tecnolog\u00eda de camar\u00f3n y tilapia","src":"https:\/\/i0.wp.com\/tilapiacenter.com\/index\/wp-content\/uploads\/2020\/05\/cursoQuito3.jpg?fit=960%2C540&ssl=1&resize=350%2C200","width":350,"height":200},"classes":[]},{"id":3558,"url":"https:\/\/tilapiacenter.com\/index\/cambio-paradigmas-acuicultura-ambiente-controlado-ras-biofloc\/","url_meta":{"origin":3554,"position":3},"title":"Enfocarse al cambio de paradigmas en camar\u00f3n y tilapia . Acuicultura en ambiente controlado","date":"24 de mayo de 2020","format":false,"excerpt":"[vc_row][vc_column][\/vc_column][\/vc_row]","rel":"","context":"En \u00abVIABILIDAD Y RECURSOS (pg)\u00bb","img":{"alt_text":"Cambio de paradigmas, en acuicultura controlada Tilapiacenter","src":"https:\/\/i0.wp.com\/tilapiacenter.com\/index\/wp-content\/uploads\/2020\/05\/viabilidadRecursos-CambioParadigmas-2.png?fit=502%2C377&ssl=1&resize=350%2C200","width":350,"height":200},"classes":[]},{"id":3548,"url":"https:\/\/tilapiacenter.com\/index\/recomendaciones-iniciar-negocio-cultivo-tilapia-camaron-tecnificado\/","url_meta":{"origin":3554,"position":4},"title":"Recomendaciones para iniciar negocio en acuicultura de tilapia y camar\u00f3n en tecnificado","date":"23 de mayo de 2020","format":false,"excerpt":"[vc_row][vc_column][vc_single_image image=\"3549\" img_size=\"full\" add_caption=\"yes\" alignment=\"center\" parallax_scroll=\"no\"][\/vc_column][\/vc_row][vc_row][vc_column][\/vc_column][\/vc_row][vc_row][vc_column][vc_single_image image=\"3520\" img_size=\"full\" alignment=\"center\" parallax_scroll=\"no\"][\/vc_column][\/vc_row][vc_row][vc_column][vc_message]Desea saber m\u00e1s sobre el estudio t\u00e9cnico de factibilidad para gesti\u00f3n de financiamiento. Le invitamos a seguir inform\u00e1ndose[\/vc_message][\/vc_column][\/vc_row]","rel":"","context":"En \u00abVIABILIDAD Y RECURSOS (pg)\u00bb","img":{"alt_text":"Estanque geomembrana camaron Manabi Tilapiacenter","src":"https:\/\/i0.wp.com\/tilapiacenter.com\/index\/wp-content\/uploads\/2020\/05\/CasosExito-Manab\u00ed-4.jpg?fit=800%2C450&ssl=1&resize=350%2C200","width":350,"height":200},"classes":[]},{"id":2412,"url":"https:\/\/tilapiacenter.com\/index\/","url_meta":{"origin":3554,"position":5},"title":"TILAPIACENTER: Sistemas RAS &#8211; Biofloc, Piscinas y tanques en geomembrana para cultivo intensivo de camar\u00f3n, tilapia. Acuicultura Tecnificada","date":"8 de junio de 2019","format":false,"excerpt":"[vc_row][vc_column css=\".vc_custom_1559911414329{padding-top: 0px !important;}\" mobile_bg_img_hidden=\"no\" tablet_bg_img_hidden=\"no\" woodmart_parallax=\"0\" woodmart_sticky_column=\"false\" parallax_scroll=\"no\" mobile_reset_margin=\"no\" tablet_reset_margin=\"no\"][\/vc_column][vc_column][\/vc_column][\/vc_row][vc_row full_width=\"stretch_row\" css=\".vc_custom_1559748885024{margin-bottom: 8vh !important;padding-top: 8vh !important;padding-bottom: 6vh !important;background-color: #def0f6 !important;}\" mobile_bg_img_hidden=\"no\" tablet_bg_img_hidden=\"no\" woodmart_parallax=\"0\" woodmart_gradient_switch=\"no\" row_reverse_mobile=\"0\" row_reverse_tablet=\"0\" woodmart_disable_overflow=\"0\"][vc_column css=\".vc_custom_1559750057376{padding-top: 0px !important;}\" mobile_bg_img_hidden=\"no\" tablet_bg_img_hidden=\"no\" woodmart_parallax=\"0\" woodmart_sticky_column=\"false\" parallax_scroll=\"no\" mobile_reset_margin=\"no\" tablet_reset_margin=\"no\"][vc_gallery interval=\"0\" images=\"3123,3116,3117,3121,3118,3120,3122,3124,3129\" img_size=\"large\" onclick=\"\" css_animation=\"bounceInDown\"][vc_video link=\"https:\/\/www.youtube.com\/watch?v=vu6dBEbgxYs\" image_poster_switch=\"no\"][\/vc_column][\/vc_row][vc_row content_placement=\"middle\" mobile_bg_img_hidden=\"no\" tablet_bg_img_hidden=\"no\" woodmart_parallax=\"0\" woodmart_gradient_switch=\"no\"\u2026","rel":"","context":"Entrada similar","img":{"alt_text":"","src":"","width":0,"height":0},"classes":[]}],"post_mailing_queue_ids":[],"_links":{"self":[{"href":"https:\/\/tilapiacenter.com\/index\/wp-json\/wp\/v2\/pages\/3554","targetHints":{"allow":["GET"]}}],"collection":[{"href":"https:\/\/tilapiacenter.com\/index\/wp-json\/wp\/v2\/pages"}],"about":[{"href":"https:\/\/tilapiacenter.com\/index\/wp-json\/wp\/v2\/types\/page"}],"author":[{"embeddable":true,"href":"https:\/\/tilapiacenter.com\/index\/wp-json\/wp\/v2\/users\/1"}],"replies":[{"embeddable":true,"href":"https:\/\/tilapiacenter.com\/index\/wp-json\/wp\/v2\/comments?post=3554"}],"version-history":[{"count":2,"href":"https:\/\/tilapiacenter.com\/index\/wp-json\/wp\/v2\/pages\/3554\/revisions"}],"predecessor-version":[{"id":3557,"href":"https:\/\/tilapiacenter.com\/index\/wp-json\/wp\/v2\/pages\/3554\/revisions\/3557"}],"wp:featuredmedia":[{"embeddable":true,"href":"https:\/\/tilapiacenter.com\/index\/wp-json\/wp\/v2\/media\/3446"}],"wp:attachment":[{"href":"https:\/\/tilapiacenter.com\/index\/wp-json\/wp\/v2\/media?parent=3554"}],"wp:term":[{"taxonomy":"category","embeddable":true,"href":"https:\/\/tilapiacenter.com\/index\/wp-json\/wp\/v2\/categories?post=3554"},{"taxonomy":"post_tag","embeddable":true,"href":"https:\/\/tilapiacenter.com\/index\/wp-json\/wp\/v2\/tags?post=3554"}],"curies":[{"name":"wp","href":"https:\/\/api.w.org\/{rel}","templated":true}]}}