{"id":3539,"date":"2020-05-23T23:06:26","date_gmt":"2020-05-23T23:06:26","guid":{"rendered":"https:\/\/greenyellow-okapi-692508.hostingersite.com\/index\/?page_id=3539"},"modified":"2020-07-07T17:49:00","modified_gmt":"2020-07-07T22:49:00","slug":"demanda-oferta-mundial-tilapia-pescado","status":"publish","type":"page","link":"https:\/\/tilapiacenter.com\/index\/demanda-oferta-mundial-tilapia-pescado\/","title":{"rendered":"Demanda y oferta global de pescado y tilapia en el mundo"},"content":{"rendered":"<p>[vc_row][vc_column]\t\t\t<div class=\"info-box-wrapper \">\n\t\t\t\t<div id=\"wd-5ec9ad109b1a9\" class=\" woodmart-info-box text-left box-icon-align-top box-style- color-scheme- woodmart-bg-none wpb_animate_when_almost_visible wpb_bounceIn bounceIn box-title-default \"  >\n\t\t\t\t\t\t\t\t\t\t\t<div class=\"box-icon-wrapper  box-with-icon box-icon-simple\">\n\t\t\t\t\t\t\t<div class=\"info-box-icon\">\n\n\t\t\t\t\t\t\t\n\t\t\t\t\t\t\t\t\t\t\t\t\t\t\t\t\t<img loading=\"lazy\" decoding=\"async\" class=\"info-icon image-1 \" src=\"https:\/\/i0.wp.com\/tilapiacenter.com\/index\/wp-content\/uploads\/2020\/05\/viabilidadRecursos-OfertayDemandaGloba-1.png?fit=794%2C497&amp;ssl=1\" width=\"794\" height=\"497\" alt=\"Oferta y demanda de tilapia y Camar\u00f3n Tilapiacenter\" title=\"viabilidad&amp;Recursos-OfertayDemandaGloba-1\" \/>\t\t\t\t\t\t\t\t\t\t\t\t\t\t\t\t\n\t\t\t\t\t\t\t\n\t\t\t\t\t\t\t<\/div>\n\t\t\t\t\t\t<\/div>\n\t\t\t\t\t\t\t\t\t\t<div class=\"info-box-content\">\n\t\t\t\t\t\t<h4 class=\"info-box-title woodmart-font-weight- box-title-style-default\">Demanda y oferta global de pescado y tilapia<\/h4>\t\t\t\t\t\t<div class=\"info-box-inner reset-mb-10\">\n\t\t\t\t\t\t\t<p>Analicemos\u00a0sin cuadros estad\u00edsticos ni algo que les confunda, en lugar de ello vamos a conclusiones pr\u00e1cticas para que la mayor\u00eda lo entienda. El cuadro de oferta y demanda puede resumir el prop\u00f3sito de este art\u00edculo.<\/p>\n<p>En el Ecuador hay una predisposici\u00f3n gubernamental en aumentar el consumo percapita de pescado, se dir\u00e1 \u00bfPorqu\u00e9?. EEUU, Europa y Latinoam\u00e9rica actualmente consume una media de 18Kg\/a\u00f1o\/persona y, nosotros (Ecuador) llegamos a 6kg\/a\u00f1o\/persona, mientras que EEUU 24Kg\/a\u00f1o\/persona.<\/p>\n<p>Esto ya es una se\u00f1al de alarma a que el sector acu\u00edcola se active, pues el mundo (mercado externo) tiene una demanda de 120 millones de toneladas de pescado.<\/p>\n<p>Para hacernos a\u00fan mejor la idea, el mundo produce aproximadamente 5 millones de toneladas de tilapia ( de ah\u00ed China con el 80%), all\u00ed el Ecuador aporta con menos del 1% (50 mil Tm\/a\u00f1o aprox.), es decir 25.000 Tm se va en exportaci\u00f3n y el resto se queda para el consumo interno.<\/p>\n<p>Estos valores de producci\u00f3n son muy \u00ednfimos y es por ello que el margen del mercado de acuacultura es muy amplio.<\/p>\n\t\t\t\t\t\t<\/div>\n\n\t\t\t\t\t\t\t\t\t\t\t\t\n\t\t\t\t\t<\/div>\n\n\t\t\t\t\t\t\t\t\t<\/div>\n\t\t\t<\/div>\n\t\t\t\t\t<div class=\"info-box-wrapper \">\n\t\t\t\t<div id=\"wd-5ec9adb1d3e02\" class=\" woodmart-info-box text-left box-icon-align-top box-style- color-scheme- woodmart-bg-none wpb_animate_when_almost_visible wpb_bounceIn bounceIn box-title-default \"  >\n\t\t\t\t\t\t\t\t\t\t\t<div class=\"box-icon-wrapper  box-with-icon box-icon-simple\">\n\t\t\t\t\t\t\t<div class=\"info-box-icon\">\n\n\t\t\t\t\t\t\t\n\t\t\t\t\t\t\t\t\t\t\t\t\t\t\t\t\t<img loading=\"lazy\" decoding=\"async\" class=\"info-icon image-1 \" src=\"https:\/\/i0.wp.com\/tilapiacenter.com\/index\/wp-content\/uploads\/2020\/05\/viabilidadRecursos-OfertayDemandaGloba-2-800x230.png\" width=\"800\" height=\"230\" alt=\"Productos de tilapia\" title=\"viabilidad&amp;Recursos-OfertayDemandaGloba-2\" \/>\t\t\t\t\t\t\t\t\t\t\t\t\t\t\t\t\n\t\t\t\t\t\t\t\n\t\t\t\t\t\t\t<\/div>\n\t\t\t\t\t\t<\/div>\n\t\t\t\t\t\t\t\t\t\t<div class=\"info-box-content\">\n\t\t\t\t\t\t\t\t\t\t\t\t<div class=\"info-box-inner reset-mb-10\">\n\t\t\t\t\t\t\t<p>Ya en este momento la acuicultura en general participa con el 50%\u00a0 (20 millones Tm) en abastecer a los consumidores en el mundo y el otro 50% corresponde al aporte de la pesca de mar. Tenga en cuenta que la oferta de pescado mundial es 40 millones de toneladas, pero el mundo demanda 120 millones de TM, entonces nos falta por producir como 80 millones Tm\u00a0 que es la demanada insatisfecha mundial. Esa es la realidad por lo que la acuicultura es una\u00a0<strong>oportunidad de negocio inagotable<\/strong>.<\/p>\n\t\t\t\t\t\t<\/div>\n\n\t\t\t\t\t\t\t\t\t\t\t\t\n\t\t\t\t\t<\/div>\n\n\t\t\t\t\t\t\t\t\t<\/div>\n\t\t\t<\/div>\n\t\t\t\t\t<div class=\"info-box-wrapper \">\n\t\t\t\t<div id=\"wd-5ec9ade6efa22\" class=\" woodmart-info-box text-left box-icon-align-top box-style- color-scheme- woodmart-bg-none wpb_animate_when_almost_visible wpb_bounceIn bounceIn box-title-default \"  >\n\t\t\t\t\t\t\t\t\t\t\t<div class=\"box-icon-wrapper  box-with-icon box-icon-simple\">\n\t\t\t\t\t\t\t<div class=\"info-box-icon\">\n\n\t\t\t\t\t\t\t\n\t\t\t\t\t\t\t\t\t\t\t\t\t\t\t\t\t<img loading=\"lazy\" decoding=\"async\" class=\"info-icon image-1 \" src=\"https:\/\/i0.wp.com\/tilapiacenter.com\/index\/wp-content\/uploads\/2020\/05\/viabilidadRecursos-OfertayDemandaGloba-3-800x452.png\" width=\"800\" height=\"452\" alt=\"Demanda global en acuicultura\" title=\"viabilidad&amp;Recursos-OfertayDemandaGloba-3\" \/>\t\t\t\t\t\t\t\t\t\t\t\t\t\t\t\t\n\t\t\t\t\t\t\t\n\t\t\t\t\t\t\t<\/div>\n\t\t\t\t\t\t<\/div>\n\t\t\t\t\t\t\t\t\t\t<div class=\"info-box-content\">\n\t\t\t\t\t\t\t\t\t\t\t\t<div class=\"info-box-inner reset-mb-10\">\n\t\t\t\t\t\t\t<p>La acuicultura tecnificada con el cultivo de tilapia presenta buenos escenarios tanto para el\u00a0<strong>agricultor\u00a0<\/strong>como para el\u00a0<strong>empresario<\/strong>. Para el agricultor puede significar la diversificaci\u00f3n de la producci\u00f3n de la finca, que ayude a equilibrar la rentabilidad de p\u00e9rdidas en otros cultivos, as\u00ed como el aprovechamiento de las fuentes de agua.<\/p>\n<p>Mientras que para el inversionista o empresario, es un sector donde puede desarrollarse ampliamente, con un mercado bien establecido, pues la tilapia ya est\u00e1 en la mente de las mayor\u00edas (local e internacional), que esperan muy apetecidos la carne blanca\/blanda para el consumo humano (como alternativa al pollo y carne vacuna).<\/p>\n\t\t\t\t\t\t<\/div>\n\n\t\t\t\t\t\t\t\t\t\t\t\t\n\t\t\t\t\t<\/div>\n\n\t\t\t\t\t\t\t\t\t<\/div>\n\t\t\t<\/div>\n\t\t[\/vc_column][\/vc_row][vc_row][vc_column][vc_raw_html]JTIwJTVCc29jaWFsX2J1dHRvbnMlMjB0eXBlJTNEJTIyc2hhcmUlMjIlNUQ=[\/vc_raw_html][\/vc_column][\/vc_row]<\/p>\n","protected":false},"excerpt":{"rendered":"<p>[vc_row][vc_column][\/vc_column][\/vc_row][vc_row][vc_column][vc_raw_html]JTIwJTVCc29jaWFsX2J1dHRvbnMlMjB0eXBlJTNEJTIyc2hhcmUlMjIlNUQ=[\/vc_raw_html][\/vc_column][\/vc_row]<\/p>\n","protected":false},"author":1,"featured_media":3541,"parent":0,"menu_order":0,"comment_status":"closed","ping_status":"closed","template":"","meta":{"_monsterinsights_skip_tracking":false,"_monsterinsights_sitenote_active":false,"_monsterinsights_sitenote_note":"","_monsterinsights_sitenote_category":0,"spay_email":"","footnotes":""},"categories":[123],"tags":[67,297,323,324,322],"class_list":["post-3539","page","type-page","status-publish","has-post-thumbnail","hentry","category-viabilidad-y-recursos","tag-camaron","tag-cultivo","tag-estrategias","tag-mercado","tag-venta"],"yoast_head":"<!-- This site is optimized with the Yoast SEO plugin v18.6 - https:\/\/yoast.com\/wordpress\/plugins\/seo\/ -->\n<title>En el Ecuador hay una predisposici\u00f3n gubernamental en aumentar<\/title>\n<meta name=\"description\" content=\"En el Ecuador hay una predisposici\u00f3n gubernamental en aumentar el consumo de pescado debido a que tenemos las condiciones de competitividad\" \/>\n<meta name=\"robots\" content=\"index, follow, max-snippet:-1, max-image-preview:large, max-video-preview:-1\" \/>\n<link rel=\"canonical\" href=\"https:\/\/tilapiacenter.com\/index\/demanda-oferta-mundial-tilapia-pescado\/\" \/>\n<meta property=\"og:locale\" content=\"es_ES\" \/>\n<meta property=\"og:type\" content=\"article\" \/>\n<meta property=\"og:title\" content=\"En el Ecuador hay una predisposici\u00f3n gubernamental en aumentar\" \/>\n<meta property=\"og:description\" content=\"En el Ecuador hay una predisposici\u00f3n gubernamental en aumentar el consumo de pescado debido a que tenemos las condiciones de competitividad\" \/>\n<meta property=\"og:url\" content=\"https:\/\/tilapiacenter.com\/index\/demanda-oferta-mundial-tilapia-pescado\/\" \/>\n<meta property=\"og:site_name\" content=\"TILAPIACENTER- Acuicultura Controlada\" \/>\n<meta property=\"article:publisher\" content=\"https:\/\/www.facebook.com\/tilapiacenterecuador\/\" \/>\n<meta property=\"article:modified_time\" content=\"2020-07-07T22:49:00+00:00\" \/>\n<meta property=\"og:image\" content=\"https:\/\/i0.wp.com\/tilapiacenter.com\/index\/wp-content\/uploads\/2020\/05\/viabilidadRecursos-OfertayDemandaGloba-2.png?fit=802%2C230&#038;ssl=1\" \/>\n\t<meta property=\"og:image:width\" content=\"802\" \/>\n\t<meta property=\"og:image:height\" content=\"230\" \/>\n\t<meta property=\"og:image:type\" content=\"image\/png\" \/>\n<meta name=\"twitter:card\" content=\"summary_large_image\" \/>\n<meta name=\"twitter:site\" content=\"@tilapiacenter\" \/>\n<meta name=\"twitter:label1\" content=\"Tiempo de lectura\" \/>\n\t<meta name=\"twitter:data1\" content=\"2 minutos\" \/>\n<script type=\"application\/ld+json\" class=\"yoast-schema-graph\">{\"@context\":\"https:\/\/schema.org\",\"@graph\":[{\"@type\":\"WebSite\",\"@id\":\"https:\/\/tilapiacenter.com\/index\/#website\",\"url\":\"https:\/\/tilapiacenter.com\/index\/\",\"name\":\"TILAPIACENTER- Acuicultura Controlada\",\"description\":\"Equipos, Tecnolog\u00eda, asesor\u00eda y cursos en acuicultura tecnificada, para sistemas RAS y BIOFLOC, en el cultivo de camaron, tilapia, trucha en tanques en geomembrana.\",\"potentialAction\":[{\"@type\":\"SearchAction\",\"target\":{\"@type\":\"EntryPoint\",\"urlTemplate\":\"https:\/\/tilapiacenter.com\/index\/?s={search_term_string}\"},\"query-input\":\"required name=search_term_string\"}],\"inLanguage\":\"es\"},{\"@type\":\"ImageObject\",\"@id\":\"https:\/\/tilapiacenter.com\/index\/demanda-oferta-mundial-tilapia-pescado\/#primaryimage\",\"inLanguage\":\"es\",\"url\":\"https:\/\/i0.wp.com\/tilapiacenter.com\/index\/wp-content\/uploads\/2020\/05\/viabilidadRecursos-OfertayDemandaGloba-2.png?fit=802%2C230&ssl=1\",\"contentUrl\":\"https:\/\/i0.wp.com\/tilapiacenter.com\/index\/wp-content\/uploads\/2020\/05\/viabilidadRecursos-OfertayDemandaGloba-2.png?fit=802%2C230&ssl=1\",\"width\":802,\"height\":230,\"caption\":\"Productos de tilapia\"},{\"@type\":\"WebPage\",\"@id\":\"https:\/\/tilapiacenter.com\/index\/demanda-oferta-mundial-tilapia-pescado\/#webpage\",\"url\":\"https:\/\/tilapiacenter.com\/index\/demanda-oferta-mundial-tilapia-pescado\/\",\"name\":\"En el Ecuador hay una predisposici\u00f3n gubernamental en aumentar\",\"isPartOf\":{\"@id\":\"https:\/\/tilapiacenter.com\/index\/#website\"},\"primaryImageOfPage\":{\"@id\":\"https:\/\/tilapiacenter.com\/index\/demanda-oferta-mundial-tilapia-pescado\/#primaryimage\"},\"datePublished\":\"2020-05-23T23:06:26+00:00\",\"dateModified\":\"2020-07-07T22:49:00+00:00\",\"description\":\"En el Ecuador hay una predisposici\u00f3n gubernamental en aumentar el consumo de pescado debido a que tenemos las condiciones de competitividad\",\"breadcrumb\":{\"@id\":\"https:\/\/tilapiacenter.com\/index\/demanda-oferta-mundial-tilapia-pescado\/#breadcrumb\"},\"inLanguage\":\"es\",\"potentialAction\":[{\"@type\":\"ReadAction\",\"target\":[\"https:\/\/tilapiacenter.com\/index\/demanda-oferta-mundial-tilapia-pescado\/\"]}]},{\"@type\":\"BreadcrumbList\",\"@id\":\"https:\/\/tilapiacenter.com\/index\/demanda-oferta-mundial-tilapia-pescado\/#breadcrumb\",\"itemListElement\":[{\"@type\":\"ListItem\",\"position\":1,\"name\":\"Portada\",\"item\":\"https:\/\/tilapiacenter.com\/index\/\"},{\"@type\":\"ListItem\",\"position\":2,\"name\":\"Demanda y oferta global de pescado y tilapia en el mundo\"}]}]}<\/script>\n<!-- \/ Yoast SEO plugin. -->","yoast_head_json":{"title":"En el Ecuador hay una predisposici\u00f3n gubernamental en aumentar","description":"En el Ecuador hay una predisposici\u00f3n gubernamental en aumentar el consumo de pescado debido a que tenemos las condiciones de competitividad","robots":{"index":"index","follow":"follow","max-snippet":"max-snippet:-1","max-image-preview":"max-image-preview:large","max-video-preview":"max-video-preview:-1"},"canonical":"https:\/\/tilapiacenter.com\/index\/demanda-oferta-mundial-tilapia-pescado\/","og_locale":"es_ES","og_type":"article","og_title":"En el Ecuador hay una predisposici\u00f3n gubernamental en aumentar","og_description":"En el Ecuador hay una predisposici\u00f3n gubernamental en aumentar el consumo de pescado debido a que tenemos las condiciones de competitividad","og_url":"https:\/\/tilapiacenter.com\/index\/demanda-oferta-mundial-tilapia-pescado\/","og_site_name":"TILAPIACENTER- Acuicultura Controlada","article_publisher":"https:\/\/www.facebook.com\/tilapiacenterecuador\/","article_modified_time":"2020-07-07T22:49:00+00:00","og_image":[{"width":802,"height":230,"url":"https:\/\/i0.wp.com\/tilapiacenter.com\/index\/wp-content\/uploads\/2020\/05\/viabilidadRecursos-OfertayDemandaGloba-2.png?fit=802%2C230&ssl=1","type":"image\/png"}],"twitter_card":"summary_large_image","twitter_site":"@tilapiacenter","twitter_misc":{"Tiempo de lectura":"2 minutos"},"schema":{"@context":"https:\/\/schema.org","@graph":[{"@type":"WebSite","@id":"https:\/\/tilapiacenter.com\/index\/#website","url":"https:\/\/tilapiacenter.com\/index\/","name":"TILAPIACENTER- Acuicultura Controlada","description":"Equipos, Tecnolog\u00eda, asesor\u00eda y cursos en acuicultura tecnificada, para sistemas RAS y BIOFLOC, en el cultivo de camaron, tilapia, trucha en tanques en geomembrana.","potentialAction":[{"@type":"SearchAction","target":{"@type":"EntryPoint","urlTemplate":"https:\/\/tilapiacenter.com\/index\/?s={search_term_string}"},"query-input":"required name=search_term_string"}],"inLanguage":"es"},{"@type":"ImageObject","@id":"https:\/\/tilapiacenter.com\/index\/demanda-oferta-mundial-tilapia-pescado\/#primaryimage","inLanguage":"es","url":"https:\/\/i0.wp.com\/tilapiacenter.com\/index\/wp-content\/uploads\/2020\/05\/viabilidadRecursos-OfertayDemandaGloba-2.png?fit=802%2C230&ssl=1","contentUrl":"https:\/\/i0.wp.com\/tilapiacenter.com\/index\/wp-content\/uploads\/2020\/05\/viabilidadRecursos-OfertayDemandaGloba-2.png?fit=802%2C230&ssl=1","width":802,"height":230,"caption":"Productos de tilapia"},{"@type":"WebPage","@id":"https:\/\/tilapiacenter.com\/index\/demanda-oferta-mundial-tilapia-pescado\/#webpage","url":"https:\/\/tilapiacenter.com\/index\/demanda-oferta-mundial-tilapia-pescado\/","name":"En el Ecuador hay una predisposici\u00f3n gubernamental en aumentar","isPartOf":{"@id":"https:\/\/tilapiacenter.com\/index\/#website"},"primaryImageOfPage":{"@id":"https:\/\/tilapiacenter.com\/index\/demanda-oferta-mundial-tilapia-pescado\/#primaryimage"},"datePublished":"2020-05-23T23:06:26+00:00","dateModified":"2020-07-07T22:49:00+00:00","description":"En el Ecuador hay una predisposici\u00f3n gubernamental en aumentar el consumo de pescado debido a que tenemos las condiciones de competitividad","breadcrumb":{"@id":"https:\/\/tilapiacenter.com\/index\/demanda-oferta-mundial-tilapia-pescado\/#breadcrumb"},"inLanguage":"es","potentialAction":[{"@type":"ReadAction","target":["https:\/\/tilapiacenter.com\/index\/demanda-oferta-mundial-tilapia-pescado\/"]}]},{"@type":"BreadcrumbList","@id":"https:\/\/tilapiacenter.com\/index\/demanda-oferta-mundial-tilapia-pescado\/#breadcrumb","itemListElement":[{"@type":"ListItem","position":1,"name":"Portada","item":"https:\/\/tilapiacenter.com\/index\/"},{"@type":"ListItem","position":2,"name":"Demanda y oferta global de pescado y tilapia en el mundo"}]}]}},"jetpack_sharing_enabled":true,"jetpack_likes_enabled":true,"jetpack-related-posts":[{"id":3530,"url":"https:\/\/tilapiacenter.com\/index\/estrategias-de-mercado-para-la-tilapia-y-camaron\/","url_meta":{"origin":3539,"position":0},"title":"Estrategias de mercado para la tilapia y camar\u00f3n","date":"23 de mayo de 2020","format":false,"excerpt":"[vc_row][vc_column width=\"1\/2\"][vc_single_image image=\"3533\" img_size=\"full\" alignment=\"center\" parallax_scroll=\"no\"][\/vc_column][vc_column width=\"1\/2\"][\/vc_column][\/vc_row][vc_row][vc_column width=\"1\/2\"][\/vc_column][vc_column width=\"1\/2\"][vc_single_image image=\"3536\" img_size=\"full\" alignment=\"center\" parallax_scroll=\"no\"][\/vc_column][\/vc_row][vc_row][vc_column width=\"1\/2\"][vc_single_image image=\"3537\" img_size=\"full\" alignment=\"center\" parallax_scroll=\"no\"][\/vc_column][vc_column width=\"1\/2\"][\/vc_column][\/vc_row]","rel":"","context":"En \u00abVIABILIDAD Y RECURSOS (pg)\u00bb","img":{"alt_text":"Estrategias venta de tilapia camar\u00f3n","src":"https:\/\/i0.wp.com\/tilapiacenter.com\/index\/wp-content\/uploads\/2020\/05\/viabilidadRecursos-dondeVendo-1.png?fit=575%2C456&ssl=1&resize=350%2C200","width":350,"height":200},"classes":[]},{"id":3487,"url":"https:\/\/tilapiacenter.com\/index\/tanque-familiar-tilapia-santo-domingo\/","url_meta":{"origin":3539,"position":1},"title":"M\u00f3dulo FAMILIAR ensamblado en Sto. Domingo de los Tsachilas &#8211; Ecuador","date":"23 de mayo de 2020","format":false,"excerpt":"[vc_row][vc_column][vc_column_text text_larger=\"no\"]Minitanque en geomembrana Kit familiar instalado en Sto. Domingo de los Tsachilas.. Tiempo de instalaci\u00f3n: un d\u00eda. El cliente adquiri\u00f3 este sistema para disponer de tilapia en el patio para el consumo familiar, y b\u00e1sicamente para el desestress familiar.[\/vc_column_text][vc_video link=\"https:\/\/www.youtube.com\/watch?v=Dl6cKQQ6e7s\" image_poster_switch=\"no\"][\/vc_column][\/vc_row][vc_row][vc_column][vc_single_image image=\"3488\" img_size=\"full\" alignment=\"center\" parallax_scroll=\"no\"][vc_single_image image=\"3489\" img_size=\"full\" alignment=\"center\" parallax_scroll=\"no\"][vc_single_image\u2026","rel":"","context":"En \u00abCASOS DE EXITO (Pg)\u00bb","img":{"alt_text":"Tanque familiar para tilapia intensivo","src":"https:\/\/i0.wp.com\/tilapiacenter.com\/index\/wp-content\/uploads\/2020\/05\/CasosExito-KitFamiliar-StoDgo-3.jpg?fit=800%2C450&ssl=1&resize=350%2C200","width":350,"height":200},"classes":[]},{"id":3449,"url":"https:\/\/tilapiacenter.com\/index\/tanques-geomembrana-instalado-ibarra-ecuador\/","url_meta":{"origin":3539,"position":2},"title":"Instalado tanques geomembrana de piscicultura controlada  en IBARRA &#8211; Ecuador","date":"22 de mayo de 2020","format":false,"excerpt":"[vc_row][vc_column][vc_column_text text_larger=\"no\"]Instalaci\u00f3n piscigranja para cultivo de tilapia roja en estanque en geomembrana, en Ibarra, \u00e1rea urbana. Instalaci\u00f3n con recirculaci\u00f3n y captaci\u00f3n TILAPIACENTER[\/vc_column_text][\/vc_column][\/vc_row][vc_row][vc_column][vc_video link=\"https:\/\/www.youtube.com\/watch?v=qL-PdxrwK4g&feature=\" image_poster_switch=\"no\"][\/vc_column][\/vc_row][vc_row][vc_column][vc_single_image image=\"3450\" img_size=\"full\" alignment=\"center\" parallax_scroll=\"no\"][vc_single_image image=\"3451\" img_size=\"full\" alignment=\"center\" parallax_scroll=\"no\"][vc_single_image image=\"3452\" img_size=\"full\" alignment=\"center\" parallax_scroll=\"no\"][vc_single_image image=\"3453\" img_size=\"full\" alignment=\"center\" parallax_scroll=\"no\"][vc_single_image image=\"3454\" img_size=\"full\" alignment=\"center\" parallax_scroll=\"no\"][vc_single_image image=\"3455\" img_size=\"full\" alignment=\"center\" parallax_scroll=\"no\"][vc_single_image image=\"3456\" img_size=\"full\"\u2026","rel":"","context":"En \u00abCASOS DE EXITO (Pg)\u00bb","img":{"alt_text":"Instalaci\u00f3n piscigranja para cultivo de tilapia roja en estanque en geomembrana, en Ibarra, \u00e1rea urbana. Instalaci\u00f3n con recirculaci\u00f3n y captaci\u00f3n TILAPIACENTER","src":"https:\/\/i0.wp.com\/tilapiacenter.com\/index\/wp-content\/uploads\/2020\/05\/CasosExito-Ibarra12.jpg?fit=800%2C450&ssl=1&resize=350%2C200","width":350,"height":200},"classes":[]},{"id":3475,"url":"https:\/\/tilapiacenter.com\/index\/instalacion-tanques-tilapia-paute-ecuador\/","url_meta":{"origin":3539,"position":3},"title":"Instalaci\u00f3n tanques tilapia TILAP 6D en Paute &#8211; Ecuador 2017","date":"22 de mayo de 2020","format":false,"excerpt":"[vc_row][vc_column][vc_column_text text_larger=\"no\"]En la zona de Paute se realiz\u00f3 la construcci\u00f3n de un sistema en tanques en geomembrana con recirculaci\u00f3n del agua para cultivo de tilapia en sistema intensivo. Tilapiacenter le capacita sobre\u00a0 las instalaciones en funci\u00f3n del volumen de producci\u00f3n o montode inversi\u00f3n; con estas determinaciones, se da inicio a\u2026","rel":"","context":"En \u00abCASOS DE EXITO (Pg)\u00bb","img":{"alt_text":"Tanques geomembrana Tilapia instalado en Paute Ecuador","src":"https:\/\/i0.wp.com\/tilapiacenter.com\/index\/wp-content\/uploads\/2020\/05\/CasosExito-Paute5.jpg?fit=800%2C450&ssl=1&resize=350%2C200","width":350,"height":200},"classes":[]},{"id":3734,"url":"https:\/\/tilapiacenter.com\/index\/curso-taller-camaron-tilapia-cultivo-tecnificado-guayaquil-machala-ecuador\/","url_meta":{"origin":3539,"position":4},"title":"Curso taller Internacional de Camar\u00f3n Tilapia cultivo tecnificado en Guayaquil, Machala, Quito","date":"28 de mayo de 2020","format":false,"excerpt":"[vc_row][vc_column][vc_single_image image=\"3735\" img_size=\"full\" alignment=\"center\" parallax_scroll=\"no\"][vc_video link=\"https:\/\/www.youtube.com\/watch?v=vu6dBEbgxYs\" align=\"center\" title=\"Ahora desde la comodidad de su casa puede capacitarse. Desde marzo 2020 hemos activado el curso virtual internacional de El Negocio de Acuicultura Tecnificada.\" image_poster_switch=\"no\"][vc_video link=\"https:\/\/www.youtube.com\/watch?v=A_7Q9iEA0Tg\" align=\"center\" title=\"El aprendizaje del curso presencial comparado con el virtual es similar, la diferencia es que no\u2026","rel":"","context":"En \u00abCURSOS ACUICULTURA (pg)\u00bb","img":{"alt_text":"Curso de tecnolog\u00eda de camar\u00f3n y tilapia","src":"https:\/\/i0.wp.com\/tilapiacenter.com\/index\/wp-content\/uploads\/2020\/05\/cursoQuito3.jpg?fit=960%2C540&ssl=1&resize=350%2C200","width":350,"height":200},"classes":[]},{"id":3443,"url":"https:\/\/tilapiacenter.com\/index\/tilapiacenter-en-expogan-2015-cultivo-tilapia-en-ambiente-controlado\/","url_meta":{"origin":3539,"position":5},"title":"Tilapiacenter en EXPOGAN 2015 , cultivo tilapia en ambiente controlado","date":"22 de mayo de 2020","format":false,"excerpt":"[vc_row][vc_column][vc_column_text text_larger=\"no\"]En Santo Domingo de los Ts\u00e1chilas, Tilapiacenter llev\u00f3 a exposici\u00f3n del modelo de desarrollo acu\u00edcola en sistema de tanques circulares en geomembrana. Hubo una buena acogida de los visitantes, que se maravillaban al ver la tilapia roja en crecimiento, en ambiente controlado. [\/vc_column_text][\/vc_column][\/vc_row][vc_row][vc_column][\/vc_column][\/vc_row][vc_row][vc_column][vc_single_image image=\"3444\" img_size=\"full\" alignment=\"center\" parallax_scroll=\"no\"][vc_single_image image=\"3446\" img_size=\"full\"\u2026","rel":"","context":"En \u00abCASOS DE EXITO (Pg)\u00bb","img":{"alt_text":"Tilapiacenter exposici\u00f3n Expogan Santo domingo Tsachilas","src":"https:\/\/i0.wp.com\/tilapiacenter.com\/index\/wp-content\/uploads\/2020\/05\/CasosExito-expogan1.jpg?fit=1024%2C576&ssl=1&resize=350%2C200","width":350,"height":200},"classes":[]}],"post_mailing_queue_ids":[],"_links":{"self":[{"href":"https:\/\/tilapiacenter.com\/index\/wp-json\/wp\/v2\/pages\/3539","targetHints":{"allow":["GET"]}}],"collection":[{"href":"https:\/\/tilapiacenter.com\/index\/wp-json\/wp\/v2\/pages"}],"about":[{"href":"https:\/\/tilapiacenter.com\/index\/wp-json\/wp\/v2\/types\/page"}],"author":[{"embeddable":true,"href":"https:\/\/tilapiacenter.com\/index\/wp-json\/wp\/v2\/users\/1"}],"replies":[{"embeddable":true,"href":"https:\/\/tilapiacenter.com\/index\/wp-json\/wp\/v2\/comments?post=3539"}],"version-history":[{"count":6,"href":"https:\/\/tilapiacenter.com\/index\/wp-json\/wp\/v2\/pages\/3539\/revisions"}],"predecessor-version":[{"id":4764,"href":"https:\/\/tilapiacenter.com\/index\/wp-json\/wp\/v2\/pages\/3539\/revisions\/4764"}],"wp:featuredmedia":[{"embeddable":true,"href":"https:\/\/tilapiacenter.com\/index\/wp-json\/wp\/v2\/media\/3541"}],"wp:attachment":[{"href":"https:\/\/tilapiacenter.com\/index\/wp-json\/wp\/v2\/media?parent=3539"}],"wp:term":[{"taxonomy":"category","embeddable":true,"href":"https:\/\/tilapiacenter.com\/index\/wp-json\/wp\/v2\/categories?post=3539"},{"taxonomy":"post_tag","embeddable":true,"href":"https:\/\/tilapiacenter.com\/index\/wp-json\/wp\/v2\/tags?post=3539"}],"curies":[{"name":"wp","href":"https:\/\/api.w.org\/{rel}","templated":true}]}}