{"id":3518,"date":"2020-05-23T21:43:09","date_gmt":"2020-05-23T21:43:09","guid":{"rendered":"https:\/\/greenyellow-okapi-692508.hostingersite.com\/index\/?page_id=3518"},"modified":"2020-05-23T21:49:05","modified_gmt":"2020-05-23T21:49:05","slug":"asi-construimos-sistema-ras-camaron-hiperintensivo-chiclayo-lambayeque-peru-camaron-tilapia-life","status":"publish","type":"page","link":"https:\/\/tilapiacenter.com\/index\/asi-construimos-sistema-ras-camaron-hiperintensivo-chiclayo-lambayeque-peru-camaron-tilapia-life\/","title":{"rendered":"As\u00ed construimos TILMARON CUADRON 12, Chiclayo y Lambayeque- Per\u00fa , 2019"},"content":{"rendered":"<p>[vc_row][vc_column]\t\t\t<div class=\"info-box-wrapper \">\n\t\t\t\t<div id=\"wd-5ec99a3a4b66f\" class=\" woodmart-info-box text-left box-icon-align-top box-style- color-scheme- woodmart-bg-none box-title-default \"  >\n\t\t\t\t\t\t\t\t\t\t<div class=\"info-box-content\">\n\t\t\t\t\t\t<div class=\"info-box-subtitle subtitle-color-default subtitle-style-default woodmart-font-weight-\">TILMARON CUADRON 12<\/div><h4 class=\"info-box-title woodmart-font-weight- box-title-style-default\">As\u00ed construimos un m\u00f3dulo TILMARON Sistema RAS para cultivo de camar\u00f3n, tilapia y life. Modelo CUADRON 12<\/h4>\t\t\t\t\t\t<div class=\"info-box-inner reset-mb-10\">\n\t\t\t\t\t\t\t<p>La historia de este proyecto en Per\u00fa, comenz\u00f3 con el inter\u00e9s del cliente y el respectivo acercamiento para llevar a cabo la negociaci\u00f3n. Los propietarios solicitaron el estudio t\u00e9cnico de factibilidad para presentar a la entidad financiera de su pa\u00eds.<\/p>\n<p>En un par de meses, dicho proyecto fue aprobado, por el ministerio respectivo y, por tanto,\u00a0 dispon\u00edan de los recursos, para que Tilapiacenter ejecutara la construcci\u00f3n de tres proyectos de las mismas caracter\u00edsticas, para cultivo intensivo de camar\u00f3n, tilapia y life.<\/p>\n<p>Tuvimos que movilizarnos desde Ecuador con el plan respectivo, para la firma del convenio, y a su vez organizar los preparativos log\u00edsticos para la implementaci\u00f3n del sistema.<\/p>\n<p>Tres meses despu\u00e9s, se concluy\u00f3 sin inconvenientes, la construcci\u00f3n de tres sistemas de cultivo intensivo de animales acu\u00e1ticos, entre ellos camar\u00f3n, tilapia y life.<\/p>\n\t\t\t\t\t\t<\/div>\n\n\t\t\t\t\t\t\t\t\t\t\t\t\n\t\t\t\t\t<\/div>\n\n\t\t\t\t\t\t\t\t\t<\/div>\n\t\t\t<\/div>\n\t\t[vc_single_image image=&#8221;3524&#8243; img_size=&#8221;full&#8221; alignment=&#8221;center&#8221; parallax_scroll=&#8221;no&#8221;][vc_video link=&#8221;https:\/\/www.youtube.com\/watch?v=Hism96Rx1pM&amp;t=12s&#8221; image_poster_switch=&#8221;no&#8221;][\/vc_column][\/vc_row][vc_row][vc_column][vc_single_image image=&#8221;3522&#8243; img_size=&#8221;full&#8221; alignment=&#8221;center&#8221; parallax_scroll=&#8221;no&#8221;][vc_single_image image=&#8221;3520&#8243; img_size=&#8221;full&#8221; alignment=&#8221;center&#8221; parallax_scroll=&#8221;no&#8221;][vc_single_image image=&#8221;3519&#8243; img_size=&#8221;full&#8221; alignment=&#8221;center&#8221; parallax_scroll=&#8221;no&#8221;][vc_single_image image=&#8221;3521&#8243; img_size=&#8221;full&#8221; alignment=&#8221;center&#8221; parallax_scroll=&#8221;no&#8221;][vc_single_image image=&#8221;3523&#8243; img_size=&#8221;full&#8221; alignment=&#8221;center&#8221; parallax_scroll=&#8221;no&#8221;][\/vc_column][\/vc_row]<\/p>\n","protected":false},"excerpt":{"rendered":"<p>[vc_row][vc_column][vc_single_image image=&#8221;3524&#8243; img_size=&#8221;full&#8221; alignment=&#8221;center&#8221; parallax_scroll=&#8221;no&#8221;][vc_video link=&#8221;https:\/\/www.youtube.com\/watch?v=Hism96Rx1pM&amp;t=12s&#8221; image_poster_switch=&#8221;no&#8221;][\/vc_column][\/vc_row][vc_row][vc_column][vc_single_image image=&#8221;3522&#8243; img_size=&#8221;full&#8221; alignment=&#8221;center&#8221; parallax_scroll=&#8221;no&#8221;][vc_single_image image=&#8221;3520&#8243; img_size=&#8221;full&#8221; alignment=&#8221;center&#8221; parallax_scroll=&#8221;no&#8221;][vc_single_image image=&#8221;3519&#8243; img_size=&#8221;full&#8221; alignment=&#8221;center&#8221; parallax_scroll=&#8221;no&#8221;][vc_single_image image=&#8221;3521&#8243;<\/p>\n","protected":false},"author":1,"featured_media":3522,"parent":0,"menu_order":0,"comment_status":"closed","ping_status":"closed","template":"","meta":{"_monsterinsights_skip_tracking":false,"_monsterinsights_sitenote_active":false,"_monsterinsights_sitenote_note":"","_monsterinsights_sitenote_category":0,"spay_email":"","footnotes":""},"categories":[124],"tags":[67,320,297,69,78,295,318,321,319,296,72],"class_list":["post-3518","page","type-page","status-publish","has-post-thumbnail","hentry","category-casos-de-exito-instalados-tilapiacenter","tag-camaron","tag-chiclayo","tag-cultivo","tag-geomembrana","tag-hiperintensivo","tag-instalacion","tag-life","tag-motupe","tag-peru","tag-proyectos","tag-ras"],"yoast_head":"<!-- This site is optimized with the Yoast SEO plugin v18.6 - https:\/\/yoast.com\/wordpress\/plugins\/seo\/ -->\n<title>As\u00ed constru\u00edmos piscinas RAS para camar\u00f3n en Per\u00fa, chiclayo<\/title>\n<meta name=\"description\" content=\"En Per\u00fa llevamos a implementaci\u00f3n de tres modulares para cultivo intensivo de camar\u00f3n, tilapia, life .. en tanques en geomembrana con recirculaci\u00f3n del agua\" \/>\n<meta name=\"robots\" content=\"index, follow, max-snippet:-1, max-image-preview:large, max-video-preview:-1\" \/>\n<link rel=\"canonical\" href=\"https:\/\/tilapiacenter.com\/index\/asi-construimos-sistema-ras-camaron-hiperintensivo-chiclayo-lambayeque-peru-camaron-tilapia-life\/\" \/>\n<meta property=\"og:locale\" content=\"es_ES\" \/>\n<meta property=\"og:type\" content=\"article\" \/>\n<meta property=\"og:title\" content=\"As\u00ed constru\u00edmos piscinas RAS para camar\u00f3n en Per\u00fa, chiclayo\" \/>\n<meta property=\"og:description\" content=\"En Per\u00fa llevamos a implementaci\u00f3n de tres modulares para cultivo intensivo de camar\u00f3n, tilapia, life .. en tanques en geomembrana con recirculaci\u00f3n del agua\" \/>\n<meta property=\"og:url\" content=\"https:\/\/tilapiacenter.com\/index\/asi-construimos-sistema-ras-camaron-hiperintensivo-chiclayo-lambayeque-peru-camaron-tilapia-life\/\" \/>\n<meta property=\"og:site_name\" content=\"TILAPIACENTER- Acuicultura Controlada\" \/>\n<meta property=\"article:publisher\" content=\"https:\/\/www.facebook.com\/tilapiacenterecuador\/\" \/>\n<meta property=\"article:modified_time\" content=\"2020-05-23T21:49:05+00:00\" \/>\n<meta property=\"og:image\" content=\"https:\/\/i0.wp.com\/tilapiacenter.com\/index\/wp-content\/uploads\/2020\/05\/CasosExito-peru-4.jpg?fit=1280%2C720&#038;ssl=1\" \/>\n\t<meta property=\"og:image:width\" content=\"1280\" \/>\n\t<meta property=\"og:image:height\" content=\"720\" \/>\n\t<meta property=\"og:image:type\" content=\"image\/jpeg\" \/>\n<meta name=\"twitter:card\" content=\"summary_large_image\" \/>\n<meta name=\"twitter:site\" content=\"@tilapiacenter\" \/>\n<meta name=\"twitter:label1\" content=\"Tiempo de lectura\" \/>\n\t<meta name=\"twitter:data1\" content=\"1 minuto\" \/>\n<script type=\"application\/ld+json\" class=\"yoast-schema-graph\">{\"@context\":\"https:\/\/schema.org\",\"@graph\":[{\"@type\":\"WebSite\",\"@id\":\"https:\/\/tilapiacenter.com\/index\/#website\",\"url\":\"https:\/\/tilapiacenter.com\/index\/\",\"name\":\"TILAPIACENTER- Acuicultura Controlada\",\"description\":\"Equipos, Tecnolog\u00eda, asesor\u00eda y cursos en acuicultura tecnificada, para sistemas RAS y BIOFLOC, en el cultivo de camaron, tilapia, trucha en tanques en geomembrana.\",\"potentialAction\":[{\"@type\":\"SearchAction\",\"target\":{\"@type\":\"EntryPoint\",\"urlTemplate\":\"https:\/\/tilapiacenter.com\/index\/?s={search_term_string}\"},\"query-input\":\"required name=search_term_string\"}],\"inLanguage\":\"es\"},{\"@type\":\"ImageObject\",\"@id\":\"https:\/\/tilapiacenter.com\/index\/asi-construimos-sistema-ras-camaron-hiperintensivo-chiclayo-lambayeque-peru-camaron-tilapia-life\/#primaryimage\",\"inLanguage\":\"es\",\"url\":\"https:\/\/i0.wp.com\/tilapiacenter.com\/index\/wp-content\/uploads\/2020\/05\/CasosExito-peru-4.jpg?fit=1280%2C720&ssl=1\",\"contentUrl\":\"https:\/\/i0.wp.com\/tilapiacenter.com\/index\/wp-content\/uploads\/2020\/05\/CasosExito-peru-4.jpg?fit=1280%2C720&ssl=1\",\"width\":1280,\"height\":720,\"caption\":\"Granja acu\u00edcola tecnificada camar\u00f3n, tilapia realizado en Per\u00fa por Tilapiacenter\"},{\"@type\":\"WebPage\",\"@id\":\"https:\/\/tilapiacenter.com\/index\/asi-construimos-sistema-ras-camaron-hiperintensivo-chiclayo-lambayeque-peru-camaron-tilapia-life\/#webpage\",\"url\":\"https:\/\/tilapiacenter.com\/index\/asi-construimos-sistema-ras-camaron-hiperintensivo-chiclayo-lambayeque-peru-camaron-tilapia-life\/\",\"name\":\"As\u00ed constru\u00edmos piscinas RAS para camar\u00f3n en Per\u00fa, chiclayo\",\"isPartOf\":{\"@id\":\"https:\/\/tilapiacenter.com\/index\/#website\"},\"primaryImageOfPage\":{\"@id\":\"https:\/\/tilapiacenter.com\/index\/asi-construimos-sistema-ras-camaron-hiperintensivo-chiclayo-lambayeque-peru-camaron-tilapia-life\/#primaryimage\"},\"datePublished\":\"2020-05-23T21:43:09+00:00\",\"dateModified\":\"2020-05-23T21:49:05+00:00\",\"description\":\"En Per\u00fa llevamos a implementaci\u00f3n de tres modulares para cultivo intensivo de camar\u00f3n, tilapia, life .. en tanques en geomembrana con recirculaci\u00f3n del agua\",\"breadcrumb\":{\"@id\":\"https:\/\/tilapiacenter.com\/index\/asi-construimos-sistema-ras-camaron-hiperintensivo-chiclayo-lambayeque-peru-camaron-tilapia-life\/#breadcrumb\"},\"inLanguage\":\"es\",\"potentialAction\":[{\"@type\":\"ReadAction\",\"target\":[\"https:\/\/tilapiacenter.com\/index\/asi-construimos-sistema-ras-camaron-hiperintensivo-chiclayo-lambayeque-peru-camaron-tilapia-life\/\"]}]},{\"@type\":\"BreadcrumbList\",\"@id\":\"https:\/\/tilapiacenter.com\/index\/asi-construimos-sistema-ras-camaron-hiperintensivo-chiclayo-lambayeque-peru-camaron-tilapia-life\/#breadcrumb\",\"itemListElement\":[{\"@type\":\"ListItem\",\"position\":1,\"name\":\"Portada\",\"item\":\"https:\/\/tilapiacenter.com\/index\/\"},{\"@type\":\"ListItem\",\"position\":2,\"name\":\"As\u00ed construimos TILMARON CUADRON 12, Chiclayo y Lambayeque- Per\u00fa , 2019\"}]}]}<\/script>\n<!-- \/ Yoast SEO plugin. -->","yoast_head_json":{"title":"As\u00ed constru\u00edmos piscinas RAS para camar\u00f3n en Per\u00fa, chiclayo","description":"En Per\u00fa llevamos a implementaci\u00f3n de tres modulares para cultivo intensivo de camar\u00f3n, tilapia, life .. en tanques en geomembrana con recirculaci\u00f3n del agua","robots":{"index":"index","follow":"follow","max-snippet":"max-snippet:-1","max-image-preview":"max-image-preview:large","max-video-preview":"max-video-preview:-1"},"canonical":"https:\/\/tilapiacenter.com\/index\/asi-construimos-sistema-ras-camaron-hiperintensivo-chiclayo-lambayeque-peru-camaron-tilapia-life\/","og_locale":"es_ES","og_type":"article","og_title":"As\u00ed constru\u00edmos piscinas RAS para camar\u00f3n en Per\u00fa, chiclayo","og_description":"En Per\u00fa llevamos a implementaci\u00f3n de tres modulares para cultivo intensivo de camar\u00f3n, tilapia, life .. en tanques en geomembrana con recirculaci\u00f3n del agua","og_url":"https:\/\/tilapiacenter.com\/index\/asi-construimos-sistema-ras-camaron-hiperintensivo-chiclayo-lambayeque-peru-camaron-tilapia-life\/","og_site_name":"TILAPIACENTER- Acuicultura Controlada","article_publisher":"https:\/\/www.facebook.com\/tilapiacenterecuador\/","article_modified_time":"2020-05-23T21:49:05+00:00","og_image":[{"width":1280,"height":720,"url":"https:\/\/i0.wp.com\/tilapiacenter.com\/index\/wp-content\/uploads\/2020\/05\/CasosExito-peru-4.jpg?fit=1280%2C720&ssl=1","type":"image\/jpeg"}],"twitter_card":"summary_large_image","twitter_site":"@tilapiacenter","twitter_misc":{"Tiempo de lectura":"1 minuto"},"schema":{"@context":"https:\/\/schema.org","@graph":[{"@type":"WebSite","@id":"https:\/\/tilapiacenter.com\/index\/#website","url":"https:\/\/tilapiacenter.com\/index\/","name":"TILAPIACENTER- Acuicultura Controlada","description":"Equipos, Tecnolog\u00eda, asesor\u00eda y cursos en acuicultura tecnificada, para sistemas RAS y BIOFLOC, en el cultivo de camaron, tilapia, trucha en tanques en geomembrana.","potentialAction":[{"@type":"SearchAction","target":{"@type":"EntryPoint","urlTemplate":"https:\/\/tilapiacenter.com\/index\/?s={search_term_string}"},"query-input":"required name=search_term_string"}],"inLanguage":"es"},{"@type":"ImageObject","@id":"https:\/\/tilapiacenter.com\/index\/asi-construimos-sistema-ras-camaron-hiperintensivo-chiclayo-lambayeque-peru-camaron-tilapia-life\/#primaryimage","inLanguage":"es","url":"https:\/\/i0.wp.com\/tilapiacenter.com\/index\/wp-content\/uploads\/2020\/05\/CasosExito-peru-4.jpg?fit=1280%2C720&ssl=1","contentUrl":"https:\/\/i0.wp.com\/tilapiacenter.com\/index\/wp-content\/uploads\/2020\/05\/CasosExito-peru-4.jpg?fit=1280%2C720&ssl=1","width":1280,"height":720,"caption":"Granja acu\u00edcola tecnificada camar\u00f3n, tilapia realizado en Per\u00fa por Tilapiacenter"},{"@type":"WebPage","@id":"https:\/\/tilapiacenter.com\/index\/asi-construimos-sistema-ras-camaron-hiperintensivo-chiclayo-lambayeque-peru-camaron-tilapia-life\/#webpage","url":"https:\/\/tilapiacenter.com\/index\/asi-construimos-sistema-ras-camaron-hiperintensivo-chiclayo-lambayeque-peru-camaron-tilapia-life\/","name":"As\u00ed constru\u00edmos piscinas RAS para camar\u00f3n en Per\u00fa, chiclayo","isPartOf":{"@id":"https:\/\/tilapiacenter.com\/index\/#website"},"primaryImageOfPage":{"@id":"https:\/\/tilapiacenter.com\/index\/asi-construimos-sistema-ras-camaron-hiperintensivo-chiclayo-lambayeque-peru-camaron-tilapia-life\/#primaryimage"},"datePublished":"2020-05-23T21:43:09+00:00","dateModified":"2020-05-23T21:49:05+00:00","description":"En Per\u00fa llevamos a implementaci\u00f3n de tres modulares para cultivo intensivo de camar\u00f3n, tilapia, life .. en tanques en geomembrana con recirculaci\u00f3n del agua","breadcrumb":{"@id":"https:\/\/tilapiacenter.com\/index\/asi-construimos-sistema-ras-camaron-hiperintensivo-chiclayo-lambayeque-peru-camaron-tilapia-life\/#breadcrumb"},"inLanguage":"es","potentialAction":[{"@type":"ReadAction","target":["https:\/\/tilapiacenter.com\/index\/asi-construimos-sistema-ras-camaron-hiperintensivo-chiclayo-lambayeque-peru-camaron-tilapia-life\/"]}]},{"@type":"BreadcrumbList","@id":"https:\/\/tilapiacenter.com\/index\/asi-construimos-sistema-ras-camaron-hiperintensivo-chiclayo-lambayeque-peru-camaron-tilapia-life\/#breadcrumb","itemListElement":[{"@type":"ListItem","position":1,"name":"Portada","item":"https:\/\/tilapiacenter.com\/index\/"},{"@type":"ListItem","position":2,"name":"As\u00ed construimos TILMARON CUADRON 12, Chiclayo y Lambayeque- Per\u00fa , 2019"}]}]}},"jetpack_sharing_enabled":true,"jetpack_likes_enabled":true,"jetpack-related-posts":[{"id":3608,"url":"https:\/\/tilapiacenter.com\/index\/modelos-inversion-cultivo-camaron-tilapia-ras-biofloc\/","url_meta":{"origin":3518,"position":0},"title":"Modelos inversi\u00f3n  cultivo camar\u00f3n\/tilapia en RAS\/Biofloc. Full Equipo, Llave en mano..","date":"25 de mayo de 2020","format":false,"excerpt":"[vc_row][vc_column][vc_video link=\"https:\/\/www.youtube.com\/watch?v=0JVun1901-g\" image_poster_switch=\"no\"][\/vc_column][\/vc_row][vc_row][vc_column][vc_single_image image=\"3610\" img_size=\"full\" alignment=\"center\" parallax_scroll=\"no\"][vc_single_image image=\"3614\" img_size=\"full\" alignment=\"center\" parallax_scroll=\"no\"][vc_single_image image=\"3619\" img_size=\"full\" alignment=\"center\" parallax_scroll=\"no\"][vc_single_image image=\"3628\" img_size=\"full\" alignment=\"center\" parallax_scroll=\"no\"][vc_single_image image=\"3629\" img_size=\"full\" alignment=\"center\" parallax_scroll=\"no\"][\/vc_column][\/vc_row][vc_row][vc_column][vc_column_text text_larger=\"no\"]Si usted ya ha revisado toda esta informaci\u00f3n, entonces ya puede tomar una decisi\u00f3n, de qu\u00e9 proyecto desea llevar a cabo, y para ello le invitamos a\u2026","rel":"","context":"En \u00abSISTEMAS TILMARON FULL EQUIPO\u00bb","img":{"alt_text":"automatizaci\u00f3n camar\u00f3n tilapia","src":"https:\/\/i0.wp.com\/tilapiacenter.com\/index\/wp-content\/uploads\/2020\/05\/TilmaronPortada1.jpg?fit=1200%2C675&ssl=1&resize=350%2C200","width":350,"height":200},"classes":[]},{"id":3574,"url":"https:\/\/tilapiacenter.com\/index\/enfoque-inversion-tilmaron-camaron-tilapia\/","url_meta":{"origin":3518,"position":1},"title":"Enfoque de inversi\u00f3n M\u00f3dulos Tilmaron Camar\u00f3n\/Tilapia","date":"24 de mayo de 2020","format":false,"excerpt":"[vc_row][vc_column][vc_single_image image=\"3113\" img_size=\"full\" alignment=\"center\" parallax_scroll=\"no\"][vc_single_image image=\"3578\" img_size=\"full\" alignment=\"center\" parallax_scroll=\"no\"][\/vc_column][\/vc_row][vc_row][vc_column][vc_video link=\"https:\/\/youtu.be\/QjTeVDf1XLU\" title=\"M\u00f3dulos Tilmaron\" image_poster_switch=\"no\"][\/vc_column][\/vc_row][vc_row][vc_column width=\"1\/3\"][\/vc_column][vc_column width=\"1\/3\"][vc_btn title=\"VER NIVELES DE INVERSI\u00d3N Y ESCALAS DEL NEGOCIO (Nota: Al hacer clic, REG\u00cdSTRESE para poder ver la p\u00e1gina)\" color=\"green\" size=\"lg\" i_icon_fontawesome=\"fas fa-key\" add_icon=\"true\" link=\"url:https%3A%2F%2Fgreenyellow-okapi-692508.hostingersite.com%2Findex%2Fenfoque-de-inversion-acuicola-escalas-del-negocio%2F|title:Enfoque%20de%20inversi%C3%B3n%20acu%C3%ADcola%20%E2%80%93%20Escalas%20del%20Negocio||\"][\/vc_column][vc_column width=\"1\/3\"][\/vc_column][\/vc_row]","rel":"","context":"En \u00abTILMARON ACUICULTURA INTEGRAL (pg)\u00bb","img":{"alt_text":"Costo de tanques geomembrana cultivo de camar\u00f3n y tilapia","src":"https:\/\/i0.wp.com\/tilapiacenter.com\/index\/wp-content\/uploads\/2020\/05\/ProdServ-ModulosTilmaron-Enfoque-0.jpg?fit=759%2C494&ssl=1&resize=350%2C200","width":350,"height":200},"classes":[]},{"id":3685,"url":"https:\/\/tilapiacenter.com\/index\/como-funciona-tilmaron-acuicultura-camaron-tilapia\/","url_meta":{"origin":3518,"position":2},"title":"C\u00f3mo funciona un modulo Tilmaron para acuicultura tecnificada","date":"28 de mayo de 2020","format":false,"excerpt":"[vc_row][vc_column][vc_single_image image=\"3686\" img_size=\"full\" alignment=\"center\" parallax_scroll=\"no\"][\/vc_column][\/vc_row]","rel":"","context":"En \u00abTILMARON ACUICULTURA INTEGRAL (pg)\u00bb","img":{"alt_text":"ASi funciona modulo tilmaron cultivo camaron tilapia","src":"https:\/\/i0.wp.com\/tilapiacenter.com\/index\/wp-content\/uploads\/2020\/05\/ProdServ-ModulosTilmaron-ComoFuncionaTilmaron.jpg?fit=1135%2C773&ssl=1&resize=350%2C200","width":350,"height":200},"classes":[]},{"id":3508,"url":"https:\/\/tilapiacenter.com\/index\/asi-construimos-6dx6-camaron-hiperintensivo-portete-esmeraldas-2018\/","url_meta":{"origin":3518,"position":3},"title":"As\u00ed constru\u00edmos 6Dx6 camar\u00f3n hiperintensivo, Portete- Esmeraldas , 2018","date":"23 de mayo de 2020","format":false,"excerpt":"[vc_row][vc_column][vc_single_image image=\"3504\" img_size=\"full\" alignment=\"center\" parallax_scroll=\"no\"][vc_video link=\"https:\/\/www.youtube.com\/watch?v=2sgfOnhxvNg&t=20s\" image_poster_switch=\"no\"][\/vc_column][\/vc_row][vc_row][vc_column][vc_single_image image=\"3510\" img_size=\"full\" alignment=\"center\" parallax_scroll=\"no\"][vc_single_image image=\"3511\" img_size=\"full\" alignment=\"center\" parallax_scroll=\"no\"][vc_single_image image=\"3512\" img_size=\"full\" alignment=\"center\" parallax_scroll=\"no\"][vc_single_image image=\"3509\" img_size=\"full\" alignment=\"center\" parallax_scroll=\"no\"][\/vc_column][\/vc_row]","rel":"","context":"En \u00abCASOS DE EXITO (Pg)\u00bb","img":{"alt_text":"Cultivo camaron tanques geomembrana Portete Esmeraldas","src":"https:\/\/i0.wp.com\/tilapiacenter.com\/index\/wp-content\/uploads\/2020\/05\/CasosExito-portete-5.jpg?fit=632%2C356&ssl=1&resize=350%2C200","width":350,"height":200},"classes":[]},{"id":3502,"url":"https:\/\/tilapiacenter.com\/index\/asi-construimos-estanques-geomembrana-duran-guayaquil\/","url_meta":{"origin":3518,"position":4},"title":"As\u00ed constru\u00edmos S-CUADRON  14D camar\u00f3n hiperintensivo, Dur\u00e1n- Guayaquil , 2018","date":"23 de mayo de 2020","format":false,"excerpt":"[vc_row][vc_column][vc_single_image image=\"3503\" img_size=\"full\" alignment=\"center\" parallax_scroll=\"no\"][vc_video link=\"https:\/\/www.youtube.com\/watch?v=BGuvs5tWJuo&t=19s\" image_poster_switch=\"no\"][\/vc_column][\/vc_row][vc_row][vc_column][vc_single_image image=\"3505\" img_size=\"full\" alignment=\"center\" parallax_scroll=\"no\"][\/vc_column][\/vc_row]","rel":"","context":"En \u00abCASOS DE EXITO (Pg)\u00bb","img":{"alt_text":"Estanques geomembrana Duran Tilapiacneter","src":"https:\/\/i0.wp.com\/tilapiacenter.com\/index\/wp-content\/uploads\/2020\/05\/CasosExito-Duran-2.jpg?fit=1027%2C578&ssl=1&resize=350%2C200","width":350,"height":200},"classes":[]},{"id":3679,"url":"https:\/\/tilapiacenter.com\/index\/factibilidad-produccion-camaron-hiperintensivo\/","url_meta":{"origin":3518,"position":5},"title":"Factibilidad en la producci\u00f3n de camar\u00f3n hiperintensivo","date":"28 de mayo de 2020","format":false,"excerpt":"[vc_row][vc_column][vc_single_image image=\"3680\" img_size=\"full\" alignment=\"center\" parallax_scroll=\"no\"][vc_single_image image=\"3682\" img_size=\"full\" alignment=\"center\" parallax_scroll=\"no\"][\/vc_column][\/vc_row]","rel":"","context":"En \u00abTILMARON ACUICULTURA INTEGRAL (pg)\u00bb","img":{"alt_text":"Factibilidad de cultivo de camaron intensivo","src":"https:\/\/i0.wp.com\/tilapiacenter.com\/index\/wp-content\/uploads\/2020\/05\/ProdServ-ModulosTilmaron-FactibilidacamaronHiper-1.jpg?fit=756%2C415&ssl=1&resize=350%2C200","width":350,"height":200},"classes":[]}],"post_mailing_queue_ids":[],"_links":{"self":[{"href":"https:\/\/tilapiacenter.com\/index\/wp-json\/wp\/v2\/pages\/3518","targetHints":{"allow":["GET"]}}],"collection":[{"href":"https:\/\/tilapiacenter.com\/index\/wp-json\/wp\/v2\/pages"}],"about":[{"href":"https:\/\/tilapiacenter.com\/index\/wp-json\/wp\/v2\/types\/page"}],"author":[{"embeddable":true,"href":"https:\/\/tilapiacenter.com\/index\/wp-json\/wp\/v2\/users\/1"}],"replies":[{"embeddable":true,"href":"https:\/\/tilapiacenter.com\/index\/wp-json\/wp\/v2\/comments?post=3518"}],"version-history":[{"count":5,"href":"https:\/\/tilapiacenter.com\/index\/wp-json\/wp\/v2\/pages\/3518\/revisions"}],"predecessor-version":[{"id":3529,"href":"https:\/\/tilapiacenter.com\/index\/wp-json\/wp\/v2\/pages\/3518\/revisions\/3529"}],"wp:featuredmedia":[{"embeddable":true,"href":"https:\/\/tilapiacenter.com\/index\/wp-json\/wp\/v2\/media\/3522"}],"wp:attachment":[{"href":"https:\/\/tilapiacenter.com\/index\/wp-json\/wp\/v2\/media?parent=3518"}],"wp:term":[{"taxonomy":"category","embeddable":true,"href":"https:\/\/tilapiacenter.com\/index\/wp-json\/wp\/v2\/categories?post=3518"},{"taxonomy":"post_tag","embeddable":true,"href":"https:\/\/tilapiacenter.com\/index\/wp-json\/wp\/v2\/tags?post=3518"}],"curies":[{"name":"wp","href":"https:\/\/api.w.org\/{rel}","templated":true}]}}