{"id":3502,"date":"2020-05-23T17:35:17","date_gmt":"2020-05-23T17:35:17","guid":{"rendered":"https:\/\/greenyellow-okapi-692508.hostingersite.com\/index\/?page_id=3502"},"modified":"2020-05-23T18:41:29","modified_gmt":"2020-05-23T18:41:29","slug":"asi-construimos-estanques-geomembrana-duran-guayaquil","status":"publish","type":"page","link":"https:\/\/tilapiacenter.com\/index\/asi-construimos-estanques-geomembrana-duran-guayaquil\/","title":{"rendered":"As\u00ed constru\u00edmos S-CUADRON  14D camar\u00f3n hiperintensivo, Dur\u00e1n- Guayaquil , 2018"},"content":{"rendered":"<p>[vc_row][vc_column]\t\t\t<div class=\"info-box-wrapper \">\n\t\t\t\t<div id=\"wd-5ec955abd5fc2\" class=\" woodmart-info-box text-left box-icon-align-top box-style- color-scheme- woodmart-bg-none box-title-default \"  >\n\t\t\t\t\t\t\t\t\t\t<div class=\"info-box-content\">\n\t\t\t\t\t\t<div class=\"info-box-subtitle subtitle-color-default subtitle-style-default woodmart-font-weight-\">TILMARON 14Dx4<\/div><h4 class=\"info-box-title woodmart-font-weight- box-title-style-default\">As\u00ed construimos un m\u00f3dulo Tilmaron para cultivo de camar\u00f3n o tilapia en tecnificado. Modelo S-CUADRON 14<\/h4>\t\t\t\t\t\t<div class=\"info-box-inner reset-mb-10\">\n\t\t\t\t\t\t\t<p>En el Ecuador y el mundo la acuicultura crea beneficio econ\u00f3mico y social, las zonas de climas c\u00e1lidos como la costa y Amazon\u00eda tienen grandes ventajas competitivas para desarrollar esta actividad. Ecuador, hoy es referente en el cultivo de camar\u00f3n y tilapia de buena calidad, que es bien aceptado por la poblaci\u00f3n local e internacional.<\/p>\n<p>Con este CAMBIO DE T\u00c9CNICA, definitivamente se logra grandes ventajas, que si usted entra en conciencia no podr\u00e1 renunciarlos, es as\u00ed que, los dos principales ahorros son el espacio de terreno y el agua.<\/p>\n<p>Estas t\u00e9cnicas, si bien son nuevas en nuestro pa\u00eds, en Europa o M\u00e9xico ya tienen una trayectoria de muchos a\u00f1os. Nosotros somos privilegiados de tener mejores condiciones clim\u00e1ticas que pa\u00edses con climas de estaciones muy diferenciadas.<\/p>\n\t\t\t\t\t\t<\/div>\n\n\t\t\t\t\t\t\t\t\t\t\t\t\n\t\t\t\t\t<\/div>\n\n\t\t\t\t\t\t\t\t\t<\/div>\n\t\t\t<\/div>\n\t\t[vc_single_image image=&#8221;3503&#8243; img_size=&#8221;full&#8221; alignment=&#8221;center&#8221; parallax_scroll=&#8221;no&#8221;][vc_video link=&#8221;https:\/\/www.youtube.com\/watch?v=BGuvs5tWJuo&amp;t=19s&#8221; image_poster_switch=&#8221;no&#8221;][\/vc_column][\/vc_row][vc_row][vc_column][vc_single_image image=&#8221;3505&#8243; img_size=&#8221;full&#8221; alignment=&#8221;center&#8221; parallax_scroll=&#8221;no&#8221;][\/vc_column][\/vc_row]<\/p>\n","protected":false},"excerpt":{"rendered":"<p>[vc_row][vc_column][vc_single_image image=&#8221;3503&#8243; img_size=&#8221;full&#8221; alignment=&#8221;center&#8221; parallax_scroll=&#8221;no&#8221;][vc_video link=&#8221;https:\/\/www.youtube.com\/watch?v=BGuvs5tWJuo&amp;t=19s&#8221; image_poster_switch=&#8221;no&#8221;][\/vc_column][\/vc_row][vc_row][vc_column][vc_single_image image=&#8221;3505&#8243; img_size=&#8221;full&#8221; alignment=&#8221;center&#8221; parallax_scroll=&#8221;no&#8221;][\/vc_column][\/vc_row]<\/p>\n","protected":false},"author":1,"featured_media":3505,"parent":0,"menu_order":0,"comment_status":"closed","ping_status":"closed","template":"","meta":{"_monsterinsights_skip_tracking":false,"_monsterinsights_sitenote_active":false,"_monsterinsights_sitenote_note":"","_monsterinsights_sitenote_category":0,"spay_email":"","footnotes":""},"categories":[124],"tags":[67,297,315,71,69,316,78,295,296,72],"class_list":["post-3502","page","type-page","status-publish","has-post-thumbnail","hentry","category-casos-de-exito-instalados-tilapiacenter","tag-camaron","tag-cultivo","tag-duran","tag-ecuador","tag-geomembrana","tag-guayaquil","tag-hiperintensivo","tag-instalacion","tag-proyectos","tag-ras"],"yoast_head":"<!-- This site is optimized with the Yoast SEO plugin v18.6 - https:\/\/yoast.com\/wordpress\/plugins\/seo\/ -->\n<title>As\u00ed constru\u00edmos estanques RAS para camar\u00f3n en Dur\u00e1n, Guayaquil<\/title>\n<meta name=\"description\" content=\"En ecuador tienen gran importancia el cultivo de camar\u00f3n para el beneficio de la comunidad, que se lo puede aplicar tanto en la Costa como en la Amazon\u00eda.\" \/>\n<meta name=\"robots\" content=\"index, follow, max-snippet:-1, max-image-preview:large, max-video-preview:-1\" \/>\n<link rel=\"canonical\" href=\"https:\/\/tilapiacenter.com\/index\/asi-construimos-estanques-geomembrana-duran-guayaquil\/\" \/>\n<meta property=\"og:locale\" content=\"es_ES\" \/>\n<meta property=\"og:type\" content=\"article\" \/>\n<meta property=\"og:title\" content=\"As\u00ed constru\u00edmos estanques RAS para camar\u00f3n en Dur\u00e1n, Guayaquil\" \/>\n<meta property=\"og:description\" content=\"En ecuador tienen gran importancia el cultivo de camar\u00f3n para el beneficio de la comunidad, que se lo puede aplicar tanto en la Costa como en la Amazon\u00eda.\" \/>\n<meta property=\"og:url\" content=\"https:\/\/tilapiacenter.com\/index\/asi-construimos-estanques-geomembrana-duran-guayaquil\/\" \/>\n<meta property=\"og:site_name\" content=\"TILAPIACENTER- Acuicultura Controlada\" \/>\n<meta property=\"article:publisher\" content=\"https:\/\/www.facebook.com\/tilapiacenterecuador\/\" \/>\n<meta property=\"article:modified_time\" content=\"2020-05-23T18:41:29+00:00\" \/>\n<meta property=\"og:image\" content=\"https:\/\/i0.wp.com\/tilapiacenter.com\/index\/wp-content\/uploads\/2020\/05\/CasosExito-Duran-2.jpg?fit=1027%2C578&#038;ssl=1\" \/>\n\t<meta property=\"og:image:width\" content=\"1027\" \/>\n\t<meta property=\"og:image:height\" content=\"578\" \/>\n\t<meta property=\"og:image:type\" content=\"image\/jpeg\" \/>\n<meta name=\"twitter:card\" content=\"summary_large_image\" \/>\n<meta name=\"twitter:site\" content=\"@tilapiacenter\" \/>\n<meta name=\"twitter:label1\" content=\"Tiempo de lectura\" \/>\n\t<meta name=\"twitter:data1\" content=\"1 minuto\" \/>\n<script type=\"application\/ld+json\" class=\"yoast-schema-graph\">{\"@context\":\"https:\/\/schema.org\",\"@graph\":[{\"@type\":\"WebSite\",\"@id\":\"https:\/\/tilapiacenter.com\/index\/#website\",\"url\":\"https:\/\/tilapiacenter.com\/index\/\",\"name\":\"TILAPIACENTER- Acuicultura Controlada\",\"description\":\"Equipos, Tecnolog\u00eda, asesor\u00eda y cursos en acuicultura tecnificada, para sistemas RAS y BIOFLOC, en el cultivo de camaron, tilapia, trucha en tanques en geomembrana.\",\"potentialAction\":[{\"@type\":\"SearchAction\",\"target\":{\"@type\":\"EntryPoint\",\"urlTemplate\":\"https:\/\/tilapiacenter.com\/index\/?s={search_term_string}\"},\"query-input\":\"required name=search_term_string\"}],\"inLanguage\":\"es\"},{\"@type\":\"ImageObject\",\"@id\":\"https:\/\/tilapiacenter.com\/index\/asi-construimos-estanques-geomembrana-duran-guayaquil\/#primaryimage\",\"inLanguage\":\"es\",\"url\":\"https:\/\/i0.wp.com\/tilapiacenter.com\/index\/wp-content\/uploads\/2020\/05\/CasosExito-Duran-2.jpg?fit=1027%2C578&ssl=1\",\"contentUrl\":\"https:\/\/i0.wp.com\/tilapiacenter.com\/index\/wp-content\/uploads\/2020\/05\/CasosExito-Duran-2.jpg?fit=1027%2C578&ssl=1\",\"width\":1027,\"height\":578,\"caption\":\"Estanques geomembrana Duran Tilapiacneter\"},{\"@type\":\"WebPage\",\"@id\":\"https:\/\/tilapiacenter.com\/index\/asi-construimos-estanques-geomembrana-duran-guayaquil\/#webpage\",\"url\":\"https:\/\/tilapiacenter.com\/index\/asi-construimos-estanques-geomembrana-duran-guayaquil\/\",\"name\":\"As\u00ed constru\u00edmos estanques RAS para camar\u00f3n en Dur\u00e1n, Guayaquil\",\"isPartOf\":{\"@id\":\"https:\/\/tilapiacenter.com\/index\/#website\"},\"primaryImageOfPage\":{\"@id\":\"https:\/\/tilapiacenter.com\/index\/asi-construimos-estanques-geomembrana-duran-guayaquil\/#primaryimage\"},\"datePublished\":\"2020-05-23T17:35:17+00:00\",\"dateModified\":\"2020-05-23T18:41:29+00:00\",\"description\":\"En ecuador tienen gran importancia el cultivo de camar\u00f3n para el beneficio de la comunidad, que se lo puede aplicar tanto en la Costa como en la Amazon\u00eda.\",\"breadcrumb\":{\"@id\":\"https:\/\/tilapiacenter.com\/index\/asi-construimos-estanques-geomembrana-duran-guayaquil\/#breadcrumb\"},\"inLanguage\":\"es\",\"potentialAction\":[{\"@type\":\"ReadAction\",\"target\":[\"https:\/\/tilapiacenter.com\/index\/asi-construimos-estanques-geomembrana-duran-guayaquil\/\"]}]},{\"@type\":\"BreadcrumbList\",\"@id\":\"https:\/\/tilapiacenter.com\/index\/asi-construimos-estanques-geomembrana-duran-guayaquil\/#breadcrumb\",\"itemListElement\":[{\"@type\":\"ListItem\",\"position\":1,\"name\":\"Portada\",\"item\":\"https:\/\/tilapiacenter.com\/index\/\"},{\"@type\":\"ListItem\",\"position\":2,\"name\":\"As\u00ed constru\u00edmos S-CUADRON 14D camar\u00f3n hiperintensivo, Dur\u00e1n- Guayaquil , 2018\"}]}]}<\/script>\n<!-- \/ Yoast SEO plugin. -->","yoast_head_json":{"title":"As\u00ed constru\u00edmos estanques RAS para camar\u00f3n en Dur\u00e1n, Guayaquil","description":"En ecuador tienen gran importancia el cultivo de camar\u00f3n para el beneficio de la comunidad, que se lo puede aplicar tanto en la Costa como en la Amazon\u00eda.","robots":{"index":"index","follow":"follow","max-snippet":"max-snippet:-1","max-image-preview":"max-image-preview:large","max-video-preview":"max-video-preview:-1"},"canonical":"https:\/\/tilapiacenter.com\/index\/asi-construimos-estanques-geomembrana-duran-guayaquil\/","og_locale":"es_ES","og_type":"article","og_title":"As\u00ed constru\u00edmos estanques RAS para camar\u00f3n en Dur\u00e1n, Guayaquil","og_description":"En ecuador tienen gran importancia el cultivo de camar\u00f3n para el beneficio de la comunidad, que se lo puede aplicar tanto en la Costa como en la Amazon\u00eda.","og_url":"https:\/\/tilapiacenter.com\/index\/asi-construimos-estanques-geomembrana-duran-guayaquil\/","og_site_name":"TILAPIACENTER- Acuicultura Controlada","article_publisher":"https:\/\/www.facebook.com\/tilapiacenterecuador\/","article_modified_time":"2020-05-23T18:41:29+00:00","og_image":[{"width":1027,"height":578,"url":"https:\/\/i0.wp.com\/tilapiacenter.com\/index\/wp-content\/uploads\/2020\/05\/CasosExito-Duran-2.jpg?fit=1027%2C578&ssl=1","type":"image\/jpeg"}],"twitter_card":"summary_large_image","twitter_site":"@tilapiacenter","twitter_misc":{"Tiempo de lectura":"1 minuto"},"schema":{"@context":"https:\/\/schema.org","@graph":[{"@type":"WebSite","@id":"https:\/\/tilapiacenter.com\/index\/#website","url":"https:\/\/tilapiacenter.com\/index\/","name":"TILAPIACENTER- Acuicultura Controlada","description":"Equipos, Tecnolog\u00eda, asesor\u00eda y cursos en acuicultura tecnificada, para sistemas RAS y BIOFLOC, en el cultivo de camaron, tilapia, trucha en tanques en geomembrana.","potentialAction":[{"@type":"SearchAction","target":{"@type":"EntryPoint","urlTemplate":"https:\/\/tilapiacenter.com\/index\/?s={search_term_string}"},"query-input":"required name=search_term_string"}],"inLanguage":"es"},{"@type":"ImageObject","@id":"https:\/\/tilapiacenter.com\/index\/asi-construimos-estanques-geomembrana-duran-guayaquil\/#primaryimage","inLanguage":"es","url":"https:\/\/i0.wp.com\/tilapiacenter.com\/index\/wp-content\/uploads\/2020\/05\/CasosExito-Duran-2.jpg?fit=1027%2C578&ssl=1","contentUrl":"https:\/\/i0.wp.com\/tilapiacenter.com\/index\/wp-content\/uploads\/2020\/05\/CasosExito-Duran-2.jpg?fit=1027%2C578&ssl=1","width":1027,"height":578,"caption":"Estanques geomembrana Duran Tilapiacneter"},{"@type":"WebPage","@id":"https:\/\/tilapiacenter.com\/index\/asi-construimos-estanques-geomembrana-duran-guayaquil\/#webpage","url":"https:\/\/tilapiacenter.com\/index\/asi-construimos-estanques-geomembrana-duran-guayaquil\/","name":"As\u00ed constru\u00edmos estanques RAS para camar\u00f3n en Dur\u00e1n, Guayaquil","isPartOf":{"@id":"https:\/\/tilapiacenter.com\/index\/#website"},"primaryImageOfPage":{"@id":"https:\/\/tilapiacenter.com\/index\/asi-construimos-estanques-geomembrana-duran-guayaquil\/#primaryimage"},"datePublished":"2020-05-23T17:35:17+00:00","dateModified":"2020-05-23T18:41:29+00:00","description":"En ecuador tienen gran importancia el cultivo de camar\u00f3n para el beneficio de la comunidad, que se lo puede aplicar tanto en la Costa como en la Amazon\u00eda.","breadcrumb":{"@id":"https:\/\/tilapiacenter.com\/index\/asi-construimos-estanques-geomembrana-duran-guayaquil\/#breadcrumb"},"inLanguage":"es","potentialAction":[{"@type":"ReadAction","target":["https:\/\/tilapiacenter.com\/index\/asi-construimos-estanques-geomembrana-duran-guayaquil\/"]}]},{"@type":"BreadcrumbList","@id":"https:\/\/tilapiacenter.com\/index\/asi-construimos-estanques-geomembrana-duran-guayaquil\/#breadcrumb","itemListElement":[{"@type":"ListItem","position":1,"name":"Portada","item":"https:\/\/tilapiacenter.com\/index\/"},{"@type":"ListItem","position":2,"name":"As\u00ed constru\u00edmos S-CUADRON 14D camar\u00f3n hiperintensivo, Dur\u00e1n- Guayaquil , 2018"}]}]}},"jetpack_sharing_enabled":true,"jetpack_likes_enabled":true,"jetpack-related-posts":[{"id":3508,"url":"https:\/\/tilapiacenter.com\/index\/asi-construimos-6dx6-camaron-hiperintensivo-portete-esmeraldas-2018\/","url_meta":{"origin":3502,"position":0},"title":"As\u00ed constru\u00edmos 6Dx6 camar\u00f3n hiperintensivo, Portete- Esmeraldas , 2018","date":"23 de mayo de 2020","format":false,"excerpt":"[vc_row][vc_column][vc_single_image image=\"3504\" img_size=\"full\" alignment=\"center\" parallax_scroll=\"no\"][vc_video link=\"https:\/\/www.youtube.com\/watch?v=2sgfOnhxvNg&t=20s\" image_poster_switch=\"no\"][\/vc_column][\/vc_row][vc_row][vc_column][vc_single_image image=\"3510\" img_size=\"full\" alignment=\"center\" parallax_scroll=\"no\"][vc_single_image image=\"3511\" img_size=\"full\" alignment=\"center\" parallax_scroll=\"no\"][vc_single_image image=\"3512\" img_size=\"full\" alignment=\"center\" parallax_scroll=\"no\"][vc_single_image image=\"3509\" img_size=\"full\" alignment=\"center\" parallax_scroll=\"no\"][\/vc_column][\/vc_row]","rel":"","context":"En \u00abCASOS DE EXITO (Pg)\u00bb","img":{"alt_text":"Cultivo camaron tanques geomembrana Portete Esmeraldas","src":"https:\/\/i0.wp.com\/tilapiacenter.com\/index\/wp-content\/uploads\/2020\/05\/CasosExito-portete-5.jpg?fit=632%2C356&ssl=1&resize=350%2C200","width":350,"height":200},"classes":[]},{"id":3518,"url":"https:\/\/tilapiacenter.com\/index\/asi-construimos-sistema-ras-camaron-hiperintensivo-chiclayo-lambayeque-peru-camaron-tilapia-life\/","url_meta":{"origin":3502,"position":1},"title":"As\u00ed construimos TILMARON CUADRON 12, Chiclayo y Lambayeque- Per\u00fa , 2019","date":"23 de mayo de 2020","format":false,"excerpt":"[vc_row][vc_column][vc_single_image image=\"3524\" img_size=\"full\" alignment=\"center\" parallax_scroll=\"no\"][vc_video link=\"https:\/\/www.youtube.com\/watch?v=Hism96Rx1pM&t=12s\" image_poster_switch=\"no\"][\/vc_column][\/vc_row][vc_row][vc_column][vc_single_image image=\"3522\" img_size=\"full\" alignment=\"center\" parallax_scroll=\"no\"][vc_single_image image=\"3520\" img_size=\"full\" alignment=\"center\" parallax_scroll=\"no\"][vc_single_image image=\"3519\" img_size=\"full\" alignment=\"center\" parallax_scroll=\"no\"][vc_single_image image=\"3521\" img_size=\"full\" alignment=\"center\" parallax_scroll=\"no\"][vc_single_image image=\"3523\" img_size=\"full\" alignment=\"center\" parallax_scroll=\"no\"][\/vc_column][\/vc_row]","rel":"","context":"En \u00abCASOS DE EXITO (Pg)\u00bb","img":{"alt_text":"Granja acu\u00edcola tecnificada camar\u00f3n, tilapia realizado en Per\u00fa por Tilapiacenter","src":"https:\/\/i0.wp.com\/tilapiacenter.com\/index\/wp-content\/uploads\/2020\/05\/CasosExito-peru-4.jpg?fit=1200%2C675&ssl=1&resize=350%2C200","width":350,"height":200},"classes":[]},{"id":4188,"url":"https:\/\/tilapiacenter.com\/index\/modelos-inversion-camaron-perfiles-precios-y-produccion-hiperintensivo-ras\/","url_meta":{"origin":3502,"position":2},"title":"Modelos inversi\u00f3n camar\u00f3n  &#8211; Perfiles de precios y producci\u00f3n en cultivo hiperintensivo RAS","date":"9 de junio de 2020","format":false,"excerpt":"[vc_row][vc_column][vc_single_image image=\"3621\" img_size=\"full\" alignment=\"center\" parallax_scroll=\"no\"][\/vc_column][\/vc_row][vc_row][vc_column width=\"1\/3\"][\/vc_column][vc_column width=\"1\/3\"][vc_btn title=\"Para profundizar en el tema puede acceder a un cupo para el curso de El Negocio de Acuicultura Tecnificada\" color=\"green\" align=\"center\" link=\"url:https%3A%2F%2Fgreenyellow-okapi-692508.hostingersite.com%2Findex%2Fcurso-taller-camaron-tilapia-cultivo-tecnificado-guayaquil-machala-ecuador%2F|title:Curso%20taller%20Internacional%20de%20Camar%C3%B3n%20Tilapia%20cultivo%20tecnificado%20en%20Guayaquil%2C%20Machala%2C%20Quito||\"][\/vc_column][vc_column width=\"1\/3\"][\/vc_column][\/vc_row][vc_row][vc_column width=\"1\/2\"][\/vc_column][vc_column width=\"1\/2\"][\/vc_column][\/vc_row]","rel":"","context":"En \u00abSISTEMAS TILMARON FULL EQUIPO\u00bb","img":{"alt_text":"automatizaci\u00f3n camar\u00f3n tilapia","src":"https:\/\/i0.wp.com\/tilapiacenter.com\/index\/wp-content\/uploads\/2020\/05\/TilmaronPortada1.jpg?fit=1200%2C675&ssl=1&resize=350%2C200","width":350,"height":200},"classes":[]},{"id":3685,"url":"https:\/\/tilapiacenter.com\/index\/como-funciona-tilmaron-acuicultura-camaron-tilapia\/","url_meta":{"origin":3502,"position":3},"title":"C\u00f3mo funciona un modulo Tilmaron para acuicultura tecnificada","date":"28 de mayo de 2020","format":false,"excerpt":"[vc_row][vc_column][vc_single_image image=\"3686\" img_size=\"full\" alignment=\"center\" parallax_scroll=\"no\"][\/vc_column][\/vc_row]","rel":"","context":"En \u00abTILMARON ACUICULTURA INTEGRAL (pg)\u00bb","img":{"alt_text":"ASi funciona modulo tilmaron cultivo camaron tilapia","src":"https:\/\/i0.wp.com\/tilapiacenter.com\/index\/wp-content\/uploads\/2020\/05\/ProdServ-ModulosTilmaron-ComoFuncionaTilmaron.jpg?fit=1135%2C773&ssl=1&resize=350%2C200","width":350,"height":200},"classes":[]},{"id":3574,"url":"https:\/\/tilapiacenter.com\/index\/enfoque-inversion-tilmaron-camaron-tilapia\/","url_meta":{"origin":3502,"position":4},"title":"Enfoque de inversi\u00f3n M\u00f3dulos Tilmaron Camar\u00f3n\/Tilapia","date":"24 de mayo de 2020","format":false,"excerpt":"[vc_row][vc_column][vc_single_image image=\"3113\" img_size=\"full\" alignment=\"center\" parallax_scroll=\"no\"][vc_single_image image=\"3578\" img_size=\"full\" alignment=\"center\" parallax_scroll=\"no\"][\/vc_column][\/vc_row][vc_row][vc_column][vc_video link=\"https:\/\/youtu.be\/QjTeVDf1XLU\" title=\"M\u00f3dulos Tilmaron\" image_poster_switch=\"no\"][\/vc_column][\/vc_row][vc_row][vc_column width=\"1\/3\"][\/vc_column][vc_column width=\"1\/3\"][vc_btn title=\"VER NIVELES DE INVERSI\u00d3N Y ESCALAS DEL NEGOCIO (Nota: Al hacer clic, REG\u00cdSTRESE para poder ver la p\u00e1gina)\" color=\"green\" size=\"lg\" i_icon_fontawesome=\"fas fa-key\" add_icon=\"true\" link=\"url:https%3A%2F%2Fgreenyellow-okapi-692508.hostingersite.com%2Findex%2Fenfoque-de-inversion-acuicola-escalas-del-negocio%2F|title:Enfoque%20de%20inversi%C3%B3n%20acu%C3%ADcola%20%E2%80%93%20Escalas%20del%20Negocio||\"][\/vc_column][vc_column width=\"1\/3\"][\/vc_column][\/vc_row]","rel":"","context":"En \u00abTILMARON ACUICULTURA INTEGRAL (pg)\u00bb","img":{"alt_text":"Costo de tanques geomembrana cultivo de camar\u00f3n y tilapia","src":"https:\/\/i0.wp.com\/tilapiacenter.com\/index\/wp-content\/uploads\/2020\/05\/ProdServ-ModulosTilmaron-Enfoque-0.jpg?fit=759%2C494&ssl=1&resize=350%2C200","width":350,"height":200},"classes":[]},{"id":3608,"url":"https:\/\/tilapiacenter.com\/index\/modelos-inversion-cultivo-camaron-tilapia-ras-biofloc\/","url_meta":{"origin":3502,"position":5},"title":"Modelos inversi\u00f3n  cultivo camar\u00f3n\/tilapia en RAS\/Biofloc. Full Equipo, Llave en mano..","date":"25 de mayo de 2020","format":false,"excerpt":"[vc_row][vc_column][vc_video link=\"https:\/\/www.youtube.com\/watch?v=0JVun1901-g\" image_poster_switch=\"no\"][\/vc_column][\/vc_row][vc_row][vc_column][vc_single_image image=\"3610\" img_size=\"full\" alignment=\"center\" parallax_scroll=\"no\"][vc_single_image image=\"3614\" img_size=\"full\" alignment=\"center\" parallax_scroll=\"no\"][vc_single_image image=\"3619\" img_size=\"full\" alignment=\"center\" parallax_scroll=\"no\"][vc_single_image image=\"3628\" img_size=\"full\" alignment=\"center\" parallax_scroll=\"no\"][vc_single_image image=\"3629\" img_size=\"full\" alignment=\"center\" parallax_scroll=\"no\"][\/vc_column][\/vc_row][vc_row][vc_column][vc_column_text text_larger=\"no\"]Si usted ya ha revisado toda esta informaci\u00f3n, entonces ya puede tomar una decisi\u00f3n, de qu\u00e9 proyecto desea llevar a cabo, y para ello le invitamos a\u2026","rel":"","context":"En \u00abSISTEMAS TILMARON FULL EQUIPO\u00bb","img":{"alt_text":"automatizaci\u00f3n camar\u00f3n tilapia","src":"https:\/\/i0.wp.com\/tilapiacenter.com\/index\/wp-content\/uploads\/2020\/05\/TilmaronPortada1.jpg?fit=1200%2C675&ssl=1&resize=350%2C200","width":350,"height":200},"classes":[]}],"post_mailing_queue_ids":[],"_links":{"self":[{"href":"https:\/\/tilapiacenter.com\/index\/wp-json\/wp\/v2\/pages\/3502","targetHints":{"allow":["GET"]}}],"collection":[{"href":"https:\/\/tilapiacenter.com\/index\/wp-json\/wp\/v2\/pages"}],"about":[{"href":"https:\/\/tilapiacenter.com\/index\/wp-json\/wp\/v2\/types\/page"}],"author":[{"embeddable":true,"href":"https:\/\/tilapiacenter.com\/index\/wp-json\/wp\/v2\/users\/1"}],"replies":[{"embeddable":true,"href":"https:\/\/tilapiacenter.com\/index\/wp-json\/wp\/v2\/comments?post=3502"}],"version-history":[{"count":2,"href":"https:\/\/tilapiacenter.com\/index\/wp-json\/wp\/v2\/pages\/3502\/revisions"}],"predecessor-version":[{"id":3516,"href":"https:\/\/tilapiacenter.com\/index\/wp-json\/wp\/v2\/pages\/3502\/revisions\/3516"}],"wp:featuredmedia":[{"embeddable":true,"href":"https:\/\/tilapiacenter.com\/index\/wp-json\/wp\/v2\/media\/3505"}],"wp:attachment":[{"href":"https:\/\/tilapiacenter.com\/index\/wp-json\/wp\/v2\/media?parent=3502"}],"wp:term":[{"taxonomy":"category","embeddable":true,"href":"https:\/\/tilapiacenter.com\/index\/wp-json\/wp\/v2\/categories?post=3502"},{"taxonomy":"post_tag","embeddable":true,"href":"https:\/\/tilapiacenter.com\/index\/wp-json\/wp\/v2\/tags?post=3502"}],"curies":[{"name":"wp","href":"https:\/\/api.w.org\/{rel}","templated":true}]}}