{"id":3493,"date":"2020-05-23T03:55:18","date_gmt":"2020-05-23T03:55:18","guid":{"rendered":"https:\/\/greenyellow-okapi-692508.hostingersite.com\/index\/?page_id=3493"},"modified":"2020-05-23T03:55:18","modified_gmt":"2020-05-23T03:55:18","slug":"implementacion-modulo-camaron-manabi","status":"publish","type":"page","link":"https:\/\/tilapiacenter.com\/index\/implementacion-modulo-camaron-manabi\/","title":{"rendered":"Implementaci\u00f3n modulo TILAP 9D en Jama-Manab\u00ed-Ecuador 2017"},"content":{"rendered":"<p>[vc_row][vc_column][vc_column_text text_larger=&#8221;no&#8221;]En Manab\u00ed se llev\u00f3 a construcci\u00f3n de un sistema en tanques en geomembrana con rehuso del agua para cultivo de camar\u00f3n en sistema intensivo.<\/p>\n<p>Tilapiacenter le asesora sobre\u00a0 las instalaciones en funci\u00f3n del volumen de cultivo o capital de inversi\u00f3n; con estas determinaciones, se da inicio a la planificaci\u00f3n esquem\u00e1tica, para finalmente, seg\u00fan el plazo convenido llevar a instalaci\u00f3n del proyecto. A continuaci\u00f3n le compartimos unas ilustraciones de las fases que implica llevar a buen t\u00e9rmino un proyecto de este tipo, realizado en Manab\u00ed &#8211; Ecuador[\/vc_column_text][vc_video link=&#8221;https:\/\/www.youtube.com\/watch?v=2sgfOnhxvNg&amp;t=16s&#8221; image_poster_switch=&#8221;no&#8221;][\/vc_column][\/vc_row][vc_row][vc_column]\t\t\t<div class=\"info-box-wrapper \">\n\t\t\t\t<div id=\"wd-5ec89a2c0fb77\" class=\" woodmart-info-box text-left box-icon-align-top box-style- color-scheme- woodmart-bg-none box-title-default \"  >\n\t\t\t\t\t\t\t\t\t\t<div class=\"info-box-content\">\n\t\t\t\t\t\t<h4 class=\"info-box-title woodmart-font-weight- box-title-style-default\">Ensamble de TILAP9D Sistema RAS en Manab\u00ed, con Recirculaci\u00f3n 153m3 agua, biofiltraci\u00f3n y sistema aireaci\u00f3n:<\/h4>\t\t\t\t\t\t<div class=\"info-box-inner reset-mb-10\">\n\t\t\t\t\t\t\t<p>EL desarrollo de ensamble se realiza con personal t\u00e9cnico que conoce a profundidad del funcionamiento.<\/p>\n<p>Nuestro servicio es asegurarnos que, el inversionista est\u00e1 adquiriendo los mejores equipos, para un funcionamiento a largo plazo, por eso nos encargamos personalmente de cada detalle, desde la modulaci\u00f3n de la geomembrana hasta la construcci\u00f3n de los tanques.<\/p>\n\t\t\t\t\t\t<\/div>\n\n\t\t\t\t\t\t\t\t\t\t\t\t\n\t\t\t\t\t<\/div>\n\n\t\t\t\t\t\t\t\t\t<\/div>\n\t\t\t<\/div>\n\t\t[\/vc_column][\/vc_row][vc_row][vc_column][vc_row_inner][vc_column_inner width=&#8221;1\/2&#8243;][vc_single_image image=&#8221;3494&#8243; img_size=&#8221;full&#8221; alignment=&#8221;center&#8221; parallax_scroll=&#8221;no&#8221;][vc_single_image image=&#8221;3496&#8243; img_size=&#8221;full&#8221; alignment=&#8221;center&#8221; parallax_scroll=&#8221;no&#8221;][\/vc_column_inner][vc_column_inner width=&#8221;1\/2&#8243;][vc_single_image image=&#8221;3495&#8243; img_size=&#8221;full&#8221; alignment=&#8221;center&#8221; parallax_scroll=&#8221;no&#8221;][vc_single_image image=&#8221;3497&#8243; img_size=&#8221;full&#8221; alignment=&#8221;center&#8221; parallax_scroll=&#8221;no&#8221;][\/vc_column_inner][\/vc_row_inner][\/vc_column][\/vc_row][vc_row][vc_column width=&#8221;1\/4&#8243;]\n\t\t<div id=\"wd-5ec89cf7826c3\" class=\"title-wrapper  woodmart-title-color-default woodmart-title-style-default woodmart-title-width-100 text-center woodmart-title-size-default \">\n\t\t\t\t\t\t\t<div class=\"title-subtitle  font-default subtitle-style-default woodmart-font-weight-\">Listo para funcionar!<\/div>\n\t\t\t\n\t\t\t<div class=\"liner-continer\">\n\t\t\t\t<span class=\"left-line\"><\/span>\n\t\t\t\t<h4 class=\"woodmart-title-container title  woodmart-font-weight-\" >ENSAMBLE TILMARON TERMINADO<\/h4>\t\t\t\t\t\t\t\t<span class=\"right-line\"><\/span>\n\t\t\t<\/div>\n\t\t\t\n\t\t\t\n\t\t\t\t\t<\/div>\n\t\t\n\t\t[\/vc_column][vc_column width=&#8221;3\/4&#8243;]\t\t\t<div class=\"info-box-wrapper \">\n\t\t\t\t<div id=\"wd-5ec89d0d93eac\" class=\" woodmart-info-box text-left box-icon-align-top box-style- color-scheme- woodmart-bg-none box-title-default \"  >\n\t\t\t\t\t\t\t\t\t\t<div class=\"info-box-content\">\n\t\t\t\t\t\t\t\t\t\t\t\t<div class=\"info-box-inner reset-mb-10\">\n\t\t\t\t\t\t\t<p>Nos encargamos de hacer ajustes en totalidad, para que el sistema funcione de manera sencilla, pues nuestros t\u00e9cnicos capacitan al personal que se va a hacer cargo de todo el proyecto para que este cumpla sus metas a largo plazo.<\/p>\n\t\t\t\t\t\t<\/div>\n\n\t\t\t\t\t\t\t\t\t\t\t\t\n\t\t\t\t\t<\/div>\n\n\t\t\t\t\t\t\t\t\t<\/div>\n\t\t\t<\/div>\n\t\t[\/vc_column][\/vc_row][vc_row][vc_column][vc_single_image image=&#8221;3498&#8243; img_size=&#8221;full&#8221; alignment=&#8221;center&#8221; parallax_scroll=&#8221;no&#8221;][vc_single_image image=&#8221;3499&#8243; img_size=&#8221;full&#8221; alignment=&#8221;center&#8221; parallax_scroll=&#8221;no&#8221;][\/vc_column][\/vc_row]<\/p>\n","protected":false},"excerpt":{"rendered":"<p>[vc_row][vc_column][vc_column_text text_larger=&#8221;no&#8221;]En Manab\u00ed se llev\u00f3 a construcci\u00f3n de un sistema en tanques en geomembrana con rehuso del agua para cultivo<\/p>\n","protected":false},"author":1,"featured_media":3497,"parent":0,"menu_order":0,"comment_status":"closed","ping_status":"closed","template":"","meta":{"_monsterinsights_skip_tracking":false,"_monsterinsights_sitenote_active":false,"_monsterinsights_sitenote_note":"","_monsterinsights_sitenote_category":0,"spay_email":"","footnotes":""},"categories":[124],"tags":[67,297,71,69,78,295,314,296,72],"class_list":["post-3493","page","type-page","status-publish","has-post-thumbnail","hentry","category-casos-de-exito-instalados-tilapiacenter","tag-camaron","tag-cultivo","tag-ecuador","tag-geomembrana","tag-hiperintensivo","tag-instalacion","tag-manabi","tag-proyectos","tag-ras"],"yoast_head":"<!-- This site is optimized with the Yoast SEO plugin v18.6 - https:\/\/yoast.com\/wordpress\/plugins\/seo\/ -->\n<title>Instalaci\u00f3n de tanques RAS para camar\u00f3n en Esmeraldas Ecuador 2017<\/title>\n<meta name=\"description\" content=\"Instalamos en Esmeraldas un sistema RAS, en funci\u00f3n de la dimensi\u00f3n para cultivo de camar\u00f3n . El inversionista adquiere los mejores equipos\" \/>\n<meta name=\"robots\" content=\"index, follow, max-snippet:-1, max-image-preview:large, max-video-preview:-1\" \/>\n<link rel=\"canonical\" href=\"https:\/\/tilapiacenter.com\/index\/implementacion-modulo-camaron-manabi\/\" \/>\n<meta property=\"og:locale\" content=\"es_ES\" \/>\n<meta property=\"og:type\" content=\"article\" \/>\n<meta property=\"og:title\" content=\"Instalaci\u00f3n de tanques RAS para camar\u00f3n en Esmeraldas Ecuador 2017\" \/>\n<meta property=\"og:description\" content=\"Instalamos en Esmeraldas un sistema RAS, en funci\u00f3n de la dimensi\u00f3n para cultivo de camar\u00f3n . El inversionista adquiere los mejores equipos\" \/>\n<meta property=\"og:url\" content=\"https:\/\/tilapiacenter.com\/index\/implementacion-modulo-camaron-manabi\/\" \/>\n<meta property=\"og:site_name\" content=\"TILAPIACENTER- Acuicultura Controlada\" \/>\n<meta property=\"article:publisher\" content=\"https:\/\/www.facebook.com\/tilapiacenterecuador\/\" \/>\n<meta property=\"og:image\" content=\"https:\/\/i0.wp.com\/tilapiacenter.com\/index\/wp-content\/uploads\/2020\/05\/CasosExito-Manab\u00ed-4.jpg?fit=800%2C450&#038;ssl=1\" \/>\n\t<meta property=\"og:image:width\" content=\"800\" \/>\n\t<meta property=\"og:image:height\" content=\"450\" \/>\n\t<meta property=\"og:image:type\" content=\"image\/jpeg\" \/>\n<meta name=\"twitter:card\" content=\"summary_large_image\" \/>\n<meta name=\"twitter:site\" content=\"@tilapiacenter\" \/>\n<meta name=\"twitter:label1\" content=\"Tiempo de lectura\" \/>\n\t<meta name=\"twitter:data1\" content=\"2 minutos\" \/>\n<script type=\"application\/ld+json\" class=\"yoast-schema-graph\">{\"@context\":\"https:\/\/schema.org\",\"@graph\":[{\"@type\":\"WebSite\",\"@id\":\"https:\/\/tilapiacenter.com\/index\/#website\",\"url\":\"https:\/\/tilapiacenter.com\/index\/\",\"name\":\"TILAPIACENTER- Acuicultura Controlada\",\"description\":\"Equipos, Tecnolog\u00eda, asesor\u00eda y cursos en acuicultura tecnificada, para sistemas RAS y BIOFLOC, en el cultivo de camaron, tilapia, trucha en tanques en geomembrana.\",\"potentialAction\":[{\"@type\":\"SearchAction\",\"target\":{\"@type\":\"EntryPoint\",\"urlTemplate\":\"https:\/\/tilapiacenter.com\/index\/?s={search_term_string}\"},\"query-input\":\"required name=search_term_string\"}],\"inLanguage\":\"es\"},{\"@type\":\"ImageObject\",\"@id\":\"https:\/\/tilapiacenter.com\/index\/implementacion-modulo-camaron-manabi\/#primaryimage\",\"inLanguage\":\"es\",\"url\":\"https:\/\/i0.wp.com\/tilapiacenter.com\/index\/wp-content\/uploads\/2020\/05\/CasosExito-Manab\u00ed-4.jpg?fit=800%2C450&ssl=1\",\"contentUrl\":\"https:\/\/i0.wp.com\/tilapiacenter.com\/index\/wp-content\/uploads\/2020\/05\/CasosExito-Manab\u00ed-4.jpg?fit=800%2C450&ssl=1\",\"width\":800,\"height\":450,\"caption\":\"Estanque geomembrana camaron Manabi Tilapiacenter\"},{\"@type\":\"WebPage\",\"@id\":\"https:\/\/tilapiacenter.com\/index\/implementacion-modulo-camaron-manabi\/#webpage\",\"url\":\"https:\/\/tilapiacenter.com\/index\/implementacion-modulo-camaron-manabi\/\",\"name\":\"Instalaci\u00f3n de tanques RAS para camar\u00f3n en Esmeraldas Ecuador 2017\",\"isPartOf\":{\"@id\":\"https:\/\/tilapiacenter.com\/index\/#website\"},\"primaryImageOfPage\":{\"@id\":\"https:\/\/tilapiacenter.com\/index\/implementacion-modulo-camaron-manabi\/#primaryimage\"},\"datePublished\":\"2020-05-23T03:55:18+00:00\",\"dateModified\":\"2020-05-23T03:55:18+00:00\",\"description\":\"Instalamos en Esmeraldas un sistema RAS, en funci\u00f3n de la dimensi\u00f3n para cultivo de camar\u00f3n . El inversionista adquiere los mejores equipos\",\"breadcrumb\":{\"@id\":\"https:\/\/tilapiacenter.com\/index\/implementacion-modulo-camaron-manabi\/#breadcrumb\"},\"inLanguage\":\"es\",\"potentialAction\":[{\"@type\":\"ReadAction\",\"target\":[\"https:\/\/tilapiacenter.com\/index\/implementacion-modulo-camaron-manabi\/\"]}]},{\"@type\":\"BreadcrumbList\",\"@id\":\"https:\/\/tilapiacenter.com\/index\/implementacion-modulo-camaron-manabi\/#breadcrumb\",\"itemListElement\":[{\"@type\":\"ListItem\",\"position\":1,\"name\":\"Portada\",\"item\":\"https:\/\/tilapiacenter.com\/index\/\"},{\"@type\":\"ListItem\",\"position\":2,\"name\":\"Implementaci\u00f3n modulo TILAP 9D en Jama-Manab\u00ed-Ecuador 2017\"}]}]}<\/script>\n<!-- \/ Yoast SEO plugin. -->","yoast_head_json":{"title":"Instalaci\u00f3n de tanques RAS para camar\u00f3n en Esmeraldas Ecuador 2017","description":"Instalamos en Esmeraldas un sistema RAS, en funci\u00f3n de la dimensi\u00f3n para cultivo de camar\u00f3n . El inversionista adquiere los mejores equipos","robots":{"index":"index","follow":"follow","max-snippet":"max-snippet:-1","max-image-preview":"max-image-preview:large","max-video-preview":"max-video-preview:-1"},"canonical":"https:\/\/tilapiacenter.com\/index\/implementacion-modulo-camaron-manabi\/","og_locale":"es_ES","og_type":"article","og_title":"Instalaci\u00f3n de tanques RAS para camar\u00f3n en Esmeraldas Ecuador 2017","og_description":"Instalamos en Esmeraldas un sistema RAS, en funci\u00f3n de la dimensi\u00f3n para cultivo de camar\u00f3n . El inversionista adquiere los mejores equipos","og_url":"https:\/\/tilapiacenter.com\/index\/implementacion-modulo-camaron-manabi\/","og_site_name":"TILAPIACENTER- Acuicultura Controlada","article_publisher":"https:\/\/www.facebook.com\/tilapiacenterecuador\/","og_image":[{"width":800,"height":450,"url":"https:\/\/i0.wp.com\/tilapiacenter.com\/index\/wp-content\/uploads\/2020\/05\/CasosExito-Manab\u00ed-4.jpg?fit=800%2C450&ssl=1","type":"image\/jpeg"}],"twitter_card":"summary_large_image","twitter_site":"@tilapiacenter","twitter_misc":{"Tiempo de lectura":"2 minutos"},"schema":{"@context":"https:\/\/schema.org","@graph":[{"@type":"WebSite","@id":"https:\/\/tilapiacenter.com\/index\/#website","url":"https:\/\/tilapiacenter.com\/index\/","name":"TILAPIACENTER- Acuicultura Controlada","description":"Equipos, Tecnolog\u00eda, asesor\u00eda y cursos en acuicultura tecnificada, para sistemas RAS y BIOFLOC, en el cultivo de camaron, tilapia, trucha en tanques en geomembrana.","potentialAction":[{"@type":"SearchAction","target":{"@type":"EntryPoint","urlTemplate":"https:\/\/tilapiacenter.com\/index\/?s={search_term_string}"},"query-input":"required name=search_term_string"}],"inLanguage":"es"},{"@type":"ImageObject","@id":"https:\/\/tilapiacenter.com\/index\/implementacion-modulo-camaron-manabi\/#primaryimage","inLanguage":"es","url":"https:\/\/i0.wp.com\/tilapiacenter.com\/index\/wp-content\/uploads\/2020\/05\/CasosExito-Manab\u00ed-4.jpg?fit=800%2C450&ssl=1","contentUrl":"https:\/\/i0.wp.com\/tilapiacenter.com\/index\/wp-content\/uploads\/2020\/05\/CasosExito-Manab\u00ed-4.jpg?fit=800%2C450&ssl=1","width":800,"height":450,"caption":"Estanque geomembrana camaron Manabi Tilapiacenter"},{"@type":"WebPage","@id":"https:\/\/tilapiacenter.com\/index\/implementacion-modulo-camaron-manabi\/#webpage","url":"https:\/\/tilapiacenter.com\/index\/implementacion-modulo-camaron-manabi\/","name":"Instalaci\u00f3n de tanques RAS para camar\u00f3n en Esmeraldas Ecuador 2017","isPartOf":{"@id":"https:\/\/tilapiacenter.com\/index\/#website"},"primaryImageOfPage":{"@id":"https:\/\/tilapiacenter.com\/index\/implementacion-modulo-camaron-manabi\/#primaryimage"},"datePublished":"2020-05-23T03:55:18+00:00","dateModified":"2020-05-23T03:55:18+00:00","description":"Instalamos en Esmeraldas un sistema RAS, en funci\u00f3n de la dimensi\u00f3n para cultivo de camar\u00f3n . El inversionista adquiere los mejores equipos","breadcrumb":{"@id":"https:\/\/tilapiacenter.com\/index\/implementacion-modulo-camaron-manabi\/#breadcrumb"},"inLanguage":"es","potentialAction":[{"@type":"ReadAction","target":["https:\/\/tilapiacenter.com\/index\/implementacion-modulo-camaron-manabi\/"]}]},{"@type":"BreadcrumbList","@id":"https:\/\/tilapiacenter.com\/index\/implementacion-modulo-camaron-manabi\/#breadcrumb","itemListElement":[{"@type":"ListItem","position":1,"name":"Portada","item":"https:\/\/tilapiacenter.com\/index\/"},{"@type":"ListItem","position":2,"name":"Implementaci\u00f3n modulo TILAP 9D en Jama-Manab\u00ed-Ecuador 2017"}]}]}},"jetpack_sharing_enabled":true,"jetpack_likes_enabled":true,"jetpack-related-posts":[{"id":3449,"url":"https:\/\/tilapiacenter.com\/index\/tanques-geomembrana-instalado-ibarra-ecuador\/","url_meta":{"origin":3493,"position":0},"title":"Instalado tanques geomembrana de piscicultura controlada  en IBARRA &#8211; Ecuador","date":"22 de mayo de 2020","format":false,"excerpt":"[vc_row][vc_column][vc_column_text text_larger=\"no\"]Instalaci\u00f3n piscigranja para cultivo de tilapia roja en estanque en geomembrana, en Ibarra, \u00e1rea urbana. Instalaci\u00f3n con recirculaci\u00f3n y captaci\u00f3n TILAPIACENTER[\/vc_column_text][\/vc_column][\/vc_row][vc_row][vc_column][vc_video link=\"https:\/\/www.youtube.com\/watch?v=qL-PdxrwK4g&feature=\" image_poster_switch=\"no\"][\/vc_column][\/vc_row][vc_row][vc_column][vc_single_image image=\"3450\" img_size=\"full\" alignment=\"center\" parallax_scroll=\"no\"][vc_single_image image=\"3451\" img_size=\"full\" alignment=\"center\" parallax_scroll=\"no\"][vc_single_image image=\"3452\" img_size=\"full\" alignment=\"center\" parallax_scroll=\"no\"][vc_single_image image=\"3453\" img_size=\"full\" alignment=\"center\" parallax_scroll=\"no\"][vc_single_image image=\"3454\" img_size=\"full\" alignment=\"center\" parallax_scroll=\"no\"][vc_single_image image=\"3455\" img_size=\"full\" alignment=\"center\" parallax_scroll=\"no\"][vc_single_image image=\"3456\" img_size=\"full\"\u2026","rel":"","context":"En \u00abCASOS DE EXITO (Pg)\u00bb","img":{"alt_text":"Instalaci\u00f3n piscigranja para cultivo de tilapia roja en estanque en geomembrana, en Ibarra, \u00e1rea urbana. Instalaci\u00f3n con recirculaci\u00f3n y captaci\u00f3n TILAPIACENTER","src":"https:\/\/i0.wp.com\/tilapiacenter.com\/index\/wp-content\/uploads\/2020\/05\/CasosExito-Ibarra12.jpg?fit=800%2C450&ssl=1&resize=350%2C200","width":350,"height":200},"classes":[]},{"id":3395,"url":"https:\/\/tilapiacenter.com\/index\/instalacion-tanques-geomembrana-tilapia-macas-ecuador-2017\/","url_meta":{"origin":3493,"position":1},"title":"Instalaci\u00f3n M\u00f3dulo TILAP 9D en Macas &#8211; Ecuador 2017","date":"21 de mayo de 2020","format":false,"excerpt":"[vc_row][vc_column][vc_column_text text_larger=\"no\"]En Macas instalamos un m\u00f3dulo 9D para cultivo de tilapia en sistema de recirculaci\u00f3n del agua, con componentes de aireaci\u00f3n reforzada. Tilapiacenter le asiste sobre el tama\u00f1o de las instalaciones en funci\u00f3n del volumen de cultivo o capital de inversi\u00f3n; con estas determinaciones, se da inicio a la planificaci\u00f3n\u2026","rel":"","context":"En \u00abCASOS DE EXITO (Pg)\u00bb","img":{"alt_text":"Tanque sistema RAS Tilapiacenter","src":"https:\/\/i0.wp.com\/tilapiacenter.com\/index\/wp-content\/uploads\/2020\/05\/CasosExito-Macas17-AsiLucen.jpg?fit=800%2C450&ssl=1&resize=350%2C200","width":350,"height":200},"classes":[]},{"id":3464,"url":"https:\/\/tilapiacenter.com\/index\/construccion-tanques-camaron-esmeraldas\/","url_meta":{"origin":3493,"position":2},"title":"Construcci\u00f3n sistema TILAP 9D en Camarones-Esmeraldas-Ecuador 2017","date":"22 de mayo de 2020","format":false,"excerpt":"[vc_row][vc_column][vc_column_text text_larger=\"no\"]En Esmeraldas se llev\u00f3 a construcci\u00f3n de un sistema en tanques en geomembrana con rehuso del agua para cultivo de camar\u00f3n en sistema intensivo. Tilapiacenter le asesora sobre\u00a0 las instalaciones en funci\u00f3n del volumen de cultivo o capital de inversi\u00f3n; con estas determinaciones, se da inicio a la planificaci\u00f3n\u2026","rel":"","context":"En \u00abCASOS DE EXITO (Pg)\u00bb","img":{"alt_text":"Tanques en geomembrana para camaron instalados en Esmeraldas. Sistemas RAS","src":"https:\/\/i0.wp.com\/tilapiacenter.com\/index\/wp-content\/uploads\/2020\/05\/CasosExito-RAS-Camarones-8.jpg?fit=800%2C450&ssl=1&resize=350%2C200","width":350,"height":200},"classes":[]},{"id":3434,"url":"https:\/\/tilapiacenter.com\/index\/instalacion-tanques-geomembrana-tilapia-camaron-bolivia\/","url_meta":{"origin":3493,"position":3},"title":"Instalaci\u00f3n M\u00f3dulo TILAP 14D en Santa Cruz &#8211; Bolivia 2016","date":"22 de mayo de 2020","format":false,"excerpt":"[vc_row][vc_column][vc_column_text text_larger=\"no\"]Desde Ecuador, hacia\u00a0 Santa Cruz de La Sierra (Bolivia), tuvimos la oportunidad de instalar m\u00f3dulos a gran escala, que consta de tanques de cultivo para tilapia, sistema de aireaci\u00f3n, sistema RAS , y sistema de calefacci\u00f3n del agua. Este trabajo fue muy completo, que se desarroll\u00f3 con personal t\u00e9cnico\u2026","rel":"","context":"En \u00abCASOS DE EXITO (Pg)\u00bb","img":{"alt_text":"Tanques para cultivo de tilapia camar\u00f3n sistema intensivo Tilapiacenter","src":"https:\/\/i0.wp.com\/tilapiacenter.com\/index\/wp-content\/uploads\/2020\/05\/Bolivia-sistema-RAS-3.jpg?fit=800%2C600&ssl=1&resize=350%2C200","width":350,"height":200},"classes":[]},{"id":3475,"url":"https:\/\/tilapiacenter.com\/index\/instalacion-tanques-tilapia-paute-ecuador\/","url_meta":{"origin":3493,"position":4},"title":"Instalaci\u00f3n tanques tilapia TILAP 6D en Paute &#8211; Ecuador 2017","date":"22 de mayo de 2020","format":false,"excerpt":"[vc_row][vc_column][vc_column_text text_larger=\"no\"]En la zona de Paute se realiz\u00f3 la construcci\u00f3n de un sistema en tanques en geomembrana con recirculaci\u00f3n del agua para cultivo de tilapia en sistema intensivo. Tilapiacenter le capacita sobre\u00a0 las instalaciones en funci\u00f3n del volumen de producci\u00f3n o montode inversi\u00f3n; con estas determinaciones, se da inicio a\u2026","rel":"","context":"En \u00abCASOS DE EXITO (Pg)\u00bb","img":{"alt_text":"Tanques geomembrana Tilapia instalado en Paute Ecuador","src":"https:\/\/i0.wp.com\/tilapiacenter.com\/index\/wp-content\/uploads\/2020\/05\/CasosExito-Paute5.jpg?fit=800%2C450&ssl=1&resize=350%2C200","width":350,"height":200},"classes":[]},{"id":3356,"url":"https:\/\/tilapiacenter.com\/index\/instalacion-tanques-geomembrana-en-machala-ecuador\/","url_meta":{"origin":3493,"position":5},"title":"Instalaci\u00f3n M\u00f3dulo TILMARON  en Machala &#8211; Ecuador","date":"19 de mayo de 2020","format":false,"excerpt":"[vc_row][vc_column][vc_single_image image=\"3366\" img_size=\"full\" alignment=\"center\" parallax_scroll=\"no\"][\/vc_column][\/vc_row][vc_row][vc_column][\/vc_column][\/vc_row][vc_row][vc_column][vc_single_image image=\"3367\" img_size=\"full\" alignment=\"center\" parallax_scroll=\"no\"][vc_single_image image=\"3359\" img_size=\"full\" alignment=\"center\" parallax_scroll=\"no\"][vc_single_image image=\"3360\" img_size=\"full\" alignment=\"center\" parallax_scroll=\"no\"][vc_single_image image=\"3361\" img_size=\"full\" alignment=\"center\" parallax_scroll=\"no\"][vc_single_image image=\"3362\" img_size=\"full\" alignment=\"center\" parallax_scroll=\"no\"][vc_single_image image=\"3363\" img_size=\"full\" alignment=\"center\" parallax_scroll=\"no\"][vc_single_image image=\"3364\" img_size=\"full\" alignment=\"center\" parallax_scroll=\"no\"][vc_single_image image=\"3365\" img_size=\"full\" alignment=\"center\" parallax_scroll=\"no\"][\/vc_column][\/vc_row]","rel":"","context":"En \u00abCASOS DE EXITO (Pg)\u00bb","img":{"alt_text":"Instalaci\u00f3n TILAP9D en Machala Ecuador para cultivo de Tilapia en sistema RAS","src":"https:\/\/i0.wp.com\/tilapiacenter.com\/index\/wp-content\/uploads\/2020\/05\/CasosExito-tilmaron_Tembladera-machala1.jpg?fit=691%2C449&ssl=1&resize=350%2C200","width":350,"height":200},"classes":[]}],"post_mailing_queue_ids":[],"_links":{"self":[{"href":"https:\/\/tilapiacenter.com\/index\/wp-json\/wp\/v2\/pages\/3493","targetHints":{"allow":["GET"]}}],"collection":[{"href":"https:\/\/tilapiacenter.com\/index\/wp-json\/wp\/v2\/pages"}],"about":[{"href":"https:\/\/tilapiacenter.com\/index\/wp-json\/wp\/v2\/types\/page"}],"author":[{"embeddable":true,"href":"https:\/\/tilapiacenter.com\/index\/wp-json\/wp\/v2\/users\/1"}],"replies":[{"embeddable":true,"href":"https:\/\/tilapiacenter.com\/index\/wp-json\/wp\/v2\/comments?post=3493"}],"version-history":[{"count":2,"href":"https:\/\/tilapiacenter.com\/index\/wp-json\/wp\/v2\/pages\/3493\/revisions"}],"predecessor-version":[{"id":3501,"href":"https:\/\/tilapiacenter.com\/index\/wp-json\/wp\/v2\/pages\/3493\/revisions\/3501"}],"wp:featuredmedia":[{"embeddable":true,"href":"https:\/\/tilapiacenter.com\/index\/wp-json\/wp\/v2\/media\/3497"}],"wp:attachment":[{"href":"https:\/\/tilapiacenter.com\/index\/wp-json\/wp\/v2\/media?parent=3493"}],"wp:term":[{"taxonomy":"category","embeddable":true,"href":"https:\/\/tilapiacenter.com\/index\/wp-json\/wp\/v2\/categories?post=3493"},{"taxonomy":"post_tag","embeddable":true,"href":"https:\/\/tilapiacenter.com\/index\/wp-json\/wp\/v2\/tags?post=3493"}],"curies":[{"name":"wp","href":"https:\/\/api.w.org\/{rel}","templated":true}]}}