{"id":3449,"date":"2020-05-22T21:44:46","date_gmt":"2020-05-22T21:44:46","guid":{"rendered":"https:\/\/greenyellow-okapi-692508.hostingersite.com\/index\/?page_id=3449"},"modified":"2020-05-22T21:56:03","modified_gmt":"2020-05-22T21:56:03","slug":"tanques-geomembrana-instalado-ibarra-ecuador","status":"publish","type":"page","link":"https:\/\/tilapiacenter.com\/index\/tanques-geomembrana-instalado-ibarra-ecuador\/","title":{"rendered":"Instalado tanques geomembrana de piscicultura controlada  en IBARRA &#8211; Ecuador"},"content":{"rendered":"<p>[vc_row][vc_column][vc_column_text text_larger=&#8221;no&#8221;]Instalaci\u00f3n piscigranja para cultivo de tilapia roja en estanque en geomembrana, en Ibarra, \u00e1rea urbana. Instalaci\u00f3n con recirculaci\u00f3n y captaci\u00f3n TILAPIACENTER[\/vc_column_text][\/vc_column][\/vc_row][vc_row][vc_column][vc_video link=&#8221;https:\/\/www.youtube.com\/watch?v=qL-PdxrwK4g&amp;feature=&#8221; image_poster_switch=&#8221;no&#8221;][\/vc_column][\/vc_row][vc_row][vc_column][vc_single_image image=&#8221;3450&#8243; img_size=&#8221;full&#8221; alignment=&#8221;center&#8221; parallax_scroll=&#8221;no&#8221;][vc_single_image image=&#8221;3451&#8243; img_size=&#8221;full&#8221; alignment=&#8221;center&#8221; parallax_scroll=&#8221;no&#8221;][vc_single_image image=&#8221;3452&#8243; img_size=&#8221;full&#8221; alignment=&#8221;center&#8221; parallax_scroll=&#8221;no&#8221;][vc_single_image image=&#8221;3453&#8243; img_size=&#8221;full&#8221; alignment=&#8221;center&#8221; parallax_scroll=&#8221;no&#8221;][vc_single_image image=&#8221;3454&#8243; img_size=&#8221;full&#8221; alignment=&#8221;center&#8221; parallax_scroll=&#8221;no&#8221;][vc_single_image image=&#8221;3455&#8243; img_size=&#8221;full&#8221; alignment=&#8221;center&#8221; parallax_scroll=&#8221;no&#8221;][vc_single_image image=&#8221;3456&#8243; img_size=&#8221;full&#8221; alignment=&#8221;center&#8221; parallax_scroll=&#8221;no&#8221;][vc_single_image image=&#8221;3457&#8243; img_size=&#8221;full&#8221; alignment=&#8221;center&#8221; parallax_scroll=&#8221;no&#8221;][vc_single_image image=&#8221;3458&#8243; img_size=&#8221;full&#8221; alignment=&#8221;center&#8221; parallax_scroll=&#8221;no&#8221;][vc_single_image image=&#8221;3459&#8243; img_size=&#8221;full&#8221; alignment=&#8221;center&#8221; parallax_scroll=&#8221;no&#8221;][vc_single_image image=&#8221;3460&#8243; img_size=&#8221;full&#8221; alignment=&#8221;center&#8221; parallax_scroll=&#8221;no&#8221;][vc_single_image image=&#8221;3461&#8243; img_size=&#8221;full&#8221; alignment=&#8221;center&#8221; parallax_scroll=&#8221;no&#8221;][\/vc_column][\/vc_row]<\/p>\n","protected":false},"excerpt":{"rendered":"<p>[vc_row][vc_column][vc_column_text text_larger=&#8221;no&#8221;]Instalaci\u00f3n piscigranja para cultivo de tilapia roja en estanque en geomembrana, en Ibarra, \u00e1rea urbana. Instalaci\u00f3n con recirculaci\u00f3n y<\/p>\n","protected":false},"author":1,"featured_media":3461,"parent":0,"menu_order":0,"comment_status":"closed","ping_status":"closed","template":"","meta":{"_monsterinsights_skip_tracking":false,"_monsterinsights_sitenote_active":false,"_monsterinsights_sitenote_note":"","_monsterinsights_sitenote_category":0,"spay_email":"","footnotes":""},"categories":[124],"tags":[67,297,71,69,309,295,296,72,66],"class_list":["post-3449","page","type-page","status-publish","has-post-thumbnail","hentry","category-casos-de-exito-instalados-tilapiacenter","tag-camaron","tag-cultivo","tag-ecuador","tag-geomembrana","tag-ibarra","tag-instalacion","tag-proyectos","tag-ras","tag-tilapia"],"yoast_head":"<!-- This site is optimized with the Yoast SEO plugin v18.6 - https:\/\/yoast.com\/wordpress\/plugins\/seo\/ -->\n<title>Instalaci\u00f3n de tanques RAS para tilapia en Ibarra Ecuador 2015<\/title>\n<meta name=\"description\" content=\"Instalamos en Ibarra un sistema RAS, en funci\u00f3n de la dimensi\u00f3n para cultivo de tilapia Ecuador . Se capta el agua de un flujo de riego\" \/>\n<meta name=\"robots\" content=\"index, follow, max-snippet:-1, max-image-preview:large, max-video-preview:-1\" \/>\n<link rel=\"canonical\" href=\"https:\/\/tilapiacenter.com\/index\/tanques-geomembrana-instalado-ibarra-ecuador\/\" \/>\n<meta property=\"og:locale\" content=\"es_ES\" \/>\n<meta property=\"og:type\" content=\"article\" \/>\n<meta property=\"og:title\" content=\"Instalaci\u00f3n de tanques RAS para tilapia en Ibarra Ecuador 2015\" \/>\n<meta property=\"og:description\" content=\"Instalamos en Ibarra un sistema RAS, en funci\u00f3n de la dimensi\u00f3n para cultivo de tilapia Ecuador . Se capta el agua de un flujo de riego\" \/>\n<meta property=\"og:url\" content=\"https:\/\/tilapiacenter.com\/index\/tanques-geomembrana-instalado-ibarra-ecuador\/\" \/>\n<meta property=\"og:site_name\" content=\"TILAPIACENTER- Acuicultura Controlada\" \/>\n<meta property=\"article:publisher\" content=\"https:\/\/www.facebook.com\/tilapiacenterecuador\/\" \/>\n<meta property=\"article:modified_time\" content=\"2020-05-22T21:56:03+00:00\" \/>\n<meta property=\"og:image\" content=\"https:\/\/i0.wp.com\/tilapiacenter.com\/index\/wp-content\/uploads\/2020\/05\/CasosExito-Ibarra12.jpg?fit=800%2C450&#038;ssl=1\" \/>\n\t<meta property=\"og:image:width\" content=\"800\" \/>\n\t<meta property=\"og:image:height\" content=\"450\" \/>\n\t<meta property=\"og:image:type\" content=\"image\/jpeg\" \/>\n<meta name=\"twitter:card\" content=\"summary_large_image\" \/>\n<meta name=\"twitter:site\" content=\"@tilapiacenter\" \/>\n<meta name=\"twitter:label1\" content=\"Tiempo de lectura\" \/>\n\t<meta name=\"twitter:data1\" content=\"1 minuto\" \/>\n<script type=\"application\/ld+json\" class=\"yoast-schema-graph\">{\"@context\":\"https:\/\/schema.org\",\"@graph\":[{\"@type\":\"WebSite\",\"@id\":\"https:\/\/tilapiacenter.com\/index\/#website\",\"url\":\"https:\/\/tilapiacenter.com\/index\/\",\"name\":\"TILAPIACENTER- Acuicultura Controlada\",\"description\":\"Equipos, Tecnolog\u00eda, asesor\u00eda y cursos en acuicultura tecnificada, para sistemas RAS y BIOFLOC, en el cultivo de camaron, tilapia, trucha en tanques en geomembrana.\",\"potentialAction\":[{\"@type\":\"SearchAction\",\"target\":{\"@type\":\"EntryPoint\",\"urlTemplate\":\"https:\/\/tilapiacenter.com\/index\/?s={search_term_string}\"},\"query-input\":\"required name=search_term_string\"}],\"inLanguage\":\"es\"},{\"@type\":\"ImageObject\",\"@id\":\"https:\/\/tilapiacenter.com\/index\/tanques-geomembrana-instalado-ibarra-ecuador\/#primaryimage\",\"inLanguage\":\"es\",\"url\":\"https:\/\/i0.wp.com\/tilapiacenter.com\/index\/wp-content\/uploads\/2020\/05\/CasosExito-Ibarra12.jpg?fit=800%2C450&ssl=1\",\"contentUrl\":\"https:\/\/i0.wp.com\/tilapiacenter.com\/index\/wp-content\/uploads\/2020\/05\/CasosExito-Ibarra12.jpg?fit=800%2C450&ssl=1\",\"width\":800,\"height\":450,\"caption\":\"Instalaci\u00f3n piscigranja para cultivo de tilapia roja en estanque en geomembrana, en Ibarra, \u00e1rea urbana. Instalaci\u00f3n con recirculaci\u00f3n y captaci\u00f3n TILAPIACENTER\"},{\"@type\":\"WebPage\",\"@id\":\"https:\/\/tilapiacenter.com\/index\/tanques-geomembrana-instalado-ibarra-ecuador\/#webpage\",\"url\":\"https:\/\/tilapiacenter.com\/index\/tanques-geomembrana-instalado-ibarra-ecuador\/\",\"name\":\"Instalaci\u00f3n de tanques RAS para tilapia en Ibarra Ecuador 2015\",\"isPartOf\":{\"@id\":\"https:\/\/tilapiacenter.com\/index\/#website\"},\"primaryImageOfPage\":{\"@id\":\"https:\/\/tilapiacenter.com\/index\/tanques-geomembrana-instalado-ibarra-ecuador\/#primaryimage\"},\"datePublished\":\"2020-05-22T21:44:46+00:00\",\"dateModified\":\"2020-05-22T21:56:03+00:00\",\"description\":\"Instalamos en Ibarra un sistema RAS, en funci\u00f3n de la dimensi\u00f3n para cultivo de tilapia Ecuador . Se capta el agua de un flujo de riego\",\"breadcrumb\":{\"@id\":\"https:\/\/tilapiacenter.com\/index\/tanques-geomembrana-instalado-ibarra-ecuador\/#breadcrumb\"},\"inLanguage\":\"es\",\"potentialAction\":[{\"@type\":\"ReadAction\",\"target\":[\"https:\/\/tilapiacenter.com\/index\/tanques-geomembrana-instalado-ibarra-ecuador\/\"]}]},{\"@type\":\"BreadcrumbList\",\"@id\":\"https:\/\/tilapiacenter.com\/index\/tanques-geomembrana-instalado-ibarra-ecuador\/#breadcrumb\",\"itemListElement\":[{\"@type\":\"ListItem\",\"position\":1,\"name\":\"Portada\",\"item\":\"https:\/\/tilapiacenter.com\/index\/\"},{\"@type\":\"ListItem\",\"position\":2,\"name\":\"Instalado tanques geomembrana de piscicultura controlada en IBARRA &#8211; Ecuador\"}]}]}<\/script>\n<!-- \/ Yoast SEO plugin. -->","yoast_head_json":{"title":"Instalaci\u00f3n de tanques RAS para tilapia en Ibarra Ecuador 2015","description":"Instalamos en Ibarra un sistema RAS, en funci\u00f3n de la dimensi\u00f3n para cultivo de tilapia Ecuador . Se capta el agua de un flujo de riego","robots":{"index":"index","follow":"follow","max-snippet":"max-snippet:-1","max-image-preview":"max-image-preview:large","max-video-preview":"max-video-preview:-1"},"canonical":"https:\/\/tilapiacenter.com\/index\/tanques-geomembrana-instalado-ibarra-ecuador\/","og_locale":"es_ES","og_type":"article","og_title":"Instalaci\u00f3n de tanques RAS para tilapia en Ibarra Ecuador 2015","og_description":"Instalamos en Ibarra un sistema RAS, en funci\u00f3n de la dimensi\u00f3n para cultivo de tilapia Ecuador . Se capta el agua de un flujo de riego","og_url":"https:\/\/tilapiacenter.com\/index\/tanques-geomembrana-instalado-ibarra-ecuador\/","og_site_name":"TILAPIACENTER- Acuicultura Controlada","article_publisher":"https:\/\/www.facebook.com\/tilapiacenterecuador\/","article_modified_time":"2020-05-22T21:56:03+00:00","og_image":[{"width":800,"height":450,"url":"https:\/\/i0.wp.com\/tilapiacenter.com\/index\/wp-content\/uploads\/2020\/05\/CasosExito-Ibarra12.jpg?fit=800%2C450&ssl=1","type":"image\/jpeg"}],"twitter_card":"summary_large_image","twitter_site":"@tilapiacenter","twitter_misc":{"Tiempo de lectura":"1 minuto"},"schema":{"@context":"https:\/\/schema.org","@graph":[{"@type":"WebSite","@id":"https:\/\/tilapiacenter.com\/index\/#website","url":"https:\/\/tilapiacenter.com\/index\/","name":"TILAPIACENTER- Acuicultura Controlada","description":"Equipos, Tecnolog\u00eda, asesor\u00eda y cursos en acuicultura tecnificada, para sistemas RAS y BIOFLOC, en el cultivo de camaron, tilapia, trucha en tanques en geomembrana.","potentialAction":[{"@type":"SearchAction","target":{"@type":"EntryPoint","urlTemplate":"https:\/\/tilapiacenter.com\/index\/?s={search_term_string}"},"query-input":"required name=search_term_string"}],"inLanguage":"es"},{"@type":"ImageObject","@id":"https:\/\/tilapiacenter.com\/index\/tanques-geomembrana-instalado-ibarra-ecuador\/#primaryimage","inLanguage":"es","url":"https:\/\/i0.wp.com\/tilapiacenter.com\/index\/wp-content\/uploads\/2020\/05\/CasosExito-Ibarra12.jpg?fit=800%2C450&ssl=1","contentUrl":"https:\/\/i0.wp.com\/tilapiacenter.com\/index\/wp-content\/uploads\/2020\/05\/CasosExito-Ibarra12.jpg?fit=800%2C450&ssl=1","width":800,"height":450,"caption":"Instalaci\u00f3n piscigranja para cultivo de tilapia roja en estanque en geomembrana, en Ibarra, \u00e1rea urbana. Instalaci\u00f3n con recirculaci\u00f3n y captaci\u00f3n TILAPIACENTER"},{"@type":"WebPage","@id":"https:\/\/tilapiacenter.com\/index\/tanques-geomembrana-instalado-ibarra-ecuador\/#webpage","url":"https:\/\/tilapiacenter.com\/index\/tanques-geomembrana-instalado-ibarra-ecuador\/","name":"Instalaci\u00f3n de tanques RAS para tilapia en Ibarra Ecuador 2015","isPartOf":{"@id":"https:\/\/tilapiacenter.com\/index\/#website"},"primaryImageOfPage":{"@id":"https:\/\/tilapiacenter.com\/index\/tanques-geomembrana-instalado-ibarra-ecuador\/#primaryimage"},"datePublished":"2020-05-22T21:44:46+00:00","dateModified":"2020-05-22T21:56:03+00:00","description":"Instalamos en Ibarra un sistema RAS, en funci\u00f3n de la dimensi\u00f3n para cultivo de tilapia Ecuador . Se capta el agua de un flujo de riego","breadcrumb":{"@id":"https:\/\/tilapiacenter.com\/index\/tanques-geomembrana-instalado-ibarra-ecuador\/#breadcrumb"},"inLanguage":"es","potentialAction":[{"@type":"ReadAction","target":["https:\/\/tilapiacenter.com\/index\/tanques-geomembrana-instalado-ibarra-ecuador\/"]}]},{"@type":"BreadcrumbList","@id":"https:\/\/tilapiacenter.com\/index\/tanques-geomembrana-instalado-ibarra-ecuador\/#breadcrumb","itemListElement":[{"@type":"ListItem","position":1,"name":"Portada","item":"https:\/\/tilapiacenter.com\/index\/"},{"@type":"ListItem","position":2,"name":"Instalado tanques geomembrana de piscicultura controlada en IBARRA &#8211; Ecuador"}]}]}},"jetpack_sharing_enabled":true,"jetpack_likes_enabled":true,"jetpack-related-posts":[{"id":3275,"url":"https:\/\/tilapiacenter.com\/index\/tilapiacenter-soluciones-de-acuicultura-tecnificada-sistemas-ras\/","url_meta":{"origin":3449,"position":0},"title":"TILAPIACENTER soluciones de acuicultura tecnificada sistemas RAS","date":"14 de mayo de 2020","format":false,"excerpt":"[vc_row full_width=\"stretch_row\" el_class=\"opacity-video-bg\" css=\".vc_custom_1589566857109{margin-bottom: 8vh !important;padding-top: 32vh !important;padding-bottom: 25vh !important;background-image: url(https:\/\/greenyellow-okapi-692508.hostingersite.com\/index\/wp-content\/uploads\/2020\/05\/fondo-QuienesSomos3.jpg?id=3308) !important;background-position: center !important;background-repeat: no-repeat !important;background-size: cover !important;}\" mobile_bg_img_hidden=\"no\" tablet_bg_img_hidden=\"no\" woodmart_parallax=\"0\" woodmart_gradient_switch=\"no\" row_reverse_mobile=\"0\" row_reverse_tablet=\"0\" woodmart_disable_overflow=\"0\"][vc_column css=\".vc_custom_1499517305703{padding-top: 0px !important;}\" el_class=\"text-center\"][vc_custom_heading text=\"TILAPIACENTER S.A SOMOS INNOVACI\u00d3N EN EL AGRO\" font_container=\"tag:h5|font_size:16|text_align:center|color:rgba(255%2C255%2C255%2C0.8)\" use_theme_fonts=\"yes\" css=\".vc_custom_1591664368261{margin-bottom: 10px !important;}\" el_class=\"visible-lg\"][\/vc_column][\/vc_row][vc_row css=\".vc_custom_1499600383384{margin-bottom: 8vh !important;}\"][vc_column offset=\"vc_col-lg-offset-2 vc_col-lg-8 vc_col-md-offset-2 vc_col-md-8 vc_col-sm-offset-0\"\u2026","rel":"","context":"En \u00abQUIENES SOMOS (pg)\u00bb","img":{"alt_text":"","src":"","width":0,"height":0},"classes":[]},{"id":2981,"url":"https:\/\/tilapiacenter.com\/index\/a-about-factory-copy\/","url_meta":{"origin":3449,"position":1},"title":"Acerca Tilapiacenter","date":"8 de mayo de 2020","format":false,"excerpt":"[vc_row content_placement=\"middle\" css=\".vc_custom_1505555012006{margin-bottom: 5vh !important;}\"][vc_column offset=\"vc_col-md-6\"][vc_single_image image=\"3324\" img_size=\"full\" parallax_scroll=\"no\"][\/vc_column][vc_column woodmart_color_scheme=\"dark\" css=\".vc_custom_1505897347535{padding-top: 2vh !important;padding-bottom: 2vh !important;background-position: 0 0 !important;background-repeat: no-repeat !important;}\" offset=\"vc_col-md-6 vc_col-xs-12\"][vc_column_text text_larger=\"no\"] Sistemas Modulares de f\u00e1cil implementaci\u00f3n. Actualmente, hemos llevado exitosamente algunas instalaciones a la realidad, y esto nos ha servido para confirmar las propuestas iniciales y fortalecernos con\u2026","rel":"","context":"En \u00abQUIENES SOMOS (pg)\u00bb","img":{"alt_text":"","src":"","width":0,"height":0},"classes":[]},{"id":3636,"url":"https:\/\/tilapiacenter.com\/index\/modulo-familiar-basico-cultivo-tilapia-camaron-tanques-geomembrana\/","url_meta":{"origin":3449,"position":2},"title":"M\u00f3dulos Tilmaron FAMILIAR \/ B\u00c1SICO para cultivo camar\u00f3n\/tilapia en tanques en geomembrana","date":"27 de mayo de 2020","format":false,"excerpt":"[vc_row][vc_column][vc_single_image image=\"3637\" img_size=\"full\" alignment=\"center\" parallax_scroll=\"no\"][vc_single_image image=\"3490\" img_size=\"full\" alignment=\"center\" parallax_scroll=\"no\"][vc_separator][\/vc_column][\/vc_row][vc_row][vc_column][\/vc_column][\/vc_row][vc_row][vc_column][vc_single_image image=\"4201\" img_size=\"full\" parallax_scroll=\"no\"][\/vc_column][\/vc_row][vc_row][vc_column][\/vc_column][\/vc_row]","rel":"","context":"En \u00abSISTEMAS FAMILIAR BASICOS\u00bb","img":{"alt_text":"Tanque familiar para tilapia intensivo","src":"https:\/\/i0.wp.com\/tilapiacenter.com\/index\/wp-content\/uploads\/2020\/05\/CasosExito-KitFamiliar-StoDgo-3.jpg?fit=800%2C450&ssl=1&resize=350%2C200","width":350,"height":200},"classes":[]},{"id":1309,"url":"https:\/\/tilapiacenter.com\/index\/track-order\/","url_meta":{"origin":3449,"position":3},"title":"Track order","date":"11 de enero de 2018","format":false,"excerpt":"[vc_row full_width=\"stretch_row\" css=\".vc_custom_1515665484102{margin-bottom: 8vh !important;padding-top: 20vh !important;padding-bottom: 16vh !important;background-image: url(http:\/\/dummy.xtemos.com\/woodmart\/demos\/wp-content\/uploads\/sites\/2\/2017\/06\/wood-main-dark-bg.jpg?id=246) !important;}\"][vc_column woodmart_color_scheme=\"light\" offset=\"vc_col-lg-offset-2 vc_col-lg-8\"][\/vc_column][\/vc_row][vc_row css=\".vc_custom_1497900090238{margin-right: -40px !important;margin-bottom: 5vh !important;margin-left: -40px !important;}\"][vc_column width=\"1\/3\" css=\".vc_custom_1497899693264{padding-top: 0px !important;padding-right: 40px !important;padding-left: 40px !important;}\"][\/vc_column][vc_column width=\"1\/3\" css=\".vc_custom_1497899686135{padding-top: 0px !important;padding-right: 40px !important;padding-left: 40px !important;}\"][\/vc_column][vc_column width=\"1\/3\" css=\".vc_custom_1497899679300{padding-top: 0px !important;padding-right: 40px !important;padding-left: 40px !important;}\"][\/vc_column][\/vc_row][vc_row css=\".vc_custom_1497900098982{margin-bottom: 8vh !important;}\"][vc_column][vc_separator color=\"custom\" accent_color=\"rgba(129,129,129,0.2)\"\u2026","rel":"","context":"Entrada similar","img":{"alt_text":"","src":"","width":0,"height":0},"classes":[]},{"id":770,"url":"https:\/\/tilapiacenter.com\/index\/blog-element\/","url_meta":{"origin":3449,"position":4},"title":"Blog element","date":"4 de julio de 2017","format":false,"excerpt":"[vc_row css=\".vc_custom_1474471779806{margin-bottom: 60px !important;}\"][vc_column][\/vc_column][\/vc_row][vc_row css=\".vc_custom_1488961125448{margin-bottom: 0px !important;}\" el_class=\"blog-space\"][vc_column][\/vc_column][\/vc_row][vc_row css=\".vc_custom_1474471997368{margin-bottom: 60px !important;}\" el_class=\"blog-space\"][vc_column width=\"1\/12\"][\/vc_column][vc_column width=\"10\/12\"][\/vc_column][vc_column width=\"1\/12\"][\/vc_column][\/vc_row][vc_row css=\".vc_custom_1488961568256{margin-bottom: 0px !important;}\" el_class=\"blog-space\"][vc_column][\/vc_column][\/vc_row][vc_row css=\".vc_custom_1474471997368{margin-bottom: 60px !important;}\" el_class=\"blog-space\"][vc_column width=\"1\/6\"][\/vc_column][vc_column width=\"2\/3\"][\/vc_column][vc_column width=\"1\/6\"][\/vc_column][\/vc_row][vc_row css=\".vc_custom_1488961638990{margin-bottom: 0px !important;}\" el_class=\"blog-space\"][vc_column][\/vc_column][\/vc_row][vc_row css=\".vc_custom_1474471997368{margin-bottom: 60px !important;}\" el_class=\"blog-space\"][vc_column width=\"1\/6\"][\/vc_column][vc_column width=\"2\/3\"][\/vc_column][vc_column width=\"1\/6\"][\/vc_column][\/vc_row][vc_row css=\".vc_custom_1488961096634{margin-bottom: 0px !important;}\" el_class=\"blog-space\"][vc_column][\/vc_column][\/vc_row][vc_row css=\".vc_custom_1474471997368{margin-bottom: 60px !important;}\" el_class=\"blog-space\"][vc_column width=\"1\/12\"][\/vc_column][vc_column width=\"5\/6\"][\/vc_column][vc_column width=\"1\/12\"][\/vc_column][\/vc_row][vc_row css=\".vc_custom_1474471997368{margin-bottom: 60px\u2026","rel":"","context":"En \u00abZ-ORIGINALES-NO BORRAR\u00bb","img":{"alt_text":"","src":"","width":0,"height":0},"classes":[]},{"id":3434,"url":"https:\/\/tilapiacenter.com\/index\/instalacion-tanques-geomembrana-tilapia-camaron-bolivia\/","url_meta":{"origin":3449,"position":5},"title":"Instalaci\u00f3n M\u00f3dulo TILAP 14D en Santa Cruz &#8211; Bolivia 2016","date":"22 de mayo de 2020","format":false,"excerpt":"[vc_row][vc_column][vc_column_text text_larger=\"no\"]Desde Ecuador, hacia\u00a0 Santa Cruz de La Sierra (Bolivia), tuvimos la oportunidad de instalar m\u00f3dulos a gran escala, que consta de tanques de cultivo para tilapia, sistema de aireaci\u00f3n, sistema RAS , y sistema de calefacci\u00f3n del agua. Este trabajo fue muy completo, que se desarroll\u00f3 con personal t\u00e9cnico\u2026","rel":"","context":"En \u00abCASOS DE EXITO (Pg)\u00bb","img":{"alt_text":"Tanques para cultivo de tilapia camar\u00f3n sistema intensivo Tilapiacenter","src":"https:\/\/i0.wp.com\/tilapiacenter.com\/index\/wp-content\/uploads\/2020\/05\/Bolivia-sistema-RAS-3.jpg?fit=800%2C600&ssl=1&resize=350%2C200","width":350,"height":200},"classes":[]}],"post_mailing_queue_ids":[],"_links":{"self":[{"href":"https:\/\/tilapiacenter.com\/index\/wp-json\/wp\/v2\/pages\/3449","targetHints":{"allow":["GET"]}}],"collection":[{"href":"https:\/\/tilapiacenter.com\/index\/wp-json\/wp\/v2\/pages"}],"about":[{"href":"https:\/\/tilapiacenter.com\/index\/wp-json\/wp\/v2\/types\/page"}],"author":[{"embeddable":true,"href":"https:\/\/tilapiacenter.com\/index\/wp-json\/wp\/v2\/users\/1"}],"replies":[{"embeddable":true,"href":"https:\/\/tilapiacenter.com\/index\/wp-json\/wp\/v2\/comments?post=3449"}],"version-history":[{"count":2,"href":"https:\/\/tilapiacenter.com\/index\/wp-json\/wp\/v2\/pages\/3449\/revisions"}],"predecessor-version":[{"id":3463,"href":"https:\/\/tilapiacenter.com\/index\/wp-json\/wp\/v2\/pages\/3449\/revisions\/3463"}],"wp:featuredmedia":[{"embeddable":true,"href":"https:\/\/tilapiacenter.com\/index\/wp-json\/wp\/v2\/media\/3461"}],"wp:attachment":[{"href":"https:\/\/tilapiacenter.com\/index\/wp-json\/wp\/v2\/media?parent=3449"}],"wp:term":[{"taxonomy":"category","embeddable":true,"href":"https:\/\/tilapiacenter.com\/index\/wp-json\/wp\/v2\/categories?post=3449"},{"taxonomy":"post_tag","embeddable":true,"href":"https:\/\/tilapiacenter.com\/index\/wp-json\/wp\/v2\/tags?post=3449"}],"curies":[{"name":"wp","href":"https:\/\/api.w.org\/{rel}","templated":true}]}}