{"id":3443,"date":"2020-05-22T19:09:58","date_gmt":"2020-05-22T19:09:58","guid":{"rendered":"https:\/\/greenyellow-okapi-692508.hostingersite.com\/index\/?page_id=3443"},"modified":"2020-05-22T19:09:58","modified_gmt":"2020-05-22T19:09:58","slug":"tilapiacenter-en-expogan-2015-cultivo-tilapia-en-ambiente-controlado","status":"publish","type":"page","link":"https:\/\/tilapiacenter.com\/index\/tilapiacenter-en-expogan-2015-cultivo-tilapia-en-ambiente-controlado\/","title":{"rendered":"Tilapiacenter en EXPOGAN 2015 , cultivo tilapia en ambiente controlado"},"content":{"rendered":"<p>[vc_row][vc_column][vc_column_text text_larger=&#8221;no&#8221;]En Santo Domingo de los Ts\u00e1chilas, Tilapiacenter llev\u00f3 a exposici\u00f3n del modelo de desarrollo acu\u00edcola en sistema de tanques circulares en geomembrana.<\/p>\n<p>Hubo una buena acogida de los visitantes, que se maravillaban al ver la tilapia roja en crecimiento, en ambiente controlado.<\/p>\n<p>[\/vc_column_text][\/vc_column][\/vc_row][vc_row][vc_column]\t\t\t<div class=\"info-box-wrapper \">\n\t\t\t\t<div id=\"wd-5ec81f43a75bd\" class=\" woodmart-info-box text-left box-icon-align-top box-style- color-scheme- woodmart-bg-none box-title-default \"  >\n\t\t\t\t\t\t\t\t\t\t<div class=\"info-box-content\">\n\t\t\t\t\t\t<h4 class=\"info-box-title woodmart-font-weight- box-title-style-default\">A continuaci\u00f3n unas fotograf\u00edas del evento en Expogan a\u00f1o 2015<\/h4>\t\t\t\t\t\t<div class=\"info-box-inner reset-mb-10\">\n\t\t\t\t\t\t\t\t\t\t\t\t\t<\/div>\n\n\t\t\t\t\t\t\t\t\t\t\t\t\n\t\t\t\t\t<\/div>\n\n\t\t\t\t\t\t\t\t\t<\/div>\n\t\t\t<\/div>\n\t\t[\/vc_column][\/vc_row][vc_row][vc_column][vc_single_image image=&#8221;3444&#8243; img_size=&#8221;full&#8221; alignment=&#8221;center&#8221; parallax_scroll=&#8221;no&#8221;][vc_single_image image=&#8221;3446&#8243; img_size=&#8221;full&#8221; alignment=&#8221;center&#8221; parallax_scroll=&#8221;no&#8221;][vc_single_image image=&#8221;3445&#8243; img_size=&#8221;full&#8221; alignment=&#8221;center&#8221; parallax_scroll=&#8221;no&#8221;][vc_single_image image=&#8221;3447&#8243; img_size=&#8221;full&#8221; alignment=&#8221;center&#8221; parallax_scroll=&#8221;no&#8221;][\/vc_column][\/vc_row]<\/p>\n","protected":false},"excerpt":{"rendered":"<p>[vc_row][vc_column][vc_column_text text_larger=&#8221;no&#8221;]En Santo Domingo de los Ts\u00e1chilas, Tilapiacenter llev\u00f3 a exposici\u00f3n del modelo de desarrollo acu\u00edcola en sistema de tanques<\/p>\n","protected":false},"author":1,"featured_media":3444,"parent":0,"menu_order":0,"comment_status":"closed","ping_status":"closed","template":"","meta":{"_monsterinsights_skip_tracking":false,"_monsterinsights_sitenote_active":false,"_monsterinsights_sitenote_note":"","_monsterinsights_sitenote_category":0,"spay_email":"","footnotes":""},"categories":[124],"tags":[67,297,71,69,295,296],"class_list":["post-3443","page","type-page","status-publish","has-post-thumbnail","hentry","category-casos-de-exito-instalados-tilapiacenter","tag-camaron","tag-cultivo","tag-ecuador","tag-geomembrana","tag-instalacion","tag-proyectos"],"yoast_head":"<!-- This site is optimized with the Yoast SEO plugin v18.6 - https:\/\/yoast.com\/wordpress\/plugins\/seo\/ -->\n<title>Exposici\u00f3n de cultivo de tilapia roja en tanques en geomembrana en Expogan, Santo Domingo de los Tsachilas Ecuador . Cultivo en sistema intensivo de setenta peces por m3 de agua<\/title>\n<meta name=\"description\" content=\"Exposici\u00f3n de cultivo de tilapia roja en tanques en geomembrana en Expogan, Santo Domingo de los Tsachilas Ecuador . Cultivo en sistema intensivo de setenta peces por m3 de agua\" \/>\n<meta name=\"robots\" content=\"index, follow, max-snippet:-1, max-image-preview:large, max-video-preview:-1\" \/>\n<link rel=\"canonical\" href=\"https:\/\/tilapiacenter.com\/index\/tilapiacenter-en-expogan-2015-cultivo-tilapia-en-ambiente-controlado\/\" \/>\n<meta property=\"og:locale\" content=\"es_ES\" \/>\n<meta property=\"og:type\" content=\"article\" \/>\n<meta property=\"og:title\" content=\"Exposici\u00f3n de cultivo de tilapia roja en tanques en geomembrana en Expogan, Santo Domingo de los Tsachilas Ecuador . Cultivo en sistema intensivo de setenta peces por m3 de agua\" \/>\n<meta property=\"og:description\" content=\"Exposici\u00f3n de cultivo de tilapia roja en tanques en geomembrana en Expogan, Santo Domingo de los Tsachilas Ecuador . Cultivo en sistema intensivo de setenta peces por m3 de agua\" \/>\n<meta property=\"og:url\" content=\"https:\/\/tilapiacenter.com\/index\/tilapiacenter-en-expogan-2015-cultivo-tilapia-en-ambiente-controlado\/\" \/>\n<meta property=\"og:site_name\" content=\"TILAPIACENTER- Acuicultura Controlada\" \/>\n<meta property=\"article:publisher\" content=\"https:\/\/www.facebook.com\/tilapiacenterecuador\/\" \/>\n<meta property=\"og:image\" content=\"https:\/\/i0.wp.com\/tilapiacenter.com\/index\/wp-content\/uploads\/2020\/05\/CasosExito-expogan1.jpg?fit=1024%2C576&#038;ssl=1\" \/>\n\t<meta property=\"og:image:width\" content=\"1024\" \/>\n\t<meta property=\"og:image:height\" content=\"576\" \/>\n\t<meta property=\"og:image:type\" content=\"image\/jpeg\" \/>\n<meta name=\"twitter:card\" content=\"summary_large_image\" \/>\n<meta name=\"twitter:site\" content=\"@tilapiacenter\" \/>\n<meta name=\"twitter:label1\" content=\"Tiempo de lectura\" \/>\n\t<meta name=\"twitter:data1\" content=\"1 minuto\" \/>\n<script type=\"application\/ld+json\" class=\"yoast-schema-graph\">{\"@context\":\"https:\/\/schema.org\",\"@graph\":[{\"@type\":\"WebSite\",\"@id\":\"https:\/\/tilapiacenter.com\/index\/#website\",\"url\":\"https:\/\/tilapiacenter.com\/index\/\",\"name\":\"TILAPIACENTER- Acuicultura Controlada\",\"description\":\"Equipos, Tecnolog\u00eda, asesor\u00eda y cursos en acuicultura tecnificada, para sistemas RAS y BIOFLOC, en el cultivo de camaron, tilapia, trucha en tanques en geomembrana.\",\"potentialAction\":[{\"@type\":\"SearchAction\",\"target\":{\"@type\":\"EntryPoint\",\"urlTemplate\":\"https:\/\/tilapiacenter.com\/index\/?s={search_term_string}\"},\"query-input\":\"required name=search_term_string\"}],\"inLanguage\":\"es\"},{\"@type\":\"ImageObject\",\"@id\":\"https:\/\/tilapiacenter.com\/index\/tilapiacenter-en-expogan-2015-cultivo-tilapia-en-ambiente-controlado\/#primaryimage\",\"inLanguage\":\"es\",\"url\":\"https:\/\/i0.wp.com\/tilapiacenter.com\/index\/wp-content\/uploads\/2020\/05\/CasosExito-expogan1.jpg?fit=1024%2C576&ssl=1\",\"contentUrl\":\"https:\/\/i0.wp.com\/tilapiacenter.com\/index\/wp-content\/uploads\/2020\/05\/CasosExito-expogan1.jpg?fit=1024%2C576&ssl=1\",\"width\":1024,\"height\":576,\"caption\":\"Tilapiacenter exposici\u00f3n Expogan Santo domingo Tsachilas\"},{\"@type\":\"WebPage\",\"@id\":\"https:\/\/tilapiacenter.com\/index\/tilapiacenter-en-expogan-2015-cultivo-tilapia-en-ambiente-controlado\/#webpage\",\"url\":\"https:\/\/tilapiacenter.com\/index\/tilapiacenter-en-expogan-2015-cultivo-tilapia-en-ambiente-controlado\/\",\"name\":\"Exposici\u00f3n de cultivo de tilapia roja en tanques en geomembrana en Expogan, Santo Domingo de los Tsachilas Ecuador . Cultivo en sistema intensivo de setenta peces por m3 de agua\",\"isPartOf\":{\"@id\":\"https:\/\/tilapiacenter.com\/index\/#website\"},\"primaryImageOfPage\":{\"@id\":\"https:\/\/tilapiacenter.com\/index\/tilapiacenter-en-expogan-2015-cultivo-tilapia-en-ambiente-controlado\/#primaryimage\"},\"datePublished\":\"2020-05-22T19:09:58+00:00\",\"dateModified\":\"2020-05-22T19:09:58+00:00\",\"description\":\"Exposici\u00f3n de cultivo de tilapia roja en tanques en geomembrana en Expogan, Santo Domingo de los Tsachilas Ecuador . Cultivo en sistema intensivo de setenta peces por m3 de agua\",\"breadcrumb\":{\"@id\":\"https:\/\/tilapiacenter.com\/index\/tilapiacenter-en-expogan-2015-cultivo-tilapia-en-ambiente-controlado\/#breadcrumb\"},\"inLanguage\":\"es\",\"potentialAction\":[{\"@type\":\"ReadAction\",\"target\":[\"https:\/\/tilapiacenter.com\/index\/tilapiacenter-en-expogan-2015-cultivo-tilapia-en-ambiente-controlado\/\"]}]},{\"@type\":\"BreadcrumbList\",\"@id\":\"https:\/\/tilapiacenter.com\/index\/tilapiacenter-en-expogan-2015-cultivo-tilapia-en-ambiente-controlado\/#breadcrumb\",\"itemListElement\":[{\"@type\":\"ListItem\",\"position\":1,\"name\":\"Portada\",\"item\":\"https:\/\/tilapiacenter.com\/index\/\"},{\"@type\":\"ListItem\",\"position\":2,\"name\":\"Tilapiacenter en EXPOGAN 2015 , cultivo tilapia en ambiente controlado\"}]}]}<\/script>\n<!-- \/ Yoast SEO plugin. -->","yoast_head_json":{"title":"Exposici\u00f3n de cultivo de tilapia roja en tanques en geomembrana en Expogan, Santo Domingo de los Tsachilas Ecuador . Cultivo en sistema intensivo de setenta peces por m3 de agua","description":"Exposici\u00f3n de cultivo de tilapia roja en tanques en geomembrana en Expogan, Santo Domingo de los Tsachilas Ecuador . Cultivo en sistema intensivo de setenta peces por m3 de agua","robots":{"index":"index","follow":"follow","max-snippet":"max-snippet:-1","max-image-preview":"max-image-preview:large","max-video-preview":"max-video-preview:-1"},"canonical":"https:\/\/tilapiacenter.com\/index\/tilapiacenter-en-expogan-2015-cultivo-tilapia-en-ambiente-controlado\/","og_locale":"es_ES","og_type":"article","og_title":"Exposici\u00f3n de cultivo de tilapia roja en tanques en geomembrana en Expogan, Santo Domingo de los Tsachilas Ecuador . Cultivo en sistema intensivo de setenta peces por m3 de agua","og_description":"Exposici\u00f3n de cultivo de tilapia roja en tanques en geomembrana en Expogan, Santo Domingo de los Tsachilas Ecuador . Cultivo en sistema intensivo de setenta peces por m3 de agua","og_url":"https:\/\/tilapiacenter.com\/index\/tilapiacenter-en-expogan-2015-cultivo-tilapia-en-ambiente-controlado\/","og_site_name":"TILAPIACENTER- Acuicultura Controlada","article_publisher":"https:\/\/www.facebook.com\/tilapiacenterecuador\/","og_image":[{"width":1024,"height":576,"url":"https:\/\/i0.wp.com\/tilapiacenter.com\/index\/wp-content\/uploads\/2020\/05\/CasosExito-expogan1.jpg?fit=1024%2C576&ssl=1","type":"image\/jpeg"}],"twitter_card":"summary_large_image","twitter_site":"@tilapiacenter","twitter_misc":{"Tiempo de lectura":"1 minuto"},"schema":{"@context":"https:\/\/schema.org","@graph":[{"@type":"WebSite","@id":"https:\/\/tilapiacenter.com\/index\/#website","url":"https:\/\/tilapiacenter.com\/index\/","name":"TILAPIACENTER- Acuicultura Controlada","description":"Equipos, Tecnolog\u00eda, asesor\u00eda y cursos en acuicultura tecnificada, para sistemas RAS y BIOFLOC, en el cultivo de camaron, tilapia, trucha en tanques en geomembrana.","potentialAction":[{"@type":"SearchAction","target":{"@type":"EntryPoint","urlTemplate":"https:\/\/tilapiacenter.com\/index\/?s={search_term_string}"},"query-input":"required name=search_term_string"}],"inLanguage":"es"},{"@type":"ImageObject","@id":"https:\/\/tilapiacenter.com\/index\/tilapiacenter-en-expogan-2015-cultivo-tilapia-en-ambiente-controlado\/#primaryimage","inLanguage":"es","url":"https:\/\/i0.wp.com\/tilapiacenter.com\/index\/wp-content\/uploads\/2020\/05\/CasosExito-expogan1.jpg?fit=1024%2C576&ssl=1","contentUrl":"https:\/\/i0.wp.com\/tilapiacenter.com\/index\/wp-content\/uploads\/2020\/05\/CasosExito-expogan1.jpg?fit=1024%2C576&ssl=1","width":1024,"height":576,"caption":"Tilapiacenter exposici\u00f3n Expogan Santo domingo Tsachilas"},{"@type":"WebPage","@id":"https:\/\/tilapiacenter.com\/index\/tilapiacenter-en-expogan-2015-cultivo-tilapia-en-ambiente-controlado\/#webpage","url":"https:\/\/tilapiacenter.com\/index\/tilapiacenter-en-expogan-2015-cultivo-tilapia-en-ambiente-controlado\/","name":"Exposici\u00f3n de cultivo de tilapia roja en tanques en geomembrana en Expogan, Santo Domingo de los Tsachilas Ecuador . Cultivo en sistema intensivo de setenta peces por m3 de agua","isPartOf":{"@id":"https:\/\/tilapiacenter.com\/index\/#website"},"primaryImageOfPage":{"@id":"https:\/\/tilapiacenter.com\/index\/tilapiacenter-en-expogan-2015-cultivo-tilapia-en-ambiente-controlado\/#primaryimage"},"datePublished":"2020-05-22T19:09:58+00:00","dateModified":"2020-05-22T19:09:58+00:00","description":"Exposici\u00f3n de cultivo de tilapia roja en tanques en geomembrana en Expogan, Santo Domingo de los Tsachilas Ecuador . Cultivo en sistema intensivo de setenta peces por m3 de agua","breadcrumb":{"@id":"https:\/\/tilapiacenter.com\/index\/tilapiacenter-en-expogan-2015-cultivo-tilapia-en-ambiente-controlado\/#breadcrumb"},"inLanguage":"es","potentialAction":[{"@type":"ReadAction","target":["https:\/\/tilapiacenter.com\/index\/tilapiacenter-en-expogan-2015-cultivo-tilapia-en-ambiente-controlado\/"]}]},{"@type":"BreadcrumbList","@id":"https:\/\/tilapiacenter.com\/index\/tilapiacenter-en-expogan-2015-cultivo-tilapia-en-ambiente-controlado\/#breadcrumb","itemListElement":[{"@type":"ListItem","position":1,"name":"Portada","item":"https:\/\/tilapiacenter.com\/index\/"},{"@type":"ListItem","position":2,"name":"Tilapiacenter en EXPOGAN 2015 , cultivo tilapia en ambiente controlado"}]}]}},"jetpack_sharing_enabled":true,"jetpack_likes_enabled":true,"jetpack-related-posts":[{"id":3558,"url":"https:\/\/tilapiacenter.com\/index\/cambio-paradigmas-acuicultura-ambiente-controlado-ras-biofloc\/","url_meta":{"origin":3443,"position":0},"title":"Enfocarse al cambio de paradigmas en camar\u00f3n y tilapia . Acuicultura en ambiente controlado","date":"24 de mayo de 2020","format":false,"excerpt":"[vc_row][vc_column][\/vc_column][\/vc_row]","rel":"","context":"En \u00abVIABILIDAD Y RECURSOS (pg)\u00bb","img":{"alt_text":"Cambio de paradigmas, en acuicultura controlada Tilapiacenter","src":"https:\/\/i0.wp.com\/tilapiacenter.com\/index\/wp-content\/uploads\/2020\/05\/viabilidadRecursos-CambioParadigmas-2.png?fit=502%2C377&ssl=1&resize=350%2C200","width":350,"height":200},"classes":[]},{"id":3395,"url":"https:\/\/tilapiacenter.com\/index\/instalacion-tanques-geomembrana-tilapia-macas-ecuador-2017\/","url_meta":{"origin":3443,"position":1},"title":"Instalaci\u00f3n M\u00f3dulo TILAP 9D en Macas &#8211; Ecuador 2017","date":"21 de mayo de 2020","format":false,"excerpt":"[vc_row][vc_column][vc_column_text text_larger=\"no\"]En Macas instalamos un m\u00f3dulo 9D para cultivo de tilapia en sistema de recirculaci\u00f3n del agua, con componentes de aireaci\u00f3n reforzada. Tilapiacenter le asiste sobre el tama\u00f1o de las instalaciones en funci\u00f3n del volumen de cultivo o capital de inversi\u00f3n; con estas determinaciones, se da inicio a la planificaci\u00f3n\u2026","rel":"","context":"En \u00abCASOS DE EXITO (Pg)\u00bb","img":{"alt_text":"Tanque sistema RAS Tilapiacenter","src":"https:\/\/i0.wp.com\/tilapiacenter.com\/index\/wp-content\/uploads\/2020\/05\/CasosExito-Macas17-AsiLucen.jpg?fit=800%2C450&ssl=1&resize=350%2C200","width":350,"height":200},"classes":[]},{"id":3636,"url":"https:\/\/tilapiacenter.com\/index\/modulo-familiar-basico-cultivo-tilapia-camaron-tanques-geomembrana\/","url_meta":{"origin":3443,"position":2},"title":"M\u00f3dulos Tilmaron FAMILIAR \/ B\u00c1SICO para cultivo camar\u00f3n\/tilapia en tanques en geomembrana","date":"27 de mayo de 2020","format":false,"excerpt":"[vc_row][vc_column][vc_single_image image=\"3637\" img_size=\"full\" alignment=\"center\" parallax_scroll=\"no\"][vc_single_image image=\"3490\" img_size=\"full\" alignment=\"center\" parallax_scroll=\"no\"][vc_separator][\/vc_column][\/vc_row][vc_row][vc_column][\/vc_column][\/vc_row][vc_row][vc_column][vc_single_image image=\"4201\" img_size=\"full\" parallax_scroll=\"no\"][\/vc_column][\/vc_row][vc_row][vc_column][\/vc_column][\/vc_row]","rel":"","context":"En \u00abSISTEMAS FAMILIAR BASICOS\u00bb","img":{"alt_text":"Tanque familiar para tilapia intensivo","src":"https:\/\/i0.wp.com\/tilapiacenter.com\/index\/wp-content\/uploads\/2020\/05\/CasosExito-KitFamiliar-StoDgo-3.jpg?fit=800%2C450&ssl=1&resize=350%2C200","width":350,"height":200},"classes":[]},{"id":3475,"url":"https:\/\/tilapiacenter.com\/index\/instalacion-tanques-tilapia-paute-ecuador\/","url_meta":{"origin":3443,"position":3},"title":"Instalaci\u00f3n tanques tilapia TILAP 6D en Paute &#8211; Ecuador 2017","date":"22 de mayo de 2020","format":false,"excerpt":"[vc_row][vc_column][vc_column_text text_larger=\"no\"]En la zona de Paute se realiz\u00f3 la construcci\u00f3n de un sistema en tanques en geomembrana con recirculaci\u00f3n del agua para cultivo de tilapia en sistema intensivo. Tilapiacenter le capacita sobre\u00a0 las instalaciones en funci\u00f3n del volumen de producci\u00f3n o montode inversi\u00f3n; con estas determinaciones, se da inicio a\u2026","rel":"","context":"En \u00abCASOS DE EXITO (Pg)\u00bb","img":{"alt_text":"Tanques geomembrana Tilapia instalado en Paute Ecuador","src":"https:\/\/i0.wp.com\/tilapiacenter.com\/index\/wp-content\/uploads\/2020\/05\/CasosExito-Paute5.jpg?fit=800%2C450&ssl=1&resize=350%2C200","width":350,"height":200},"classes":[]},{"id":3434,"url":"https:\/\/tilapiacenter.com\/index\/instalacion-tanques-geomembrana-tilapia-camaron-bolivia\/","url_meta":{"origin":3443,"position":4},"title":"Instalaci\u00f3n M\u00f3dulo TILAP 14D en Santa Cruz &#8211; Bolivia 2016","date":"22 de mayo de 2020","format":false,"excerpt":"[vc_row][vc_column][vc_column_text text_larger=\"no\"]Desde Ecuador, hacia\u00a0 Santa Cruz de La Sierra (Bolivia), tuvimos la oportunidad de instalar m\u00f3dulos a gran escala, que consta de tanques de cultivo para tilapia, sistema de aireaci\u00f3n, sistema RAS , y sistema de calefacci\u00f3n del agua. Este trabajo fue muy completo, que se desarroll\u00f3 con personal t\u00e9cnico\u2026","rel":"","context":"En \u00abCASOS DE EXITO (Pg)\u00bb","img":{"alt_text":"Tanques para cultivo de tilapia camar\u00f3n sistema intensivo Tilapiacenter","src":"https:\/\/i0.wp.com\/tilapiacenter.com\/index\/wp-content\/uploads\/2020\/05\/Bolivia-sistema-RAS-3.jpg?fit=800%2C600&ssl=1&resize=350%2C200","width":350,"height":200},"classes":[]},{"id":3762,"url":"https:\/\/tilapiacenter.com\/index\/tanques-instalacion-geomembrana-liner-camaron-tilapia-cisternas\/","url_meta":{"origin":3443,"position":5},"title":"Instalaci\u00f3n de geomembrana o liner en tanques para  camaron, tilapia","date":"29 de mayo de 2020","format":false,"excerpt":"[vc_row][vc_column][vc_single_image image=\"3763\" img_size=\"full\" alignment=\"center\" parallax_scroll=\"no\"][\/vc_column][\/vc_row][vc_row][vc_column][vc_btn title=\"Cons\u00faltenos cualquier inquietud WhastApp 0994185675\"][\/vc_column][\/vc_row]","rel":"","context":"En \u00abGEOMEMBRANA, IMPERMEABILIZACI\u00d3N CONSTRUCCION (pg)\u00bb","img":{"alt_text":"Plan de Negocio de Camar\u00f3n y Tilapia Tilmaron para financiamiento","src":"https:\/\/i0.wp.com\/tilapiacenter.com\/index\/wp-content\/uploads\/2020\/05\/EstudioTecnico-1.jpg?fit=1200%2C675&ssl=1&resize=350%2C200","width":350,"height":200},"classes":[]}],"post_mailing_queue_ids":[],"_links":{"self":[{"href":"https:\/\/tilapiacenter.com\/index\/wp-json\/wp\/v2\/pages\/3443","targetHints":{"allow":["GET"]}}],"collection":[{"href":"https:\/\/tilapiacenter.com\/index\/wp-json\/wp\/v2\/pages"}],"about":[{"href":"https:\/\/tilapiacenter.com\/index\/wp-json\/wp\/v2\/types\/page"}],"author":[{"embeddable":true,"href":"https:\/\/tilapiacenter.com\/index\/wp-json\/wp\/v2\/users\/1"}],"replies":[{"embeddable":true,"href":"https:\/\/tilapiacenter.com\/index\/wp-json\/wp\/v2\/comments?post=3443"}],"version-history":[{"count":1,"href":"https:\/\/tilapiacenter.com\/index\/wp-json\/wp\/v2\/pages\/3443\/revisions"}],"predecessor-version":[{"id":3448,"href":"https:\/\/tilapiacenter.com\/index\/wp-json\/wp\/v2\/pages\/3443\/revisions\/3448"}],"wp:featuredmedia":[{"embeddable":true,"href":"https:\/\/tilapiacenter.com\/index\/wp-json\/wp\/v2\/media\/3444"}],"wp:attachment":[{"href":"https:\/\/tilapiacenter.com\/index\/wp-json\/wp\/v2\/media?parent=3443"}],"wp:term":[{"taxonomy":"category","embeddable":true,"href":"https:\/\/tilapiacenter.com\/index\/wp-json\/wp\/v2\/categories?post=3443"},{"taxonomy":"post_tag","embeddable":true,"href":"https:\/\/tilapiacenter.com\/index\/wp-json\/wp\/v2\/tags?post=3443"}],"curies":[{"name":"wp","href":"https:\/\/api.w.org\/{rel}","templated":true}]}}