{"id":3434,"date":"2020-05-22T16:26:15","date_gmt":"2020-05-22T16:26:15","guid":{"rendered":"https:\/\/greenyellow-okapi-692508.hostingersite.com\/index\/?page_id=3434"},"modified":"2020-05-22T16:33:29","modified_gmt":"2020-05-22T16:33:29","slug":"instalacion-tanques-geomembrana-tilapia-camaron-bolivia","status":"publish","type":"page","link":"https:\/\/tilapiacenter.com\/index\/instalacion-tanques-geomembrana-tilapia-camaron-bolivia\/","title":{"rendered":"Instalaci\u00f3n M\u00f3dulo TILAP 14D en Santa Cruz &#8211; Bolivia 2016"},"content":{"rendered":"<p>[vc_row][vc_column][vc_column_text text_larger=&#8221;no&#8221;]Desde Ecuador, hacia\u00a0 Santa Cruz de La Sierra (Bolivia), tuvimos la oportunidad de instalar m\u00f3dulos a gran escala, que consta de tanques de cultivo para tilapia, sistema de aireaci\u00f3n, sistema RAS , y sistema de calefacci\u00f3n del agua.<\/p>\n<p>Este trabajo fue muy completo, que se desarroll\u00f3 con personal t\u00e9cnico de Ecuador, donde estuvimos alrededor de cuatro meses para cumplir esta obra. Y fue necesario, llevar a cabo desde cero, como materiales y accesorios propios de Bolivia, pero finalmente, lo logramos.[\/vc_column_text][\/vc_column][\/vc_row][vc_row][vc_column][vc_video link=&#8221;https:\/\/www.youtube.com\/watch?v=D_yOeqYZEpA&amp;t=143s&#8221; align=&#8221;center&#8221; image_poster_switch=&#8221;no&#8221;][\/vc_column][\/vc_row][vc_row][vc_column]\t\t\t<div class=\"info-box-wrapper \">\n\t\t\t\t<div id=\"wd-5ec7fa7133794\" class=\" woodmart-info-box text-left box-icon-align-top box-style- color-scheme- woodmart-bg-none box-title-default \"  >\n\t\t\t\t\t\t\t\t\t\t<div class=\"info-box-content\">\n\t\t\t\t\t\t\t\t\t\t\t\t<div class=\"info-box-inner reset-mb-10\">\n\t\t\t\t\t\t\t<p>Este sistema consta de dos m\u00f3dulos en tanques escalables en 14mt de di\u00e1metro, con un total de 10 tanques, entre peque\u00f1os y grandes, para producci\u00f3n continua de aproximadamente 10.000 peces cada veinte d\u00edas. El agua se lo toma de un pozo profundo, y requiere recambios m\u00ednimos diarios.<\/p>\n<p>Entre los insumos necesarios para construir el sistema son basicamente, la geomembrana para modularlos en tanques circulares, en diferentes di\u00e1metros para el paso de los animales de cultivo a manera de escalera.<\/p>\n<p>El sistema de biofiltraci\u00f3n, tambi\u00e9n fue realizado en tanques para propiciar la decantaci\u00f3n y en su flujo final, suceda la biofiltraci\u00f3n de las sustancia t\u00f3xicas, de tal manera que el agua retorna adecuada al sistema de tanques de cultivo.<\/p>\n<p>El sistema de aireaci\u00f3n, conformado por equipos difusores de aire en cada tanques, con lo que se puede manejar alta densidad de cultivo.<\/p>\n<p>El sistema de calefacci\u00f3n, compuesto por equipos calentadores, debido a que en esta zona existe oscilaciones de baja temperatura, a lo cual la tilapia es muy sensible.<br \/>\nA continuaci\u00f3n exponemos unas fotograf\u00edas del sistema terminado.<\/p>\n\t\t\t\t\t\t<\/div>\n\n\t\t\t\t\t\t\t\t\t\t\t\t\n\t\t\t\t\t<\/div>\n\n\t\t\t\t\t\t\t\t\t<\/div>\n\t\t\t<\/div>\n\t\t[\/vc_column][\/vc_row][vc_row][vc_column][vc_single_image image=&#8221;3435&#8243; img_size=&#8221;full&#8221; alignment=&#8221;center&#8221; parallax_scroll=&#8221;no&#8221;][vc_single_image image=&#8221;3436&#8243; img_size=&#8221;full&#8221; alignment=&#8221;center&#8221; parallax_scroll=&#8221;no&#8221;][vc_single_image image=&#8221;3437&#8243; img_size=&#8221;full&#8221; alignment=&#8221;center&#8221; parallax_scroll=&#8221;no&#8221;][vc_single_image image=&#8221;3438&#8243; img_size=&#8221;full&#8221; alignment=&#8221;center&#8221; parallax_scroll=&#8221;no&#8221;][\/vc_column][\/vc_row]<\/p>\n","protected":false},"excerpt":{"rendered":"<p>[vc_row][vc_column][vc_column_text text_larger=&#8221;no&#8221;]Desde Ecuador, hacia\u00a0 Santa Cruz de La Sierra (Bolivia), tuvimos la oportunidad de instalar m\u00f3dulos a gran escala, que<\/p>\n","protected":false},"author":1,"featured_media":3437,"parent":0,"menu_order":0,"comment_status":"closed","ping_status":"closed","template":"","meta":{"_monsterinsights_skip_tracking":false,"_monsterinsights_sitenote_active":false,"_monsterinsights_sitenote_note":"","_monsterinsights_sitenote_category":0,"spay_email":"","footnotes":""},"categories":[124],"tags":[307,67,297,71,69,295,296,72,308],"class_list":["post-3434","page","type-page","status-publish","has-post-thumbnail","hentry","category-casos-de-exito-instalados-tilapiacenter","tag-bolivia","tag-camaron","tag-cultivo","tag-ecuador","tag-geomembrana","tag-instalacion","tag-proyectos","tag-ras","tag-santa-cruz"],"yoast_head":"<!-- This site is optimized with the Yoast SEO plugin v18.6 - https:\/\/yoast.com\/wordpress\/plugins\/seo\/ -->\n<title>Instalaci\u00f3n de tanques RAS 14 mts di\u00e1metro para tilapia en Bolivia 2016<\/title>\n<meta name=\"description\" content=\"Instalamos en Bolivia un sistema RAS a gran escala en tanques en 14 mts de d\u00edametros, con recirculaci\u00f3n del agua, y t\u00e9cnicos desde Ecuador\" \/>\n<meta name=\"robots\" content=\"index, follow, max-snippet:-1, max-image-preview:large, max-video-preview:-1\" \/>\n<link rel=\"canonical\" href=\"https:\/\/tilapiacenter.com\/index\/instalacion-tanques-geomembrana-tilapia-camaron-bolivia\/\" \/>\n<meta property=\"og:locale\" content=\"es_ES\" \/>\n<meta property=\"og:type\" content=\"article\" \/>\n<meta property=\"og:title\" content=\"Instalaci\u00f3n de tanques RAS 14 mts di\u00e1metro para tilapia en Bolivia 2016\" \/>\n<meta property=\"og:description\" content=\"Instalamos en Bolivia un sistema RAS a gran escala en tanques en 14 mts de d\u00edametros, con recirculaci\u00f3n del agua, y t\u00e9cnicos desde Ecuador\" \/>\n<meta property=\"og:url\" content=\"https:\/\/tilapiacenter.com\/index\/instalacion-tanques-geomembrana-tilapia-camaron-bolivia\/\" \/>\n<meta property=\"og:site_name\" content=\"TILAPIACENTER- Acuicultura Controlada\" \/>\n<meta property=\"article:publisher\" content=\"https:\/\/www.facebook.com\/tilapiacenterecuador\/\" \/>\n<meta property=\"article:modified_time\" content=\"2020-05-22T16:33:29+00:00\" \/>\n<meta property=\"og:image\" content=\"https:\/\/i0.wp.com\/tilapiacenter.com\/index\/wp-content\/uploads\/2020\/05\/Bolivia-sistema-RAS-3.jpg?fit=800%2C600&#038;ssl=1\" \/>\n\t<meta property=\"og:image:width\" content=\"800\" \/>\n\t<meta property=\"og:image:height\" content=\"600\" \/>\n\t<meta property=\"og:image:type\" content=\"image\/jpeg\" \/>\n<meta name=\"twitter:card\" content=\"summary_large_image\" \/>\n<meta name=\"twitter:site\" content=\"@tilapiacenter\" \/>\n<meta name=\"twitter:label1\" content=\"Tiempo de lectura\" \/>\n\t<meta name=\"twitter:data1\" content=\"2 minutos\" \/>\n<script type=\"application\/ld+json\" class=\"yoast-schema-graph\">{\"@context\":\"https:\/\/schema.org\",\"@graph\":[{\"@type\":\"WebSite\",\"@id\":\"https:\/\/tilapiacenter.com\/index\/#website\",\"url\":\"https:\/\/tilapiacenter.com\/index\/\",\"name\":\"TILAPIACENTER- Acuicultura Controlada\",\"description\":\"Equipos, Tecnolog\u00eda, asesor\u00eda y cursos en acuicultura tecnificada, para sistemas RAS y BIOFLOC, en el cultivo de camaron, tilapia, trucha en tanques en geomembrana.\",\"potentialAction\":[{\"@type\":\"SearchAction\",\"target\":{\"@type\":\"EntryPoint\",\"urlTemplate\":\"https:\/\/tilapiacenter.com\/index\/?s={search_term_string}\"},\"query-input\":\"required name=search_term_string\"}],\"inLanguage\":\"es\"},{\"@type\":\"ImageObject\",\"@id\":\"https:\/\/tilapiacenter.com\/index\/instalacion-tanques-geomembrana-tilapia-camaron-bolivia\/#primaryimage\",\"inLanguage\":\"es\",\"url\":\"https:\/\/i0.wp.com\/tilapiacenter.com\/index\/wp-content\/uploads\/2020\/05\/Bolivia-sistema-RAS-3.jpg?fit=800%2C600&ssl=1\",\"contentUrl\":\"https:\/\/i0.wp.com\/tilapiacenter.com\/index\/wp-content\/uploads\/2020\/05\/Bolivia-sistema-RAS-3.jpg?fit=800%2C600&ssl=1\",\"width\":800,\"height\":600,\"caption\":\"Sistema RAS en Santa Cruz\"},{\"@type\":\"WebPage\",\"@id\":\"https:\/\/tilapiacenter.com\/index\/instalacion-tanques-geomembrana-tilapia-camaron-bolivia\/#webpage\",\"url\":\"https:\/\/tilapiacenter.com\/index\/instalacion-tanques-geomembrana-tilapia-camaron-bolivia\/\",\"name\":\"Instalaci\u00f3n de tanques RAS 14 mts di\u00e1metro para tilapia en Bolivia 2016\",\"isPartOf\":{\"@id\":\"https:\/\/tilapiacenter.com\/index\/#website\"},\"primaryImageOfPage\":{\"@id\":\"https:\/\/tilapiacenter.com\/index\/instalacion-tanques-geomembrana-tilapia-camaron-bolivia\/#primaryimage\"},\"datePublished\":\"2020-05-22T16:26:15+00:00\",\"dateModified\":\"2020-05-22T16:33:29+00:00\",\"description\":\"Instalamos en Bolivia un sistema RAS a gran escala en tanques en 14 mts de d\u00edametros, con recirculaci\u00f3n del agua, y t\u00e9cnicos desde Ecuador\",\"breadcrumb\":{\"@id\":\"https:\/\/tilapiacenter.com\/index\/instalacion-tanques-geomembrana-tilapia-camaron-bolivia\/#breadcrumb\"},\"inLanguage\":\"es\",\"potentialAction\":[{\"@type\":\"ReadAction\",\"target\":[\"https:\/\/tilapiacenter.com\/index\/instalacion-tanques-geomembrana-tilapia-camaron-bolivia\/\"]}]},{\"@type\":\"BreadcrumbList\",\"@id\":\"https:\/\/tilapiacenter.com\/index\/instalacion-tanques-geomembrana-tilapia-camaron-bolivia\/#breadcrumb\",\"itemListElement\":[{\"@type\":\"ListItem\",\"position\":1,\"name\":\"Portada\",\"item\":\"https:\/\/tilapiacenter.com\/index\/\"},{\"@type\":\"ListItem\",\"position\":2,\"name\":\"Instalaci\u00f3n M\u00f3dulo TILAP 14D en Santa Cruz &#8211; Bolivia 2016\"}]}]}<\/script>\n<!-- \/ Yoast SEO plugin. -->","yoast_head_json":{"title":"Instalaci\u00f3n de tanques RAS 14 mts di\u00e1metro para tilapia en Bolivia 2016","description":"Instalamos en Bolivia un sistema RAS a gran escala en tanques en 14 mts de d\u00edametros, con recirculaci\u00f3n del agua, y t\u00e9cnicos desde Ecuador","robots":{"index":"index","follow":"follow","max-snippet":"max-snippet:-1","max-image-preview":"max-image-preview:large","max-video-preview":"max-video-preview:-1"},"canonical":"https:\/\/tilapiacenter.com\/index\/instalacion-tanques-geomembrana-tilapia-camaron-bolivia\/","og_locale":"es_ES","og_type":"article","og_title":"Instalaci\u00f3n de tanques RAS 14 mts di\u00e1metro para tilapia en Bolivia 2016","og_description":"Instalamos en Bolivia un sistema RAS a gran escala en tanques en 14 mts de d\u00edametros, con recirculaci\u00f3n del agua, y t\u00e9cnicos desde Ecuador","og_url":"https:\/\/tilapiacenter.com\/index\/instalacion-tanques-geomembrana-tilapia-camaron-bolivia\/","og_site_name":"TILAPIACENTER- Acuicultura Controlada","article_publisher":"https:\/\/www.facebook.com\/tilapiacenterecuador\/","article_modified_time":"2020-05-22T16:33:29+00:00","og_image":[{"width":800,"height":600,"url":"https:\/\/i0.wp.com\/tilapiacenter.com\/index\/wp-content\/uploads\/2020\/05\/Bolivia-sistema-RAS-3.jpg?fit=800%2C600&ssl=1","type":"image\/jpeg"}],"twitter_card":"summary_large_image","twitter_site":"@tilapiacenter","twitter_misc":{"Tiempo de lectura":"2 minutos"},"schema":{"@context":"https:\/\/schema.org","@graph":[{"@type":"WebSite","@id":"https:\/\/tilapiacenter.com\/index\/#website","url":"https:\/\/tilapiacenter.com\/index\/","name":"TILAPIACENTER- Acuicultura Controlada","description":"Equipos, Tecnolog\u00eda, asesor\u00eda y cursos en acuicultura tecnificada, para sistemas RAS y BIOFLOC, en el cultivo de camaron, tilapia, trucha en tanques en geomembrana.","potentialAction":[{"@type":"SearchAction","target":{"@type":"EntryPoint","urlTemplate":"https:\/\/tilapiacenter.com\/index\/?s={search_term_string}"},"query-input":"required name=search_term_string"}],"inLanguage":"es"},{"@type":"ImageObject","@id":"https:\/\/tilapiacenter.com\/index\/instalacion-tanques-geomembrana-tilapia-camaron-bolivia\/#primaryimage","inLanguage":"es","url":"https:\/\/i0.wp.com\/tilapiacenter.com\/index\/wp-content\/uploads\/2020\/05\/Bolivia-sistema-RAS-3.jpg?fit=800%2C600&ssl=1","contentUrl":"https:\/\/i0.wp.com\/tilapiacenter.com\/index\/wp-content\/uploads\/2020\/05\/Bolivia-sistema-RAS-3.jpg?fit=800%2C600&ssl=1","width":800,"height":600,"caption":"Sistema RAS en Santa Cruz"},{"@type":"WebPage","@id":"https:\/\/tilapiacenter.com\/index\/instalacion-tanques-geomembrana-tilapia-camaron-bolivia\/#webpage","url":"https:\/\/tilapiacenter.com\/index\/instalacion-tanques-geomembrana-tilapia-camaron-bolivia\/","name":"Instalaci\u00f3n de tanques RAS 14 mts di\u00e1metro para tilapia en Bolivia 2016","isPartOf":{"@id":"https:\/\/tilapiacenter.com\/index\/#website"},"primaryImageOfPage":{"@id":"https:\/\/tilapiacenter.com\/index\/instalacion-tanques-geomembrana-tilapia-camaron-bolivia\/#primaryimage"},"datePublished":"2020-05-22T16:26:15+00:00","dateModified":"2020-05-22T16:33:29+00:00","description":"Instalamos en Bolivia un sistema RAS a gran escala en tanques en 14 mts de d\u00edametros, con recirculaci\u00f3n del agua, y t\u00e9cnicos desde Ecuador","breadcrumb":{"@id":"https:\/\/tilapiacenter.com\/index\/instalacion-tanques-geomembrana-tilapia-camaron-bolivia\/#breadcrumb"},"inLanguage":"es","potentialAction":[{"@type":"ReadAction","target":["https:\/\/tilapiacenter.com\/index\/instalacion-tanques-geomembrana-tilapia-camaron-bolivia\/"]}]},{"@type":"BreadcrumbList","@id":"https:\/\/tilapiacenter.com\/index\/instalacion-tanques-geomembrana-tilapia-camaron-bolivia\/#breadcrumb","itemListElement":[{"@type":"ListItem","position":1,"name":"Portada","item":"https:\/\/tilapiacenter.com\/index\/"},{"@type":"ListItem","position":2,"name":"Instalaci\u00f3n M\u00f3dulo TILAP 14D en Santa Cruz &#8211; Bolivia 2016"}]}]}},"jetpack_sharing_enabled":true,"jetpack_likes_enabled":true,"jetpack-related-posts":[{"id":3487,"url":"https:\/\/tilapiacenter.com\/index\/tanque-familiar-tilapia-santo-domingo\/","url_meta":{"origin":3434,"position":0},"title":"M\u00f3dulo FAMILIAR ensamblado en Sto. Domingo de los Tsachilas &#8211; Ecuador","date":"23 de mayo de 2020","format":false,"excerpt":"[vc_row][vc_column][vc_column_text text_larger=\"no\"]Minitanque en geomembrana Kit familiar instalado en Sto. Domingo de los Tsachilas.. Tiempo de instalaci\u00f3n: un d\u00eda. El cliente adquiri\u00f3 este sistema para disponer de tilapia en el patio para el consumo familiar, y b\u00e1sicamente para el desestress familiar.[\/vc_column_text][vc_video link=\"https:\/\/www.youtube.com\/watch?v=Dl6cKQQ6e7s\" image_poster_switch=\"no\"][\/vc_column][\/vc_row][vc_row][vc_column][vc_single_image image=\"3488\" img_size=\"full\" alignment=\"center\" parallax_scroll=\"no\"][vc_single_image image=\"3489\" img_size=\"full\" alignment=\"center\" parallax_scroll=\"no\"][vc_single_image\u2026","rel":"","context":"En \u00abCASOS DE EXITO (Pg)\u00bb","img":{"alt_text":"Tanque familiar para tilapia intensivo","src":"https:\/\/i0.wp.com\/tilapiacenter.com\/index\/wp-content\/uploads\/2020\/05\/CasosExito-KitFamiliar-StoDgo-3.jpg?fit=800%2C450&ssl=1&resize=350%2C200","width":350,"height":200},"classes":[]},{"id":3395,"url":"https:\/\/tilapiacenter.com\/index\/instalacion-tanques-geomembrana-tilapia-macas-ecuador-2017\/","url_meta":{"origin":3434,"position":1},"title":"Instalaci\u00f3n M\u00f3dulo TILAP 9D en Macas &#8211; Ecuador 2017","date":"21 de mayo de 2020","format":false,"excerpt":"[vc_row][vc_column][vc_column_text text_larger=\"no\"]En Macas instalamos un m\u00f3dulo 9D para cultivo de tilapia en sistema de recirculaci\u00f3n del agua, con componentes de aireaci\u00f3n reforzada. Tilapiacenter le asiste sobre el tama\u00f1o de las instalaciones en funci\u00f3n del volumen de cultivo o capital de inversi\u00f3n; con estas determinaciones, se da inicio a la planificaci\u00f3n\u2026","rel":"","context":"En \u00abCASOS DE EXITO (Pg)\u00bb","img":{"alt_text":"Tanque sistema RAS Tilapiacenter","src":"https:\/\/i0.wp.com\/tilapiacenter.com\/index\/wp-content\/uploads\/2020\/05\/CasosExito-Macas17-AsiLucen.jpg?fit=800%2C450&ssl=1&resize=350%2C200","width":350,"height":200},"classes":[]},{"id":3493,"url":"https:\/\/tilapiacenter.com\/index\/implementacion-modulo-camaron-manabi\/","url_meta":{"origin":3434,"position":2},"title":"Implementaci\u00f3n modulo TILAP 9D en Jama-Manab\u00ed-Ecuador 2017","date":"23 de mayo de 2020","format":false,"excerpt":"[vc_row][vc_column][vc_column_text text_larger=\"no\"]En Manab\u00ed se llev\u00f3 a construcci\u00f3n de un sistema en tanques en geomembrana con rehuso del agua para cultivo de camar\u00f3n en sistema intensivo. Tilapiacenter le asesora sobre\u00a0 las instalaciones en funci\u00f3n del volumen de cultivo o capital de inversi\u00f3n; con estas determinaciones, se da inicio a la planificaci\u00f3n\u2026","rel":"","context":"En \u00abCASOS DE EXITO (Pg)\u00bb","img":{"alt_text":"Estanque geomembrana camaron Manabi Tilapiacenter","src":"https:\/\/i0.wp.com\/tilapiacenter.com\/index\/wp-content\/uploads\/2020\/05\/CasosExito-Manab\u00ed-4.jpg?fit=800%2C450&ssl=1&resize=350%2C200","width":350,"height":200},"classes":[]},{"id":3464,"url":"https:\/\/tilapiacenter.com\/index\/construccion-tanques-camaron-esmeraldas\/","url_meta":{"origin":3434,"position":3},"title":"Construcci\u00f3n sistema TILAP 9D en Camarones-Esmeraldas-Ecuador 2017","date":"22 de mayo de 2020","format":false,"excerpt":"[vc_row][vc_column][vc_column_text text_larger=\"no\"]En Esmeraldas se llev\u00f3 a construcci\u00f3n de un sistema en tanques en geomembrana con rehuso del agua para cultivo de camar\u00f3n en sistema intensivo. Tilapiacenter le asesora sobre\u00a0 las instalaciones en funci\u00f3n del volumen de cultivo o capital de inversi\u00f3n; con estas determinaciones, se da inicio a la planificaci\u00f3n\u2026","rel":"","context":"En \u00abCASOS DE EXITO (Pg)\u00bb","img":{"alt_text":"Tanques en geomembrana para camaron instalados en Esmeraldas. Sistemas RAS","src":"https:\/\/i0.wp.com\/tilapiacenter.com\/index\/wp-content\/uploads\/2020\/05\/CasosExito-RAS-Camarones-8.jpg?fit=800%2C450&ssl=1&resize=350%2C200","width":350,"height":200},"classes":[]},{"id":3356,"url":"https:\/\/tilapiacenter.com\/index\/instalacion-tanques-geomembrana-en-machala-ecuador\/","url_meta":{"origin":3434,"position":4},"title":"Instalaci\u00f3n M\u00f3dulo TILMARON  en Machala &#8211; Ecuador","date":"19 de mayo de 2020","format":false,"excerpt":"[vc_row][vc_column][vc_single_image image=\"3366\" img_size=\"full\" alignment=\"center\" parallax_scroll=\"no\"][\/vc_column][\/vc_row][vc_row][vc_column][\/vc_column][\/vc_row][vc_row][vc_column][vc_single_image image=\"3367\" img_size=\"full\" alignment=\"center\" parallax_scroll=\"no\"][vc_single_image image=\"3359\" img_size=\"full\" alignment=\"center\" parallax_scroll=\"no\"][vc_single_image image=\"3360\" img_size=\"full\" alignment=\"center\" parallax_scroll=\"no\"][vc_single_image image=\"3361\" img_size=\"full\" alignment=\"center\" parallax_scroll=\"no\"][vc_single_image image=\"3362\" img_size=\"full\" alignment=\"center\" parallax_scroll=\"no\"][vc_single_image image=\"3363\" img_size=\"full\" alignment=\"center\" parallax_scroll=\"no\"][vc_single_image image=\"3364\" img_size=\"full\" alignment=\"center\" parallax_scroll=\"no\"][vc_single_image image=\"3365\" img_size=\"full\" alignment=\"center\" parallax_scroll=\"no\"][\/vc_column][\/vc_row]","rel":"","context":"En \u00abCASOS DE EXITO (Pg)\u00bb","img":{"alt_text":"Instalaci\u00f3n TILAP9D en Machala Ecuador para cultivo de Tilapia en sistema RAS","src":"https:\/\/i0.wp.com\/tilapiacenter.com\/index\/wp-content\/uploads\/2020\/05\/CasosExito-tilmaron_Tembladera-machala1.jpg?fit=691%2C449&ssl=1&resize=350%2C200","width":350,"height":200},"classes":[]},{"id":3475,"url":"https:\/\/tilapiacenter.com\/index\/instalacion-tanques-tilapia-paute-ecuador\/","url_meta":{"origin":3434,"position":5},"title":"Instalaci\u00f3n tanques tilapia TILAP 6D en Paute &#8211; Ecuador 2017","date":"22 de mayo de 2020","format":false,"excerpt":"[vc_row][vc_column][vc_column_text text_larger=\"no\"]En la zona de Paute se realiz\u00f3 la construcci\u00f3n de un sistema en tanques en geomembrana con recirculaci\u00f3n del agua para cultivo de tilapia en sistema intensivo. Tilapiacenter le capacita sobre\u00a0 las instalaciones en funci\u00f3n del volumen de producci\u00f3n o montode inversi\u00f3n; con estas determinaciones, se da inicio a\u2026","rel":"","context":"En \u00abCASOS DE EXITO (Pg)\u00bb","img":{"alt_text":"Tanques geomembrana Tilapia instalado en Paute Ecuador","src":"https:\/\/i0.wp.com\/tilapiacenter.com\/index\/wp-content\/uploads\/2020\/05\/CasosExito-Paute5.jpg?fit=800%2C450&ssl=1&resize=350%2C200","width":350,"height":200},"classes":[]}],"post_mailing_queue_ids":[],"_links":{"self":[{"href":"https:\/\/tilapiacenter.com\/index\/wp-json\/wp\/v2\/pages\/3434","targetHints":{"allow":["GET"]}}],"collection":[{"href":"https:\/\/tilapiacenter.com\/index\/wp-json\/wp\/v2\/pages"}],"about":[{"href":"https:\/\/tilapiacenter.com\/index\/wp-json\/wp\/v2\/types\/page"}],"author":[{"embeddable":true,"href":"https:\/\/tilapiacenter.com\/index\/wp-json\/wp\/v2\/users\/1"}],"replies":[{"embeddable":true,"href":"https:\/\/tilapiacenter.com\/index\/wp-json\/wp\/v2\/comments?post=3434"}],"version-history":[{"count":3,"href":"https:\/\/tilapiacenter.com\/index\/wp-json\/wp\/v2\/pages\/3434\/revisions"}],"predecessor-version":[{"id":3442,"href":"https:\/\/tilapiacenter.com\/index\/wp-json\/wp\/v2\/pages\/3434\/revisions\/3442"}],"wp:featuredmedia":[{"embeddable":true,"href":"https:\/\/tilapiacenter.com\/index\/wp-json\/wp\/v2\/media\/3437"}],"wp:attachment":[{"href":"https:\/\/tilapiacenter.com\/index\/wp-json\/wp\/v2\/media?parent=3434"}],"wp:term":[{"taxonomy":"category","embeddable":true,"href":"https:\/\/tilapiacenter.com\/index\/wp-json\/wp\/v2\/categories?post=3434"},{"taxonomy":"post_tag","embeddable":true,"href":"https:\/\/tilapiacenter.com\/index\/wp-json\/wp\/v2\/tags?post=3434"}],"curies":[{"name":"wp","href":"https:\/\/api.w.org\/{rel}","templated":true}]}}