{"id":3356,"date":"2020-05-19T01:22:58","date_gmt":"2020-05-19T01:22:58","guid":{"rendered":"https:\/\/greenyellow-okapi-692508.hostingersite.com\/index\/?page_id=3356"},"modified":"2020-05-23T04:00:25","modified_gmt":"2020-05-23T04:00:25","slug":"instalacion-tanques-geomembrana-en-machala-ecuador","status":"publish","type":"page","link":"https:\/\/tilapiacenter.com\/index\/instalacion-tanques-geomembrana-en-machala-ecuador\/","title":{"rendered":"Instalaci\u00f3n M\u00f3dulo TILMARON  en Machala &#8211; Ecuador"},"content":{"rendered":"<p>[vc_row][vc_column][vc_single_image image=&#8221;3366&#8243; img_size=&#8221;full&#8221; alignment=&#8221;center&#8221; parallax_scroll=&#8221;no&#8221;][\/vc_column][\/vc_row][vc_row][vc_column]\t\t\t<div class=\"info-box-wrapper \">\n\t\t\t\t<div id=\"wd-5ec7245c04b60\" class=\" woodmart-info-box text-left box-icon-align-top box-style- color-scheme- woodmart-bg-none box-title-default \"  >\n\t\t\t\t\t\t\t\t\t\t<div class=\"info-box-content\">\n\t\t\t\t\t\t\t\t\t\t\t\t<div class=\"info-box-inner reset-mb-10\">\n\t\t\t\t\t\t\t<p>Llevar a cabo un proyecto de piscicultura\u00a0tecnificada implica una serie de aspectos. El primer paso es la decisi\u00f3n del cliente, que previamente se ha convencido que aplicar tecnificaci\u00f3n a la piscicultura y le significa muchos beneficios, como la eficiencia productiva, ahorro de recursos agua-tierra, y que una instalaci\u00f3n comprimida de este tipo pueda ser econ\u00f3mica y ambientalmente sostenible.<\/p>\n<p>Luego, Tilapiacenter le asiste sobre el tama\u00f1o de las instalaciones en funci\u00f3n del volumen de cultivo o capital de inversi\u00f3n. Estos sistemas tienen la ventaja de producir con frecuencias cortas de tiempo, por ejemplo un tanque cada quince d\u00edas.<\/p>\n<p>Con estas determinaciones, se da inicio a la planificaci\u00f3n esquem\u00e1tica, para finalmente, seg\u00fan el plazo convenido llevar a instalaci\u00f3n del proyecto. Estos proyectos usualmente toman un mes para entrega llave en mano.<\/p>\n<p>A continuaci\u00f3n le compartimos unas ilustraciones de las fases que implica llevar a buen t\u00e9rmino un proyecto de este tipo, realizado en Machala &#8211; Ecuador<\/p>\n\t\t\t\t\t\t<\/div>\n\n\t\t\t\t\t\t\t\t\t\t\t\t\n\t\t\t\t\t<\/div>\n\n\t\t\t\t\t\t\t\t\t<\/div>\n\t\t\t<\/div>\n\t\t[\/vc_column][\/vc_row][vc_row][vc_column][vc_single_image image=&#8221;3367&#8243; img_size=&#8221;full&#8221; alignment=&#8221;center&#8221; parallax_scroll=&#8221;no&#8221;][vc_single_image image=&#8221;3359&#8243; img_size=&#8221;full&#8221; alignment=&#8221;center&#8221; parallax_scroll=&#8221;no&#8221;][vc_single_image image=&#8221;3360&#8243; img_size=&#8221;full&#8221; alignment=&#8221;center&#8221; parallax_scroll=&#8221;no&#8221;][vc_single_image image=&#8221;3361&#8243; img_size=&#8221;full&#8221; alignment=&#8221;center&#8221; parallax_scroll=&#8221;no&#8221;][vc_single_image image=&#8221;3362&#8243; img_size=&#8221;full&#8221; alignment=&#8221;center&#8221; parallax_scroll=&#8221;no&#8221;][vc_single_image image=&#8221;3363&#8243; img_size=&#8221;full&#8221; alignment=&#8221;center&#8221; parallax_scroll=&#8221;no&#8221;][vc_single_image image=&#8221;3364&#8243; img_size=&#8221;full&#8221; alignment=&#8221;center&#8221; parallax_scroll=&#8221;no&#8221;][vc_single_image image=&#8221;3365&#8243; img_size=&#8221;full&#8221; alignment=&#8221;center&#8221; parallax_scroll=&#8221;no&#8221;][\/vc_column][\/vc_row]<\/p>\n","protected":false},"excerpt":{"rendered":"<p>[vc_row][vc_column][vc_single_image image=&#8221;3366&#8243; img_size=&#8221;full&#8221; alignment=&#8221;center&#8221; parallax_scroll=&#8221;no&#8221;][\/vc_column][\/vc_row][vc_row][vc_column][\/vc_column][\/vc_row][vc_row][vc_column][vc_single_image image=&#8221;3367&#8243; img_size=&#8221;full&#8221; alignment=&#8221;center&#8221; parallax_scroll=&#8221;no&#8221;][vc_single_image image=&#8221;3359&#8243; img_size=&#8221;full&#8221; alignment=&#8221;center&#8221; parallax_scroll=&#8221;no&#8221;][vc_single_image image=&#8221;3360&#8243; img_size=&#8221;full&#8221; alignment=&#8221;center&#8221; parallax_scroll=&#8221;no&#8221;][vc_single_image image=&#8221;3361&#8243; img_size=&#8221;full&#8221; alignment=&#8221;center&#8221;<\/p>\n","protected":false},"author":1,"featured_media":3366,"parent":0,"menu_order":0,"comment_status":"closed","ping_status":"closed","template":"","meta":{"_monsterinsights_skip_tracking":false,"_monsterinsights_sitenote_active":false,"_monsterinsights_sitenote_note":"","_monsterinsights_sitenote_category":0,"spay_email":"","footnotes":""},"categories":[124],"tags":[302,306,71,304,305,299,298,301,300,303],"class_list":["post-3356","page","type-page","status-publish","has-post-thumbnail","hentry","category-casos-de-exito-instalados-tilapiacenter","tag-agua","tag-asistencia","tag-ecuador","tag-inversion","tag-machala","tag-piscicultura","tag-proyecto","tag-recursos","tag-tecnificacion","tag-tierra"],"yoast_head":"<!-- This site is optimized with the Yoast SEO plugin v18.6 - https:\/\/yoast.com\/wordpress\/plugins\/seo\/ -->\n<title>Un proyecto de piscicultura en machala implica una serie de aspectos<\/title>\n<meta name=\"description\" content=\"Proyecto de piscucltura en machala para cultivo de tilapia y camar\u00f3n, en sistemas sostenibles con recirculaci\u00f3n del agua y oxigenaci\u00f3n\" \/>\n<meta name=\"robots\" content=\"index, follow, max-snippet:-1, max-image-preview:large, max-video-preview:-1\" \/>\n<link rel=\"canonical\" href=\"https:\/\/tilapiacenter.com\/index\/instalacion-tanques-geomembrana-en-machala-ecuador\/\" \/>\n<meta property=\"og:locale\" content=\"es_ES\" \/>\n<meta property=\"og:type\" content=\"article\" \/>\n<meta property=\"og:title\" content=\"Un proyecto de piscicultura en machala implica una serie de aspectos\" \/>\n<meta property=\"og:description\" content=\"Proyecto de piscucltura en machala para cultivo de tilapia y camar\u00f3n, en sistemas sostenibles con recirculaci\u00f3n del agua y oxigenaci\u00f3n\" \/>\n<meta property=\"og:url\" content=\"https:\/\/tilapiacenter.com\/index\/instalacion-tanques-geomembrana-en-machala-ecuador\/\" \/>\n<meta property=\"og:site_name\" content=\"TILAPIACENTER- Acuicultura Controlada\" \/>\n<meta property=\"article:publisher\" content=\"https:\/\/www.facebook.com\/tilapiacenterecuador\/\" \/>\n<meta property=\"article:modified_time\" content=\"2020-05-23T04:00:25+00:00\" \/>\n<meta property=\"og:image\" content=\"https:\/\/i0.wp.com\/tilapiacenter.com\/index\/wp-content\/uploads\/2020\/05\/CasosExito-tilmaron_Tembladera-machala1.jpg?fit=691%2C449&#038;ssl=1\" \/>\n\t<meta property=\"og:image:width\" content=\"691\" \/>\n\t<meta property=\"og:image:height\" content=\"449\" \/>\n\t<meta property=\"og:image:type\" content=\"image\/jpeg\" \/>\n<meta name=\"twitter:card\" content=\"summary_large_image\" \/>\n<meta name=\"twitter:site\" content=\"@tilapiacenter\" \/>\n<meta name=\"twitter:label1\" content=\"Tiempo de lectura\" \/>\n\t<meta name=\"twitter:data1\" content=\"2 minutos\" \/>\n<script type=\"application\/ld+json\" class=\"yoast-schema-graph\">{\"@context\":\"https:\/\/schema.org\",\"@graph\":[{\"@type\":\"WebSite\",\"@id\":\"https:\/\/tilapiacenter.com\/index\/#website\",\"url\":\"https:\/\/tilapiacenter.com\/index\/\",\"name\":\"TILAPIACENTER- Acuicultura Controlada\",\"description\":\"Equipos, Tecnolog\u00eda, asesor\u00eda y cursos en acuicultura tecnificada, para sistemas RAS y BIOFLOC, en el cultivo de camaron, tilapia, trucha en tanques en geomembrana.\",\"potentialAction\":[{\"@type\":\"SearchAction\",\"target\":{\"@type\":\"EntryPoint\",\"urlTemplate\":\"https:\/\/tilapiacenter.com\/index\/?s={search_term_string}\"},\"query-input\":\"required name=search_term_string\"}],\"inLanguage\":\"es\"},{\"@type\":\"ImageObject\",\"@id\":\"https:\/\/tilapiacenter.com\/index\/instalacion-tanques-geomembrana-en-machala-ecuador\/#primaryimage\",\"inLanguage\":\"es\",\"url\":\"https:\/\/i0.wp.com\/tilapiacenter.com\/index\/wp-content\/uploads\/2020\/05\/CasosExito-tilmaron_Tembladera-machala1.jpg?fit=691%2C449&ssl=1\",\"contentUrl\":\"https:\/\/i0.wp.com\/tilapiacenter.com\/index\/wp-content\/uploads\/2020\/05\/CasosExito-tilmaron_Tembladera-machala1.jpg?fit=691%2C449&ssl=1\",\"width\":691,\"height\":449,\"caption\":\"Tanques tilapia instalados en Machala Ecuador\"},{\"@type\":\"WebPage\",\"@id\":\"https:\/\/tilapiacenter.com\/index\/instalacion-tanques-geomembrana-en-machala-ecuador\/#webpage\",\"url\":\"https:\/\/tilapiacenter.com\/index\/instalacion-tanques-geomembrana-en-machala-ecuador\/\",\"name\":\"Un proyecto de piscicultura en machala implica una serie de aspectos\",\"isPartOf\":{\"@id\":\"https:\/\/tilapiacenter.com\/index\/#website\"},\"primaryImageOfPage\":{\"@id\":\"https:\/\/tilapiacenter.com\/index\/instalacion-tanques-geomembrana-en-machala-ecuador\/#primaryimage\"},\"datePublished\":\"2020-05-19T01:22:58+00:00\",\"dateModified\":\"2020-05-23T04:00:25+00:00\",\"description\":\"Proyecto de piscucltura en machala para cultivo de tilapia y camar\u00f3n, en sistemas sostenibles con recirculaci\u00f3n del agua y oxigenaci\u00f3n\",\"breadcrumb\":{\"@id\":\"https:\/\/tilapiacenter.com\/index\/instalacion-tanques-geomembrana-en-machala-ecuador\/#breadcrumb\"},\"inLanguage\":\"es\",\"potentialAction\":[{\"@type\":\"ReadAction\",\"target\":[\"https:\/\/tilapiacenter.com\/index\/instalacion-tanques-geomembrana-en-machala-ecuador\/\"]}]},{\"@type\":\"BreadcrumbList\",\"@id\":\"https:\/\/tilapiacenter.com\/index\/instalacion-tanques-geomembrana-en-machala-ecuador\/#breadcrumb\",\"itemListElement\":[{\"@type\":\"ListItem\",\"position\":1,\"name\":\"Portada\",\"item\":\"https:\/\/tilapiacenter.com\/index\/\"},{\"@type\":\"ListItem\",\"position\":2,\"name\":\"Instalaci\u00f3n M\u00f3dulo TILMARON en Machala &#8211; Ecuador\"}]}]}<\/script>\n<!-- \/ Yoast SEO plugin. -->","yoast_head_json":{"title":"Un proyecto de piscicultura en machala implica una serie de aspectos","description":"Proyecto de piscucltura en machala para cultivo de tilapia y camar\u00f3n, en sistemas sostenibles con recirculaci\u00f3n del agua y oxigenaci\u00f3n","robots":{"index":"index","follow":"follow","max-snippet":"max-snippet:-1","max-image-preview":"max-image-preview:large","max-video-preview":"max-video-preview:-1"},"canonical":"https:\/\/tilapiacenter.com\/index\/instalacion-tanques-geomembrana-en-machala-ecuador\/","og_locale":"es_ES","og_type":"article","og_title":"Un proyecto de piscicultura en machala implica una serie de aspectos","og_description":"Proyecto de piscucltura en machala para cultivo de tilapia y camar\u00f3n, en sistemas sostenibles con recirculaci\u00f3n del agua y oxigenaci\u00f3n","og_url":"https:\/\/tilapiacenter.com\/index\/instalacion-tanques-geomembrana-en-machala-ecuador\/","og_site_name":"TILAPIACENTER- Acuicultura Controlada","article_publisher":"https:\/\/www.facebook.com\/tilapiacenterecuador\/","article_modified_time":"2020-05-23T04:00:25+00:00","og_image":[{"width":691,"height":449,"url":"https:\/\/i0.wp.com\/tilapiacenter.com\/index\/wp-content\/uploads\/2020\/05\/CasosExito-tilmaron_Tembladera-machala1.jpg?fit=691%2C449&ssl=1","type":"image\/jpeg"}],"twitter_card":"summary_large_image","twitter_site":"@tilapiacenter","twitter_misc":{"Tiempo de lectura":"2 minutos"},"schema":{"@context":"https:\/\/schema.org","@graph":[{"@type":"WebSite","@id":"https:\/\/tilapiacenter.com\/index\/#website","url":"https:\/\/tilapiacenter.com\/index\/","name":"TILAPIACENTER- Acuicultura Controlada","description":"Equipos, Tecnolog\u00eda, asesor\u00eda y cursos en acuicultura tecnificada, para sistemas RAS y BIOFLOC, en el cultivo de camaron, tilapia, trucha en tanques en geomembrana.","potentialAction":[{"@type":"SearchAction","target":{"@type":"EntryPoint","urlTemplate":"https:\/\/tilapiacenter.com\/index\/?s={search_term_string}"},"query-input":"required name=search_term_string"}],"inLanguage":"es"},{"@type":"ImageObject","@id":"https:\/\/tilapiacenter.com\/index\/instalacion-tanques-geomembrana-en-machala-ecuador\/#primaryimage","inLanguage":"es","url":"https:\/\/i0.wp.com\/tilapiacenter.com\/index\/wp-content\/uploads\/2020\/05\/CasosExito-tilmaron_Tembladera-machala1.jpg?fit=691%2C449&ssl=1","contentUrl":"https:\/\/i0.wp.com\/tilapiacenter.com\/index\/wp-content\/uploads\/2020\/05\/CasosExito-tilmaron_Tembladera-machala1.jpg?fit=691%2C449&ssl=1","width":691,"height":449,"caption":"Tanques tilapia instalados en Machala Ecuador"},{"@type":"WebPage","@id":"https:\/\/tilapiacenter.com\/index\/instalacion-tanques-geomembrana-en-machala-ecuador\/#webpage","url":"https:\/\/tilapiacenter.com\/index\/instalacion-tanques-geomembrana-en-machala-ecuador\/","name":"Un proyecto de piscicultura en machala implica una serie de aspectos","isPartOf":{"@id":"https:\/\/tilapiacenter.com\/index\/#website"},"primaryImageOfPage":{"@id":"https:\/\/tilapiacenter.com\/index\/instalacion-tanques-geomembrana-en-machala-ecuador\/#primaryimage"},"datePublished":"2020-05-19T01:22:58+00:00","dateModified":"2020-05-23T04:00:25+00:00","description":"Proyecto de piscucltura en machala para cultivo de tilapia y camar\u00f3n, en sistemas sostenibles con recirculaci\u00f3n del agua y oxigenaci\u00f3n","breadcrumb":{"@id":"https:\/\/tilapiacenter.com\/index\/instalacion-tanques-geomembrana-en-machala-ecuador\/#breadcrumb"},"inLanguage":"es","potentialAction":[{"@type":"ReadAction","target":["https:\/\/tilapiacenter.com\/index\/instalacion-tanques-geomembrana-en-machala-ecuador\/"]}]},{"@type":"BreadcrumbList","@id":"https:\/\/tilapiacenter.com\/index\/instalacion-tanques-geomembrana-en-machala-ecuador\/#breadcrumb","itemListElement":[{"@type":"ListItem","position":1,"name":"Portada","item":"https:\/\/tilapiacenter.com\/index\/"},{"@type":"ListItem","position":2,"name":"Instalaci\u00f3n M\u00f3dulo TILMARON en Machala &#8211; Ecuador"}]}]}},"jetpack_sharing_enabled":true,"jetpack_likes_enabled":true,"jetpack-related-posts":[{"id":3449,"url":"https:\/\/tilapiacenter.com\/index\/tanques-geomembrana-instalado-ibarra-ecuador\/","url_meta":{"origin":3356,"position":0},"title":"Instalado tanques geomembrana de piscicultura controlada  en IBARRA &#8211; Ecuador","date":"22 de mayo de 2020","format":false,"excerpt":"[vc_row][vc_column][vc_column_text text_larger=\"no\"]Instalaci\u00f3n piscigranja para cultivo de tilapia roja en estanque en geomembrana, en Ibarra, \u00e1rea urbana. Instalaci\u00f3n con recirculaci\u00f3n y captaci\u00f3n TILAPIACENTER[\/vc_column_text][\/vc_column][\/vc_row][vc_row][vc_column][vc_video link=\"https:\/\/www.youtube.com\/watch?v=qL-PdxrwK4g&feature=\" image_poster_switch=\"no\"][\/vc_column][\/vc_row][vc_row][vc_column][vc_single_image image=\"3450\" img_size=\"full\" alignment=\"center\" parallax_scroll=\"no\"][vc_single_image image=\"3451\" img_size=\"full\" alignment=\"center\" parallax_scroll=\"no\"][vc_single_image image=\"3452\" img_size=\"full\" alignment=\"center\" parallax_scroll=\"no\"][vc_single_image image=\"3453\" img_size=\"full\" alignment=\"center\" parallax_scroll=\"no\"][vc_single_image image=\"3454\" img_size=\"full\" alignment=\"center\" parallax_scroll=\"no\"][vc_single_image image=\"3455\" img_size=\"full\" alignment=\"center\" parallax_scroll=\"no\"][vc_single_image image=\"3456\" img_size=\"full\"\u2026","rel":"","context":"En \u00abCASOS DE EXITO (Pg)\u00bb","img":{"alt_text":"Instalaci\u00f3n piscigranja para cultivo de tilapia roja en estanque en geomembrana, en Ibarra, \u00e1rea urbana. Instalaci\u00f3n con recirculaci\u00f3n y captaci\u00f3n TILAPIACENTER","src":"https:\/\/i0.wp.com\/tilapiacenter.com\/index\/wp-content\/uploads\/2020\/05\/CasosExito-Ibarra12.jpg?fit=800%2C450&ssl=1&resize=350%2C200","width":350,"height":200},"classes":[]},{"id":3548,"url":"https:\/\/tilapiacenter.com\/index\/recomendaciones-iniciar-negocio-cultivo-tilapia-camaron-tecnificado\/","url_meta":{"origin":3356,"position":1},"title":"Recomendaciones para iniciar negocio en acuicultura de tilapia y camar\u00f3n en tecnificado","date":"23 de mayo de 2020","format":false,"excerpt":"[vc_row][vc_column][vc_single_image image=\"3549\" img_size=\"full\" add_caption=\"yes\" alignment=\"center\" parallax_scroll=\"no\"][\/vc_column][\/vc_row][vc_row][vc_column][\/vc_column][\/vc_row][vc_row][vc_column][vc_single_image image=\"3520\" img_size=\"full\" alignment=\"center\" parallax_scroll=\"no\"][\/vc_column][\/vc_row][vc_row][vc_column][vc_message]Desea saber m\u00e1s sobre el estudio t\u00e9cnico de factibilidad para gesti\u00f3n de financiamiento. Le invitamos a seguir inform\u00e1ndose[\/vc_message][\/vc_column][\/vc_row]","rel":"","context":"En \u00abVIABILIDAD Y RECURSOS (pg)\u00bb","img":{"alt_text":"Estanque geomembrana camaron Manabi Tilapiacenter","src":"https:\/\/i0.wp.com\/tilapiacenter.com\/index\/wp-content\/uploads\/2020\/05\/CasosExito-Manab\u00ed-4.jpg?fit=800%2C450&ssl=1&resize=350%2C200","width":350,"height":200},"classes":[]},{"id":4188,"url":"https:\/\/tilapiacenter.com\/index\/modelos-inversion-camaron-perfiles-precios-y-produccion-hiperintensivo-ras\/","url_meta":{"origin":3356,"position":2},"title":"Modelos inversi\u00f3n camar\u00f3n  &#8211; Perfiles de precios y producci\u00f3n en cultivo hiperintensivo RAS","date":"9 de junio de 2020","format":false,"excerpt":"[vc_row][vc_column][vc_single_image image=\"3621\" img_size=\"full\" alignment=\"center\" parallax_scroll=\"no\"][\/vc_column][\/vc_row][vc_row][vc_column width=\"1\/3\"][\/vc_column][vc_column width=\"1\/3\"][vc_btn title=\"Para profundizar en el tema puede acceder a un cupo para el curso de El Negocio de Acuicultura Tecnificada\" color=\"green\" align=\"center\" link=\"url:https%3A%2F%2Fgreenyellow-okapi-692508.hostingersite.com%2Findex%2Fcurso-taller-camaron-tilapia-cultivo-tecnificado-guayaquil-machala-ecuador%2F|title:Curso%20taller%20Internacional%20de%20Camar%C3%B3n%20Tilapia%20cultivo%20tecnificado%20en%20Guayaquil%2C%20Machala%2C%20Quito||\"][\/vc_column][vc_column width=\"1\/3\"][\/vc_column][\/vc_row][vc_row][vc_column width=\"1\/2\"][\/vc_column][vc_column width=\"1\/2\"][\/vc_column][\/vc_row]","rel":"","context":"En \u00abSISTEMAS TILMARON FULL EQUIPO\u00bb","img":{"alt_text":"automatizaci\u00f3n camar\u00f3n tilapia","src":"https:\/\/i0.wp.com\/tilapiacenter.com\/index\/wp-content\/uploads\/2020\/05\/TilmaronPortada1.jpg?fit=1200%2C675&ssl=1&resize=350%2C200","width":350,"height":200},"classes":[]},{"id":3566,"url":"https:\/\/tilapiacenter.com\/index\/ganar-treinta-veces-mas-piscicultura-controlada\/","url_meta":{"origin":3356,"position":3},"title":"Porqu\u00e9 gana 30 veces m\u00e1s con piscicultura controlada en camar\u00f3n, tilapia, trucha..","date":"24 de mayo de 2020","format":false,"excerpt":"[vc_row][vc_column][vc_single_image image=\"3567\" img_size=\"full\" alignment=\"center\" parallax_scroll=\"no\"][\/vc_column][\/vc_row][vc_row][vc_column][vc_single_image image=\"3568\" img_size=\"full\" alignment=\"center\" parallax_scroll=\"no\"][\/vc_column][\/vc_row]","rel":"","context":"En \u00abVIABILIDAD Y RECURSOS (pg)\u00bb","img":{"alt_text":"Tanques geomembrana Tilapia instalado en Paute Ecuador","src":"https:\/\/i0.wp.com\/tilapiacenter.com\/index\/wp-content\/uploads\/2020\/05\/CasosExito-Paute5.jpg?fit=800%2C450&ssl=1&resize=350%2C200","width":350,"height":200},"classes":[]},{"id":3734,"url":"https:\/\/tilapiacenter.com\/index\/curso-taller-camaron-tilapia-cultivo-tecnificado-guayaquil-machala-ecuador\/","url_meta":{"origin":3356,"position":4},"title":"Curso taller Internacional de Camar\u00f3n Tilapia cultivo tecnificado en Guayaquil, Machala, Quito","date":"28 de mayo de 2020","format":false,"excerpt":"[vc_row][vc_column][vc_single_image image=\"3735\" img_size=\"full\" alignment=\"center\" parallax_scroll=\"no\"][vc_video link=\"https:\/\/www.youtube.com\/watch?v=vu6dBEbgxYs\" align=\"center\" title=\"Ahora desde la comodidad de su casa puede capacitarse. Desde marzo 2020 hemos activado el curso virtual internacional de El Negocio de Acuicultura Tecnificada.\" image_poster_switch=\"no\"][vc_video link=\"https:\/\/www.youtube.com\/watch?v=A_7Q9iEA0Tg\" align=\"center\" title=\"El aprendizaje del curso presencial comparado con el virtual es similar, la diferencia es que no\u2026","rel":"","context":"En \u00abCURSOS ACUICULTURA (pg)\u00bb","img":{"alt_text":"Curso de tecnolog\u00eda de camar\u00f3n y tilapia","src":"https:\/\/i0.wp.com\/tilapiacenter.com\/index\/wp-content\/uploads\/2020\/05\/cursoQuito3.jpg?fit=960%2C540&ssl=1&resize=350%2C200","width":350,"height":200},"classes":[]},{"id":3858,"url":"https:\/\/tilapiacenter.com\/index\/blower-aireador-camaron-tilapia-intensivos-guayquil-machala-quito\/","url_meta":{"origin":3356,"position":5},"title":"Blower aireador camar\u00f3n tilapia para cultivos intensivos, en Guayaquil, Machala, Quito","date":"30 de mayo de 2020","format":false,"excerpt":"[vc_row][vc_column][\/vc_column][\/vc_row][vc_row][vc_column width=\"1\/2\"][vc_single_image image=\"3859\" img_size=\"full\" alignment=\"center\" parallax_scroll=\"no\"][\/vc_column][vc_column width=\"1\/2\"][\/vc_column][\/vc_row][vc_row][vc_column][vc_single_image image=\"3861\" img_size=\"full\" parallax_scroll=\"no\"][\/vc_column][\/vc_row][vc_row][vc_column][vc_single_image image=\"3860\" img_size=\"full\" parallax_scroll=\"no\"][\/vc_column][\/vc_row][vc_row][vc_column][vc_single_image image=\"3495\" img_size=\"full\" parallax_scroll=\"no\"][\/vc_column][\/vc_row][vc_row][vc_column][\/vc_column][\/vc_row][vc_row][vc_column][vc_cta h2=\"Pida hoy mismo su equipo Blower a nuestro contacto\" h4=\"Whatsapp 099-4185675\" txt_align=\"center\" style=\"3d\" color=\"green\" css=\".vc_custom_1590874973591{background-color: #57929b !important;}\"]Pregunte las disponibilidad del equipo que usted necesita.[\/vc_cta][\/vc_column][\/vc_row]","rel":"","context":"En \u00abEQUIPOS &amp; ACUICULTURA\u00bb","img":{"alt_text":"Blower aireador camar\u00f3n tilapia","src":"https:\/\/i0.wp.com\/tilapiacenter.com\/index\/wp-content\/uploads\/2020\/05\/blower3.jpg?fit=983%2C592&ssl=1&resize=350%2C200","width":350,"height":200},"classes":[]}],"post_mailing_queue_ids":[],"_links":{"self":[{"href":"https:\/\/tilapiacenter.com\/index\/wp-json\/wp\/v2\/pages\/3356","targetHints":{"allow":["GET"]}}],"collection":[{"href":"https:\/\/tilapiacenter.com\/index\/wp-json\/wp\/v2\/pages"}],"about":[{"href":"https:\/\/tilapiacenter.com\/index\/wp-json\/wp\/v2\/types\/page"}],"author":[{"embeddable":true,"href":"https:\/\/tilapiacenter.com\/index\/wp-json\/wp\/v2\/users\/1"}],"replies":[{"embeddable":true,"href":"https:\/\/tilapiacenter.com\/index\/wp-json\/wp\/v2\/comments?post=3356"}],"version-history":[{"count":11,"href":"https:\/\/tilapiacenter.com\/index\/wp-json\/wp\/v2\/pages\/3356\/revisions"}],"predecessor-version":[{"id":3432,"href":"https:\/\/tilapiacenter.com\/index\/wp-json\/wp\/v2\/pages\/3356\/revisions\/3432"}],"wp:featuredmedia":[{"embeddable":true,"href":"https:\/\/tilapiacenter.com\/index\/wp-json\/wp\/v2\/media\/3366"}],"wp:attachment":[{"href":"https:\/\/tilapiacenter.com\/index\/wp-json\/wp\/v2\/media?parent=3356"}],"wp:term":[{"taxonomy":"category","embeddable":true,"href":"https:\/\/tilapiacenter.com\/index\/wp-json\/wp\/v2\/categories?post=3356"},{"taxonomy":"post_tag","embeddable":true,"href":"https:\/\/tilapiacenter.com\/index\/wp-json\/wp\/v2\/tags?post=3356"}],"curies":[{"name":"wp","href":"https:\/\/api.w.org\/{rel}","templated":true}]}}