{"id":12,"date":"2020-05-01T03:56:56","date_gmt":"2020-05-01T03:56:56","guid":{"rendered":"https:\/\/acuaponiarte.com\/mi-cuenta\/"},"modified":"2020-05-01T03:56:56","modified_gmt":"2020-05-01T03:56:56","slug":"mi-cuenta","status":"publish","type":"page","link":"https:\/\/tilapiacenter.com\/index\/mi-cuenta\/","title":{"rendered":"Mi cuenta"},"content":{"rendered":"<div class=\"woocommerce\"><\/div>\n","protected":false},"excerpt":{"rendered":"","protected":false},"author":1,"featured_media":0,"parent":0,"menu_order":0,"comment_status":"closed","ping_status":"closed","template":"","meta":{"_monsterinsights_skip_tracking":false,"_monsterinsights_sitenote_active":false,"_monsterinsights_sitenote_note":"","_monsterinsights_sitenote_category":0,"spay_email":"","footnotes":""},"categories":[],"tags":[],"class_list":["post-12","page","type-page","status-publish","hentry"],"yoast_head":"<!-- This site is optimized with the Yoast SEO plugin v18.6 - https:\/\/yoast.com\/wordpress\/plugins\/seo\/ -->\n<title>Mi cuenta - TILAPIACENTER- Acuicultura Controlada<\/title>\n<meta name=\"robots\" content=\"index, follow, max-snippet:-1, max-image-preview:large, max-video-preview:-1\" \/>\n<link rel=\"canonical\" href=\"https:\/\/tilapiacenter.com\/index\/mi-cuenta\/\" \/>\n<meta property=\"og:locale\" content=\"es_ES\" \/>\n<meta property=\"og:type\" content=\"article\" \/>\n<meta property=\"og:title\" content=\"Mi cuenta - TILAPIACENTER- Acuicultura Controlada\" \/>\n<meta property=\"og:url\" content=\"https:\/\/tilapiacenter.com\/index\/mi-cuenta\/\" \/>\n<meta property=\"og:site_name\" content=\"TILAPIACENTER- Acuicultura Controlada\" \/>\n<meta property=\"article:publisher\" content=\"https:\/\/www.facebook.com\/tilapiacenterecuador\/\" \/>\n<meta name=\"twitter:card\" content=\"summary_large_image\" \/>\n<meta name=\"twitter:site\" content=\"@tilapiacenter\" \/>\n<script type=\"application\/ld+json\" class=\"yoast-schema-graph\">{\"@context\":\"https:\/\/schema.org\",\"@graph\":[{\"@type\":\"WebSite\",\"@id\":\"https:\/\/tilapiacenter.com\/index\/#website\",\"url\":\"https:\/\/tilapiacenter.com\/index\/\",\"name\":\"TILAPIACENTER- Acuicultura Controlada\",\"description\":\"Equipos, Tecnolog\u00eda, asesor\u00eda y cursos en acuicultura tecnificada, para sistemas RAS y BIOFLOC, en el cultivo de camaron, tilapia, trucha en tanques en geomembrana.\",\"potentialAction\":[{\"@type\":\"SearchAction\",\"target\":{\"@type\":\"EntryPoint\",\"urlTemplate\":\"https:\/\/tilapiacenter.com\/index\/?s={search_term_string}\"},\"query-input\":\"required name=search_term_string\"}],\"inLanguage\":\"es\"},{\"@type\":\"WebPage\",\"@id\":\"https:\/\/tilapiacenter.com\/index\/mi-cuenta\/#webpage\",\"url\":\"https:\/\/tilapiacenter.com\/index\/mi-cuenta\/\",\"name\":\"Mi cuenta - TILAPIACENTER- Acuicultura Controlada\",\"isPartOf\":{\"@id\":\"https:\/\/tilapiacenter.com\/index\/#website\"},\"datePublished\":\"2020-05-01T03:56:56+00:00\",\"dateModified\":\"2020-05-01T03:56:56+00:00\",\"breadcrumb\":{\"@id\":\"https:\/\/tilapiacenter.com\/index\/mi-cuenta\/#breadcrumb\"},\"inLanguage\":\"es\",\"potentialAction\":[{\"@type\":\"ReadAction\",\"target\":[\"https:\/\/tilapiacenter.com\/index\/mi-cuenta\/\"]}]},{\"@type\":\"BreadcrumbList\",\"@id\":\"https:\/\/tilapiacenter.com\/index\/mi-cuenta\/#breadcrumb\",\"itemListElement\":[{\"@type\":\"ListItem\",\"position\":1,\"name\":\"Portada\",\"item\":\"https:\/\/tilapiacenter.com\/index\/\"},{\"@type\":\"ListItem\",\"position\":2,\"name\":\"Mi cuenta\"}]}]}<\/script>\n<!-- \/ Yoast SEO plugin. -->","yoast_head_json":{"title":"Mi cuenta - TILAPIACENTER- Acuicultura Controlada","robots":{"index":"index","follow":"follow","max-snippet":"max-snippet:-1","max-image-preview":"max-image-preview:large","max-video-preview":"max-video-preview:-1"},"canonical":"https:\/\/tilapiacenter.com\/index\/mi-cuenta\/","og_locale":"es_ES","og_type":"article","og_title":"Mi cuenta - TILAPIACENTER- Acuicultura Controlada","og_url":"https:\/\/tilapiacenter.com\/index\/mi-cuenta\/","og_site_name":"TILAPIACENTER- Acuicultura Controlada","article_publisher":"https:\/\/www.facebook.com\/tilapiacenterecuador\/","twitter_card":"summary_large_image","twitter_site":"@tilapiacenter","schema":{"@context":"https:\/\/schema.org","@graph":[{"@type":"WebSite","@id":"https:\/\/tilapiacenter.com\/index\/#website","url":"https:\/\/tilapiacenter.com\/index\/","name":"TILAPIACENTER- Acuicultura Controlada","description":"Equipos, Tecnolog\u00eda, asesor\u00eda y cursos en acuicultura tecnificada, para sistemas RAS y BIOFLOC, en el cultivo de camaron, tilapia, trucha en tanques en geomembrana.","potentialAction":[{"@type":"SearchAction","target":{"@type":"EntryPoint","urlTemplate":"https:\/\/tilapiacenter.com\/index\/?s={search_term_string}"},"query-input":"required name=search_term_string"}],"inLanguage":"es"},{"@type":"WebPage","@id":"https:\/\/tilapiacenter.com\/index\/mi-cuenta\/#webpage","url":"https:\/\/tilapiacenter.com\/index\/mi-cuenta\/","name":"Mi cuenta - TILAPIACENTER- Acuicultura Controlada","isPartOf":{"@id":"https:\/\/tilapiacenter.com\/index\/#website"},"datePublished":"2020-05-01T03:56:56+00:00","dateModified":"2020-05-01T03:56:56+00:00","breadcrumb":{"@id":"https:\/\/tilapiacenter.com\/index\/mi-cuenta\/#breadcrumb"},"inLanguage":"es","potentialAction":[{"@type":"ReadAction","target":["https:\/\/tilapiacenter.com\/index\/mi-cuenta\/"]}]},{"@type":"BreadcrumbList","@id":"https:\/\/tilapiacenter.com\/index\/mi-cuenta\/#breadcrumb","itemListElement":[{"@type":"ListItem","position":1,"name":"Portada","item":"https:\/\/tilapiacenter.com\/index\/"},{"@type":"ListItem","position":2,"name":"Mi cuenta"}]}]}},"jetpack_sharing_enabled":true,"jetpack_likes_enabled":true,"jetpack-related-posts":[{"id":4217,"url":"https:\/\/tilapiacenter.com\/index\/cuenta\/","url_meta":{"origin":12,"position":0},"title":"Cuenta","date":"11 de junio de 2020","format":false,"excerpt":"","rel":"","context":"Entrada similar","img":{"alt_text":"","src":"","width":0,"height":0},"classes":[]},{"id":3663,"url":"https:\/\/tilapiacenter.com\/index\/account\/","url_meta":{"origin":12,"position":1},"title":"Cuenta","date":"27 de mayo de 2020","format":false,"excerpt":"[ultimatemember_account]","rel":"","context":"Entrada similar","img":{"alt_text":"","src":"","width":0,"height":0},"classes":[]},{"id":3685,"url":"https:\/\/tilapiacenter.com\/index\/como-funciona-tilmaron-acuicultura-camaron-tilapia\/","url_meta":{"origin":12,"position":2},"title":"C\u00f3mo funciona un modulo Tilmaron para acuicultura tecnificada","date":"28 de mayo de 2020","format":false,"excerpt":"[vc_row][vc_column][vc_single_image image=\"3686\" img_size=\"full\" alignment=\"center\" parallax_scroll=\"no\"][\/vc_column][\/vc_row]","rel":"","context":"En \u00abTILMARON ACUICULTURA INTEGRAL (pg)\u00bb","img":{"alt_text":"ASi funciona modulo tilmaron cultivo camaron tilapia","src":"https:\/\/i0.wp.com\/tilapiacenter.com\/index\/wp-content\/uploads\/2020\/05\/ProdServ-ModulosTilmaron-ComoFuncionaTilmaron.jpg?fit=1135%2C773&ssl=1&resize=350%2C200","width":350,"height":200},"classes":[]},{"id":3696,"url":"https:\/\/tilapiacenter.com\/index\/proyecto-estudio-economica-camaron-tilapia-ras-biofloc\/","url_meta":{"origin":12,"position":3},"title":"Estudio t\u00e9cnico de factibilidad econ\u00f3mica para camar\u00f3n y tilapia en tecnolog\u00eda RAS \/ biofloc","date":"28 de mayo de 2020","format":false,"excerpt":"[vc_row][vc_column][vc_video link=\"https:\/\/www.youtube.com\/watch?v=yXueP8eRvpQ\" image_poster_switch=\"no\"][\/vc_column][\/vc_row][vc_row][vc_column][vc_single_image image=\"3706\" img_size=\"full\" alignment=\"center\" parallax_scroll=\"no\"][vc_single_image image=\"3720\" img_size=\"full\" alignment=\"center\" parallax_scroll=\"no\"][\/vc_column][\/vc_row][vc_row][vc_column][vc_single_image image=\"3709\" img_size=\"full\" title=\"El documento Estudio T\u00e9cnico contiene entre 50 p\u00e1ginas de desarrollo del proyecto\" parallax_scroll=\"no\"][vc_single_image image=\"3710\" img_size=\"full\" title=\"El Estudio T\u00e9cnico Comienza con el informe ejecutivo, en un resumen de los principales c\u00e1lculos y resultados en el proyecto, como son\u2026","rel":"","context":"En \u00abESTUDIOS T\u00c9CNICOS (pg)\u00bb","img":{"alt_text":"Plan de Negocio de Camar\u00f3n y Tilapia Tilmaron para financiamiento","src":"https:\/\/i0.wp.com\/tilapiacenter.com\/index\/wp-content\/uploads\/2020\/05\/EstudioTecnico-1.jpg?fit=1200%2C675&ssl=1&resize=350%2C200","width":350,"height":200},"classes":[]},{"id":3762,"url":"https:\/\/tilapiacenter.com\/index\/tanques-instalacion-geomembrana-liner-camaron-tilapia-cisternas\/","url_meta":{"origin":12,"position":4},"title":"Instalaci\u00f3n de geomembrana o liner en tanques para  camaron, tilapia","date":"29 de mayo de 2020","format":false,"excerpt":"[vc_row][vc_column][vc_single_image image=\"3763\" img_size=\"full\" alignment=\"center\" parallax_scroll=\"no\"][\/vc_column][\/vc_row][vc_row][vc_column][vc_btn title=\"Cons\u00faltenos cualquier inquietud WhastApp 0994185675\"][\/vc_column][\/vc_row]","rel":"","context":"En \u00abGEOMEMBRANA, IMPERMEABILIZACI\u00d3N CONSTRUCCION (pg)\u00bb","img":{"alt_text":"Plan de Negocio de Camar\u00f3n y Tilapia Tilmaron para financiamiento","src":"https:\/\/i0.wp.com\/tilapiacenter.com\/index\/wp-content\/uploads\/2020\/05\/EstudioTecnico-1.jpg?fit=1200%2C675&ssl=1&resize=350%2C200","width":350,"height":200},"classes":[]},{"id":3539,"url":"https:\/\/tilapiacenter.com\/index\/demanda-oferta-mundial-tilapia-pescado\/","url_meta":{"origin":12,"position":5},"title":"Demanda y oferta global de pescado y tilapia en el mundo","date":"23 de mayo de 2020","format":false,"excerpt":"[vc_row][vc_column][\/vc_column][\/vc_row][vc_row][vc_column][vc_raw_html]JTIwJTVCc29jaWFsX2J1dHRvbnMlMjB0eXBlJTNEJTIyc2hhcmUlMjIlNUQ=[\/vc_raw_html][\/vc_column][\/vc_row]","rel":"","context":"En \u00abVIABILIDAD Y RECURSOS (pg)\u00bb","img":{"alt_text":"Productos de tilapia","src":"https:\/\/i0.wp.com\/tilapiacenter.com\/index\/wp-content\/uploads\/2020\/05\/viabilidadRecursos-OfertayDemandaGloba-2.png?fit=802%2C230&ssl=1&resize=350%2C200","width":350,"height":200},"classes":[]}],"post_mailing_queue_ids":[],"_links":{"self":[{"href":"https:\/\/tilapiacenter.com\/index\/wp-json\/wp\/v2\/pages\/12","targetHints":{"allow":["GET"]}}],"collection":[{"href":"https:\/\/tilapiacenter.com\/index\/wp-json\/wp\/v2\/pages"}],"about":[{"href":"https:\/\/tilapiacenter.com\/index\/wp-json\/wp\/v2\/types\/page"}],"author":[{"embeddable":true,"href":"https:\/\/tilapiacenter.com\/index\/wp-json\/wp\/v2\/users\/1"}],"replies":[{"embeddable":true,"href":"https:\/\/tilapiacenter.com\/index\/wp-json\/wp\/v2\/comments?post=12"}],"version-history":[{"count":1,"href":"https:\/\/tilapiacenter.com\/index\/wp-json\/wp\/v2\/pages\/12\/revisions"}],"predecessor-version":[{"id":4135,"href":"https:\/\/tilapiacenter.com\/index\/wp-json\/wp\/v2\/pages\/12\/revisions\/4135"}],"wp:attachment":[{"href":"https:\/\/tilapiacenter.com\/index\/wp-json\/wp\/v2\/media?parent=12"}],"wp:term":[{"taxonomy":"category","embeddable":true,"href":"https:\/\/tilapiacenter.com\/index\/wp-json\/wp\/v2\/categories?post=12"},{"taxonomy":"post_tag","embeddable":true,"href":"https:\/\/tilapiacenter.com\/index\/wp-json\/wp\/v2\/tags?post=12"}],"curies":[{"name":"wp","href":"https:\/\/api.w.org\/{rel}","templated":true}]}}